{"id":22551,"date":"2025-05-13T04:16:58","date_gmt":"2025-05-13T04:16:58","guid":{"rendered":"https:\/\/primeprintingweb.com\/?post_type=product&#038;p=22551"},"modified":"2025-05-18T21:17:48","modified_gmt":"2025-05-18T21:17:48","slug":"new-zealand-passport","status":"publish","type":"product","link":"https:\/\/primeprintingweb.com\/da\/geschaeft\/reisepass\/new-zealand-passport\/","title":{"rendered":"New Zealandsk pas"},"content":{"rendered":"<p>New Zealandsk pas<\/p>\n<p>De fleste kan forny deres newzealandske pas online, selvom det er udl\u00f8bet, mistet, stj\u00e5let eller beskadiget. Prisen er 191 $, og behandlingstiden er op til 10 hverdage.<\/p>\n<p>FORNY DIT VOKSENPAS ONLINE<br \/>\nDu kan ans\u00f8ge online, hvis du:<\/p>\n<p>\u00f8nsker at forny eller erstatte et nuv\u00e6rende eller udl\u00f8bet pas<br \/>\n\u00f8nsker at \u00e6ndre dit pasnavn \u2013 kun hvis du har \u00e6ndret det i New Zealand<br \/>\n\u00f8nsker at erstatte et mistet, stj\u00e5let eller beskadiget pas.<br \/>\nFor at forny dit pas online skal du v\u00e6re mindst 16 \u00e5r gammel og have f\u00f8lgende:<\/p>\n<p>allerede har et pas, selvom det er udl\u00f8bet, mistet, stj\u00e5let eller beskadiget<br \/>\net digitalt pasfoto<br \/>\nRealMe-login \u2013 hvis du ikke allerede har et, kan du oprette et under onlineans\u00f8gningen<br \/>\net kreditkort eller et New Zealand Post Prezzy Card.<br \/>\nHVIS DU SKAL FORNY DIT PAS VED HJ\u00c6LP AF EN PAPIRFORMULAR<br \/>\nDer er to formularer, du kan bruge til at forny dit pas, afh\u00e6ngigt af din situation.<\/p>\n<p>Brug ans\u00f8gningsskemaet til at forny dit voksenpas, hvis du er 16 \u00e5r eller \u00e6ldre og:<\/p>\n<p>Du skal forny et gyldigt eller udl\u00f8bet pas,<br \/>\nDit navn har ikke \u00e6ndret sig siden dit sidste pas blev udstedt,<br \/>\nDit pas ikke er blevet mistet, stj\u00e5let eller beskadiget,<br \/>\nDit newzealandske pas er et diplomatpas eller et officielt pas.<br \/>\nPasans\u00f8gningsskemaer<br \/>\nBrug ans\u00f8gningsskemaet til et nyt voksenpas, hvis du er 16 \u00e5r eller \u00e6ldre og:<br \/>\nDit pas er blevet mistet, stj\u00e5let eller beskadiget,<br \/>\nDit navn har \u00e6ndret sig siden dit sidste pas blev udstedt,<br \/>\ndit k\u00f8n har \u00e6ndret sig siden dit sidste pas blev udstedt,<br \/>\nder er en p\u00e5tegning trykt p\u00e5 observationssiden i dit seneste newzealandske pas, eller du har brug for en i dit fornyede pas.<\/p>","protected":false},"excerpt":{"rendered":"<p>New Zealandsk pas<\/p>\n<p>De fleste kan forny deres newzealandske pas online, selvom det er udl\u00f8bet, mistet, stj\u00e5let eller beskadiget. Prisen er 191 $, og behandlingstiden er op til 10 hverdage.<\/p>\n<p>FORNY DIT VOKSENPAS ONLINE<br \/>\nDu kan ans\u00f8ge online, hvis du:<\/p>\n<p>\u00f8nsker at forny eller erstatte et nuv\u00e6rende eller udl\u00f8bet pas<br \/>\n\u00f8nsker at \u00e6ndre dit pasnavn \u2013 kun hvis du har \u00e6ndret det i New Zealand<br \/>\n\u00f8nsker at erstatte et mistet, stj\u00e5let eller beskadiget pas.<br \/>\nFor at forny dit pas online skal du v\u00e6re mindst 16 \u00e5r gammel og have f\u00f8lgende:<\/p>\n<p>allerede har et pas, selvom det er udl\u00f8bet, mistet, stj\u00e5let eller beskadiget<br \/>\net digitalt pasfoto<br \/>\nRealMe-login \u2013 hvis du ikke allerede har et, kan du oprette et under onlineans\u00f8gningen<br \/>\net kreditkort eller et New Zealand Post Prezzy Card.<br \/>\nHVIS DU SKAL FORNY DIT PAS VED HJ\u00c6LP AF EN PAPIRFORMULAR<br \/>\nDer er to formularer, du kan bruge til at forny dit pas, afh\u00e6ngigt af din situation.<\/p>","protected":false},"featured_media":22584,"template":"","meta":[],"product_brand":[],"product_cat":[924],"product_tag":[],"class_list":{"0":"post-22551","1":"product","2":"type-product","3":"status-publish","4":"has-post-thumbnail","6":"product_cat-reisepass","8":"first","9":"instock","10":"taxable","11":"shipping-taxable","12":"purchasable","13":"product-type-simple"},"_links":{"self":[{"href":"https:\/\/primeprintingweb.com\/da\/wp-json\/wp\/v2\/product\/22551","targetHints":{"allow":["GET"]}}],"collection":[{"href":"https:\/\/primeprintingweb.com\/da\/wp-json\/wp\/v2\/product"}],"about":[{"href":"https:\/\/primeprintingweb.com\/da\/wp-json\/wp\/v2\/types\/product"}],"version-history":[{"count":2,"href":"https:\/\/primeprintingweb.com\/da\/wp-json\/wp\/v2\/product\/22551\/revisions"}],"predecessor-version":[{"id":22906,"href":"https:\/\/primeprintingweb.com\/da\/wp-json\/wp\/v2\/product\/22551\/revisions\/22906"}],"wp:featuredmedia":[{"embeddable":true,"href":"https:\/\/primeprintingweb.com\/da\/wp-json\/wp\/v2\/media\/22584"}],"wp:attachment":[{"href":"https:\/\/primeprintingweb.com\/da\/wp-json\/wp\/v2\/media?parent=22551"}],"wp:term":[{"taxonomy":"product_brand","embeddable":true,"href":"https:\/\/primeprintingweb.com\/da\/wp-json\/wp\/v2\/product_brand?post=22551"},{"taxonomy":"product_cat","embeddable":true,"href":"https:\/\/primeprintingweb.com\/da\/wp-json\/wp\/v2\/product_cat?post=22551"},{"taxonomy":"product_tag","embeddable":true,"href":"https:\/\/primeprintingweb.com\/da\/wp-json\/wp\/v2\/product_tag?post=22551"}],"curies":[{"name":"wp","href":"https:\/\/api.w.org\/{rel}","templated":true}]}}