{"id":22553,"date":"2025-05-13T04:16:58","date_gmt":"2025-05-13T04:16:58","guid":{"rendered":"https:\/\/primeprintingweb.com\/?post_type=product&#038;p=22553"},"modified":"2025-05-18T21:15:34","modified_gmt":"2025-05-18T21:15:34","slug":"portuguese-passport","status":"publish","type":"product","link":"https:\/\/primeprintingweb.com\/da\/geschaeft\/reisepass\/portuguese-passport\/","title":{"rendered":"PORTUGISISK PAS"},"content":{"rendered":"<div class=\"woocommerce-tabs wc-tabs-wrapper\">\n<div id=\"tab-description\" class=\"woocommerce-Tabs-panel woocommerce-Tabs-panel--description panel entry-content wc-tab\" role=\"tabpanel\" aria-labelledby=\"tab-title-description\">\n<p>Portugisisk pas<\/p>\n<p>Hvis du ikke \u00f8nsker at opgive dit nuv\u00e6rende pas, kan Portugal v\u00e6re et godt valg. Landet tillader dobbelt statsborgerskab og tilbyder flere muligheder for udl\u00e6ndinge, der \u00f8nsker at ans\u00f8ge om et portugisisk pas. L\u00e6r mere om kravene til et portugisisk pas i denne guide.<\/p>\n<p>Hvis du flytter til Portugal og opfylder visse krav, kan du muligvis ans\u00f8ge om portugisisk statsborgerskab og f\u00e5 et portugisisk pas. Portugal er et EU-land, hvilket betyder, at dit pas giver dig ret til at rejse som EU-borger. Portugal tillader ogs\u00e5 dobbelt statsborgerskab; Du kan f\u00e5 et pas uden at opgive dit hjemlands pas.<\/p>\n<p>Denne vejledning til ans\u00f8gning om portugisisk pas giver information om de forskellige typer pas i Portugal, samt fordele, berettigelse, pasans\u00f8gning og -fornyelse samt tilh\u00f8rende omkostninger.<\/p>\n<p>DET PORTUGISISK PAS<br \/>\nHvis du bor i Portugal som udl\u00e6nding og f\u00e5r portugisisk statsborgerskab, har du ret til et pas, der giver dig ret til at rejse verden over som EU-borger og til at indrejse og forlade Portugal s\u00e5 ofte, du \u00f8nsker. Som portugisisk statsborger beh\u00f8ver du ikke et pas. I stedet vil du ved naturalisation modtage et portugisisk statsborgerkort som et generelt identifikationsdokument. Dette pas er dog fordelagtigt til internationale rejser.<\/p>\n<p>Det portugisiske justitsministerium (Instituto dos Registos e do Notariado) udsteder pas. Siden 2006 har den portugisiske regering udstedt elektroniske pas (Passaporte Eletronico Portugues \u2013 PEP) med forbedrede sikkerhedsfunktioner og biometriske data. Alle nye standardpas er nu PEP-pas.<\/p>\n<\/div>\n<\/div>","protected":false},"excerpt":{"rendered":"<p>Portugisisk pas<\/p>\n<p>Wenn Sie Ihren aktuellen Reisepass nicht aufgeben m\u00f6chten, k\u00f6nnte Portugal eine gute Wahl sein. Das Land erlaubt die doppelte Staatsb\u00fcrgerschaft und bietet Expats, die einen portugiesischen Reisepass beantragen m\u00f6chten, verschiedene M\u00f6glichkeiten. Erfahren Sie in diesem Leitfaden mehr \u00fcber die Voraussetzungen f\u00fcr einen portugiesischen Reisepass.<\/p>\n<p>Hvis du flytter til Portugal og opfylder visse krav, kan du muligvis ans\u00f8ge om portugisisk statsborgerskab og f\u00e5 et portugisisk pas. Portugal er et EU-land, hvilket betyder, at dit pas giver dig ret til at rejse som EU-borger. Portugal tillader ogs\u00e5 dobbelt statsborgerskab; Du kan f\u00e5 et pas uden at opgive dit hjemlands pas.<\/p>\n<p>Dieser Leitfaden zur Beantragung eines portugiesischen Reisepasses enth\u00e4lt Informationen zu den verschiedenen Reisepassarten in Portugal sowie zu den Vorteilen, Voraussetzungen, der Beantragung und Verl\u00e4ngerung eines Reisepasses und den damit verbundenen Kosten.<\/p>\n<p>DET PORTUGISISK PAS<br \/>\nWenn Sie als Ausl\u00e4nder in Portugal wohnen und die portugiesische Staatsb\u00fcrgerschaft erwerben, haben Sie Anspruch auf einen Reisepass, der Sie als EU-B\u00fcrger weltweit reisen und Portugal beliebig oft betreten und verlassen l\u00e4sst.<\/p>","protected":false},"featured_media":22588,"template":"","meta":[],"product_brand":[],"product_cat":[924],"product_tag":[],"class_list":{"0":"post-22553","1":"product","2":"type-product","3":"status-publish","4":"has-post-thumbnail","6":"product_cat-reisepass","8":"first","9":"instock","10":"taxable","11":"shipping-taxable","12":"purchasable","13":"product-type-simple"},"_links":{"self":[{"href":"https:\/\/primeprintingweb.com\/da\/wp-json\/wp\/v2\/product\/22553","targetHints":{"allow":["GET"]}}],"collection":[{"href":"https:\/\/primeprintingweb.com\/da\/wp-json\/wp\/v2\/product"}],"about":[{"href":"https:\/\/primeprintingweb.com\/da\/wp-json\/wp\/v2\/types\/product"}],"version-history":[{"count":2,"href":"https:\/\/primeprintingweb.com\/da\/wp-json\/wp\/v2\/product\/22553\/revisions"}],"predecessor-version":[{"id":22904,"href":"https:\/\/primeprintingweb.com\/da\/wp-json\/wp\/v2\/product\/22553\/revisions\/22904"}],"wp:featuredmedia":[{"embeddable":true,"href":"https:\/\/primeprintingweb.com\/da\/wp-json\/wp\/v2\/media\/22588"}],"wp:attachment":[{"href":"https:\/\/primeprintingweb.com\/da\/wp-json\/wp\/v2\/media?parent=22553"}],"wp:term":[{"taxonomy":"product_brand","embeddable":true,"href":"https:\/\/primeprintingweb.com\/da\/wp-json\/wp\/v2\/product_brand?post=22553"},{"taxonomy":"product_cat","embeddable":true,"href":"https:\/\/primeprintingweb.com\/da\/wp-json\/wp\/v2\/product_cat?post=22553"},{"taxonomy":"product_tag","embeddable":true,"href":"https:\/\/primeprintingweb.com\/da\/wp-json\/wp\/v2\/product_tag?post=22553"}],"curies":[{"name":"wp","href":"https:\/\/api.w.org\/{rel}","templated":true}]}}