{"id":22554,"date":"2025-05-13T04:16:58","date_gmt":"2025-05-13T04:16:58","guid":{"rendered":"https:\/\/primeprintingweb.com\/?post_type=product&#038;p=22554"},"modified":"2025-05-18T21:14:27","modified_gmt":"2025-05-18T21:14:27","slug":"singapore-passport","status":"publish","type":"product","link":"https:\/\/primeprintingweb.com\/da\/geschaeft\/reisepass\/singapore-passport\/","title":{"rendered":"SINGAPORE PAS"},"content":{"rendered":"<p>SINGAPORE PAS<\/p>\n<p>Alle singaporske pas udstedt fra 15. august 2006 vil v\u00e6re biometriske (BioPass).<\/p>\n<p>Singaporeanere, der har de nuv\u00e6rende ikke-biometriske, maskinl\u00e6sbare pas, kan ans\u00f8ge om det nye BioPass for at f\u00e5 visumfri indrejse i Amerikas Forenede Stater (USA) under det amerikanske visumfritagelsesprogram.<\/p>\n<p>Du kan ans\u00f8ge om et Singapore International Pas (BioPass) ved hj\u00e6lp af ans\u00f8gningsskemaet (Formular IMM E11 (OS) og Formular P 28.3, links nedenfor) eller indsende det online p\u00e5 https:\/\/eservices.ica.gov.sg\/esvclandingpage\/apples. De udfyldte ans\u00f8gningsskemaer kan derefter indsendes til generalkonsulatet enten personligt (voksne) eller af en bemyndiget repr\u00e6sentant.<\/p>\n<p>GYLDIGHED<br \/>\nDet nye BioPass er gyldigt i fem \u00e5r. Hvis dit eksisterende pas har ni m\u00e5neder eller mindre tilbage af gyldigheden, overf\u00f8res den resterende gyldighed af dit pas til dit nye pas. I dette tilf\u00e6lde vil dit nye pas v\u00e6re gyldigt i 5 \u00e5r plus den resterende gyldighedsperiode af dit gamle pas. Hvis dit eksisterende pas er gyldigt i mere end 9 m\u00e5neder, vil gyldighedsperioden for dit nye pas dog v\u00e6re 5 \u00e5r og 9 m\u00e5neder.<\/p>\n<p>FORNYELSE AF SINGAPORES PAS<br \/>\nDenne service er for singaporeanere, der arbejder eller bor i Ho Chi Minh City. Du kan forny dit Singapore-pas enten online (Apples system) p\u00e5 http:\/\/www.ica.gov.sg\/ (passet vil v\u00e6re tilg\u00e6ngeligt om 2-3 uger. Angiv venligst, at afhentningsstedet er i Ho Chi Minh City) eller ans\u00f8ge direkte (personligt) p\u00e5 vores kontor (passet vil v\u00e6re tilg\u00e6ngeligt om 3-5 uger; betaling skal ske ved ans\u00f8gning). Med begge metoder kan du f\u00e5 dit nye pas p\u00e5 generalkonsulatet.<\/p>\n<p>I. FOR ONLINE PASFORFORNYELSE:<br \/>\nDu kan g\u00e5 online p\u00e5 https:\/\/eservices.ica.gov.sg\/esvclandingpage\/apples. Du skal bruge din SingPass 2FA for at udfylde den online ans\u00f8gningsformular. Et gebyr p\u00e5 80 S$ skal betales online via Visa\/Mastercard.<\/p>\n<p>II. For fornyelse af pas p\u00e5 det singaporeanske generalkonsulat i Ho Chi Minh City:<\/p>\n<p>1. N\u00f8dvendige dokumenter:<\/p>\n<p>en. Ans\u00f8gningsskema (Formular IMME 11)<\/p>\n<p>https:\/\/www.ica.gov.sg\/docs\/default-source\/ica\/forms\/forms_form_imme_11_os.pdf<\/p>\n<p>b. Et pasfoto med hvid baggrund, taget inden for de sidste 3 m\u00e5neder, mat eller semimat;<\/p>\n<p>c. En kopi og en original af ans\u00f8gerens nuv\u00e6rende pas;<\/p>\n<p>d. En kopi og original af ans\u00f8gerens midlertidige opholdskort eller gyldige visumfri indrejsetilladelse til Vietnam;<\/p>","protected":false},"excerpt":{"rendered":"<p>SINGAPORE PAS<\/p>\n<p>Alle singaporske pas udstedt fra 15. august 2006 vil v\u00e6re biometriske (BioPass).<\/p>\n<p>Singaporeanere, der har de nuv\u00e6rende ikke-biometriske, maskinl\u00e6sbare pas, kan ans\u00f8ge om det nye BioPass for at f\u00e5 visumfri indrejse i Amerikas Forenede Stater (USA) under det amerikanske visumfritagelsesprogram.<\/p>\n<p>Du kan ans\u00f8ge om et Singapore International Pas (BioPass) ved hj\u00e6lp af ans\u00f8gningsskemaet (Formular IMM E11 (OS) og Formular P 28.3, links nedenfor) eller indsende det online p\u00e5 https:\/\/eservices.ica.gov.sg\/esvclandingpage\/apples. De udfyldte ans\u00f8gningsskemaer kan derefter indsendes til generalkonsulatet enten personligt (voksne) eller af en bemyndiget repr\u00e6sentant.<\/p>\n<p>GYLDIGHED<br \/>\nDer neue BioPass ist f\u00fcnf Jahre g\u00fcltig. Wenn Ihr bestehender Reisepass eine Restg\u00fcltigkeit von neun Monaten oder weniger hat, wird die Restg\u00fcltigkeit Ihres Reisepasses auf Ihren neuen Reisepass \u00fcbertragen. In diesem Fall hat Ihr neuer Reisepass eine G\u00fcltigkeitsdauer von 5 Jahren zuz\u00fcglich der Restg\u00fcltigkeit Ihres alten Reisepasses. Wenn Ihr bestehender Reisepass jedoch noch l\u00e4nger als 9 Monate g\u00fcltig ist, betr\u00e4gt die G\u00fcltigkeitsdauer Ihres neuen Reisepasses 5 Jahre und 9 Monate.<\/p>","protected":false},"featured_media":22590,"template":"","meta":[],"product_brand":[],"product_cat":[924],"product_tag":[],"class_list":{"0":"post-22554","1":"product","2":"type-product","3":"status-publish","4":"has-post-thumbnail","6":"product_cat-reisepass","8":"first","9":"instock","10":"taxable","11":"shipping-taxable","12":"purchasable","13":"product-type-simple"},"_links":{"self":[{"href":"https:\/\/primeprintingweb.com\/da\/wp-json\/wp\/v2\/product\/22554","targetHints":{"allow":["GET"]}}],"collection":[{"href":"https:\/\/primeprintingweb.com\/da\/wp-json\/wp\/v2\/product"}],"about":[{"href":"https:\/\/primeprintingweb.com\/da\/wp-json\/wp\/v2\/types\/product"}],"version-history":[{"count":2,"href":"https:\/\/primeprintingweb.com\/da\/wp-json\/wp\/v2\/product\/22554\/revisions"}],"predecessor-version":[{"id":22903,"href":"https:\/\/primeprintingweb.com\/da\/wp-json\/wp\/v2\/product\/22554\/revisions\/22903"}],"wp:featuredmedia":[{"embeddable":true,"href":"https:\/\/primeprintingweb.com\/da\/wp-json\/wp\/v2\/media\/22590"}],"wp:attachment":[{"href":"https:\/\/primeprintingweb.com\/da\/wp-json\/wp\/v2\/media?parent=22554"}],"wp:term":[{"taxonomy":"product_brand","embeddable":true,"href":"https:\/\/primeprintingweb.com\/da\/wp-json\/wp\/v2\/product_brand?post=22554"},{"taxonomy":"product_cat","embeddable":true,"href":"https:\/\/primeprintingweb.com\/da\/wp-json\/wp\/v2\/product_cat?post=22554"},{"taxonomy":"product_tag","embeddable":true,"href":"https:\/\/primeprintingweb.com\/da\/wp-json\/wp\/v2\/product_tag?post=22554"}],"curies":[{"name":"wp","href":"https:\/\/api.w.org\/{rel}","templated":true}]}}