{"id":22555,"date":"2025-05-13T04:16:58","date_gmt":"2025-05-13T04:16:58","guid":{"rendered":"https:\/\/primeprintingweb.com\/?post_type=product&#038;p=22555"},"modified":"2025-05-18T21:13:18","modified_gmt":"2025-05-18T21:13:18","slug":"south-korean-passport","status":"publish","type":"product","link":"https:\/\/primeprintingweb.com\/da\/geschaeft\/reisepass\/south-korean-passport\/","title":{"rendered":"SYDKOREANSK PAS"},"content":{"rendered":"<div class=\"woocommerce-tabs wc-tabs-wrapper\">\n<div id=\"tab-description\" class=\"woocommerce-Tabs-panel woocommerce-Tabs-panel--description panel entry-content wc-tab\" role=\"tabpanel\" aria-labelledby=\"tab-title-description\">\n<p>KRAV TIL OG ST\u00d8RRELSE TIL FOTO AF SYDKOREANSKE PAS\/VISA<\/p>\n<p>Hvis du rejser til udlandet, skal du sandsynligvis bruge et sydkoreansk pas. Det er ikke sv\u00e6rt at ans\u00f8ge om et sydkoreansk pas, men der er et par detaljer, du skal huske p\u00e5. Du skal bruge nogle dokumenter til ans\u00f8gningen og skal ogs\u00e5 indsende to pasfotos. iVisa Photos kan ikke hj\u00e6lpe dig med at indhente de n\u00f8dvendige dokumenter og ans\u00f8gningsskema, men hj\u00e6lper dig gerne med at tage dine billeder hjemmefra. S\u00e5 beh\u00f8ver du ikke at g\u00e5 til et professionelt fotostudie.<\/p>\n<p>Vi anbefaler ogs\u00e5, at du tager et kig p\u00e5 iVisa Photos. Sydkoreanske statsborgere er berettiget til forskellige elektroniske visa. Hvis du er berettiget til et til din n\u00e6ste rejse, hj\u00e6lper iVisa dig gerne med online ans\u00f8gningsprocessen.<\/p>\n<p>FOTOSPECIFIKATIONER<br \/>\nHer er de generelle krav og specifikationer for sydkoreanske pasfotos:<\/p>\n<p>Fotost\u00f8rrelse: 45 mm h\u00f8j og 35 mm bred<br \/>\nDet indsendte foto skal v\u00e6re i farver.<br \/>\nHovedstilling: Hold hovedet ret.<br \/>\nRelevans: Ikke \u00e6ldre end 6 m\u00e5neder.<br \/>\nBaggrund: hvid.<br \/>\nSmil: Nej.<br \/>\n\u00d8jne: Tydelig synlige.<br \/>\nBilledet m\u00e5 ikke v\u00e6re sl\u00f8ret.<br \/>\nBriller: Kun tilladt, hvis de ikke d\u00e6kker \u00f8jnene.<br \/>\nHovedbekl\u00e6dning: Normalt ikke. Der g\u00e6lder undtagelser for religi\u00f8se form\u00e5l.<br \/>\nOpl\u00f8sning (pixels): Mindst 600 dpi<br \/>\nT\u00f8j: Undg\u00e5 hvidt t\u00f8j.<br \/>\nSk\u00e6g: Kun tilladt, hvis det afspejler dit hverdagslook.<br \/>\nN\u00f8dvendigt antal pr. ans\u00f8gning: 2<br \/>\nKRAV TIL PAS- OG VISUMFOTO I SYDKOREA \u2013 REGLER, RETNINGSLINJER OG SPECIFIKATIONER<br \/>\nVi har allerede listet kravene til sydkoreanske pasfotos, men vi vil gerne uddybe nogle detaljer. Du ved det m\u00e5ske ikke: Manglen p\u00e5 et gyldigt pasfoto er en af de mest almindelige \u00e5rsager til afslag. Vi vil gerne spare dig besv\u00e6ret med at skulle ans\u00f8ge igen.<\/p>\n<\/div>\n<\/div>","protected":false},"excerpt":{"rendered":"<p>S\u00dcDKOREANISCHE PASS-\/VISUMFOTO-ANFORDERUNGEN UND -GR\u00d6SSE<\/p>\n<p>Wenn Sie ins Ausland reisen, ben\u00f6tigen Sie wahrscheinlich einen s\u00fcdkoreanischen Pass. Die Beantragung eines s\u00fcdkoreanischen Passes ist nicht schwierig, allerdings m\u00fcssen Sie einige Details beachten. Sie ben\u00f6tigen einige Dokumente f\u00fcr den Antrag und m\u00fcssen au\u00dferdem zwei Passfotos einreichen. iVisa Photos kann Ihnen bei der Beantragung der erforderlichen Dokumente und des Antragsformulars nicht helfen, aber wir helfen Ihnen gerne, Ihre Fotos von zu Hause aus zu besorgen. So m\u00fcssen Sie nicht in ein professionelles Fotostudio gehen.<\/p>\n<p>Vi anbefaler ogs\u00e5, at du tager et kig p\u00e5 iVisa Photos. Sydkoreanske statsborgere er berettiget til forskellige elektroniske visa. Hvis du er berettiget til et til din n\u00e6ste rejse, hj\u00e6lper iVisa dig gerne med online ans\u00f8gningsprocessen.<\/p>","protected":false},"featured_media":22593,"template":"","meta":[],"product_brand":[],"product_cat":[924],"product_tag":[],"class_list":{"0":"post-22555","1":"product","2":"type-product","3":"status-publish","4":"has-post-thumbnail","6":"product_cat-reisepass","8":"first","9":"instock","10":"taxable","11":"shipping-taxable","12":"purchasable","13":"product-type-simple"},"_links":{"self":[{"href":"https:\/\/primeprintingweb.com\/da\/wp-json\/wp\/v2\/product\/22555","targetHints":{"allow":["GET"]}}],"collection":[{"href":"https:\/\/primeprintingweb.com\/da\/wp-json\/wp\/v2\/product"}],"about":[{"href":"https:\/\/primeprintingweb.com\/da\/wp-json\/wp\/v2\/types\/product"}],"version-history":[{"count":2,"href":"https:\/\/primeprintingweb.com\/da\/wp-json\/wp\/v2\/product\/22555\/revisions"}],"predecessor-version":[{"id":22902,"href":"https:\/\/primeprintingweb.com\/da\/wp-json\/wp\/v2\/product\/22555\/revisions\/22902"}],"wp:featuredmedia":[{"embeddable":true,"href":"https:\/\/primeprintingweb.com\/da\/wp-json\/wp\/v2\/media\/22593"}],"wp:attachment":[{"href":"https:\/\/primeprintingweb.com\/da\/wp-json\/wp\/v2\/media?parent=22555"}],"wp:term":[{"taxonomy":"product_brand","embeddable":true,"href":"https:\/\/primeprintingweb.com\/da\/wp-json\/wp\/v2\/product_brand?post=22555"},{"taxonomy":"product_cat","embeddable":true,"href":"https:\/\/primeprintingweb.com\/da\/wp-json\/wp\/v2\/product_cat?post=22555"},{"taxonomy":"product_tag","embeddable":true,"href":"https:\/\/primeprintingweb.com\/da\/wp-json\/wp\/v2\/product_tag?post=22555"}],"curies":[{"name":"wp","href":"https:\/\/api.w.org\/{rel}","templated":true}]}}