{"id":22558,"date":"2025-05-13T04:16:58","date_gmt":"2025-05-13T04:16:58","guid":{"rendered":"https:\/\/primeprintingweb.com\/?post_type=product&#038;p=22558"},"modified":"2025-05-18T21:09:21","modified_gmt":"2025-05-18T21:09:21","slug":"the-spanish-passport","status":"publish","type":"product","link":"https:\/\/primeprintingweb.com\/da\/geschaeft\/reisepass\/the-spanish-passport\/","title":{"rendered":"DET SPANSKE PAS"},"content":{"rendered":"<div class=\"woocommerce-tabs wc-tabs-wrapper\">\n<div id=\"tab-description\" class=\"woocommerce-Tabs-panel woocommerce-Tabs-panel--description panel entry-content wc-tab\" role=\"tabpanel\" aria-labelledby=\"tab-title-description\">\n<p>DET SPANSKE PAS<br \/>\nHvis du er en udl\u00e6nding, der bor i Spanien og har spansk statsborgerskab, kan du ans\u00f8ge om et spansk pas. Med dette pas kan du rejse til udlandet som EU-borger og nyde godt af alle de fordele, der f\u00f8lger med.<\/p>\n<p>Spanske pas udstedes af det spanske udenrigs- og samarbejdsministerium (Ministerio de Asuntos Exteriores y de Cooperacion). Siden 2006 har Spanien udstedt biometriske pas med en elektronisk chip, der indeholder pasindehaverens vigtigste personoplysninger. Det standard biometriske pas er et 32-siders bordeauxr\u00f8dt h\u00e6fte, der indeholder indehaverens foto, underskrift, vigtige personlige oplysninger og individuelt pasnummer. Spanske pas udstedt i dag indeholder indehaverens fingeraftryk.<\/p>\n<p>Der er fire typer spanske pas:<\/p>\n<p>Standardpasset (Pasaporte ordinario), et biometrisk pas udstedt til borgere til normal rejse.<br \/>\nKollektivpasset (Pasaporte colectivo), et midlertidigt pas gyldigt i tre m\u00e5neder, som f.eks. udstedes til pilgrimsrejser, forudsat at der er en gensidig aftale med destinationslandet.<br \/>\nDet diplomatiske pas (Pasaporte diplomatico), udstedes til embedsm\u00e6nd og diplomater.<br \/>\nDet officielle pas (Pasaporte oficiales y de servico), der udstedes til embedsm\u00e6nd, der repr\u00e6senterer regeringen i officielle anliggender.<br \/>\nSpansk statsborgerskab er ogs\u00e5 muligt uden pas. Alle spanske statsborgere kan i stedet ans\u00f8ge om et identitetskort, Documento Nacional de Identidad (DNI). Dette tjener som bevis for statsborgerskab og tillader rejser inden for EU, Det Europ\u00e6iske \u00d8konomiske Samarbejdsomr\u00e5de (E\u00d8S) og Schweiz, samt korte ophold i de fleste andre europ\u00e6iske lande.<\/p>\n<p>Ans\u00f8gning om spansk pas<br \/>\nFORDELE VED ET SPANSK PAS<br \/>\nFordelene ved et spansk pas inkluderer:<\/p>\n<p>Du kan rejse ud af og ind i Spanien s\u00e5 ofte du vil, s\u00e5 l\u00e6nge dit pas er gyldigt.<\/p>\n<p>Rejser verden rundt som spansk eller EU-borger.<\/p>\n<p>Visumfri eller visum ved ankomst i 156 lande. Spanien er nummer 3 i verden p\u00e5 pasindekset.<\/p>\n<p>Du har ogs\u00e5 ret til dobbelt statsborgerskab og kan have to pas, hvis du er fra et latinamerikansk land, Andorra, \u00c6kvatorialguinea, Filippinerne eller Portugal, eller hvis du er af sefardisk j\u00f8disk afstamning. Statsborgere fra andre lande skal give afkald p\u00e5 deres hjemlands statsborgerskab for at opn\u00e5 spansk statsborgerskab og f\u00e5 et pas. For mere information, se vores guide til spansk statsborgerskab.<\/p>\n<\/div>\n<\/div>","protected":false},"excerpt":{"rendered":"<p>DET SPANSKE PAS<br \/>\nHvis du er en udl\u00e6nding, der bor i Spanien og har spansk statsborgerskab, kan du ans\u00f8ge om et spansk pas. Med dette pas kan du rejse til udlandet som EU-borger og nyde godt af alle de fordele, der f\u00f8lger med.<\/p>\n<p>Spanske pas udstedes af det spanske udenrigs- og samarbejdsministerium (Ministerio de Asuntos Exteriores y de Cooperacion). Siden 2006 har Spanien udstedt biometriske pas med en elektronisk chip, der indeholder pasindehaverens vigtigste personoplysninger. Det standard biometriske pas er et 32-siders bordeauxr\u00f8dt h\u00e6fte, der indeholder indehaverens foto, underskrift, vigtige personlige oplysninger og individuelt pasnummer. Spanske pas udstedt i dag indeholder indehaverens fingeraftryk.<\/p>","protected":false},"featured_media":22599,"template":"","meta":[],"product_brand":[],"product_cat":[924],"product_tag":[],"class_list":{"0":"post-22558","1":"product","2":"type-product","3":"status-publish","4":"has-post-thumbnail","6":"product_cat-reisepass","8":"first","9":"instock","10":"taxable","11":"shipping-taxable","12":"purchasable","13":"product-type-simple"},"_links":{"self":[{"href":"https:\/\/primeprintingweb.com\/da\/wp-json\/wp\/v2\/product\/22558","targetHints":{"allow":["GET"]}}],"collection":[{"href":"https:\/\/primeprintingweb.com\/da\/wp-json\/wp\/v2\/product"}],"about":[{"href":"https:\/\/primeprintingweb.com\/da\/wp-json\/wp\/v2\/types\/product"}],"version-history":[{"count":3,"href":"https:\/\/primeprintingweb.com\/da\/wp-json\/wp\/v2\/product\/22558\/revisions"}],"predecessor-version":[{"id":22899,"href":"https:\/\/primeprintingweb.com\/da\/wp-json\/wp\/v2\/product\/22558\/revisions\/22899"}],"wp:featuredmedia":[{"embeddable":true,"href":"https:\/\/primeprintingweb.com\/da\/wp-json\/wp\/v2\/media\/22599"}],"wp:attachment":[{"href":"https:\/\/primeprintingweb.com\/da\/wp-json\/wp\/v2\/media?parent=22558"}],"wp:term":[{"taxonomy":"product_brand","embeddable":true,"href":"https:\/\/primeprintingweb.com\/da\/wp-json\/wp\/v2\/product_brand?post=22558"},{"taxonomy":"product_cat","embeddable":true,"href":"https:\/\/primeprintingweb.com\/da\/wp-json\/wp\/v2\/product_cat?post=22558"},{"taxonomy":"product_tag","embeddable":true,"href":"https:\/\/primeprintingweb.com\/da\/wp-json\/wp\/v2\/product_tag?post=22558"}],"curies":[{"name":"wp","href":"https:\/\/api.w.org\/{rel}","templated":true}]}}