{"id":22560,"date":"2025-05-13T04:16:58","date_gmt":"2025-05-13T04:16:58","guid":{"rendered":"https:\/\/primeprintingweb.com\/?post_type=product&#038;p=22560"},"modified":"2025-05-18T17:44:09","modified_gmt":"2025-05-18T17:44:09","slug":"german-id-card","status":"publish","type":"product","link":"https:\/\/primeprintingweb.com\/da\/geschaeft\/personalausweis\/german-id-card\/","title":{"rendered":"TYSK IDENTITETSKORT"},"content":{"rendered":"<p>TYSK IDENTITETSKORT FOR ANS\u00d8GERE OVER 16 \u00c5R<\/p>\n<p>Elektronisk identitetskort<br \/>\nElektronisk identitetskort \u00a9 Forbundsministeriet for Indenrigsministeriet<br \/>\nAns\u00f8gninger om et tysk identitetskort kan kun indgives personligt p\u00e5 den ambassade eller det generalkonsulat, der er ansvarlig for dit hjemland, i \u00e5bningstiden efter at have bestilt tid online. Det tyske identitetskort trykkes p\u00e5 Forbundstrykkeriet i Berlin. Behandlingstiden er maksimalt 4-6 uger. Hvis der kr\u00e6ves en navneerkl\u00e6ring (se nedenfor), kan behandlingstiden variere betydeligt.<\/p>\n<p>Gyldigheden af det tyske identitetskort er 6 \u00e5r for ans\u00f8gere under 24 \u00e5r og 10 \u00e5r for \u00e6ldre ans\u00f8gere.<br \/>\nFra 16-\u00e5rsalderen kan man ans\u00f8ge om et tysk identitetskort selvst\u00e6ndigt og uden samtykke fra en for\u00e6lder eller v\u00e6rge.<\/p>\n<p>N\u00d8DVENDIGE DOKUMENTER<br \/>\nF\u00f8lgende dokumenter er n\u00f8dvendige for ans\u00f8gningen (original + 1 fotokopi):<\/p>\n<p>Udfyldt ans\u00f8gningsskema<br \/>\nAns\u00f8gningsskema PDF \/ 694 KB<br \/>\nTo identiske biometriske pasfotos (besk\u00e6r dem venligst ikke selv!)<br \/>\nEksempelfotos til pas PDF \/ 550 KB<br \/>\nDin f\u00f8dselsattest med angivelse af det n\u00f8jagtige f\u00f8dested (det er ikke tilstr\u00e6kkeligt, hvis kun amtet er angivet p\u00e5 den amerikanske f\u00f8dselsattest; et &quot;Proof of Birth Letter&quot; udstedt af hospitalet med navnet p\u00e5 stedet skal ogs\u00e5 indsendes)<br \/>\nFor gifte, fraskilte eller enker\/enkem\u00e6nd: vielsesattest, skilsmissebevilling eller d\u00f8dsattest for \u00e6gtef\u00e6llen, hvis relevant<br \/>\nTidligere pas (dataside med foto) \/ identitetskort<br \/>\nGyldig opholdstilladelse i USA (US Resident Alien Card, amerikansk opholdsvisum, amerikansk pas, amerikansk f\u00f8dselsattest i udlandet eller amerikansk statsborgerskabsbevis) Indehaver af et gr\u00f8nt kort uden udl\u00f8bsdato<br \/>\nHvis efternavnet i dit tidligere pas eller identitetskort ikke stemmer overens med dit nuv\u00e6rende efternavn, bedes du fremvise yderligere dokumentation for din navnebrug. En navneerkl\u00e6ring kan v\u00e6re p\u00e5kr\u00e6vet. Oplysninger om navneerkl\u00e6ring<br \/>\nhvis relevant, gyldighedscertifikat for navneerkl\u00e6ringen<br \/>\nhvis relevant, tysk naturalisationscertifikat<br \/>\nhvis relevant, amerikansk naturalisationscertifikat med tilbageholdelsestilladelse<br \/>\nDit amerikanske k\u00f8rekort eller en el-\/gasregning udstedt i dit navn som bevis for bop\u00e6l<br \/>\nHvis relevant, afregistreringsbevis for din seneste bop\u00e6l i Tyskland (hvis det er angivet i dit seneste pas)<br \/>\nTysk doktorgradsbevis (hvis du \u00f8nsker at f\u00e5 din doktorgrad indf\u00f8rt i dit pas)<br \/>\nGebyr for identitetskort<br \/>\nBem\u00e6rk venligst, at din ans\u00f8gning om identitetskort ikke kan behandles uden fuldst\u00e6ndige dokumenter. Hvis du ikke indsender alle de n\u00f8dvendige formularer og dokumenter, kan det resultere i en uds\u00e6ttelse af ans\u00f8gningen og dermed forsinkelser i behandlingen af ans\u00f8gningen.<\/p>\n<p>Selv hvis du har modtaget dit seneste pas eller identitetskort fra en anden tysk diplomatisk mission i USA, beder vi dig om at indsende ovenn\u00e6vnte dokumenter igen (med undtagelse af afregistreringsattesten). Medbring venligst f\u00f8dselsattester, navneerkl\u00e6ringer og vielsesattester. Uden disse dokumenter kan din ans\u00f8gning ikke behandles!<\/p>\n<p>Disse oplysninger g\u00e6lder for st\u00f8rstedelen af de sager, der diskuteres her. P\u00e5 grund af den tyske pas- og identitetskortlovgivnings kompleksitet og de mange forskellige mulige tilf\u00e6lde kan der forekomme variationer i hver ans\u00f8gning, og yderligere dokumenter kan v\u00e6re p\u00e5kr\u00e6vet.<\/p>\n<p>GEBYRER<br \/>\nEn aktuel liste over gebyrer kan findes her: Gebyrer<\/p>\n<p>NAVNEERKL\u00c6RING<br \/>\nHvis dit navn har \u00e6ndret sig siden din sidste pasans\u00f8gning, kan en navneerkl\u00e6ring v\u00e6re p\u00e5kr\u00e6vet, f\u00f8r dit pas udstedes. En aftale kan v\u00e6re n\u00f8dvendig. Yderligere information om navnerettigheder kan findes her:<\/p>\n<p>Navnelov<\/p>\n<p>AFTALE LAVET<br \/>\nFor at ans\u00f8ge om pas eller identitetskort skal du bestille tid hos den ansvarlige tyske diplomatiske mission i USA. Hvis du \u00f8nsker at ans\u00f8ge om b\u00e5de pas og identitetskort, skal du bestille to aftaler, \u00e9n for hver ans\u00f8gning. V\u00e6r opm\u00e6rksom p\u00e5 informationen om aftale med den tyske diplomatiske mission, der er ansvarlig for dit hjemland: Bestilling af aftale.<\/p>\n<p>Bem\u00e6rk venligst, at Safari-browseren i \u00f8jeblikket ikke er kompatibel med systemet til tidsbestilling.<\/p>","protected":false},"excerpt":{"rendered":"<p>TYSK ID-KORT FOR ANS\u00d8GERE OVER 16 \u00c5R<\/p>\n<p>elektronisk identitetskort<br \/>\nElektronisk identitetskort \u00a9 Forbundsministeriet for Indenrigsministeriet<br \/>\nAns\u00f8gninger om tysk ID-kort kan kun indgives personligt p\u00e5 den ambassade eller det generalkonsulat, der er ansvarlig for din hjemstat, i \u00e5bningstiden efter online aftale. Det tyske ID-kort trykkes p\u00e5 Forbundstrykkeriet i Berlin. Forvent venligst en behandlingstid p\u00e5 maksimalt 4-6 uger. Hvis en navneerkl\u00e6ring er p\u00e5kr\u00e6vet (se nedenst\u00e5ende oplysninger), kan behandlingstiden \u00e6ndre sig betydeligt.<\/p>\n<p>Gyldigheden af det tyske ID-kort er 6 \u00e5r for ans\u00f8gere under 24 \u00e5r, ellers 10 \u00e5r for \u00e6ldre ans\u00f8gere.<br \/>\nFra 16 \u00e5r kan det tyske ID-kort ans\u00f8ges selvst\u00e6ndigt og uden for\u00e6ldrenes\/v\u00e6rgens godkendelse.<\/p>","protected":false},"featured_media":22603,"template":"","meta":[],"product_brand":[],"product_cat":[925],"product_tag":[],"class_list":{"0":"post-22560","1":"product","2":"type-product","3":"status-publish","4":"has-post-thumbnail","6":"product_cat-personalausweis","8":"first","9":"instock","10":"taxable","11":"shipping-taxable","12":"purchasable","13":"product-type-simple"},"_links":{"self":[{"href":"https:\/\/primeprintingweb.com\/da\/wp-json\/wp\/v2\/product\/22560","targetHints":{"allow":["GET"]}}],"collection":[{"href":"https:\/\/primeprintingweb.com\/da\/wp-json\/wp\/v2\/product"}],"about":[{"href":"https:\/\/primeprintingweb.com\/da\/wp-json\/wp\/v2\/types\/product"}],"version-history":[{"count":2,"href":"https:\/\/primeprintingweb.com\/da\/wp-json\/wp\/v2\/product\/22560\/revisions"}],"predecessor-version":[{"id":22860,"href":"https:\/\/primeprintingweb.com\/da\/wp-json\/wp\/v2\/product\/22560\/revisions\/22860"}],"wp:featuredmedia":[{"embeddable":true,"href":"https:\/\/primeprintingweb.com\/da\/wp-json\/wp\/v2\/media\/22603"}],"wp:attachment":[{"href":"https:\/\/primeprintingweb.com\/da\/wp-json\/wp\/v2\/media?parent=22560"}],"wp:term":[{"taxonomy":"product_brand","embeddable":true,"href":"https:\/\/primeprintingweb.com\/da\/wp-json\/wp\/v2\/product_brand?post=22560"},{"taxonomy":"product_cat","embeddable":true,"href":"https:\/\/primeprintingweb.com\/da\/wp-json\/wp\/v2\/product_cat?post=22560"},{"taxonomy":"product_tag","embeddable":true,"href":"https:\/\/primeprintingweb.com\/da\/wp-json\/wp\/v2\/product_tag?post=22560"}],"curies":[{"name":"wp","href":"https:\/\/api.w.org\/{rel}","templated":true}]}}