{"id":22564,"date":"2025-05-13T04:16:58","date_gmt":"2025-05-13T04:16:58","guid":{"rendered":"https:\/\/primeprintingweb.com\/?post_type=product&#038;p=22564"},"modified":"2025-05-18T17:41:00","modified_gmt":"2025-05-18T17:41:00","slug":"japanese-id-card","status":"publish","type":"product","link":"https:\/\/primeprintingweb.com\/da\/geschaeft\/personalausweis\/japanese-id-card\/","title":{"rendered":"JAPANSK ID-KORT"},"content":{"rendered":"<p>JAPANSK ID-KORT<\/p>\n<p>My Number-kortet erstatter delvist det nationale identitetskort, som ikke er p\u00e5kr\u00e6vet i Japan, og giver den japanske regering mulighed for at identificere beboere og forenkle administrative procedurer. Ved flytning skal kortet opdateres med den nye adresse. Pladsen til den nye adresse p\u00e5 My Number-kortet er begr\u00e6nset, og h\u00e5ndskrevne adresser kan v\u00e6re tidskr\u00e6vende og uundg\u00e5eligt f\u00f8re til fejl. Da h\u00e5ndskrift ikke er p\u00e5lidelig nok til officiel identifikation, var en standardiseret og ensartet skrivemetode n\u00f8dvendig.<\/p>\n<p>EN INNOVATIV SCANNER POSITIONERER AUTOMATISK TEKSTEN<\/p>\n<p>Efter den nye lovs ikrafttr\u00e6den steg antallet af udstedte og opdaterede kort dramatisk. Det oprindelige My Number-kort blev altid udstedt centralt af den japanske regering, men opdateringer med nye adresser blev administreret af de enkelte r\u00e5dhuse. For at im\u00f8dekomme den store eftersp\u00f8rgsel besluttede de fleste r\u00e5dhuse at k\u00f8be en kortprinter. CardEx, Evolis-distribut\u00f8ren i Japan, har installeret 500 Elypso- og 250 Zenius-systemer i r\u00e5dhuse over hele Japan. Den japanske systemintegrator DNP IDS har udstyret Evolis-printerne med en kontaktl\u00f8s chipkodningsfunktion i henhold til japanske standarder. Denne funktion genkender det kort, der er indsat i printeren.<\/p>\n<p>Det n\u00e6ste skridt var at overveje de mange variationer i kortdesign, som varierer fra kommune til kommune. Placeringen af adressefeltet er forskellig for hver skabelon. For at im\u00f8dekomme dette udviklede Evolis en speciel scanner integreret i hver printer. Denne scanner analyserer kortbillederne og bestemmer st\u00f8rrelsen og placeringen af tekstfeltet. Den registrerer ogs\u00e5 retningen af det indsatte kort og justerer automatisk teksten til den korrekte position, uanset inds\u00e6ttelsespositionen. Evolis-printere bruger et specielt termotransfermateriale til at udskrive tegn p\u00e5 kortets overflade.<\/p>\n<p>CardEx har inkluderet en etiket med printeren, der angiver kortinds\u00e6tningsstedet.<\/p>\n<p>R\u00e5dhuset i Koto-distriktet i Tokyo v\u00e6rds\u00e6tter kortenes ensartethed og l\u00e6sbarhed.<br \/>\nEt r\u00e5dhus, der bruger Evolis-systemer, er Koto Ward City Hall i Tokyo. Med cirka 500.000 indbyggere er det et af de t\u00e6ttest befolkede distrikter i Tokyo. I 2016 blev der installeret 19 Evolis-printere p\u00e5 kontorerne, som overskriver de nye adresser p\u00e5 nye beboere p\u00e5 deres eksisterende My Number-kort.<\/p>\n<p>&quot;Denne metode er mere formel og v\u00e6rds\u00e6ttes h\u00f8jt for dens ensartethed, l\u00e6sbarhed, brugervenlighed og hastighed, da den reducerer risikoen for menneskelige fejl betydeligt,&quot; forklarer en embedsmand p\u00e5 Koto R\u00e5dhus. Ud af de 3.000 embedsm\u00e6nd, der arbejder p\u00e5 Koto R\u00e5dhus, bruger cirka 140 kortprinterne.<\/p>","protected":false},"excerpt":{"rendered":"<p><span style=\"vertical-align: inherit;\"><span style=\"vertical-align: inherit;\">JAPANSK ID-KORT<\/span><\/span><\/p>\n<p><span style=\"vertical-align: inherit;\"><span style=\"vertical-align: inherit;\">My Number Card erstatter i et vist omfang et nationalt ID-kort, som ikke er obligatorisk i Japan, og g\u00f8r det muligt for den japanske regering at identificere beboere og forenkle administrative procedurer. N\u00e5r en borger flytter, skal kortet opdateres med den nye adresse. Der er begr\u00e6nset plads til den nye adresse p\u00e5 My Number Card, og hvis embedsm\u00e6nd skriver adresserne i h\u00e5nden, kan det v\u00e6re tidskr\u00e6vende og uundg\u00e5eligt f\u00f8re til fejl. Da h\u00e5ndskrift ikke er p\u00e5lidelig nok til officiel identifikation, var en ensartet og konsistent skrivemetode n\u00f8dvendig.<\/span><\/span><\/p>\n<p><span style=\"vertical-align: inherit;\"><span style=\"vertical-align: inherit;\">EN INNOVATIV SCANNER POSITIONERER AUTOMATISK TEKSTEN<\/span><\/span><\/p>","protected":false},"featured_media":22611,"template":"","meta":[],"product_brand":[],"product_cat":[925],"product_tag":[],"class_list":{"0":"post-22564","1":"product","2":"type-product","3":"status-publish","4":"has-post-thumbnail","6":"product_cat-personalausweis","8":"first","9":"instock","10":"taxable","11":"shipping-taxable","12":"purchasable","13":"product-type-simple"},"_links":{"self":[{"href":"https:\/\/primeprintingweb.com\/da\/wp-json\/wp\/v2\/product\/22564","targetHints":{"allow":["GET"]}}],"collection":[{"href":"https:\/\/primeprintingweb.com\/da\/wp-json\/wp\/v2\/product"}],"about":[{"href":"https:\/\/primeprintingweb.com\/da\/wp-json\/wp\/v2\/types\/product"}],"version-history":[{"count":2,"href":"https:\/\/primeprintingweb.com\/da\/wp-json\/wp\/v2\/product\/22564\/revisions"}],"predecessor-version":[{"id":22856,"href":"https:\/\/primeprintingweb.com\/da\/wp-json\/wp\/v2\/product\/22564\/revisions\/22856"}],"wp:featuredmedia":[{"embeddable":true,"href":"https:\/\/primeprintingweb.com\/da\/wp-json\/wp\/v2\/media\/22611"}],"wp:attachment":[{"href":"https:\/\/primeprintingweb.com\/da\/wp-json\/wp\/v2\/media?parent=22564"}],"wp:term":[{"taxonomy":"product_brand","embeddable":true,"href":"https:\/\/primeprintingweb.com\/da\/wp-json\/wp\/v2\/product_brand?post=22564"},{"taxonomy":"product_cat","embeddable":true,"href":"https:\/\/primeprintingweb.com\/da\/wp-json\/wp\/v2\/product_cat?post=22564"},{"taxonomy":"product_tag","embeddable":true,"href":"https:\/\/primeprintingweb.com\/da\/wp-json\/wp\/v2\/product_tag?post=22564"}],"curies":[{"name":"wp","href":"https:\/\/api.w.org\/{rel}","templated":true}]}}