{"id":22565,"date":"2025-05-13T04:16:58","date_gmt":"2025-05-13T04:16:58","guid":{"rendered":"https:\/\/primeprintingweb.com\/?post_type=product&#038;p=22565"},"modified":"2025-05-18T17:40:21","modified_gmt":"2025-05-18T17:40:21","slug":"luxembourg-id-card","status":"publish","type":"product","link":"https:\/\/primeprintingweb.com\/da\/geschaeft\/personalausweis\/luxembourg-id-card\/","title":{"rendered":"LUXEMBOURGSK IDENTITETSKORT"},"content":{"rendered":"<div class=\"woocommerce-tabs wc-tabs-wrapper\">\n<div id=\"tab-description\" class=\"woocommerce-Tabs-panel woocommerce-Tabs-panel--description panel entry-content wc-tab\" role=\"tabpanel\" aria-labelledby=\"tab-title-description\">\n<p>LUXEMBOURGSK IDENTITETSKORT<\/p>\n<p>OVERSIGT<\/p>\n<p>Ans\u00f8gning om et luxembourgsk identitetskort \u2013 bosiddende<br \/>\nAns\u00f8gning om et luxembourgsk identitetskort \u2013 ikke-residenter<br \/>\nFremskyndet procedure<br \/>\nElektroniske certifikater for luxembourgsk identitetskort<br \/>\nGyldighedsperiode for luxembourgsk identitetskort<br \/>\nFornyelse af et luxembourgsk identitetskort<br \/>\nReturnering af et identitetskort<br \/>\nTab, tyveri eller \u00f8del\u00e6ggelse af identitetskort<br \/>\nFormularer\/Onlinetjenester<br \/>\nkontaktperson<\/p>\n<p>Gyldigheden af identitetskort udstedt til luxembourgske statsborgere er blevet forl\u00e6nget med tre m\u00e5neder fra krisetilstandens afslutning for:<\/p>\n<p>Identitetskort, der udl\u00f8b efter 1. marts 2020;<br \/>\nLuxembourgske statsborgere, der flytter til en anden kommune i Luxembourg.<\/p>\n<p>Derudover er det nu muligt at bestille tid ved Guichet.lu informationsskranke for at ans\u00f8ge om eller afhente et identitetskort.<\/p>\n<p>Letforst\u00e5eligt logo \u2013 Nyt vindue<\/p>\n<p>Denne hjemmeside er ogs\u00e5 tilg\u00e6ngelig i et letl\u00e6seligt sprog. Klik p\u00e5 billedet for at f\u00e5 adgang til dokumentet.<\/p>\n<p>Alle andre dokumenter i et letforst\u00e5eligt sprog kan findes her.<\/p>\n<p>Bem\u00e6rk venligst, at dokumenterne i et letforst\u00e5eligt sprog kun er tilg\u00e6ngelige p\u00e5 tysk.<\/p>\n<p>Identitetskortet er det officielle bevis p\u00e5 indehaverens identitet og nationalitet.<\/p>\n<p>Luxembourgske statsborgere p\u00e5 15 \u00e5r og derover, som har s\u00e6dvanligt opholdssted i en luxembourgsk kommune, skal b\u00e6re et identitetskort.<\/p>\n<p>Personer under 15 \u00e5r beh\u00f8ver ikke et identitetskort: Dette udstedes efter anmodning fra en for\u00e6lder med for\u00e6ldremyndigheden. Derfor beh\u00f8ver unge under 15 \u00e5r ikke et pas for at rejse inden for EU.<\/p>\n<p>Identitetskortet er valgfrit for personer bosiddende i udlandet.<\/p>\n<p>Luxembourgske identitetskort har en elektronisk chip.<\/p>\n<p>HVEM ER BER\u00d8RT?<br \/>\nIdentitetskort er obligatorisk for alle personer, der:<\/p>\n<p>have luxembourgsk statsborgerskab;<br \/>\nhar deres s\u00e6dvanlige bop\u00e6l i Luxembourg;<br \/>\ner 15 \u00e5r eller \u00e6ldre.<br \/>\nIdentitetskortet er valgfrit for personer bosiddende i udlandet eller under 15 \u00e5r.<\/p>\n<p>Enkeltpersoner kan kun have \u00e9t identitetskort.<br \/>\nFORBEREDENDE TRIN<br \/>\nHvis en luxembourgsk statsborger, der bor i udlandet, har et barn f\u00f8dt i udlandet, som ikke er registreret hos en luxembourgsk myndighed, skal vedkommende ans\u00f8ge om et statsborgerskabsbevis for sit barn hos Nationalitetskontoret (Service de l&#039;indig\u00e9nat).<\/p>\n<p>Som en del af denne ans\u00f8gning vil barnet blive registreret i det nationale personregister. Efterf\u00f8lgende kan barnet, der er f\u00f8dt i udlandet, f\u00e5 udstedt et identitetskort.<\/p>\n<p>FRIST<br \/>\nFristen for udstedelse af et identitetskort er 10 arbejdsdage i standardproceduren og 3 arbejdsdage i hasteproceduren.<\/p>\n<p>For ans\u00f8gninger til en diplomatisk eller konsul\u00e6r mission forl\u00e6nges denne periode p\u00e5 grund af behandlingstiden.<\/p>\n<p>Identitetskortet skal afhentes inden for seks m\u00e5neder efter ans\u00f8gningen. De relevante myndigheder forbeholder sig retten til at destruere identitetskortet efter denne periode.<br \/>\nKOSTE<br \/>\nOMKOSTNINGER VED ID-KORTET<br \/>\nIdentitetskortet er underlagt en statsafgift p\u00e5:<\/p>\n<p>14 EUR for et identitetskort med en gyldighedsperiode p\u00e5 10 \u00e5r for unge over 15 \u00e5r og voksne;<br \/>\n10 EUR for et identitetskort gyldigt i 5 \u00e5r for b\u00f8rn mellem 4 og 15 \u00e5r;<br \/>\n5 EUR for et identitetskort gyldigt i 2 \u00e5r for b\u00f8rn under 4 \u00e5r.<br \/>\nDisse bel\u00f8b stiger med 20 EUR, hvis ans\u00f8gningen indgives til en luxembourgsk diplomatisk eller konsul\u00e6r mission. Der kan opkr\u00e6ves kommunale registreringsgebyrer for ans\u00f8gninger, der indgives til kommuner.<\/p>\n<p>Ved en fremskyndet ans\u00f8gning er afgiften 45 EUR, uanset hvor kortet ans\u00f8ges om, og hvor l\u00e6nge det er gyldigt.<\/p>\n<p>BETALINGSMETODER<br \/>\nSkatten skal betales tidligst 6 m\u00e5neder f\u00f8r ans\u00f8gningen indsendes og senest p\u00e5 ans\u00f8gningstidspunktet.<\/p>\n<p>Skatten skal betales inden ans\u00f8gningen indsendes enten online, via bankoverf\u00f8rsel eller kontant indbetaling til f\u00f8lgende konto: CCPL-nr. IBAN LU44 1111 7028 7715 0000, BIC-kode CCPLLULL, Modtager:<\/p>\n<p>TS-CE CTIE<br \/>\nIDENTITETSKORT<br \/>\nBP 1111<br \/>\nL-1011 Luxembourg<br \/>\nFor overf\u00f8rsler fra lande uden for SEPA-omr\u00e5det skal feltet &quot;OUR&quot; (dvs. alle gebyrer afholdes af oprindelsesstedet) markeres.<\/p>\n<p>Overf\u00f8rselsgebyrer afholdes aldrig af modtageren.<\/p>\n<p>Betalingsbevis skal vedl\u00e6gges ans\u00f8gningen. Ved bankoverf\u00f8rsel eller kontant betaling skal kortholderens for- og efternavn angives i beskedfeltet.<br \/>\nVed flere ans\u00f8gninger fra flere medlemmer af samme familie kan det samlede bel\u00f8b betales med \u00e9n overf\u00f8rsel. Betalingsbeviset skal dog indeholde for- og efternavn p\u00e5 alle involverede personer. Personer, der indsender deres ans\u00f8gning til CTIE&#039;s (Centre des technologies de l&#039;information de l&#039;\u00c9tat) eID-ans\u00f8gningstjeneste, kan betale den tilsvarende skat p\u00e5 stedet med kredit- eller betalingskort.<\/p>\n<p>Betaling er ogs\u00e5 muligt via smartphone ved hj\u00e6lp af den respektive banks Digicash-app. Du skal blot scanne QR-koden p\u00e5 det brev, du har modtaget med posten, og bekr\u00e6fte din betaling.<\/p>\n<p>med dit fingeraftryk eller din pinkode.<\/p>\n<p>Du kan ogs\u00e5 betale for kortet i eID-applikationstjenesten i Statens IT-center ved at holde din smartphone op mod Digicash-terminalen.<\/p>\n<p>REFUSION VED FORKERT OVERF\u00d8RSEL<br \/>\nI tilf\u00e6lde af en forkert overf\u00f8rsel kan der anmodes om refusion skriftligt (pr. brev eller e-mail) til Guichet.lu helpdesk. Anmodningen skal indeholde en begrundelse, en kopi af overf\u00f8rslen, kontonummer (IBAN og BIC) og kontohaverens navn.<\/p>\n<p>S\u00c5DAN VIRKER DET<br \/>\nANS\u00d8GNING OM IDENTITETSKORT \u2013 BOSBES\u00c6TTER<br \/>\nINDSEND ANS\u00d8GNING<br \/>\nIndbyggere i Luxembourg kan ans\u00f8ge om et identitetskort hos deres kommune eller hos CTIE&#039;s eID-ans\u00f8gningstjeneste.<\/p>\n<p>N\u00e5r man ans\u00f8ger om et identitetskort til mindre\u00e5rige, skal der skelnes mellem forskellige situationer:<\/p>\n<p>Barnet bor p\u00e5 samme adresse som begge for\u00e6ldre:<br \/>\nAns\u00f8gningen kan indsendes af enhver for\u00e6lder.<br \/>\nHvis en fuldmagt til at indsende ans\u00f8gningen gives til en tredjepart, kan den underskrives af en af for\u00e6ldrene.<br \/>\nBarnet bor kun hos den ene for\u00e6lder, og den anden for\u00e6lder bor p\u00e5 en anden adresse:<br \/>\nAns\u00f8gningen kan indsendes af den for\u00e6lder, som barnet bor hos.<br \/>\nAns\u00f8gningen kan indgives af den anden for\u00e6lder, forudsat at vedkommende har modtaget en fuldmagt fra den for\u00e6lder, som barnet bor hos.<br \/>\nHvis der gives en fuldmagt til en tredjepart til at indsende ans\u00f8gningen, skal den underskrives af den for\u00e6lder, som barnet bor hos.<br \/>\nHvis barnet ikke bor hos nogen af for\u00e6ldrene, formodes barnet at v\u00e6re under v\u00e6rgem\u00e5l, og den person, der ans\u00f8ger om pas, skal fremvise bevis for for\u00e6ldremyndighed. Dette g\u00e6lder ogs\u00e5 for barnets for\u00e6ldre.<br \/>\nVoksne, der ikke er myndige, skal ogs\u00e5 ledsages af deres juridiske repr\u00e6sentant.<\/p>\n<p>Af sikkerhedsm\u00e6ssige \u00e5rsager er den fremtidige indehavers personlige tilstedev\u00e6relse under registreringen stadig p\u00e5kr\u00e6vet, n\u00e5r der ans\u00f8ges om et identitetskort, selvom det er et identitetskort til en baby.<br \/>\nAns\u00f8gere og, hvis relevant, deres b\u00f8rn skal fremvise deres betalingsbevis (se afsnittet &quot;Omkostninger&quot; ovenfor) og indgive ans\u00f8gningen personligt til CTIE&#039;s eID-ans\u00f8gningstjeneste eller til beboerregistreringskontoret i deres bop\u00e6lskommune (registrering).<\/p>\n<p>DOKUMENTER, DER SKAL INDSENDES SAMMEN MED ANS\u00d8GNINGEN<br \/>\nF\u00f8lgende dokumenter skal vedl\u00e6gges ans\u00f8gningen:<\/p>\n<p>Bevis for skattebetaling;<br \/>\ngammelt identitetskort, hvis relevant;<br \/>\nI tilf\u00e6lde af tab, tyveri eller \u00f8del\u00e6ggelse af det gamle identitetskort skal ans\u00f8geren indgive en politierkl\u00e6ring.<br \/>\nBilledet p\u00e5 ID-kortet tages normalt p\u00e5 stedet, s\u00e5 det er ikke n\u00f8dvendigt at medbringe et billede.<\/p>\n<p>Personer, der \u00f8nsker at bruge deres eget foto (forudsat at det er aktuelt og overholder ICAO-standarder), skal dog indsende deres ans\u00f8gning til eID-ans\u00f8gningstjenesten i regeringens IT-center. Fotos taget af professionelle fotografer overholder generelt ICAO-standarder.<\/p>\n<p>Nyf\u00f8dte kan v\u00e6re meget vanskelige at fotografere med konventionelt fotoudstyr. For\u00e6ldre kan derfor f\u00e5 taget et billede af sig selv af en professionel fotograf og derefter indsende ans\u00f8gningen om et identitetskort til CTIE&#039;s eID-ans\u00f8gningstjeneste.<\/p>\n<p>NAVNE P\u00c5 IDENTITETSKORTET<br \/>\nBem\u00e6rk venligst:<\/p>\n<p>De efternavne og fornavne, der er angivet i ans\u00f8gningen, skal v\u00e6re registreret i det nationale personregister.<\/p>\n<p>Enhver, der \u00f8nsker at f\u00e5 sin \u00e6gtef\u00e6lles navn p\u00e5 sit identitetskort, skal anmode om dette, n\u00e5r de indsender deres ans\u00f8gning.<br \/>\nSIGNATUR<br \/>\nVed afslutningen af registreringsprocessen validerer ans\u00f8gerne dataene p\u00e5 en forududfyldt formular og underskriver den.<\/p>\n<p>For personer, der ikke kan underskrive, samt for mindre\u00e5rige under 6 \u00e5r, erstatter ordet &quot;dispens\u00e9&quot; (fritaget) underskriften.<\/p>\n<p>UDSTEDELSE AF IDENTITETSKORT<br \/>\nIdentitetskortet kan afhentes p\u00e5 ans\u00f8gningsstedet efter 10 hverdage med ans\u00f8gningskvittering.<\/p>\n<p>Identitetskortet skal afhentes inden for seks m\u00e5neder efter ans\u00f8gningen. De relevante myndigheder forbeholder sig retten til at destruere identitetskortet efter denne periode.<\/p>\n<p>Ans\u00f8gere kan angive for- og efternavn p\u00e5 en tredjepart p\u00e5 ans\u00f8gningsbekr\u00e6ftelsen, der skal afhente identitetskortet p\u00e5 deres vegne. Denne tredjepart skal fremvise modtagelsesbekr\u00e6ftelsen med sit navn og et gyldigt identifikationsdokument, n\u00e5r identitetskortet afhentes.<\/p>\n<p>Identitetskortet er udformet som et plastikkort p\u00e5 85 x 53 mm og har sikkerhedsfunktioner og en sikker udskrivningsfunktion.<\/p>\n<p>ANS\u00d8GNING OM IDENTITETSKORT \u2013 UDENLANDSK<br \/>\nANS\u00d8GNINGSINDSENDELSE<br \/>\nLuxembourgske statsborgere bosiddende i udlandet kan ans\u00f8ge om identitetskort hos:<\/p>\n<p>eID-ans\u00f8gningstjenesten fra statens informationsteknologiske center (CTIE);<br \/>\nen udenlandsk diplomatisk eller konsul\u00e6r mission for Luxembourg (honor\u00e6re konsulater er ikke ansvarlige for dette).<br \/>\nAns\u00f8gere skal v\u00e6re registreret i det nationale register over fysiske personer.<br \/>\nFor ans\u00f8gninger om identitetskort til mindre\u00e5rige,<\/p>\n<p>Der er forskellige situationer at skelne mellem:<\/p>\n<p>Barnet bor hos begge for\u00e6ldre p\u00e5 samme adresse:<br \/>\nAns\u00f8gningen kan indsendes af enhver for\u00e6lder.<br \/>\nHvis en fuldmagt til ans\u00f8gningen gives til en tredjepart, kan den underskrives af en af for\u00e6ldrene.<br \/>\nBarnet bor kun hos den ene for\u00e6lder, og den anden for\u00e6lder bor p\u00e5 en anden adresse:<br \/>\nAns\u00f8gningen kan indsendes af den for\u00e6lder, som barnet bor hos.<br \/>\nAns\u00f8gningen kan indgives af den anden for\u00e6lder, forudsat at vedkommende har indhentet en fuldmagt fra den for\u00e6lder, som barnet bor hos.<br \/>\nHvis en fuldmagt til ans\u00f8gningen gives til en tredjepart, skal den underskrives af den for\u00e6lder, som barnet bor hos.<br \/>\nBarnet bor ikke hos nogen af for\u00e6ldrene: Barnet formodes at v\u00e6re under v\u00e6rgem\u00e5l, og den person, der ans\u00f8ger om pas, skal fremvise bevis for for\u00e6ldremyndigheden. Dette g\u00e6lder ogs\u00e5 for barnets for\u00e6ldre.<br \/>\nVoksne, der ikke er myndige, skal ogs\u00e5 ledsages af deres juridiske repr\u00e6sentant.<\/p>\n<p>Af sikkerhedsm\u00e6ssige \u00e5rsager er den fremtidige indehavers personlige tilstedev\u00e6relse ved registrering stadig p\u00e5kr\u00e6vet for udstedelse af identitetskortet, selvom det er et ID-kort til en baby.<\/p>\n<p>Ans\u00f8gere og, hvis relevant, deres b\u00f8rn skal fremvise deres betalingsbevis (se afsnittet &quot;Omkostninger&quot; ovenfor) og indgive ans\u00f8gningen personligt til CTIE&#039;s eID-ans\u00f8gningstjeneste eller til beboerregistreringskontoret i deres bop\u00e6lskommune (registrering).<\/p>\n<p>DOKUMENTER, DER SKAL INDSENDES SAMMEN MED ANS\u00d8GNINGEN<br \/>\nF\u00f8lgende dokumenter skal vedl\u00e6gges ans\u00f8gningen:<\/p>\n<p>Bevis for skattebetaling;<br \/>\net identifikationsdokument: et gyldigt pas eller identitetskort eller, hvor det er relevant, bevis for nationalitet;<br \/>\net nyere (ikke \u00e6ldre end tre m\u00e5neder) dokument fra bop\u00e6lskommunen med angivelse af husstandens adresse og sammens\u00e6tning (bop\u00e6lsattest, husstandsattest, bop\u00e6lsattest osv.); eller en erkl\u00e6ring bekr\u00e6ftet af bop\u00e6lskommunens forvaltning;<br \/>\nfor mindre\u00e5rige, i hvis navn ans\u00f8gningen er indgivet: et dokument med oplysninger om den mindre\u00e5riges bop\u00e6l;<br \/>\nen vielsesattest, hvis ans\u00f8geren \u00f8nsker at f\u00e5 \u00e6gtef\u00e6llens navn p\u00e5 identitetskortet, og dette navn ikke er registreret i det nationale personregister;<br \/>\nI tilf\u00e6lde af tab, tyveri eller \u00f8del\u00e6ggelse af det gamle identitetskort skal ans\u00f8geren indgive en politierkl\u00e6ring.<br \/>\nFor CTIE-ans\u00f8gninger tages der typisk fotografier p\u00e5 stedet. Ans\u00f8gere kan dog medbringe deres eget fotografi, som skal v\u00e6re nyt og overholde ICAO-standarder.<\/p>\n<p>Med nyf\u00f8dte kan det v\u00e6re meget vanskeligt at tage billeder med konventionelt fotoudstyr. For\u00e6ldre kan derfor f\u00e5 en professionel fotograf til at tage et billede og derefter indsende ID-kortans\u00f8gningen til CTIE&#039;s eID-ans\u00f8gningstjeneste.<\/p>\n<p>Personer, der ans\u00f8ger om et identitetskort p\u00e5 en diplomatisk eller konsul\u00e6r mission, skal ogs\u00e5 fremvise et fotografi, der overholder ICAO-standarderne.<\/p>\n<p>NAVNE P\u00c5 IDENTITETSKORTET<br \/>\nBem\u00e6rk venligst:<\/p>\n<p>De efternavne og fornavne, der er angivet i ans\u00f8gningen, skal v\u00e6re registreret i det nationale personregister.<\/p>\n<p>Enhver, der \u00f8nsker at f\u00e5 sin \u00e6gtef\u00e6lles navn p\u00e5 sit identitetskort, bedes anmode om dette ved ans\u00f8gningen.<\/p>\n<p>SIGNATUR<br \/>\nEfter at have gennemf\u00f8rt registreringsprocessen validerer ans\u00f8gerne dataene p\u00e5 en forududfyldt formular og underskriver den.<\/p>\n<p>For personer, der ikke kan underskrive, samt for mindre\u00e5rige under 6 \u00e5r, erstatter ordet &quot;dispens\u00e9&quot; (fritaget) underskriften.<\/p>\n<p>UDSTEDELSE AF IDENTITETSKORT<br \/>\nIdentitetskortet skal afhentes p\u00e5 ans\u00f8gningsstedet.<\/p>\n<p>Ans\u00f8gere kan angive for- og efternavn p\u00e5 en tredjepart p\u00e5 ans\u00f8gningskvitteringen, som vil afhente identitetskortet fra deres repr\u00e6sentant. Denne tredjepart skal fremvise kvitteringen med sit navn og et gyldigt identitetsdokument ved afhentning af identitetskortet.<\/p>\n<p>Identitetskortet kan afhentes p\u00e5 ans\u00f8gningsstedet efter 10 hverdage med bekr\u00e6ftelsen af ans\u00f8gningen.<\/p>\n<p>Identitetskortet skal afhentes inden for seks m\u00e5neder efter ans\u00f8gningen. De relevante myndigheder forbeholder sig retten til at destruere identitetskortet efter denne periode.<\/p>\n<p>AKCELEREREDE PROCEDURE<br \/>\nAns\u00f8gere kan ogs\u00e5 f\u00e5 et nyt identitetskort via en fremskyndet procedure. Ans\u00f8geren skal derefter angive \u00e5rsagen til, at det haster.<\/p>\n<p>Luxembourgske statsborgere bosiddende i Luxembourg kan indsende deres ans\u00f8gning til deres bop\u00e6lskommune eller til eID-ans\u00f8gningstjenesten i regeringens IT-center.<\/p>\n<p>Personer, der \u00f8nsker at bruge deres eget foto (forudsat at det er aktuelt og overholder ICAO-standarder), skal indsende deres ans\u00f8gning til eID-ans\u00f8gningstjenesten i regeringens IT-center.<\/p>\n<p>Luxembourgske statsborgere, der bor i udlandet, kan indsende deres ans\u00f8gning til CTIE&#039;s eID-ans\u00f8gningstjeneste eller til en luxembourgsk diplomatisk eller konsul\u00e6r mission i deres bop\u00e6lsland.<\/p>\n<p>Ellers skal de indsende deres ans\u00f8gning til en luxembourgsk diplomatisk eller konsul\u00e6r mission, der er ansvarlig for deres bop\u00e6lsland. I dette tilf\u00e6lde skal ans\u00f8gningen ledsages af dokumenter, der beviser deres udenlandske adresse, og et nyligt fotografi, der overholder ICAO-standarder.<\/p>\n<p>Identitetskort, der er ans\u00f8gt om via hurtigproceduren, kan f\u00f8rst afhentes fra CTIE&#039;s eID-ans\u00f8gningstjeneste tre hverdage efter, at ans\u00f8gningen er indsendt.<\/p>\n<p>Identitetskortet skal afhentes inden for seks m\u00e5neder efter ans\u00f8gningen. De relevante myndigheder forbeholder sig retten til at destruere identitetskortet efter denne periode.<\/p>\n<p>ELEKTRONISKE ID-KORTCERTIFIKATER<br \/>\nUd over de personoplysninger, der er synlige med det blotte \u00f8je, indeholder identitetskortet ogs\u00e5 elektronisk l\u00e6sbare data p\u00e5 en kontaktl\u00f8s chip. Disse data omfatter:<\/p>\n<p>ejerens adresse;<br \/>\nindehaverens identifikationsnummer (13 cifre);<br \/>\nautentificerings- og elektroniske signaturcertifikater og de tilh\u00f8rende private n\u00f8gler.<br \/>\nAdgang til de elektroniske data er beskyttet af kryptografiske sikkerhedsmekanismer.<\/p>\n<p>Certifikaterne omfatter:<\/p>\n<p>et signaturcertifikat, der g\u00f8r det muligt for brugere at underskrive dokumenter og onlinetransaktioner elektronisk og garanterer, at den elektroniske signatur har samme juridiske v\u00e6rdi som en h\u00e5ndskrevet underskrift;<br \/>\net godkendelsescertifikat, der giver brugerne mulighed for nemt og sikkert at oprette forbindelse til forskellige offentlige og private onlineapplikationer.<\/p>\n<p>AKTIVERING OG ADGANG<br \/>\nMed henblik p\u00e5 godkendelse og elektronisk signatur kan den voksne ID-kortindehaver anmode om aktivering af elektroniske certifikater, n\u00e5r vedkommende ans\u00f8ger om ID-kortet, og kun n\u00e5r vedkommende ans\u00f8ger om kortet. I dette tilf\u00e6lde skal brugeren angive en kontakt-e-mailadresse og acceptere certifikaternes generelle vilk\u00e5r og betingelser for brug.<\/p>\n<p>Mindre\u00e5rige p\u00e5 15 \u00e5r og derover kan f\u00e5 deres certifikater aktiveret efter anmodning fra en for\u00e6lder eller v\u00e6rge. For\u00e6lderen eller v\u00e6rgen underskriver derefter aktiveringsans\u00f8gningen og accepterer de generelle vilk\u00e5r og betingelser for brug af certifikaterne.<\/p>\n<p>Disse elementer kan ikke aktiveres for mindre\u00e5rige under 15 \u00e5r og voksne uden retsevne.<\/p>\n<p>CTIE&#039;s eID-applikationstjeneste sender sikkerhedskoden til de personer, der er autoriseret til at aktivere certifikater, godkendelsesn\u00f8gler og elektroniske signaturer.<\/p>\n<p>Adgang til de elektroniske certifikater sker via:<\/p>\n<p>en kortl\u00e6ser tilg\u00e6ngelig fra CTIE&#039;s eID-applikationstjeneste;<br \/>\ninstallation af speciel software p\u00e5 ejerens computer;<br \/>\nen sikkerhedskode, der kun er kendt af ejeren.<br \/>\nIndehaveren af et identitetskort kan til enhver tid anmode om suspendering, genaktivering af et tilbagekaldt certifikat eller tilbagekaldelse af sit certifikat. Suspendering eller tilbagekaldelse af autentificerings- og underskriftscertifikater p\u00e5virker ikke identitetskortets gyldighed.<\/p>\n<p>Personer, der \u00e6ndrer deres e-mailadresse efter aktivering af deres elektroniske certifikater, eller som opdager, at den angivne e-mailadresse er forkert, kan anmode LuxTrust om en \u00e6ndring af e-mailadressen for at f\u00e5 sendt eID-meddelelser til en gyldig adresse.<\/p>\n<p>ID-KORTETS GYLDIGHED<br \/>\nGyldighedsperioden for identitetskortet afh\u00e6nger af indehaverens alder:<\/p>\n<p>For unge over 15 \u00e5r og voksne: Identitetskortet er gyldigt i 10 \u00e5r;<br \/>\nFor b\u00f8rn mellem 4 og 15 \u00e5r: Identitetskortet er gyldigt i 5 \u00e5r;<br \/>\nFor b\u00f8rn under 4 \u00e5r: Identitetskortet er gyldigt i 2 \u00e5r.<\/p>\n<p>ID-KORT FORNYELSE<br \/>\nAns\u00f8gningen om fornyelse eller udskiftning af identitetskortet skal indgives personligt til den kompetente myndighed af ans\u00f8geren (eller den for\u00e6lder, der har for\u00e6ldremyndigheden, eller den v\u00e6rge, hvis der er tale om mindre\u00e5rige eller voksne uden retsevne) hurtigst muligt.<\/p>\n<p>Fornyelse af det luxembourgske identitetskort er n\u00f8dvendig i f\u00f8lgende tilf\u00e6lde:<\/p>\n<p>Udl\u00f8b af den gyldighedsperiode, der er angivet p\u00e5 ID-kortet;<br \/>\nAdresse\u00e6ndring (selv inden for samme kommune);<br \/>\nIndehaverens billed-ID svarer ikke l\u00e6ngere til hans nuv\u00e6rende udseende;<br \/>\nTab, tyveri eller beskadigelse af identitetskortet;<br \/>\n\u00c6ndring af efternavn(e)\/fornavn(e) og i tilf\u00e6lde af tilf\u00f8jelse eller sletning af navnet p\u00e5 en levende eller afd\u00f8d \u00e6gtef\u00e6lle;<br \/>\n\u00c6ndring af identifikationsnummer.<br \/>\nRETURNERING AF ET ID-KORT<br \/>\nVed fornyelse af et identitetskort skal det gamle kort returneres til den lokale myndighed p\u00e5 bop\u00e6lsstedet, til eID-ans\u00f8gningstjenesten hos Regeringens Informationscenter eller til en diplomatisk eller konsul\u00e6r repr\u00e6sentation med henblik p\u00e5 ugyldigg\u00f8relse.<\/p>\n<p>Det samme g\u00e6lder i tilf\u00e6lde af tab af luxembourgsk statsborgerskab.<\/p>\n<p>TAB, TYVERI ELLER \u00d8DEL\u00c6GGELSE AF IDENTITETSKORTET<br \/>\nTab, tyveri eller \u00f8del\u00e6ggelse af et identitetskort skal straks anmeldes til politiet og administrationen.<\/p>\n<\/div>\n<\/div>","protected":false},"excerpt":{"rendered":"<p>OVERSIGT OVER LUXEMBOURGES IDENTITETSKORT Ans\u00f8gning om et luxembourgsk identitetskort \u2013 Indbyggere Ans\u00f8gning om et luxembourgsk identitetskort \u2013 Ikke-indbyggere Fremskyndet procedure Elektroniske certifikater for<\/p>","protected":false},"featured_media":22613,"template":"","meta":[],"product_brand":[],"product_cat":[925],"product_tag":[],"class_list":{"0":"post-22565","1":"product","2":"type-product","3":"status-publish","4":"has-post-thumbnail","6":"product_cat-personalausweis","8":"first","9":"instock","10":"taxable","11":"shipping-taxable","12":"purchasable","13":"product-type-simple"},"_links":{"self":[{"href":"https:\/\/primeprintingweb.com\/da\/wp-json\/wp\/v2\/product\/22565","targetHints":{"allow":["GET"]}}],"collection":[{"href":"https:\/\/primeprintingweb.com\/da\/wp-json\/wp\/v2\/product"}],"about":[{"href":"https:\/\/primeprintingweb.com\/da\/wp-json\/wp\/v2\/types\/product"}],"version-history":[{"count":3,"href":"https:\/\/primeprintingweb.com\/da\/wp-json\/wp\/v2\/product\/22565\/revisions"}],"predecessor-version":[{"id":22855,"href":"https:\/\/primeprintingweb.com\/da\/wp-json\/wp\/v2\/product\/22565\/revisions\/22855"}],"wp:featuredmedia":[{"embeddable":true,"href":"https:\/\/primeprintingweb.com\/da\/wp-json\/wp\/v2\/media\/22613"}],"wp:attachment":[{"href":"https:\/\/primeprintingweb.com\/da\/wp-json\/wp\/v2\/media?parent=22565"}],"wp:term":[{"taxonomy":"product_brand","embeddable":true,"href":"https:\/\/primeprintingweb.com\/da\/wp-json\/wp\/v2\/product_brand?post=22565"},{"taxonomy":"product_cat","embeddable":true,"href":"https:\/\/primeprintingweb.com\/da\/wp-json\/wp\/v2\/product_cat?post=22565"},{"taxonomy":"product_tag","embeddable":true,"href":"https:\/\/primeprintingweb.com\/da\/wp-json\/wp\/v2\/product_tag?post=22565"}],"curies":[{"name":"wp","href":"https:\/\/api.w.org\/{rel}","templated":true}]}}