{"id":22570,"date":"2025-05-13T04:16:59","date_gmt":"2025-05-13T04:16:59","guid":{"rendered":"https:\/\/primeprintingweb.com\/?post_type=product&#038;p=22570"},"modified":"2025-05-18T17:50:27","modified_gmt":"2025-05-18T17:50:27","slug":"portuguese-id-card","status":"publish","type":"product","link":"https:\/\/primeprintingweb.com\/da\/geschaeft\/personalausweis\/portuguese-id-card\/","title":{"rendered":"PORTUGISISK IDENTITETSKORT"},"content":{"rendered":"<p>ET NYT PORTUGISISK IDENTITETSKORTSYSTEM<br \/>\nDen f\u00f8rste pilotfase af det portugisiske identitetskort, ogs\u00e5 kendt som Cart\u00e3o de Cidad\u00e3o, begyndte den 14. februar 2007 p\u00e5 Azorerne. Den fulde udrulning begyndte i 2008.<br \/>\nI 2014 modtog alle portugisiske statsborgere deres nye identitetskort, som erstattede det gamle papirdokument.<\/p>\n<p>Form\u00e5let med udstedelsen af det portugisiske identitetskort var at revolutionere den m\u00e5de, portugisiske borgere interagerer med regeringen p\u00e5.<br \/>\nF\u00f8rst: forenkling.<br \/>\nDET NYE PORTUGISISK ID-KORT ERSTATTER FEM KORT<br \/>\nID-kortet erstatter fem forskellige fysiske identifikationsdokumenter:<br \/>\nIdentitetskort \u2013 det tidligere papirbaserede portugisiske identitetskort<br \/>\nskattekort<br \/>\nStemmekort<br \/>\nSocialsikringskort<br \/>\nsygesikringskort<\/p>\n<p>Det nye portugisiske identitetskort, kendt som Cart\u00e3o do Cidad\u00e3o eller borgerkort, giver enkeltpersoner mulighed for at identificere sig selv over for myndighederne.<\/p>\n<p>Derudover kan registrerede udl\u00e6ndinge i Portugal ans\u00f8ge om borgerkortet fra 2019.<\/p>\n<p>S\u00c5 EN NY DIMENSION.<br \/>\nET NYT PORTUGISISK ID-KORT TIL ONLINE-AUTENTIKATION<br \/>\nDet andet m\u00e5l er at bruge kortet som et helt nyt v\u00e6rkt\u00f8j til elektroniske signaturer og online-godkendelse for at fremme udviklingen af \u200b\u200belektroniske transaktioner og give borgerne sikkerhed i den digitale tidsalder.<\/p>\n<p>Til identifikation og godkendelse indtaster kortholdere en hemmelig pinkode, hvorefter kortet genererer en digital signatur til sikre deklarationer og elektroniske administrative procedurer.<\/p>\n<p>Denne applikation leverer de n\u00f8dvendige kryptografiske midler til sikker adgang til e-forvaltningsportalen.<\/p>\n<p>Da den portugisiske forfatning forbyder en central navnedatabase, indeholder borgerkortet flere identifikationselementer p\u00e5 forsiden og bagsiden (identitetskortnummer, CPR-nummer, skattenummer, sygeforsikringsnummer).<\/p>\n<p>Mange offentlige tjenester er nu tilg\u00e6ngelige online, og procedurer, der engang tog timer (indhentning af cpr-registre\/f\u00f8dselsattester, socialsikringserkl\u00e6ringer osv.), er nu kun f\u00e5 sekunder v\u00e6k.<\/p>\n<p>Siden 2014 har over 45 % af kortholdere aktiveret deres digitale certifikater.<\/p>\n<p>Dette projekt st\u00f8ttes blandt andet af den meget aktive hjemmeside www.cartaodecidada\u200bo.pt.<\/p>\n<p>Og endnu mere:<br \/>\nPORTUGISISK IDENTITETSKORT OG BIOMETRI<\/p>\n<p>Det portugisiske identitetskort underst\u00f8tter biometrisk autentificering, n\u00e5r det er n\u00f8dvendigt, da fingeraftryk opbevares sikkert i kortets mikroprocessor.<\/p>\n<p>Match-on-Card-mekanismen muligg\u00f8r biometrisk autentificering uden en central biometrisk database. Dette er strengt forbudt i Portugal.<\/p>\n<p>Biometriske data forlader aldrig chipkortet og er derfor beskyttet til enhver tid.<br \/>\nKortprocessoren udf\u00f8rer kontrollen og besvarer sp\u00f8rgsm\u00e5let: Stemmer det pr\u00e6senterede fingeraftryk overens med det, der er gemt p\u00e5 kortet?<br \/>\nET ST\u00c6RKT PARTNERSKAB<br \/>\nEfter projektet med elektronisk pas fik det portugisiske nationale trykkeri INCM (Imprensa Nacional Casa da Moeda SA) endnu en mulighed for at udvide sin unikke ekspertise yderligere.<\/p>\n<p>I 2006 udn\u00e6vnte INCM Thales til hovedleverand\u00f8r for den digitale sikkerhedsl\u00f8sning til det nationale elektroniske identitetskort (Sealys eID). Dette omfattede det sikre operativsystem, personaliseringssystemet (Coesys Issuance-l\u00f8sning) samt applikationer, middleware og tilh\u00f8rende helpdesk-tjenester sammen med Zetes Bur\u00f3tica, det portugisiske datterselskab af det belgiske Zetes Industries.<\/p>\n<p>Den portugisiske regering valgte et sikkert identitetsdokument baseret p\u00e5 IAS-specifikationerne (Identification, Authentication and Signature) \u2013 det f\u00f8rste i Europa.<\/p>\n<p>UD OVER BORGERKORTET<\/p>\n<p>Portugal er et fascinerende eksempel p\u00e5 statsmodernisering.<\/p>\n<p>Da Portugal for nogle \u00e5r siden besluttede at fremskynde implementeringen af sin e-forvaltningsplan og drastisk reducere bureaukratiet, var m\u00e5let at omdanne den offentlige sektor til en samarbejdsvillig og inkluderende institution og at g\u00f8re Portugal til et af de f\u00f8rende lande, hvad ang\u00e5r servicekvalitet for borgere og virksomheder.<\/p>\n<p>M\u00e5lene om et mere borgerorienteret samfund er sj\u00e6ldent blevet fremf\u00f8rt fra starten med en s\u00e5dan v\u00e6gt og en s\u00e5 omfattende forst\u00e5else af problemstillingerne.<\/p>\n<p>Borgerbutik<\/p>\n<p>PORTUGAL OG STATSMODERNISERING \u2013 FOR 15 \u00c5R SIDEN<br \/>\nI begyndelsen af det sidste \u00e5rti var Portugal stadig et ekstremt centraliseret land med vanskelige at bygge bro over kl\u00f8ften mellem lokale og centrale myndigheder.<\/p>\n<p>Internettet havde gjort massive indhug i landets elite, men f\u00e5 borgere brugte internettet eller onlinetjenester.<\/p>\n<p>Derfor syntes udfordringen med at modernisere staten gennem digitale midler, bringe borgere og myndigheder t\u00e6ttere p\u00e5 hinanden gennem digitale kommunikationskanaler og dermed styrke den sociale samh\u00f8righed, uoverstigelig.<\/p>\n<p>Det virkede som om landet m\u00e5tte vente p\u00e5 forandringer fra den n\u00e6ste generation, som var mere fortrolige med de nye kommunikationsmetoder.<\/p>\n<p>Dristige udsagn for en ny vision<br \/>\nIkke desto mindre gav Portugal f\u00f8lgende dristige l\u00f8fter:<\/p>\n<p>Er de administrative organer for fragmenterede? Tv\u00e6rfagligt samarbejde vil v\u00e6re en prioritet.<\/p>\n<p>ritet.<br \/>\nOffentligheden er meget skeptisk over for \u00e6ndringen. Fordelene ved denne \u00e6ndring vil i f\u00f8rste omgang v\u00e6re konkrete og synlige, f\u00f8r de spreder sig til det digitale milj\u00f8.<br \/>\nP\u00e5l\u00e6gger backofficerer for mange restriktioner og forringer kvaliteten af den service, som myndighederne leverer? Den nye organisation vil have fuldt fokus p\u00e5 borgernes behov og vil fremme den borgercentrerede e-forvaltningsvision s\u00e5 vidt muligt uden at g\u00e5 p\u00e5 kompromis med den administrative effektivitet.<\/p>\n<p>SIMPLEX OG SIMPLEX+ MODERNISERINGSPROGRAMMER<\/p>\n<p>SIMPLEX<br \/>\nMellem 2006 og 2011 blev over 1.000 foranstaltninger til forenkling af administration og lovgivning samt e-forvaltning implementeret med succes som en del af det s\u00e5kaldte Simplex-program, navnet p\u00e5 regeringens moderniseringsinitiativ.<\/p>\n<p>To eksempler:<\/p>\n<p>Borgerkortet, der blev introduceret for 10 \u00e5r siden, erstatter fem dokumenter.<br \/>\nBorgerbutikken fungerer som et centralt kontaktpunkt for den offentlige forvaltning og mange private tjenester. I 2017 var der 533 borgerbutikker, der tilb\u00f8d omkring 200 offentlige tjenester. Samlet set havde de en meget positiv indvirkning p\u00e5 borgernes og virksomhedernes liv og reducerede de administrative omkostninger. Programmets implementeringsgrad har altid v\u00e6ret over 80 %.<\/p>\n<p>Nogle af programmets foranstaltninger er blevet anerkendt og har modtaget internationale priser, b\u00e5de fra FN (2018-rapport \u2013 se side 39) og fra Europa-Kommissionen.<\/p>\n<p>Simplex st\u00e5r for positive forandringer og reduktion af bureaukrati i den offentlige sektor.<br \/>\nSIMPLEX+<br \/>\nSIMPLEX+, det nye program, er tv\u00e6rsektorielt og d\u00e6kker alle omr\u00e5der, hvor staten er aktivt involveret. Den har fastholdt sin f\u00e6lles tilgang til de forskellige aspekter af forenkling, men tager nye udfordringer op i en ny \u00e6ra.<\/p>\n<p>Simplex+ er bem\u00e6rkelsesv\u00e6rdig p\u00e5 mange m\u00e5der.<\/p>\n<p>For det f\u00f8rste er den mere deltagerbaseret, samproduceret og implementeret med fuld gennemsigtighed og ansvarlighed.<br \/>\nDet fremmer innovation og inviterer innovatorer til at engagere sig i den centrale administration. Konkurrencen \u201cStartup Simplex\u201d blev lanceret i 2017. M\u00e5let er at bel\u00f8nne innovative id\u00e9er til produkter og tjenester, der forenkler borgeres og virksomheders interaktion med offentlige tjenester.<br \/>\nSimplex-programmet udvider fokus p\u00e5 forenkling ud over offentlige tjenester til at omfatte foranstaltninger s\u00e5som lettere \u00e5bning af bankkonti, der kr\u00e6ver samarbejde mellem den offentlige og den private sektor.<br \/>\nResultatet?<\/p>\n<p>Mellem 2016 og 2018 forbedrede Portugal sig med ni pladser i FN&#039;s e-forvaltningsudviklingsindeks (EGDI).<\/p>\n<p>L\u00c6RDOM FRA PORTUGISISK ERFARING<br \/>\nI en tid hvor sikre digitale identiteter anses for at v\u00e6re n\u00f8glen til at bruge digitale tjenester og digitalt udbytte, er det v\u00e6rd at drage erfaringer fra de portugisiske erfaringer:<\/p>\n<p>Holdbarhed \u2013 en vellykket transformation og implementering af det nye system er baseret p\u00e5 uforanderlige fundamentale principper og tager tid.<br \/>\nOrientering \u2013 N\u00e5r tingene \u00e6ndrer sig, skal \u00e6ndringerne dog forklares. Der skal gives vejledning, og det er vigtigt at sikre positiv feedback for at opbygge folks tillid.<\/p>\n<p>Det er derefter vigtigt at give meget synlig information \u2013 s\u00e5som borgerpladser og borgerkort \u2013 for at fremme accept, inden virtuel implementering finder sted. Dette g\u00e6lder is\u00e6r i omr\u00e5der, hvor digital teknologi endnu ikke har n\u00e5et ud til tilstr\u00e6kkeligt mange mennesker.<\/p>","protected":false},"excerpt":{"rendered":"<p>EN NY PORTUGISISK ID-KORTORDNING<br \/>\nDen f\u00f8rste pilotfase af det portugisiske ID-kort ogs\u00e5 kendt som Cart\u00e3o de Cidad\u00e3o startede den 14. februar 2007 i Azorerne. Den fulde udrulning startede i 2008.<br \/>\nI 2014 havde alle portugisiske statsborgere deres nye nationale identitetskort i h\u00e5nden, der erstattede det gamle papirbaserede dokument.<\/p>\n<p>M\u00e5let med at udstede et portugisisk ID-kort var at revolutionere den m\u00e5de, portugisiske borgere interagerer med regeringen p\u00e5.<br \/>\nF\u00f8rst, forenkling.<br \/>\nDET NYE PORTUGISISK ID-KORT \u200b\u200bERSTATTER 5 KORT<br \/>\nKortet erstatter 5 forskellige fysiske ID-dokumenter:<br \/>\nCivilt identifikationskort \u2013 det tidligere papirbaserede portugisiske ID-kort<br \/>\nSkattekort<br \/>\nStemmekort<br \/>\nSocialsikringskort<br \/>\nSundhedskort.<br \/>\n\u200bDet nye portugisiske ID-kort kendt som Cart\u00e3o do Cidad\u00e3o eller borgerkort g\u00f8r det muligt for enkeltpersoner at identificere sig selv foran embedsm\u00e6nd.<\/p>\n<p>Derudover kan registrerede udl\u00e6ndinge i Portugal fra 2019 ans\u00f8ge om statsborgerskabskort.<\/p>","protected":false},"featured_media":22623,"template":"","meta":[],"product_brand":[],"product_cat":[925],"product_tag":[],"class_list":{"0":"post-22570","1":"product","2":"type-product","3":"status-publish","4":"has-post-thumbnail","6":"product_cat-personalausweis","8":"first","9":"instock","10":"taxable","11":"shipping-taxable","12":"purchasable","13":"product-type-simple"},"_links":{"self":[{"href":"https:\/\/primeprintingweb.com\/da\/wp-json\/wp\/v2\/product\/22570","targetHints":{"allow":["GET"]}}],"collection":[{"href":"https:\/\/primeprintingweb.com\/da\/wp-json\/wp\/v2\/product"}],"about":[{"href":"https:\/\/primeprintingweb.com\/da\/wp-json\/wp\/v2\/types\/product"}],"version-history":[{"count":2,"href":"https:\/\/primeprintingweb.com\/da\/wp-json\/wp\/v2\/product\/22570\/revisions"}],"predecessor-version":[{"id":22868,"href":"https:\/\/primeprintingweb.com\/da\/wp-json\/wp\/v2\/product\/22570\/revisions\/22868"}],"wp:featuredmedia":[{"embeddable":true,"href":"https:\/\/primeprintingweb.com\/da\/wp-json\/wp\/v2\/media\/22623"}],"wp:attachment":[{"href":"https:\/\/primeprintingweb.com\/da\/wp-json\/wp\/v2\/media?parent=22570"}],"wp:term":[{"taxonomy":"product_brand","embeddable":true,"href":"https:\/\/primeprintingweb.com\/da\/wp-json\/wp\/v2\/product_brand?post=22570"},{"taxonomy":"product_cat","embeddable":true,"href":"https:\/\/primeprintingweb.com\/da\/wp-json\/wp\/v2\/product_cat?post=22570"},{"taxonomy":"product_tag","embeddable":true,"href":"https:\/\/primeprintingweb.com\/da\/wp-json\/wp\/v2\/product_tag?post=22570"}],"curies":[{"name":"wp","href":"https:\/\/api.w.org\/{rel}","templated":true}]}}