{"id":22648,"date":"2025-05-13T04:17:25","date_gmt":"2025-05-13T04:17:25","guid":{"rendered":"https:\/\/primeprintingweb.com\/?post_type=product&#038;p=22648"},"modified":"2025-05-18T16:53:43","modified_gmt":"2025-05-18T16:53:43","slug":"swedish-drivers-license","status":"publish","type":"product","link":"https:\/\/primeprintingweb.com\/da\/geschaeft\/fuehrerschein\/swedish-drivers-license\/","title":{"rendered":"SVENSK K\u00d8REKORT"},"content":{"rendered":"<p>TRIN-FOR-TRIN GUIDE TIL DET SVENSKE K\u00d8REKORT<\/p>\n<p>Der er mange grunde til at g\u00f8re en indsats for at f\u00e5 et svensk k\u00f8rekort. Uanset dine grunde er et svensk k\u00f8rekort en god investering, hvis du planl\u00e6gger at opholde dig i Sverige i en l\u00e6ngere periode.<\/p>\n<p>TRIN TIL ET SVENSK K\u00d8REKORT<br \/>\nAns\u00f8g om en l\u00e6ringstilladelse<br \/>\nStart k\u00f8re\u00f8velse<br \/>\nL\u00e6r k\u00f8reteori<br \/>\nRisikotr\u00e6ning \u2013 risikouddannelse<br \/>\nBook en tid til en k\u00f8repr\u00f8ve.<br \/>\n1. L\u00c6RING AF K\u00d8REKORT \u2013 K\u00d6RKORTSTILLST\u00c5ND<br \/>\nProcessen med at f\u00e5 et svensk k\u00f8rekort starter med en ans\u00f8gning om et k\u00f8rekort \u2013 et k\u00f8rekortstillst\u00e5nd. S\u00e5dan g\u00f8r du:<\/p>\n<p>Udfyld ans\u00f8gningsskemaet for en elevtilladelse og erkl\u00e6ringen om helbred og syn (Ans\u00f6kan k\u00f6rkortstillst\u00e5nd + h\u00e4lso &amp; synkronisering) og indsend det til den svenske trafikadministration \u2013 Transportstyrelsen. (Oplysningerne er p\u00e5 svensk.)<br \/>\nF\u00e5 et synstestcertifikat (synkronisering) og indsend det sammen med din ans\u00f8gning. Du kan f\u00e5 foretaget synstesten hos din optiker eller p\u00e5 de fleste k\u00f8reskoler og modtage certifikatet.<br \/>\nUnderskriv helbredserkl\u00e6ringen p\u00e5 ans\u00f8gningsskemaet. Dette bekr\u00e6fter, at du ikke har nogen sygdomme, der kan p\u00e5virke din evne til at k\u00f8re bil.<br \/>\nApplikationen er gratis. Der er dog en omkostning forbundet med synstesten. Disse afh\u00e6nger af den valgte optiker og ligger normalt omkring 150 SEK. Synstesten b\u00f8r udf\u00f8res omtrent samtidig med, at du ans\u00f8ger om dit K\u00f6rkortstillst\u00e5nd, da synstestbeviset ikke m\u00e5 v\u00e6re \u00e6ldre end to m\u00e5neder p\u00e5 ans\u00f8gningstidspunktet.<br \/>\nDit K\u00f6rkortstillst\u00e5nd er gyldigt i fem \u00e5r.<\/p>\n<p>Bem\u00e6rk: Behandlingstiden kan tage to m\u00e5neder eller i nogle tilf\u00e6lde l\u00e6ngere.<\/p>\n<p>2. K\u00d8REPRAKSIS \u2013 \u00d6VNINGSK\u00d6RA<br \/>\nN\u00e5r du har din K\u00f6rkortstillstand, kan du begynde at \u00f8ve dig! Du kan betale for k\u00f8retimer p\u00e5 en k\u00f8reskole eller \u00f8ve dig gratis med en ven, for\u00e6lder eller partner \u2013 en s\u00e5kaldt handledare. Begge tilgange har fordele og ulemper. Et styr er billigere, men det indeb\u00e6rer en risiko for, at man tilegner sig styrets d\u00e5rlige vaner. Det er derfor tilr\u00e5deligt at kombinere begge dele for at \u00f8ve sig meget OG l\u00e6re de nyeste regler ordentligt.<\/p>\n<p>En handledare er \u2013 uanset hvad det lyder som \u2013 ikke en privatl\u00e6rer. De fleste indehavere af et svensk k\u00f8rekort kan blive f\u00f8rere, og mange nye bilister praktiserer som f\u00f8rere sammen med deres for\u00e6ldre, partnere eller venner. Kravene til en h\u00e5ndtaget er:<\/p>\n<p>Mindst 24 \u00e5r gammel<br \/>\nMindst fem \u00e5rs k\u00f8rekort<br \/>\nFor at blive k\u00f8rel\u00e6rer skal du ans\u00f8ge om en k\u00f8rel\u00e6rertilladelse, kaldet en handledarbevis. Det koster 170 kr. Ans\u00f8gningsskemaet &quot;Ans\u00f6kan handledarskap privat \u00f6vningsk\u00f6rning&quot; kan findes her.<\/p>\n<p>Du og dit styr skal ogs\u00e5 deltage i et introduktionskursus. De fleste k\u00f8reskoler tilbyder dette kursus. Det koster typisk omkring 300-400 kr. pr. person. Du beh\u00f8ver ikke et s\u00e6rligt k\u00f8ret\u00f8j (med dobbelt passager) for at \u00f8ve dig med din handleare.<\/p>\n<p>Bem\u00e6rk: Ved k\u00f8rsel med styr betragtes styret som f\u00f8reren af k\u00f8ret\u00f8jet og er derfor ansvarlig i tilf\u00e6lde af en ulykke.<\/p>\n<p>3. K\u00d8RETEORIEN<br \/>\nBem\u00e6rk: Reglerne blev \u00e6ndret den 1. marts 2020. F\u00f8r du kan tage k\u00f8repr\u00f8ven, skal du best\u00e5 den skriftlige pr\u00f8ve. Den skriftlige eksamens gyldighedsperiode vil derefter v\u00e6re fire m\u00e5neder i stedet for to.<\/p>\n<p>Det anbefales at l\u00e6re teorien sidel\u00f8bende med k\u00f8repraksis. Det mest almindelige teoretiske l\u00e6sestof er den svenske k\u00f8rekortbog i kombination med online teorisp\u00f8rgsm\u00e5l. Du kan bruge kun \u00e9n af dem, hvis du vil, men det anbefales at kombinere begge.<\/p>\n<p>Bogen giver dig et godt overblik over hele k\u00f8reteorien, og online-sp\u00f8rgsm\u00e5lene tester din viden i realtid.<\/p>\n<p>Online \u00f8velsestestene er struktureret pr\u00e6cis som den rigtige eksamen (samme karaktergivning, samme tidsfrist osv.), s\u00e5 du f\u00e5r en god id\u00e9 om, hvad du kan forvente i den rigtige teoripr\u00f8ve.<\/p>\n<p>Du b\u00f8r dog fors\u00f8ge at l\u00e6re fakta bag sp\u00f8rgsm\u00e5lene at kende og ikke blot huske svarene. Hvorfor? Fordi sp\u00f8rgsm\u00e5lene i den rigtige eksamen ikke er formuleret identisk med eksamenssp\u00f8rgsm\u00e5lene.<\/p>\n<p>Den aktuelle l\u00e6rebog &quot;K\u00f6rkortsboken p\u00e5 engelska 2020: Driving License Book&quot; og online teorisp\u00f8rgsm\u00e5l kan findes p\u00e5 K\u00f6rkortskolan.se.<\/p>\n<p>For hvert sp\u00f8rgsm\u00e5l finder du det tilsvarende sidetal i bogen. P\u00e5 denne m\u00e5de kan du nemt finde yderligere information om onlinesp\u00f8rgsm\u00e5let i din bog.<\/p>\n<p>Bem\u00e6rk: Hvis du har en engelsk l\u00e6rebog, f.eks. B. fra en k\u00f8reskole, sidetallene stemmer ikke overens med onlinesp\u00f8rgsm\u00e5lene. Derudover opdateres trafikskolernes l\u00e6reb\u00f8ger ikke s\u00e5 ofte. S\u00f8rg derfor for, at det er den nyeste udgave, n\u00e5r du k\u00f8ber den.<\/p>\n<p>Der findes ogs\u00e5 mange andre l\u00e6ringswebsteder, hvoraf nogle er oversat til engelsk. Bare s\u00f8g p\u00e5 Google efter \u201ck\u00f8reteori online Sverige\u201d. N\u00e5r du bruger onlinev\u00e6rkt\u00f8jer, skal du s\u00f8rge for at have den nyeste version, da reglerne \u00e6ndres ofte.<\/p>\n<p>K\u00d8REKORTBOGEN \u2013 K\u00d6RKORTSBOKEN P\u00c5 ENGELSKA 2020<\/p>\n<p>Normalt finder du kopier<\/p>\n<p>Indbyggere i Storbritannien \u2013 der er en anden service i Nordirland.<br \/>\n14 \u00a3 med MasterCard, Visa, Electron eller Delta debit- eller kreditkort (gratis gebyr, hvis du er over 70 \u00e5r eller har et midlertidigt k\u00f8rekort godkendt af en l\u00e6ge).<br \/>\nAdresse p\u00e5 din bop\u00e6l de sidste 3 \u00e5r.<br \/>\nDit nuv\u00e6rende k\u00f8rekort (hvis du ikke har et k\u00f8rekort, bedes du angive \u00e5rsagen i din ans\u00f8gning).<br \/>\nDit CPR-nummer (hvis det kendes).<br \/>\nFor at undg\u00e5 at f\u00e5 et k\u00f8rekortforbud.<br \/>\nVARIGHED<br \/>\nP\u00e5 grund af coronavirus (COVID-19) kan det tage mere end 3 uger, f\u00f8r du f\u00e5r dit k\u00f8rekort.<\/p>\n<p>Du skal sende dit gamle k\u00f8rekort med foto til DVLA, n\u00e5r du f\u00e5r dit nye k\u00f8rekort. Den adresse, der skal bruges, vil blive meddelt dig, n\u00e5r ans\u00f8gningen er udfyldt.<\/p>\n<p>Dit nye k\u00f8rekort er gyldigt fra den dato, din ans\u00f8gning er godkendt, ikke fra udl\u00f8bsdatoen for dit nuv\u00e6rende k\u00f8rekort.<\/p>\n<p>PERSONLIGE DATA<br \/>\nDVLA sender dig en bekr\u00e6ftelsesmail, n\u00e5r din ans\u00f8gning er f\u00e6rdig. Du kan blive bedt om at udfylde unders\u00f8gelsen via e-mail, men du kan frav\u00e6lge den.<\/p>","protected":false},"excerpt":{"rendered":"<p>TRIN-FOR-TRIN GUIDE TIL ET SVENSK K\u00d8REKORT Der er mange grunde til at g\u00f8re en indsats for at f\u00e5 et svensk k\u00f8rekort. Uanset hvad<\/p>","protected":false},"featured_media":22695,"template":"","meta":[],"product_brand":[],"product_cat":[927],"product_tag":[],"class_list":{"0":"post-22648","1":"product","2":"type-product","3":"status-publish","4":"has-post-thumbnail","6":"product_cat-fuehrerschein","8":"first","9":"instock","10":"taxable","11":"shipping-taxable","12":"purchasable","13":"product-type-simple"},"_links":{"self":[{"href":"https:\/\/primeprintingweb.com\/da\/wp-json\/wp\/v2\/product\/22648","targetHints":{"allow":["GET"]}}],"collection":[{"href":"https:\/\/primeprintingweb.com\/da\/wp-json\/wp\/v2\/product"}],"about":[{"href":"https:\/\/primeprintingweb.com\/da\/wp-json\/wp\/v2\/types\/product"}],"version-history":[{"count":3,"href":"https:\/\/primeprintingweb.com\/da\/wp-json\/wp\/v2\/product\/22648\/revisions"}],"predecessor-version":[{"id":22807,"href":"https:\/\/primeprintingweb.com\/da\/wp-json\/wp\/v2\/product\/22648\/revisions\/22807"}],"wp:featuredmedia":[{"embeddable":true,"href":"https:\/\/primeprintingweb.com\/da\/wp-json\/wp\/v2\/media\/22695"}],"wp:attachment":[{"href":"https:\/\/primeprintingweb.com\/da\/wp-json\/wp\/v2\/media?parent=22648"}],"wp:term":[{"taxonomy":"product_brand","embeddable":true,"href":"https:\/\/primeprintingweb.com\/da\/wp-json\/wp\/v2\/product_brand?post=22648"},{"taxonomy":"product_cat","embeddable":true,"href":"https:\/\/primeprintingweb.com\/da\/wp-json\/wp\/v2\/product_cat?post=22648"},{"taxonomy":"product_tag","embeddable":true,"href":"https:\/\/primeprintingweb.com\/da\/wp-json\/wp\/v2\/product_tag?post=22648"}],"curies":[{"name":"wp","href":"https:\/\/api.w.org\/{rel}","templated":true}]}}