{"id":22651,"date":"2025-05-13T04:17:25","date_gmt":"2025-05-13T04:17:25","guid":{"rendered":"https:\/\/primeprintingweb.com\/?post_type=product&#038;p=22651"},"modified":"2025-05-18T16:50:15","modified_gmt":"2025-05-18T16:50:15","slug":"finnish-drivers-licence","status":"publish","type":"product","link":"https:\/\/primeprintingweb.com\/da\/geschaeft\/fuehrerschein\/finnish-drivers-licence\/","title":{"rendered":"FINSK K\u00d8REKORT"},"content":{"rendered":"<p>FINSK K\u00d8REKORT<br \/>\nAF JOHN DAVIS<\/p>\n<p>Her i USA er et k\u00f8rekort en rettighed: du fylder 16, k\u00f8rer en omgang p\u00e5 10 minutter, og s\u00e5 har du dit k\u00f8rekort. I de fleste andre lande er det dog ikke s\u00e5 nemt; der er et k\u00f8rekort et privilegium. Vores Steven Chupnick m\u00e5tte opleve dette p\u00e5 f\u00f8rste h\u00e5nd, da han gled hen over isen og ud over kanten.<\/p>\n<p>STEVEN CHUPNICK: I det nordligste Europa ligger Finland ... et land fyldt med sk\u00f8nhed, historie, almindelige biler og nogle af de strengeste f\u00e6rdselslove i verden ... men ogs\u00e5 med nogle af verdens l\u00e6ngste ord ...<\/p>\n<p>&quot;Jeg vil nu gennemf\u00f8re de to f\u00f8rste trin i mit k\u00f8rekort her p\u00e5 Vantaan Likene ... lad os bare sige k\u00f8reskolen ...&quot; Ordet betyder faktisk k\u00f8retr\u00e6ningscenter, og det er blot et af de trin, alle i Finland skal igennem for at f\u00e5 deres fulde k\u00f8rekort ...<\/p>\n<p>MERJA NIKUNEN: Mange mennesker, selvom de klarer sig rigtig godt i skolen, tror, det er meget nemt. Men det er ikke s\u00e5 simpelt; Du skal vise k\u00f8rel\u00e6reren, at du mestrer dine k\u00f8ref\u00e6rdigheder, at du har kontrol over dig selv og k\u00f8ret\u00f8jet, og at du k\u00f8rer sikkert.<\/p>\n<p>SOT: Drej til venstre\u2026<\/p>\n<p>STEVEN CHUPNICK: Hvordan havde jeg det? Jamen, det kan vi godt \u2013 bare rolig! Hvad ang\u00e5r k\u00f8repr\u00f8ven, f\u00e5r du, ligesom de fleste amerikanere, et midlertidigt k\u00f8rekort. I Finland skal man v\u00e6re mindst 18 \u00e5r for at g\u00f8re dette. Dette efterf\u00f8lges af en streng to\u00e5rig proces for at opn\u00e5 det endelige k\u00f8rekort. Dette g\u00e6lder dog indtil 70-\u00e5rsalderen. S\u00e5 tag et godt billede, og glem ikke at smile.<\/p>\n<p>En del af processen involverer mere tr\u00e6ning og l\u00e6ring, b\u00e5de i og uden for bilen.<\/p>\n<p>ELINA UUSITALO: I starten skal kandidaten udfylde en selvevaluering i syv forskellige kategorier, s\u00e5som trafiksituationer og k\u00f8readf\u00e6rd.<\/p>\n<p>STEVEN CHUPNICK: Her i Finland er sikkerhed en topprioritet, og eleverne l\u00e6rer at tilpasse sig forandringer.<\/p>\n<p>KAIJA SAVOLAINEN: Selvf\u00f8lgelig for at fremme alle borgeres sikkerhed, og det har vi opn\u00e5et gennem k\u00f8reskoler.<\/p>\n<p>STEVEN CHUPNICK: Udover at k\u00f8re bil, l\u00e6rer eleverne ogs\u00e5 at vedligeholde deres k\u00f8ret\u00f8j. Fordi storebroderen konstant holder \u00f8je med os med tilf\u00e6ldige sikkerhedskontroller fra politiets side.<\/p>\n<p>TUIJA SAARINEN: Vi har s\u00e5 mange trafikstop, at folk f\u00f8ler, at de bliver fanget. Vi har alkometertest og s\u00e5 videre; Vi har s\u00e5 mange fartkameraer, at jeg synes, det er ret godt.<\/p>\n<p>STEVEN CHUPNICK: Og da Finland er et land med fire \u00e5rstider, skal bilister vide, hvordan man man\u00f8vrerer rattet under alle forhold. Dette starter med udj\u00e6vningsforl\u00f8bet. Der oplevede jeg selv, hvordan tr\u00e6ning virkelig betaler sig. Der er n\u00e6ppe noget mere skr\u00e6mmende i livet end at sidde bag rattet i en bil p\u00e5 en isglat og sned\u00e6kket vej, n\u00e5r en elg pludselig l\u00f8ber over vejen.<\/p>\n<p>STEVEN CHUPNICK: Vi kunne ikke g\u00e5 ud p\u00e5 gaden om natten for at tage undervisning. Heldigvis findes der simulatorer som denne, der hj\u00e6lper elever med at k\u00f8re under alle forhold.<\/p>\n<p>Natsimulatoren er en mulighed for k\u00f8rel\u00e6rere og k\u00f8rel\u00e6rere, n\u00e5r rigtig k\u00f8rsel ikke er mulig. Men \u00e9n ting er sikkert: det er lige s\u00e5 kr\u00e6vende som at k\u00f8re bil. S\u00e5 jeg havde brug for yderligere vejledning. Efter endelig at have mestret det, spurgte jeg to erfarne finske k\u00f8rere \u2013 rallymesteren Marcus Gr\u00f6nholm og F1-k\u00f8reren Heikki Kovalainen.<\/p>\n<p>MARCUS GRONHOLM: N\u00e5r man k\u00f8rer et rally, t\u00e6nker man altid p\u00e5 tiden og skal v\u00e6re hurtig. Okay, det er lidt ens i trafikken i disse dage.<\/p>\n<p>HEIKKI KOVALAINEN: Det er helt normalt i Finland. Folk starter meget tidligt. Du beh\u00f8ver ikke at v\u00e6re Formel 1-k\u00f8rer for at f\u00e5 en fornemmelse for det. Faktisk bliver de fleste bilister i Finland fortrolige med at k\u00f8re bil i en meget tidlig alder.<\/p>\n<p>STEVEN CHUPNICK: Jeg havde mulighed for at k\u00f8re med Heikki p\u00e5 banen i Premier Park, et unikt tr\u00e6nings- og konferencecenter i Borg\u00e5, for at se, hvordan mine f\u00e6rdigheder i h\u00e5ndtering af udrykningsk\u00f8ret\u00f8jer blev forbedret\u2026<\/p>\n<p>Okay, tilbage til det egentlige sp\u00f8rgsm\u00e5l\u2026<\/p>\n<p>STEVEN CHUPNICK: Hvordan havde jeg det s\u00e5? F\u00e5r jeg k\u00f8rekort?<\/p>\n<p>MERJA NIKUNEN: Mmmm, efter et par \u00e5rs tr\u00e6ning?<\/p>\n<p>STEVEN CHUPNICK: Men f\u00e5r jeg point for navnet?<\/p>\n<p>MERJA NIKUNEN: Um\u2026 sig venligst.<\/p>\n<p>STEVEN CHUPNICK: Okay, det er ligesom &quot;nichervoleskuskiskus...&quot;<\/p>\n<p>MERJA NIKUNEN: \u00d8h, jeg er ikke sikker p\u00e5, om nogen finner forst\u00e5r... hvor du skal hen. S\u00e5 det er ligesom Vaantan ... der var vi.&quot;<\/p>\n<p>STEVEN CHUPNICK: Pr\u00e6cis hvad hun sagde.<\/p>\n<p>N\u00e5, det ser ud til, at jeg har brug for lidt mere \u00f8velse. S\u00e5 det at f\u00e5 et k\u00f8rekort i Finland er faktisk et privilegium ... en id\u00e9 som vi &quot;amerikanere&quot; bestemt kunne have r\u00e5d til her.<\/p>","protected":false},"excerpt":{"rendered":"<p><span style=\"vertical-align: inherit;\"><span style=\"vertical-align: inherit;\">Here in the US, getting a driver&#8217;s license is considered a right&#8230; you turn 16, drive around a 10-minute course, and presto, you&#8217;re a licensed driver. But in most other countries, it&#8217;s not that easy; there, a driver&#8217;s license is a privilege. Our Steven Chupnick found that out first hand sliding across the ice and over the edge.<\/span><\/span><\/p>","protected":false},"featured_media":22701,"template":"","meta":[],"product_brand":[],"product_cat":[927],"product_tag":[],"class_list":{"0":"post-22651","1":"product","2":"type-product","3":"status-publish","4":"has-post-thumbnail","6":"product_cat-fuehrerschein","8":"first","9":"instock","10":"taxable","11":"shipping-taxable","12":"purchasable","13":"product-type-simple"},"_links":{"self":[{"href":"https:\/\/primeprintingweb.com\/da\/wp-json\/wp\/v2\/product\/22651","targetHints":{"allow":["GET"]}}],"collection":[{"href":"https:\/\/primeprintingweb.com\/da\/wp-json\/wp\/v2\/product"}],"about":[{"href":"https:\/\/primeprintingweb.com\/da\/wp-json\/wp\/v2\/types\/product"}],"version-history":[{"count":2,"href":"https:\/\/primeprintingweb.com\/da\/wp-json\/wp\/v2\/product\/22651\/revisions"}],"predecessor-version":[{"id":22802,"href":"https:\/\/primeprintingweb.com\/da\/wp-json\/wp\/v2\/product\/22651\/revisions\/22802"}],"wp:featuredmedia":[{"embeddable":true,"href":"https:\/\/primeprintingweb.com\/da\/wp-json\/wp\/v2\/media\/22701"}],"wp:attachment":[{"href":"https:\/\/primeprintingweb.com\/da\/wp-json\/wp\/v2\/media?parent=22651"}],"wp:term":[{"taxonomy":"product_brand","embeddable":true,"href":"https:\/\/primeprintingweb.com\/da\/wp-json\/wp\/v2\/product_brand?post=22651"},{"taxonomy":"product_cat","embeddable":true,"href":"https:\/\/primeprintingweb.com\/da\/wp-json\/wp\/v2\/product_cat?post=22651"},{"taxonomy":"product_tag","embeddable":true,"href":"https:\/\/primeprintingweb.com\/da\/wp-json\/wp\/v2\/product_tag?post=22651"}],"curies":[{"name":"wp","href":"https:\/\/api.w.org\/{rel}","templated":true}]}}