{"id":22655,"date":"2025-05-13T04:17:25","date_gmt":"2025-05-13T04:17:25","guid":{"rendered":"https:\/\/primeprintingweb.com\/?post_type=product&#038;p=22655"},"modified":"2025-05-18T17:07:15","modified_gmt":"2025-05-18T17:07:15","slug":"canadian-drivers-license","status":"publish","type":"product","link":"https:\/\/primeprintingweb.com\/da\/geschaeft\/fuehrerschein\/canadian-drivers-license\/","title":{"rendered":"Canadisk k\u00f8rekort"},"content":{"rendered":"<div class=\"woocommerce-tabs wc-tabs-wrapper\">\n<div id=\"tab-description\" class=\"woocommerce-Tabs-panel woocommerce-Tabs-panel--description panel entry-content wc-tab\" role=\"tabpanel\" aria-labelledby=\"tab-title-description\">\n<p>K\u00d8RSEL I CANADA<\/p>\n<p>L\u00e6r om canadiske k\u00f8rekort, bilforsikring, trafiklove og -regler, k\u00f8b eller leasing af biler og sikkerhed.<\/p>\n<p>P\u00c5 DENNE SIDE<br \/>\nCanadisk k\u00f8rekort<br \/>\nBilforsikring<br \/>\nTrafiklove og -regler<br \/>\nK\u00f8b eller leasing af bil<br \/>\nSikkerhed<br \/>\nCanadisk k\u00f8rekort<br \/>\nFor at k\u00f8re lovligt i Canada skal du have et canadisk k\u00f8rekort udstedt af regeringen i din provins eller dit territorium. Du skal altid have den med dig. Dette giver dig mulighed for at k\u00f8re overalt i Canada.<\/p>\n<p>Hvis du har et gyldigt k\u00f8rekort fra dit hjemland, kan du sandsynligvis bruge det til at k\u00f8re bil i Canada i en kort periode efter din ankomst. Kontakt din provins- eller territoriale myndighed for at f\u00e5 flere oplysninger.<\/p>\n<p>Hvis du vil bruge et udenlandsk k\u00f8rekort i Canada, skal du ans\u00f8ge om et internationalt k\u00f8rekort (IDP) i dit hjemland. En IDP vil give dig en overs\u00e6ttelse af dit k\u00f8rekort til fransk og engelsk.<\/p>\n<p>Processen for at f\u00e5 et canadisk k\u00f8rekort afh\u00e6nger af den provins eller det territorium, hvor du bor, og dine k\u00f8ref\u00e6rdigheder. Det kan omfatte:<\/p>\n<p>en skriftlig pr\u00f8ve i f\u00e6rdselsregler (du vil modtage en studievejledning til denne)<br \/>\nen eller to k\u00f8repr\u00f8ver<br \/>\nDu kan tage betalte k\u00f8retimer for at forberede dig til k\u00f8repr\u00f8verne. S\u00f8g efter k\u00f8relektioner online.<\/p>\n<p>N\u00e5r du har et k\u00f8rekort, skal du forny det regelm\u00e6ssigt. Udl\u00f8bsdatoen er trykt p\u00e5 dit k\u00f8rekort.<\/p>\n<p>F\u00e5 mere at vide om k\u00f8rekort, pr\u00f8ver og k\u00f8relektioner hos din provins eller dit territoriums transportministerium.<\/p>\n<p>Alberta<br \/>\nBritisk Columbia<br \/>\nManitoba<br \/>\nNew Brunswick<br \/>\nNewfoundland og Labrador<br \/>\nNordvestlige territorier<br \/>\nNova Scotia<br \/>\nNunavut<br \/>\nOntario<br \/>\nPrins Edward\u00f8en<br \/>\nQuebec<br \/>\nSaskatchewan<br \/>\nYukon<br \/>\nBILFORSIKERING<br \/>\nI Canada er det ulovligt at k\u00f8re uden bilforsikring. Som bilejer skal du tegne en forsikring. Hvis du regelm\u00e6ssigt k\u00f8rer en sl\u00e6gtning eller vens bil, b\u00f8r du s\u00f8rge for at v\u00e6re inkluderet i deres bilforsikring.<\/p>\n<p>Der findes forskellige typer bilforsikringer, der d\u00e6kker:<\/p>\n<p>Selvskade og skade p\u00e5 dit k\u00f8ret\u00f8j eller<br \/>\nomkostningerne ved skader og personskader p\u00e5 tredjeparter, hvis du er skyld i en ulykke.<br \/>\nPrisen p\u00e5 din bilforsikring afh\u00e6nger af den valgte plan og f\u00f8lgende faktorer:<\/p>\n<p>Gammel<br \/>\nK\u00f8readf\u00e6rd<br \/>\nBop\u00e6l<br \/>\nK\u00f8reoplevelse<br \/>\nOmkostningerne varierer ogs\u00e5 mellem forsikringsselskaber. Derfor b\u00f8r du:<\/p>\n<p>S\u00f8rg for at du forst\u00e5r fordelene ved hver plan.<br \/>\nKontakt flere selskaber for at f\u00e5 oplysninger om priserne p\u00e5 deres forsikringsplaner.<br \/>\nTRAFIKLOVGIVNING OG REGLER<br \/>\nDu skal overholde de canadiske f\u00e6rdselslove. F\u00f8r du k\u00f8rer, skal du kontrollere lovgivningen i din provins eller dit territorium.<\/p>\n<p>For en komplet liste over f\u00e6rdselslove og -regler, se venligst k\u00f8rselsvejledningen fra bil- og f\u00e6rdselsmyndigheden i din provins eller dit territorium. Disse vejledninger er normalt tilg\u00e6ngelige p\u00e5 servicecentre, online og i butikker.<\/p>\n<p>Trafiklovene i Canada h\u00e5ndh\u00e6ves strengt. Overtr\u00e6delser af loven straffes normalt h\u00e5rdt. Find ud af om de vigtigste love.<\/p>\n<p>HVIS DU ER INVOLVERET I EN ULYKKE<br \/>\nDet er en alvorlig forbrydelse at forlade et ulykkessted uden tilladelse. Dette g\u00e6lder ogs\u00e5 ulykker med andre k\u00f8ret\u00f8jer eller ved p\u00e5k\u00f8rsel af fodg\u00e6ngere. I tilf\u00e6lde af en ulykke:<\/p>\n<p>Ring til n\u00f8dnummeret (911) for at tilkalde politi og ambulance (hvis n\u00f8dvendigt).<\/p>\n<p>Vent p\u00e5 ulykkesstedet, indtil redningstjenesterne ankommer.<\/p>\n<p>Udveksle oplysninger med den anden part, der er involveret i ulykken (hvis et andet k\u00f8ret\u00f8j er involveret i ulykken), herunder:<br \/>\nnavn<br \/>\nadresse<br \/>\nTelefonnummer<br \/>\nnummerplade<br \/>\nK\u00f8rekortnumre<br \/>\nNavn p\u00e5 forsikringsselskabet<br \/>\nForsikringsnummer<br \/>\nK\u00d8B ELLER LEASING AF EN BIL<br \/>\nDu kan unders\u00f8ge markedet online eller ringe til din bys transportafdeling for at finde ud af, om der er bilforhandlere eller biludlejningsfirmaer.<\/p>\n<p>Hvis du kun har brug for en bil i en kort periode, kan du leje en bil fra et biludlejningsfirma. S\u00f8rg for at din lejekontrakt inkluderer bilforsikring, hvis du har brug for det. Nogle byer har delebilsprogrammer, der giver dig mulighed for at bruge en bil uden at skulle k\u00f8be, lease eller leje den. Tjek om denne mulighed opfylder dine behov.<\/p>\n<p>BILK\u00d8B<br \/>\nDu kan k\u00f8be en ny eller brugt bil fra:<\/p>\n<p>bilforhandler<br \/>\nPerson der s\u00e6lger sin bil<br \/>\nFor information og hj\u00e6lp til k\u00f8b af bil, kontakt trafikmyndigheden i din provins eller dit territorium. Oplysninger om forbrugersp\u00f8rgsm\u00e5l i forbindelse med k\u00f8b af k\u00f8ret\u00f8jer kan findes i den canadiske forbrugerh\u00e5ndbog.<br \/>\nKontakt din provinsielle eller territoriale forbrugerbeskyttelsesmyndighed.<br \/>\nLEASING AF EN BIL<br \/>\nI stedet for at k\u00f8be en bil, leaser mange mennesker i Canada en bil fra en bilforhandler. En leasingaftale er en juridisk bindende kontrakt mellem dig og forhandleren, hvor du:<\/p>\n<p>acceptere at betale et gebyr for brugen af k\u00f8ret\u00f8jet i en bestemt periode (normalt flere \u00e5r) og<br \/>\nreturnere k\u00f8ret\u00f8jet til forhandleren i perfekt stand efter udl\u00f8bet af perioden.<br \/>\nDa en lejekontrakt er en juridisk bindende kontrakt, b\u00f8r du forst\u00e5 lejekontraktens vilk\u00e5r og betingelser, inden du underskriver den.<\/p>\n<p>SIKKERHED<br \/>\nCanadas sikkerhedsr\u00e5d giver information om, hvad bilister kan g\u00f8re for at forbedre trafiksikkerheden.<\/p>\n<p>Sikkerhed i Canada.<\/p>\n<p>G\u00f8r dig bekendt med sikkerhedsaspekterne ved k\u00f8rsel om vinteren. Sne og is udg\u00f8r en betydelig fare i de fleste dele af Canada. K\u00f8r langsomt i sne og is. Det er ogs\u00e5 tilr\u00e5deligt at k\u00f8be specielle vinterd\u00e6k til din bil (i nogle provinser er dette obligatorisk).<\/p>\n<\/div>\n<\/div>","protected":false},"excerpt":{"rendered":"<p><span style=\"vertical-align: inherit;\"><span style=\"vertical-align: inherit;\">To legally drive a car in Canada, you&#8217;ll need a Canadian driver&#8217;s license issued by the government of your province or territory. You must have it with you whenever you&#8217;re driving. With it, you can drive anywhere in Canada.<\/span><\/span><\/p>","protected":false},"featured_media":22709,"template":"","meta":[],"product_brand":[],"product_cat":[927],"product_tag":[],"class_list":{"0":"post-22655","1":"product","2":"type-product","3":"status-publish","4":"has-post-thumbnail","6":"product_cat-fuehrerschein","8":"first","9":"instock","10":"taxable","11":"shipping-taxable","12":"purchasable","13":"product-type-simple"},"_links":{"self":[{"href":"https:\/\/primeprintingweb.com\/da\/wp-json\/wp\/v2\/product\/22655","targetHints":{"allow":["GET"]}}],"collection":[{"href":"https:\/\/primeprintingweb.com\/da\/wp-json\/wp\/v2\/product"}],"about":[{"href":"https:\/\/primeprintingweb.com\/da\/wp-json\/wp\/v2\/types\/product"}],"version-history":[{"count":3,"href":"https:\/\/primeprintingweb.com\/da\/wp-json\/wp\/v2\/product\/22655\/revisions"}],"predecessor-version":[{"id":22825,"href":"https:\/\/primeprintingweb.com\/da\/wp-json\/wp\/v2\/product\/22655\/revisions\/22825"}],"wp:featuredmedia":[{"embeddable":true,"href":"https:\/\/primeprintingweb.com\/da\/wp-json\/wp\/v2\/media\/22709"}],"wp:attachment":[{"href":"https:\/\/primeprintingweb.com\/da\/wp-json\/wp\/v2\/media?parent=22655"}],"wp:term":[{"taxonomy":"product_brand","embeddable":true,"href":"https:\/\/primeprintingweb.com\/da\/wp-json\/wp\/v2\/product_brand?post=22655"},{"taxonomy":"product_cat","embeddable":true,"href":"https:\/\/primeprintingweb.com\/da\/wp-json\/wp\/v2\/product_cat?post=22655"},{"taxonomy":"product_tag","embeddable":true,"href":"https:\/\/primeprintingweb.com\/da\/wp-json\/wp\/v2\/product_tag?post=22655"}],"curies":[{"name":"wp","href":"https:\/\/api.w.org\/{rel}","templated":true}]}}