{"id":22656,"date":"2025-05-13T04:17:25","date_gmt":"2025-05-13T04:17:25","guid":{"rendered":"https:\/\/primeprintingweb.com\/?post_type=product&#038;p=22656"},"modified":"2025-05-18T17:05:27","modified_gmt":"2025-05-18T17:05:27","slug":"belgian-drivers-license","status":"publish","type":"product","link":"https:\/\/primeprintingweb.com\/da\/geschaeft\/fuehrerschein\/belgian-drivers-license\/","title":{"rendered":"BELGISK K\u00d8REKORT"},"content":{"rendered":"<div class=\"woocommerce-tabs wc-tabs-wrapper\">\n<div id=\"tab-description\" class=\"woocommerce-Tabs-panel woocommerce-Tabs-panel--description panel entry-content wc-tab\" role=\"tabpanel\" aria-labelledby=\"tab-title-description\">\n<p>S\u00c5DAN F\u00c5R DU ET BELGISK K\u00d8REKORT<\/p>\n<p>Hvis du studerer eller arbejder i Belgien, kan det v\u00e6re en god id\u00e9 at f\u00e5 et belgisk k\u00f8rekort under dit ophold. Hvis du har et udenlandsk k\u00f8rekort, kan du muligvis ombytte det til et belgisk, eller du skal muligvis best\u00e5 en teoripr\u00f8ve og en k\u00f8repr\u00f8ve. At v\u00e6re godt informeret om dine muligheder er n\u00f8glen til at spare tid og penge, n\u00e5r du f\u00e5r dit k\u00f8rekort i Belgien.<\/p>\n<p>Hvis du kommer fra et EU-land, der har en aftale med Belgien om anerkendelse af udenlandske EU-k\u00f8rekort, kan du f\u00e5 et k\u00f8rekort i Belgien. Du kan ogs\u00e5 blive bedt om at medbringe et internationalt k\u00f8rekort (med en overs\u00e6ttelse om n\u00f8dvendigt). For yderligere information om ombytning af k\u00f8rekort, registrering af et internationalt k\u00f8rekort og ans\u00f8gning om et belgisk k\u00f8rekort, bedes du kontakte dit lokale r\u00e5dhus (Maison Communale\/Stadhuis) eller kommunekontoret.<\/p>\n<p>HVAD MED E\u00d8S-BORGERE, DER K\u00d8RER I BELGIEN?<br \/>\nDu beh\u00f8ver ikke at ombytte dit k\u00f8rekort, hvis du er udl\u00e6nding, der flytter til Belgien fra et land i Det Europ\u00e6iske \u00d8konomiske Samarbejdsomr\u00e5de (EU plus Island, Liechtenstein og Norge).<\/p>\n<p>Godt at vide:<\/p>\n<p>Registrer dit k\u00f8rekort hos kommunen. I tilf\u00e6lde af tyveri eller tab f\u00e5r du et belgisk k\u00f8rekort som erstatning.<br \/>\nDu kan ombytte dit E\u00d8S-k\u00f8rekort til et belgisk k\u00f8rekort som lokalt ID-kort.<br \/>\nDe fleste EU-k\u00f8rekort er gyldige i ti \u00e5r. K\u00f8rekort med ubegr\u00e6nset gyldighed skal muligvis fornyes to \u00e5r efter, at du officielt har registreret dig som bosiddende i Belgien.<\/p>\n<p>HVAD HVIS DU IKKE ER E\u00d8S-STATSBORGER?<br \/>\nHvis du ikke er E\u00d8S-borger, b\u00f8r du vide f\u00f8lgende:<\/p>\n<p>Du kan bruge dit udenlandske k\u00f8rekort i op til seks m\u00e5neder. Hvis du opholder dig i Belgien i mere end seks m\u00e5neder eller registrerer dig som bosiddende i landet, skal du have et belgisk k\u00f8rekort.<br \/>\nTjek med dit hjemland eller din kommune for at se, om du har brug for et internationalt k\u00f8rekort (IDP) og en overs\u00e6ttelse af dit k\u00f8rekort.<br \/>\nMange lande uden for E\u00d8S har indg\u00e5et aftaler med Belgien, der muligg\u00f8r en nem ombytning af k\u00f8rekort til et belgisk k\u00f8rekort. Du skal dog v\u00e6re registreret i en kommune og have en belgisk opholdstilladelse. Hvis du er statsborger i et land uden for E\u00d8S, kan du tjekke den belgiske regerings hjemmeside for at se, om der findes en tilsvarende aftale for dit land.<\/p>\n<p>Hvis dit land ikke har en s\u00e5dan aftale med Belgien, skal du best\u00e5 den belgiske teoretiske og praktiske k\u00f8repr\u00f8ve. Bes\u00f8g eksamenscentrene (GOCA eller SBAT). Der kan du tage teoripr\u00f8ven p\u00e5 engelsk, hvis du bestiller i tide.<br \/>\nHvis du allerede har ombyttet et udenlandsk k\u00f8rekort til et k\u00f8rekort fra et andet EU-land, vil det ogs\u00e5 blive anerkendt i Belgien.<br \/>\nF\u00c6RDIGSTILLING AF DEN BELGISKE TEORI- OG K\u00d8REPR\u00d8VE<br \/>\nHvis du skal tage teori- og k\u00f8repr\u00f8ven til et belgisk k\u00f8rekort, b\u00f8r du vide f\u00f8lgende:<\/p>\n<p>K\u00f8repr\u00f8ven finder sted i et officielt testcenter. Teksten kan gemmes p\u00e5 fransk eller hollandsk.<br \/>\nHvis du bestiller en tid p\u00e5 testcentret i Schaerbeek, Bruxelles, kan du tage teoripr\u00f8ven med en tolk. New Traffic Books tilbyder en engelsk teoribog med \u00f8velser til forberedelse. Klik her for mere information (kun p\u00e5 fransk og hollandsk).<br \/>\nS\u00f8rg for at medbringe dit ID og gebyret (15 EUR for basiseksamenen eller 50 EUR inklusive tolk) til eksamen. Du skal tage en synstest.<br \/>\nPrisen for k\u00f8repr\u00f8ven ligger mellem 30 og 50 EUR, afh\u00e6ngigt af kravene. Du kan finde prislisten her p\u00e5 fransk eller hollandsk.<br \/>\nDit k\u00f8rekort er gyldigt i op til tre \u00e5r. Din kommune vil udstede et midlertidigt k\u00f8rekort til dig, der er gyldigt i 18 eller 36 m\u00e5neder. Med dette k\u00f8rekort kan du tage den praktiske pr\u00f8ve, hvis du er over 18 \u00e5r.<br \/>\nHVILKE DOKUMENTER SKAL DU BRINGE FOR AT F\u00c5 ET K\u00d8REKORT I BELGIEN?<br \/>\nMedbring f\u00f8lgende originale dokumenter til k\u00f8repr\u00f8ven:<\/p>\n<p>Bevis for identitet<br \/>\nMidlertidigt k\u00f8rekort<br \/>\nBevis for gebyrbetaling<br \/>\nBevis for forsikring<br \/>\nK\u00f8ret\u00f8jsregistrering<br \/>\nHVORDAN F\u00c5R JEG MIT K\u00d8REKORT I BELGIEN?<br \/>\nN\u00e5r du har best\u00e5et den praktiske pr\u00f8ve, skal du medbringe dit certifikat sammen med to pasfotos og din identitetsbevis til r\u00e5dhuset (Maison Communale\/Stadhuis) i dit omr\u00e5de. Der vil du f\u00e5 udstedt et midlertidigt k\u00f8rekort, indtil dit fulde k\u00f8rekort er sendt til dig.<\/p>\n<p>NU ER DU KLAR TIL AT K\u00d8RE I BELGIEN! HURRA!<\/p>\n<\/div>\n<\/div>","protected":false},"excerpt":{"rendered":"<p>Hvis du skal studere eller arbejde i Belgien, kan det v\u00e6re en god id\u00e9 at f\u00e5 et belgisk k\u00f8rekort, mens du er der. Hvis du har et udenlandsk k\u00f8rekort, kan du muligvis ombytte det til et belgisk, eller du skal muligvis best\u00e5 en teoripr\u00f8ve og k\u00f8repr\u00f8ve. At v\u00e6re godt informeret om dine muligheder er n\u00f8glen til at spare tid og penge, n\u00e5r det kommer til at f\u00e5 dit k\u00f8rekort i Belgien.<\/p>","protected":false},"featured_media":22711,"template":"","meta":[],"product_brand":[],"product_cat":[927],"product_tag":[],"class_list":{"0":"post-22656","1":"product","2":"type-product","3":"status-publish","4":"has-post-thumbnail","6":"product_cat-fuehrerschein","8":"first","9":"instock","10":"taxable","11":"shipping-taxable","12":"purchasable","13":"product-type-simple"},"_links":{"self":[{"href":"https:\/\/primeprintingweb.com\/da\/wp-json\/wp\/v2\/product\/22656","targetHints":{"allow":["GET"]}}],"collection":[{"href":"https:\/\/primeprintingweb.com\/da\/wp-json\/wp\/v2\/product"}],"about":[{"href":"https:\/\/primeprintingweb.com\/da\/wp-json\/wp\/v2\/types\/product"}],"version-history":[{"count":3,"href":"https:\/\/primeprintingweb.com\/da\/wp-json\/wp\/v2\/product\/22656\/revisions"}],"predecessor-version":[{"id":22822,"href":"https:\/\/primeprintingweb.com\/da\/wp-json\/wp\/v2\/product\/22656\/revisions\/22822"}],"wp:featuredmedia":[{"embeddable":true,"href":"https:\/\/primeprintingweb.com\/da\/wp-json\/wp\/v2\/media\/22711"}],"wp:attachment":[{"href":"https:\/\/primeprintingweb.com\/da\/wp-json\/wp\/v2\/media?parent=22656"}],"wp:term":[{"taxonomy":"product_brand","embeddable":true,"href":"https:\/\/primeprintingweb.com\/da\/wp-json\/wp\/v2\/product_brand?post=22656"},{"taxonomy":"product_cat","embeddable":true,"href":"https:\/\/primeprintingweb.com\/da\/wp-json\/wp\/v2\/product_cat?post=22656"},{"taxonomy":"product_tag","embeddable":true,"href":"https:\/\/primeprintingweb.com\/da\/wp-json\/wp\/v2\/product_tag?post=22656"}],"curies":[{"name":"wp","href":"https:\/\/api.w.org\/{rel}","templated":true}]}}