{"id":22658,"date":"2025-05-13T04:17:26","date_gmt":"2025-05-13T04:17:26","guid":{"rendered":"https:\/\/primeprintingweb.com\/?post_type=product&#038;p=22658"},"modified":"2025-05-18T17:10:11","modified_gmt":"2025-05-18T17:10:11","slug":"australian-drivers-license","status":"publish","type":"product","link":"https:\/\/primeprintingweb.com\/da\/geschaeft\/fuehrerschein\/australian-drivers-license\/","title":{"rendered":"AUSTRALSK K\u00d8REKORT"},"content":{"rendered":"<p>AUSTRALSK K\u00d8REKORT<\/p>\n<p>ANS\u00d8GNING OM ET NEW ZEALANDSK K\u00d8REKORT<br \/>\nNew Zealand anerkender k\u00f8rekort fra visse udenlandske lande. For information om hvilke lande der er anerkendt, og hvordan man bliver et anerkendt land for New Zealand, kan man bes\u00f8ge www.nzta.govt.nz (\u00e5bner i et nyt vindue).<\/p>\n<p>ANS\u00d8GNING OM ET AUSTRALSK K\u00d8REKORT<br \/>\nHvis dit udenlandske k\u00f8rekort udl\u00f8ber, kan du muligvis ans\u00f8ge om et australsk k\u00f8rekort.<\/p>\n<p>Personer, der rejser ind i Australien p\u00e5 et permanent visum eller en permanent opholdstilladelse, m\u00e5 k\u00f8re bil p\u00e5 deres nuv\u00e6rende udenlandske k\u00f8rekort i h\u00f8jst tre m\u00e5neder efter ankomsten til Australien. For at forts\u00e6tte med at k\u00f8re bil efter tre m\u00e5neder skal der indhentes et australsk k\u00f8rekort i den stat eller det territorium, hvor personen bor.<\/p>\n<p>Anerkendte lande og jurisdiktioner<\/p>\n<p>Australske k\u00f8rekortmyndigheder anerkender visse fremmede lande og jurisdiktioner med k\u00f8rekortstandarder, der kan sammenlignes med dem i Australien.<\/p>\n<p>Ans\u00f8gere fra nedenst\u00e5ende lande er fritaget for at tage en k\u00f8repr\u00f8ve, n\u00e5r de ans\u00f8ger om et australsk k\u00f8rekort til bil eller motorcykel.<\/p>\n<p>Dette forenkler ombytningen af k\u00f8rekortet.<\/p>\n<p>Anerkendte lande og jurisdiktioner er:<\/p>\n<p>\u00d8strig<br \/>\nBelgien<br \/>\nBosnien-Hercegovina<br \/>\nCanada<br \/>\nKroatien<br \/>\nDanmark<br \/>\nFinland<br \/>\nFrankrig<br \/>\nTyskland<br \/>\nGr\u00e6kenland<br \/>\nGuernsey<br \/>\nIrland<br \/>\nIsle of Man (for k\u00f8rekort udstedt f\u00f8rste gang den 1. april 1991 eller senere)<br \/>\nItalien<br \/>\nJapan<br \/>\ntr\u00f8je<br \/>\nLuxembourg<br \/>\nMalta (for k\u00f8rekort udstedt f\u00f8rste gang den 2. januar 2004 eller senere)<br \/>\nHolland<br \/>\nNew Zealand<br \/>\nNorge<br \/>\nPortugal<br \/>\nSingapore<br \/>\nSpanien<br \/>\nSverige<br \/>\nSchweiz<br \/>\nStorbritannien<br \/>\nUSA<br \/>\nAnerkendelse som erfaren chauff\u00f8r<\/p>\n<p>Lande og jurisdiktioner, hvis k\u00f8repr\u00f8vestandarder opfylder de strenge vurderingskriterier vedr\u00f8rende bevis for identitet, kortsikkerhedsfunktioner og k\u00f8repr\u00f8vesagkyndiges uddannelse og vurderingsstandarder, men ikke opfylder alle k\u00f8repr\u00f8vekrav, vil blive overvejet til anerkendelse som erfaren chauff\u00f8r. Kategorien &quot;Erfaren chauff\u00f8r&quot; har til form\u00e5l at tage hensyn til en persons k\u00f8reerfaring og alder som en erstatning for k\u00f8repr\u00f8vem\u00e5linger for nye chauff\u00f8rer.<\/p>\n<p>F\u00f8lgende lande og jurisdiktioner har f\u00e5et status som erfaren chauff\u00f8r:<\/p>\n<p>Bulgarien<br \/>\nTjekkiet<br \/>\nEstland<br \/>\nHongkong (Folkerepublikken Kinas s\u00e6rlige administrative region)*<br \/>\nUngarn<br \/>\nLetland<br \/>\nLitauen<br \/>\nPolen<br \/>\nRepublikken Cypern<br \/>\nRepublikken Korea (Sydkorea)<br \/>\nRepublikken Serbien<br \/>\nRum\u00e6nien<br \/>\nSlovakiet<br \/>\nSlovenien<br \/>\nSydafrika<br \/>\nTaiwan<br \/>\nPersoner, der har et k\u00f8rekort fra et af disse lande og er 25 \u00e5r eller \u00e6ldre, kan muligvis bytte deres udenlandske k\u00f8rekort til et australsk k\u00f8rekort uden at tage en k\u00f8repr\u00f8ve.<\/p>\n<p>Personer, der har et k\u00f8rekort fra et af disse lande og er under 25 \u00e5r, skal tage en teoretisk og praktisk k\u00f8repr\u00f8ve. Hvis en person best\u00e5r de pr\u00f8ver, der er fastsat af den relevante myndighed, vil deres udenlandske k\u00f8rekort blive konverteret, baseret p\u00e5 k\u00f8reerfaring og alder, til den k\u00f8rekortklasse, de ville have haft, hvis de var begyndt at k\u00f8re i den relevante australske jurisdiktion.<\/p>\n<p>* Enhver, der \u00f8nsker at ombytte et k\u00f8rekort fra Hong Kong uden k\u00f8repr\u00f8ve, skal v\u00e6re mindst 25 \u00e5r gammel og have haft et k\u00f8rekort fra Hong Kong i mindst 12 m\u00e5neder.<\/p>\n<p>Andre lande<\/p>\n<p>Ans\u00f8gere til et australsk k\u00f8rekort, der har et k\u00f8rekort fra et ikke-anerkendt land, skal best\u00e5 en teoripr\u00f8ve og en praktisk k\u00f8repr\u00f8ve. Hvis ans\u00f8gere best\u00e5r b\u00e5de den teoretiske og den praktiske pr\u00f8ve, vil deres udenlandske k\u00f8rekort blive konverteret til den k\u00f8rekortkategori, de ville have haft, hvis de var begyndt at k\u00f8re i den relevante australske jurisdiktion, baseret p\u00e5 k\u00f8reerfaring og alder.<\/p>\n<p>Konvertering af et udenlandsk k\u00f8rekort<\/p>\n<p>Personer, der \u00f8nsker at konvertere et udenlandsk k\u00f8rekort, skal kontakte den relevante australske trafikmyndighed direkte.<br \/>\nDet australske hovedstadsterritorium (\u00e5bner i nyt vindue)<br \/>\nNew South Wales (\u00c5bner i nyt vindue)<br \/>\nNordterritoriet (\u00e5bner i nyt vindue)<br \/>\nQueensland (\u00c5bner i nyt vindue)<br \/>\nSydaustralien (\u00c5bner i nyt vindue)<br \/>\nTasmanien (\u00c5bner i nyt vindue)<br \/>\nVictoria (\u00c5bner i nyt vindue)<br \/>\nVestaustralien<\/p>","protected":false},"excerpt":{"rendered":"<p>En person, der rejser ind i Australien p\u00e5 et permanent visum eller som har permanent opholdstilladelse, m\u00e5 k\u00f8re bil p\u00e5 sit nuv\u00e6rende udenlandske k\u00f8rekort i h\u00f8jst tre m\u00e5neder efter ankomsten til Australien. Hvis de \u00f8nsker at forts\u00e6tte med at k\u00f8re bil efter tre m\u00e5neder, skal der indhentes et australsk k\u00f8rekort i den stat eller det territorium, hvor personen er bosiddende.<\/p>","protected":false},"featured_media":22715,"template":"","meta":[],"product_brand":[],"product_cat":[927],"product_tag":[],"class_list":{"0":"post-22658","1":"product","2":"type-product","3":"status-publish","4":"has-post-thumbnail","6":"product_cat-fuehrerschein","8":"first","9":"instock","10":"taxable","11":"shipping-taxable","12":"purchasable","13":"product-type-simple"},"_links":{"self":[{"href":"https:\/\/primeprintingweb.com\/da\/wp-json\/wp\/v2\/product\/22658","targetHints":{"allow":["GET"]}}],"collection":[{"href":"https:\/\/primeprintingweb.com\/da\/wp-json\/wp\/v2\/product"}],"about":[{"href":"https:\/\/primeprintingweb.com\/da\/wp-json\/wp\/v2\/types\/product"}],"version-history":[{"count":2,"href":"https:\/\/primeprintingweb.com\/da\/wp-json\/wp\/v2\/product\/22658\/revisions"}],"predecessor-version":[{"id":22829,"href":"https:\/\/primeprintingweb.com\/da\/wp-json\/wp\/v2\/product\/22658\/revisions\/22829"}],"wp:featuredmedia":[{"embeddable":true,"href":"https:\/\/primeprintingweb.com\/da\/wp-json\/wp\/v2\/media\/22715"}],"wp:attachment":[{"href":"https:\/\/primeprintingweb.com\/da\/wp-json\/wp\/v2\/media?parent=22658"}],"wp:term":[{"taxonomy":"product_brand","embeddable":true,"href":"https:\/\/primeprintingweb.com\/da\/wp-json\/wp\/v2\/product_brand?post=22658"},{"taxonomy":"product_cat","embeddable":true,"href":"https:\/\/primeprintingweb.com\/da\/wp-json\/wp\/v2\/product_cat?post=22658"},{"taxonomy":"product_tag","embeddable":true,"href":"https:\/\/primeprintingweb.com\/da\/wp-json\/wp\/v2\/product_tag?post=22658"}],"curies":[{"name":"wp","href":"https:\/\/api.w.org\/{rel}","templated":true}]}}