{"id":22480,"date":"2025-05-13T04:16:33","date_gmt":"2025-05-13T04:16:33","guid":{"rendered":"https:\/\/primeprintingweb.com\/?post_type=product&#038;p=22480"},"modified":"2025-05-18T20:59:48","modified_gmt":"2025-05-18T20:59:48","slug":"french-passport-online","status":"publish","type":"product","link":"https:\/\/primeprintingweb.com\/de\/geschaeft\/reisepass\/french-passport-online\/","title":{"rendered":"FRANZ\u00d6SISCHER REISEPASS ONLINE"},"content":{"rendered":"<p>Franz\u00f6sischer Reisepass online. Informieren Sie sich \u00fcber die Vorteile eines franz\u00f6sischen Reisepasses und erfahren Sie, ob Sie Ihren bestehenden Reisepass abgeben m\u00fcssen, um den Antrag auf einen franz\u00f6sischen Reisepass zu stellen. Lesen Sie weiter, um mehr \u00fcber die Beantragung eines franz\u00f6sischen Reisepasses zu erfahren.<\/p>\n<p>Wenn Sie als Ausl\u00e4nder in Frankreich leben und die franz\u00f6sische Staatsb\u00fcrgerschaft erworben haben, k\u00f6nnen Sie einen franz\u00f6sischen Reisepass beantragen, um als EU-B\u00fcrger weltweit reisen zu k\u00f6nnen. Mit einem franz\u00f6sischen Reisepass k\u00f6nnen Sie viele au\u00dfereurop\u00e4ische L\u00e4nder visumfrei betreten. Da Frankreich die doppelte Staatsb\u00fcrgerschaft erlaubt, k\u00f6nnen Sie mit einem franz\u00f6sischen Reisepass zwei Reisep\u00e4sse besitzen.<\/p>\n<p>Dieser Leitfaden zur Beantragung eines franz\u00f6sischen Reisepasses umfasst:<\/p>\n<p>Vorteile eines franz\u00f6sischen Reisepasses<br \/>\nWer hat Anspruch auf einen Reisepass?<br \/>\nWie beantragt man einen franz\u00f6sischen Reisepass?<br \/>\nVerl\u00e4ngerung oder Ersatz eines franz\u00f6sischen Reisepasses<br \/>\nKosten eines franz\u00f6sischen Reisepasses<br \/>\nAm Ende des Leitfadens finden Sie au\u00dferdem einen Abschnitt mit weiteren Informationen und Links zu n\u00fctzlichen Websites und Webseiten mit zus\u00e4tzlichen Informationen zum franz\u00f6sischen Reisepass.<\/p>\n<p>DER FRANZ\u00d6SISCHE REISEPASS ONLINE<br \/>\nDer franz\u00f6sische Reisepass ist neben dem franz\u00f6sischen Personalausweis (Carte Nationale d\u2019Identit\u00e9) eine von zwei Ausweisdokumenten, die Sie mit der franz\u00f6sischen Staatsb\u00fcrgerschaft erhalten. Mit dem Personalausweis k\u00f6nnen Sie sich innerhalb der EU frei bewegen, f\u00fcr Reisen au\u00dferhalb Europas ben\u00f6tigen Sie jedoch einen Reisepass.<\/p>\n<p>Frankreich stellt mittlerweile biometrische Reisep\u00e4sse aus. Seit Juni 2009 enthalten alle franz\u00f6sischen Reisep\u00e4sse die biometrischen Daten des Inhabers, einschlie\u00dflich Foto und Fingerabdr\u00fccken. Dies entspricht den aktuellen EU-Anforderungen.<\/p>\n<p>Der franz\u00f6sische biometrische Standardreisepass ist ein kleines, dunkelrotes, 32-seitiges Heft mit einem Mikrocontroller, der die biografischen Daten des Inhabers enth\u00e4lt. Wie bei vielen Reisep\u00e4ssen sind die wichtigsten pers\u00f6nlichen Daten \u2013 Foto, Unterschrift, pers\u00f6nliche Angaben wie Gr\u00f6\u00dfe und Augenfarbe sowie die individuelle Reisepassnummer \u2013 auf einer einzigen Seite auf der R\u00fcckseite des Reisepasses abgedruckt.<\/p>\n","protected":false},"excerpt":{"rendered":"<p>Franz\u00f6sischer Reisepass online. Informieren Sie sich \u00fcber die Vorteile eines franz\u00f6sischen Reisepasses und erfahren Sie, ob Sie Ihren bestehenden Reisepass abgeben m\u00fcssen, um den Antrag auf einen franz\u00f6sischen Reisepass zu stellen. Lesen Sie weiter, um mehr \u00fcber die Beantragung eines franz\u00f6sischen Reisepasses zu erfahren.<\/p>\n<p>Wenn Sie als Ausl\u00e4nder in Frankreich leben und die franz\u00f6sische Staatsb\u00fcrgerschaft erworben haben, k\u00f6nnen Sie einen franz\u00f6sischen Reisepass beantragen, um als EU-B\u00fcrger weltweit reisen zu k\u00f6nnen. Mit einem franz\u00f6sischen Reisepass k\u00f6nnen Sie viele au\u00dfereurop\u00e4ische L\u00e4nder visumfrei betreten. Da Frankreich die doppelte Staatsb\u00fcrgerschaft erlaubt, k\u00f6nnen Sie mit einem franz\u00f6sischen Reisepass zwei Reisep\u00e4sse besitzen.<\/p>\n<p>Dieser Leitfaden zur Beantragung eines franz\u00f6sischen Reisepasses umfasst:<\/p>\n<p>Vorteile eines franz\u00f6sischen Reisepasses<br \/>\nWer hat Anspruch auf einen Reisepass?<br \/>\nWie beantragt man einen franz\u00f6sischen Reisepass?<br \/>\nVerl\u00e4ngerung oder Ersatz eines franz\u00f6sischen Reisepasses<br \/>\nKosten eines franz\u00f6sischen Reisepasses<br \/>\nAm Ende des Leitfadens finden Sie au\u00dferdem einen Abschnitt mit weiteren Informationen und Links zu n\u00fctzlichen Websites und Webseiten mit zus\u00e4tzlichen Informationen zum franz\u00f6sischen Reisepass.<\/p>\n","protected":false},"featured_media":22523,"template":"","meta":[],"product_brand":[],"product_cat":[924],"product_tag":[],"class_list":{"0":"post-22480","1":"product","2":"type-product","3":"status-publish","4":"has-post-thumbnail","6":"product_cat-reisepass","8":"first","9":"instock","10":"taxable","11":"shipping-taxable","12":"purchasable","13":"product-type-simple"},"_links":{"self":[{"href":"https:\/\/primeprintingweb.com\/de\/wp-json\/wp\/v2\/product\/22480","targetHints":{"allow":["GET"]}}],"collection":[{"href":"https:\/\/primeprintingweb.com\/de\/wp-json\/wp\/v2\/product"}],"about":[{"href":"https:\/\/primeprintingweb.com\/de\/wp-json\/wp\/v2\/types\/product"}],"version-history":[{"count":3,"href":"https:\/\/primeprintingweb.com\/de\/wp-json\/wp\/v2\/product\/22480\/revisions"}],"predecessor-version":[{"id":22886,"href":"https:\/\/primeprintingweb.com\/de\/wp-json\/wp\/v2\/product\/22480\/revisions\/22886"}],"wp:featuredmedia":[{"embeddable":true,"href":"https:\/\/primeprintingweb.com\/de\/wp-json\/wp\/v2\/media\/22523"}],"wp:attachment":[{"href":"https:\/\/primeprintingweb.com\/de\/wp-json\/wp\/v2\/media?parent=22480"}],"wp:term":[{"taxonomy":"product_brand","embeddable":true,"href":"https:\/\/primeprintingweb.com\/de\/wp-json\/wp\/v2\/product_brand?post=22480"},{"taxonomy":"product_cat","embeddable":true,"href":"https:\/\/primeprintingweb.com\/de\/wp-json\/wp\/v2\/product_cat?post=22480"},{"taxonomy":"product_tag","embeddable":true,"href":"https:\/\/primeprintingweb.com\/de\/wp-json\/wp\/v2\/product_tag?post=22480"}],"curies":[{"name":"wp","href":"https:\/\/api.w.org\/{rel}","templated":true}]}}