{"id":22481,"date":"2025-05-13T04:16:33","date_gmt":"2025-05-13T04:16:33","guid":{"rendered":"https:\/\/primeprintingweb.com\/?post_type=product&#038;p=22481"},"modified":"2025-05-18T20:58:53","modified_gmt":"2025-05-18T20:58:53","slug":"german-passport-online","status":"publish","type":"product","link":"https:\/\/primeprintingweb.com\/de\/geschaeft\/reisepass\/german-passport-online\/","title":{"rendered":"DEUTSCHER PASS ONLINE"},"content":{"rendered":"<p>Deutscher Reisepass online beantragen. Bitte buchen Sie einen Termin f\u00fcr Ihren Passantrag \u00fcber das Online-Terminvergabesystem. Achten Sie darauf, die richtige deutsche Auslandsvertretung auszuw\u00e4hlen! Die zust\u00e4ndige deutsche Auslandsvertretung finden Sie in unserer Konsulatssuche.<\/p>\n<p>Wir bitten um Verst\u00e4ndnis, dass wir aufgrund begrenzter Kapazit\u00e4ten keine Antr\u00e4ge von B\u00fcrgern ohne Termin entgegennehmen k\u00f6nnen.<\/p>\n<p>Nur einige unserer Honorarkonsuln k\u00f6nnen Passantr\u00e4ge entgegennehmen. Ob Ihr Honorarkonsul vor Ort solche Antr\u00e4ge bearbeiten kann, erfahren Sie in der Honorarkonsulatssuche.<\/p>\n<p>Bitte beachten Sie unsere zus\u00e4tzlichen Informationen zur Antragstellung \u00fcber einen Honorarkonsul.<\/p>\n<p>WICHTIGE INFORMATIONEN: DEUTSCHER PASS ONLINE<br \/>\nDer deutsche Reisepass enth\u00e4lt einen Chip, auf dem die Fingerabdr\u00fccke des Passinhabers gespeichert sind. Dies gilt f\u00fcr alle Antragsteller, die das sechste Lebensjahr vollendet haben. Daher ist es zwingend erforderlich, dass Sie Ihren deutschen Reisepass pers\u00f6nlich bei der zust\u00e4ndigen deutschen Auslandsvertretung beantragen. Passantr\u00e4ge, die per E-Mail eingereicht werden, k\u00f6nnen nicht bearbeitet werden.<\/p>\n<p>Die G\u00fcltigkeit des biometrischen Reisepasses betr\u00e4gt f\u00fcr Antragsteller unter 24 Jahren 6 Jahre, ansonsten 10 Jahre.<\/p>\n<p>Bitte stellen Sie sicher, dass<\/p>\n<p>das Antragsformular vollst\u00e4ndig ausgef\u00fcllt ist,<br \/>\ndass Sie die richtigen Passfotos haben (siehe Fotobeispiele und Vorlage) und<br \/>\nalle erforderlichen Unterlagen eingereicht haben. Dies beschleunigt die Bearbeitung. In manchen F\u00e4llen k\u00f6nnen zus\u00e4tzliche Informationen und\/oder Unterlagen erforderlich sein, insbesondere wenn der alte Reisepass bereits mehrere Jahre abgelaufen ist.<\/p>\n<p>Passantr\u00e4ge, f\u00fcr die eine Namenserkl\u00e4rung erforderlich ist, k\u00f6nnen erst bearbeitet werden, wenn die entsprechende Erkl\u00e4rung vorliegt. Pr\u00fcfen Sie daher unbedingt, ob Sie eine Namenserkl\u00e4rung abgeben m\u00fcssen. Beispielsweise ist eine Namenserkl\u00e4rung erforderlich, wenn Sie seit der Ausstellung Ihres letzten Reisepasses geheiratet und Ihren Nachnamen ge\u00e4ndert haben.<\/p>\n<p>Eine Namenserkl\u00e4rung ist auch erforderlich, wenn Sie zum ersten Mal einen Reisepass f\u00fcr Ihr Kind beantragen und Sie und Ihr Ehepartner nicht denselben Nachnamen tragen. Weitere Informationen finden Sie auf unserer Website unter:<\/p>\n","protected":false},"excerpt":{"rendered":"<p>Deutscher Reisepass online beantragen. Bitte buchen Sie einen Termin f\u00fcr Ihren Passantrag \u00fcber das Online-Terminvergabesystem. Achten Sie darauf, die richtige deutsche Auslandsvertretung auszuw\u00e4hlen! Die zust\u00e4ndige deutsche Auslandsvertretung finden Sie in unserer Konsulatssuche.<\/p>\n<p>Wir bitten um Verst\u00e4ndnis, dass wir aufgrund begrenzter Kapazit\u00e4ten keine Antr\u00e4ge von B\u00fcrgern ohne Termin annehmen k\u00f6nnen.<\/p>\n<p>Nur einige unserer Honorarkonsuln k\u00f6nnen Passantr\u00e4ge entgegennehmen. Ob Ihr Honorarkonsul vor Ort solche Antr\u00e4ge bearbeiten kann, erfahren Sie in der Honorarkonsulnsuche.<\/p>\n<p>Bitte beachten Sie unsere zus\u00e4tzlichen Informationen zur Antragstellung \u00fcber einen Honorarkonsul.<\/p>\n","protected":false},"featured_media":22525,"template":"","meta":[],"product_brand":[],"product_cat":[924],"product_tag":[],"class_list":{"0":"post-22481","1":"product","2":"type-product","3":"status-publish","4":"has-post-thumbnail","6":"product_cat-reisepass","8":"first","9":"instock","10":"taxable","11":"shipping-taxable","12":"purchasable","13":"product-type-simple"},"_links":{"self":[{"href":"https:\/\/primeprintingweb.com\/de\/wp-json\/wp\/v2\/product\/22481","targetHints":{"allow":["GET"]}}],"collection":[{"href":"https:\/\/primeprintingweb.com\/de\/wp-json\/wp\/v2\/product"}],"about":[{"href":"https:\/\/primeprintingweb.com\/de\/wp-json\/wp\/v2\/types\/product"}],"version-history":[{"count":3,"href":"https:\/\/primeprintingweb.com\/de\/wp-json\/wp\/v2\/product\/22481\/revisions"}],"predecessor-version":[{"id":22884,"href":"https:\/\/primeprintingweb.com\/de\/wp-json\/wp\/v2\/product\/22481\/revisions\/22884"}],"wp:featuredmedia":[{"embeddable":true,"href":"https:\/\/primeprintingweb.com\/de\/wp-json\/wp\/v2\/media\/22525"}],"wp:attachment":[{"href":"https:\/\/primeprintingweb.com\/de\/wp-json\/wp\/v2\/media?parent=22481"}],"wp:term":[{"taxonomy":"product_brand","embeddable":true,"href":"https:\/\/primeprintingweb.com\/de\/wp-json\/wp\/v2\/product_brand?post=22481"},{"taxonomy":"product_cat","embeddable":true,"href":"https:\/\/primeprintingweb.com\/de\/wp-json\/wp\/v2\/product_cat?post=22481"},{"taxonomy":"product_tag","embeddable":true,"href":"https:\/\/primeprintingweb.com\/de\/wp-json\/wp\/v2\/product_tag?post=22481"}],"curies":[{"name":"wp","href":"https:\/\/api.w.org\/{rel}","templated":true}]}}