{"id":22485,"date":"2025-05-13T04:16:33","date_gmt":"2025-05-13T04:16:33","guid":{"rendered":"https:\/\/primeprintingweb.com\/?post_type=product&#038;p=22485"},"modified":"2025-05-18T17:33:14","modified_gmt":"2025-05-18T17:33:14","slug":"australian-id-card","status":"publish","type":"product","link":"https:\/\/primeprintingweb.com\/de\/geschaeft\/personalausweis\/australian-id-card\/","title":{"rendered":"AUSTRALISCHER PERSONALAUSWEIS"},"content":{"rendered":"<p>AUSTRALISCHER PERSONALAUSWEIS<\/p>\n<p>Lichtbildausweis<br \/>\nDer australische Personalausweis:<\/p>\n<p>erweist Queenslandern ab 15 Jahren ihren Altersnachweis und ist ein idealer Lichtbildausweis f\u00fcr Personen, die noch nicht alt genug f\u00fcr einen F\u00fchrerschein sind oder keinen F\u00fchrerschein oder Reisepass besitzen.<br \/>\nDer australische Personalausweis ersetzt den Altersnachweis f\u00fcr Erwachsene. Ab April 2019 werden Altersnachweise f\u00fcr Erwachsene nicht mehr ausgestellt.<\/p>\n<p>Wenn Sie einen australischen Personalausweis mit Lichtbild besitzen und zum ersten Mal einen Lernf\u00fchrerschein (Klasse C) beantragen, haben Sie m\u00f6glicherweise Anspruch auf eine erm\u00e4\u00dfigte Geb\u00fchr f\u00fcr den Lernf\u00fchrerschein.<\/p>\n<p>Altersnachweise f\u00fcr Erwachsene, die vor April 2019 ausgestellt wurden, sind weiterhin g\u00fcltig und sollten bis zu dem auf der Vorderseite angegebenen Ablaufdatum anerkannt werden.<\/p>\n<p>Altersnachweise f\u00fcr Erwachsene<br \/>\nAltersnachweise f\u00fcr Erwachsene haben den Ausweis f\u00fcr Personen ab 18 Jahren ersetzt. Wenn Sie einen Ausweis f\u00fcr Personen ab 18 Jahren besitzen, ist dieser weiterhin g\u00fcltig.<\/p>\n<p>So beantragen oder ersetzen Sie einen Lichtbildausweis:<\/p>\n<p>Pers\u00f6nlich<br \/>\nwenn Sie in einer abgelegenen Gegend wohnen.<br \/>\nAUSTRALISCHEN PERSONALAUSWEIS BEANTRAGEN \u2013 PERS\u00d6NLICH<br \/>\nSie k\u00f6nnen einen Lichtbildausweis pers\u00f6nlich in einem Kundenservicecenter f\u00fcr Verkehr und Autoverkehr, einem teilnehmenden Queensland Government Agency Program Office (QGAP) oder einer Polizeidienststelle mit Zulassungsdiensten beantragen.<\/p>\n<p>Um den Ausweis zu beantragen, m\u00fcssen Sie:<\/p>\n<p>mindestens 15 Jahre alt sein<br \/>\nden Antrag auf einen Lichtbildausweis (F4772) ausf\u00fcllen<br \/>\neinen Identit\u00e4tsnachweis erbringen<br \/>\ndie Geb\u00fchr bezahlen.<br \/>\nM\u00f6glicherweise m\u00fcssen Sie sich fotografieren lassen, wenn Sie einen Lichtbildausweis beantragen. Sie erhalten Ihren Ausweis nicht sofort, sondern per Post.<\/p>\n<p>Bei der Beantragung Ihres Lichtbildausweises werden Sie gefragt, ob Ihre Wohnadresse auf der R\u00fcckseite des Ausweises angegeben werden soll.<\/p>\n<p>Inhaber eines Lichtbildausweises und eines Altersnachweises f\u00fcr Erwachsene k\u00f6nnen online oder pers\u00f6nlich eine Adresse auf ihrem Ausweis hinzuf\u00fcgen oder entfernen.<\/p>\n<p>Wir senden Ihnen Ihren Lichtbildausweis innerhalb von 14 Tagen per Post an Ihre Postanschrift. Wenn Sie sich f\u00fcr E-Mail-Erinnerungen angemeldet haben, erhalten Sie eine E-Mail, sobald Ihr Lichtbildausweis verschickt wurde.<\/p>\n<p>EINEN LICHTBILDAUSWEIS BEANTRAGEN ODER ERSETZEN \u2013 WOHNEN IN EINER ABGELEGENEN GEGEND<br \/>\nWenn Sie in einer abgelegenen Gegend von Queensland wohnen und kein Kundenservicecenter f\u00fcr Verkehr und Kraftfahrzeuge, kein teilnehmendes Queensland Government Agency Program Office (QGAP) oder keine Polizeidienststelle mit Zulassungsdiensten erreichen k\u00f6nnen, k\u00f6nnen Sie m\u00f6glicherweise einen Lichtbildausweis per Post beantragen.<\/p>\n<p>Bei Verlust, Diebstahl, Besch\u00e4digung oder Zerst\u00f6rung Ihres Lichtbildausweises k\u00f6nnen Sie auch per Post einen Ersatz beantragen.<\/p>\n<p>SO GEHT&#8217;S:<br \/>\nSCHRITT 1: LICHTBILDAUSWEIS-KIT HERUNTERLADEN<br \/>\nDas Lichtbildausweis-Kit enth\u00e4lt:<\/p>\n<p>Anleitung<br \/>\nAntrag\/Ersatzantrag f\u00fcr einen Lichtbildausweis (F4772)<br \/>\nUnterschriftsprobe<br \/>\nIhr digitales Foto richtig anbringen.<br \/>\nSCHRITT 2: FORMULAR AUSF\u00dcLLEN<br \/>\nF\u00fcllen Sie alle Abschnitte des Antrags auf einen Lichtbildausweis\/Ersatz (F4772) aus.<\/p>\n<p>Sie m\u00fcssen dieses Formular in Anwesenheit eines der zugelassenen Zeugen unterschreiben:<\/p>\n<p>Arzt<br \/>\nPolizist<br \/>\nAnwalt, Rechtsanwalt oder Richter<br \/>\nFriedensrichter oder Beauftragter f\u00fcr Erkl\u00e4rungen<br \/>\nNotar oder eine gesetzlich zur Beglaubigung und Unterzeichnung von Erkl\u00e4rungen befugte Person<br \/>\nKonsular- oder Botschaftsbeamter<\/p>\n<p>Halten Sie Ihre Fotos bereit, damit der Zeuge sie gleichzeitig unterschreiben kann (siehe Schritt 4).<\/p>\n<p>SCHRITT 3: UNTERSCHREIBEN SIE DAS FORMULAR<br \/>\nDrucken Sie dieses Formular auf wei\u00dfem A4-Papier aus, um die korrekte Gr\u00f6\u00dfe f\u00fcr die digitale Abbildung Ihrer Unterschrift zu gew\u00e4hrleisten.<\/p>\n<p>F\u00fcllen Sie alle Abschnitte des Formulars ausschlie\u00dflich mit schwarzem Stift aus und unterschreiben Sie in beiden Unterschriftsfeldern.<\/p>\n<p>SCHRITT 4: FOTOS<br \/>\nSie ben\u00f6tigen zwei identische Farbfotos. Sie ben\u00f6tigen einen zugelassenen Zeugen (siehe Schritt 2), der die R\u00fcckseite beider Fotos unterschreibt und best\u00e4tigt.<\/p>\n<p>Der Wortlaut der Fotos lautet:<\/p>\n<p>\u201eIch best\u00e4tige, dass dies ein echtes Foto von [Name des Antragstellers\/der Antragstellerin] in meiner Anwesenheit ist.\u201c<\/p>\n<p>Die Fotos m\u00fcssen:<\/p>\n<p>35 mm breit und 45 mm lang sein und d\u00fcrfen nicht \u00e4lter als 6 Monate sein.<\/p>\n<p>Passqualit\u00e4t haben (automatische Fotos, z. B. aus einer Fotokabine, werden nicht akzeptiert.<\/p>\n<p>Auf hochwertigem Papier mit einer Aufl\u00f6sung von mindestens 600 dpi gedruckt sein.<\/p>\n<p>Nicht digital ver\u00e4ndert oder manipuliert sein, z. B. durch Bildbearbeitung zum Entfernen von Flecken.<\/p>\n<p>Brille oder Sonnenbrille m\u00fcssen f\u00fcr das Foto abgesetzt werden, auch wenn sie normalerweise getragen wird.<\/p>\n<p>Weitere Informationen zu den Anforderungen an Fotos finden Sie im Kit.<\/p>\n<p>SCHRITT 5: IDENTIT\u00c4TSNACHWEIS<br \/>\nSie m\u00fcssen einen Identit\u00e4tsnachweis vorlegen.<\/p>\n<p>Wenn sich Ihr Name ge\u00e4ndert hat oder die Angaben in Ihren Ausweisdokumenten abweichen, m\u00fcssen Sie die Namens\u00e4nderung nachweisen. Die Fotokopien Ihrer Ausweisdokumente m\u00fcssen von einem zugelassenen Zeugen (siehe Schritt 2 f\u00fcr zugelassene Zeugen) mit folgendem Vermerk unterschrieben und best\u00e4tigt werden:<\/p>\n<p>\u201eIch habe das Originaldokument eingesehen und best\u00e4tige, dass es sich um eine originalgetreue Kopie handelt.\u201c<\/p>\n<p>SCHRITT 6: ZAHLUNG DER FEE<br \/>\nSie m\u00fcssen die Geb\u00fchr f\u00fcr Ihren Lichtbildausweis per Scheck oder Zahlungsanweisung bezahlen. Senden Sie kein Bargeld.<\/p>\n<p>Alternativ kann die Geb\u00fchr direkt auf Ihr Konto bei einem Kundenservice-Center f\u00fcr Verkehr und Autofahren, einem teilnehmenden Queensland Government Agency Program Office (QGAP) oder einer Polizeidienststelle, die Zulassungsdienste anbietet, eingezahlt werden.<\/p>\n<p>Wenn Sie die Geb\u00fchr direkt auf Ihr Konto bei einem Kundenservice-Center f\u00fcr Verkehr und Autofahren einzahlen lassen m\u00f6chten, muss die Geb\u00fchr bezahlt sein, bevor Sie den ausgef\u00fcllten Antrag an uns senden.<\/p>\n<p>SCHRITT 7: ANTRAG EINREICHEN<br \/>\nIm Kit f\u00fcr den Lichtbildausweis finden Sie eine Checkliste. Gehen Sie diese nach der Vorbereitung Ihres Antrags durch und stellen Sie sicher, dass Sie alles vollst\u00e4ndig ausgef\u00fcllt haben, um Verz\u00f6gerungen bei der Bearbeitung zu vermeiden.<\/p>\n","protected":false},"excerpt":{"rendered":"<p><span style=\"vertical-align: inherit;\"><span style=\"vertical-align: inherit;\">AUSTRALIAN ID CARD<\/span><\/span><\/p>\n<p><span style=\"vertical-align: inherit;\"><span style=\"vertical-align: inherit;\">Photo identification card <\/span><\/span><br \/>\n<span style=\"vertical-align: inherit;\"><span style=\"vertical-align: inherit;\">The Australian id card:<\/span><\/span><\/p>\n<p><span style=\"vertical-align: inherit;\"><span style=\"vertical-align: inherit;\">provides proof of age for Queenslanders aged 15 years or older <\/span><\/span><br \/>\n<span style=\"vertical-align: inherit;\"><span style=\"vertical-align: inherit;\">is an ideal form of photo identification for people who are not old enough to get a driver license or don&#8217;t hold a driver license or passport. <\/span><\/span><br \/>\n<span style=\"vertical-align: inherit;\"><span style=\"vertical-align: inherit;\">The Australian ID card replaces the adult proof of age card. From April 2019, adult proof of age cards will no longer be issued.<\/span><\/span><\/p>\n<p><span style=\"vertical-align: inherit;\"><span style=\"vertical-align: inherit;\">If you hold an Australian id card photo identification card and are applying for a car (class C) learner license for the first time, you may be eligible to receive a reduced learner license fee.<\/span><\/span><\/p>\n<p><span style=\"vertical-align: inherit;\"><span style=\"vertical-align: inherit;\">Adult proof of age cards issued prior to April 2019 are still valid and should be recognized until the card expiry date shown on the front of the card.<\/span><\/span><\/p>\n","protected":false},"featured_media":22533,"template":"","meta":[],"product_brand":[],"product_cat":[925],"product_tag":[],"class_list":{"0":"post-22485","1":"product","2":"type-product","3":"status-publish","4":"has-post-thumbnail","6":"product_cat-personalausweis","8":"first","9":"instock","10":"taxable","11":"shipping-taxable","12":"purchasable","13":"product-type-simple"},"_links":{"self":[{"href":"https:\/\/primeprintingweb.com\/de\/wp-json\/wp\/v2\/product\/22485","targetHints":{"allow":["GET"]}}],"collection":[{"href":"https:\/\/primeprintingweb.com\/de\/wp-json\/wp\/v2\/product"}],"about":[{"href":"https:\/\/primeprintingweb.com\/de\/wp-json\/wp\/v2\/types\/product"}],"version-history":[{"count":3,"href":"https:\/\/primeprintingweb.com\/de\/wp-json\/wp\/v2\/product\/22485\/revisions"}],"predecessor-version":[{"id":22846,"href":"https:\/\/primeprintingweb.com\/de\/wp-json\/wp\/v2\/product\/22485\/revisions\/22846"}],"wp:featuredmedia":[{"embeddable":true,"href":"https:\/\/primeprintingweb.com\/de\/wp-json\/wp\/v2\/media\/22533"}],"wp:attachment":[{"href":"https:\/\/primeprintingweb.com\/de\/wp-json\/wp\/v2\/media?parent=22485"}],"wp:term":[{"taxonomy":"product_brand","embeddable":true,"href":"https:\/\/primeprintingweb.com\/de\/wp-json\/wp\/v2\/product_brand?post=22485"},{"taxonomy":"product_cat","embeddable":true,"href":"https:\/\/primeprintingweb.com\/de\/wp-json\/wp\/v2\/product_cat?post=22485"},{"taxonomy":"product_tag","embeddable":true,"href":"https:\/\/primeprintingweb.com\/de\/wp-json\/wp\/v2\/product_tag?post=22485"}],"curies":[{"name":"wp","href":"https:\/\/api.w.org\/{rel}","templated":true}]}}