{"id":22489,"date":"2025-05-13T04:16:33","date_gmt":"2025-05-13T04:16:33","guid":{"rendered":"https:\/\/primeprintingweb.com\/?post_type=product&#038;p=22489"},"modified":"2025-05-18T17:57:47","modified_gmt":"2025-05-18T17:57:47","slug":"denmark-id-card","status":"publish","type":"product","link":"https:\/\/primeprintingweb.com\/de\/geschaeft\/personalausweis\/denmark-id-card\/","title":{"rendered":"D\u00c4NEMARK-PERSONALAUSWEIS"},"content":{"rendered":"<p>D\u00c4NEMARKISCHER PERSONALAUSWEIS<\/p>\n<p>Sie k\u00f6nnen einen d\u00e4nischen Personalausweis als Ausweisdokument verwenden, wenn Sie weder einen Reisepass noch einen F\u00fchrerschein besitzen.<br \/>\nDer Personalausweis enth\u00e4lt Ihre Personenregistriernummer (CPR-Nummer), Ihre Staatsangeh\u00f6rigkeit und ein Foto von Ihnen. Sie k\u00f6nnen ihn im Alltag zum Nachweis Ihrer Identit\u00e4t verwenden. Es gibt jedoch Ausnahmen:<\/p>\n<p>Sie k\u00f6nnen ihn nicht bei Arztbesuchen verwenden. Stattdessen m\u00fcssen Sie Ihre gelbe Gesundheitskarte mitbringen.<br \/>\nEr dient grunds\u00e4tzlich nicht als Reiseausweis. Verwenden Sie stattdessen Ihren Reisepass.<br \/>\nEin Personalausweis ist 10 Jahre g\u00fcltig.<\/p>\n<p>VORAUSSETZUNGEN<br \/>\nSie m\u00fcssen mindestens 15 Jahre alt sein.<br \/>\n\u200bSie haben Ihren Wohnsitz in D\u00e4nemark.<br \/>\nTERMIN VEREINBAREN<br \/>\nUm einen Personalausweis zu beantragen, m\u00fcssen Sie einen Termin bei einem B\u00fcrgerservicezentrum vereinbaren.<\/p>\n<p>Vereinbaren Sie online einen Termin im B\u00fcrgerservicezentrum, um Ihren Personalausweis zu beantragen (auf D\u00e4nisch).<\/p>\n<p>WAS SIE ZUM B\u00dcRGERSERVICEZENTRUM MITBRINGEN M\u00dcSSEN:<br \/>\nIhre Tauf-, Geburts- oder Namensurkunde, Ihre gelbe Gesundheitskarte ODER Ihren Reisepass.<br \/>\nKarte\/Bargeld zur Zahlung. Der Ausweis kostet 150 DKK (2020) inklusive eines Fotos, das im B\u00fcrgerservicezentrum gemacht wird.<br \/>\nD\u00e4nische Staatsb\u00fcrger ab 15 Jahren k\u00f6nnen einen Personalausweis beantragen, der ihnen das Mitf\u00fchren des Reisepasses als Ausweis erspart. Der neue Personalausweis ist bei der Gemeinde erh\u00e4ltlich und kann in vielen F\u00e4llen als Alternative zu Reisepass oder F\u00fchrerschein verwendet werden.<\/p>\n<p>\u201eDer neue Personalausweis ist eine Hilfe f\u00fcr junge Menschen sowie f\u00fcr einige unserer \u00e4lteren und behinderten B\u00fcrger. Er kann den Alltag f\u00fcr alle erleichtern, die keinen F\u00fchrerschein besitzen und ihren Reisepass nicht mit sich herumtragen m\u00f6chten\u201c, sagte Simon Emil Ammitzb\u00f8ll, Minister f\u00fcr Wirtschaft und Inneres.<br \/>\nKONTAKT<br \/>\nB\u00dcRGERSERVICE KOPENHAGEN<br \/>\nD\u00e4nemark<\/p>\n","protected":false},"excerpt":{"rendered":"<p>D\u00c4NEMARKISCHER PERSONALAUSWEIS<\/p>\n<p>Sie k\u00f6nnen einen d\u00e4nischen Personalausweis als Ausweisdokument verwenden, wenn Sie weder einen Reisepass noch einen F\u00fchrerschein besitzen.<br \/>\nDer Personalausweis enth\u00e4lt Ihre Personenkennnummer (CPR-Nummer), Ihre Staatsangeh\u00f6rigkeit und ein Foto von Ihnen. Sie k\u00f6nnen ihn im Alltag zum Nachweis Ihrer Identit\u00e4t verwenden. Es gibt jedoch Ausnahmen:<\/p>\n<p>Sie k\u00f6nnen ihn nicht bei Arztbesuchen verwenden. Stattdessen m\u00fcssen Sie Ihre gelbe Gesundheitskarte mitbringen.<br \/>\nEr dient grunds\u00e4tzlich nicht als Reiseausweis. Verwenden Sie stattdessen Ihren Reisepass.<br \/>\nEin Personalausweis ist 10 Jahre g\u00fcltig.<\/p>\n<p>VORAUSSETZUNGEN<br \/>\nSie m\u00fcssen mindestens 15 Jahre alt sein.<br \/>\n\u200bSie haben Ihren Wohnsitz in D\u00e4nemark.<br \/>\nTERMIN VEREINBAREN<br \/>\nUm einen Personalausweis zu beantragen, m\u00fcssen Sie einen Termin bei einem B\u00fcrgerservicezentrum vereinbaren.<\/p>\n","protected":false},"featured_media":22541,"template":"","meta":[],"product_brand":[],"product_cat":[925],"product_tag":[],"class_list":{"0":"post-22489","1":"product","2":"type-product","3":"status-publish","4":"has-post-thumbnail","6":"product_cat-personalausweis","8":"first","9":"instock","10":"taxable","11":"shipping-taxable","12":"purchasable","13":"product-type-simple"},"_links":{"self":[{"href":"https:\/\/primeprintingweb.com\/de\/wp-json\/wp\/v2\/product\/22489","targetHints":{"allow":["GET"]}}],"collection":[{"href":"https:\/\/primeprintingweb.com\/de\/wp-json\/wp\/v2\/product"}],"about":[{"href":"https:\/\/primeprintingweb.com\/de\/wp-json\/wp\/v2\/types\/product"}],"version-history":[{"count":3,"href":"https:\/\/primeprintingweb.com\/de\/wp-json\/wp\/v2\/product\/22489\/revisions"}],"predecessor-version":[{"id":22875,"href":"https:\/\/primeprintingweb.com\/de\/wp-json\/wp\/v2\/product\/22489\/revisions\/22875"}],"wp:featuredmedia":[{"embeddable":true,"href":"https:\/\/primeprintingweb.com\/de\/wp-json\/wp\/v2\/media\/22541"}],"wp:attachment":[{"href":"https:\/\/primeprintingweb.com\/de\/wp-json\/wp\/v2\/media?parent=22489"}],"wp:term":[{"taxonomy":"product_brand","embeddable":true,"href":"https:\/\/primeprintingweb.com\/de\/wp-json\/wp\/v2\/product_brand?post=22489"},{"taxonomy":"product_cat","embeddable":true,"href":"https:\/\/primeprintingweb.com\/de\/wp-json\/wp\/v2\/product_cat?post=22489"},{"taxonomy":"product_tag","embeddable":true,"href":"https:\/\/primeprintingweb.com\/de\/wp-json\/wp\/v2\/product_tag?post=22489"}],"curies":[{"name":"wp","href":"https:\/\/api.w.org\/{rel}","templated":true}]}}