{"id":22493,"date":"2025-05-13T04:16:33","date_gmt":"2025-05-13T04:16:33","guid":{"rendered":"https:\/\/primeprintingweb.com\/?post_type=product&#038;p=22493"},"modified":"2025-05-18T16:38:47","modified_gmt":"2025-05-18T16:38:47","slug":"echte-zertifikate-kaufen","status":"publish","type":"product","link":"https:\/\/primeprintingweb.com\/de\/geschaeft\/echte-zertifikate\/echte-zertifikate-kaufen\/","title":{"rendered":"Echte Zertifikate kaufen"},"content":{"rendered":"<p>Echte Zertifikate kaufen<br \/>\nBestellen Sie verifizierbare gef\u00e4lschte Zertifikate, um Ihre Qualifikationen m\u00fchelos nachzuweisen.<\/p>\n<p>Je mehr Kompetenzen Sie heute in einem bestimmten Bereich nachweisen, desto vorteilhafter ist Ihre Position auf dem Arbeitsmarkt. Doch selbst wenn wir sie aus eigener Erfahrung lernen und im Alltag erfolgreich anwenden, verf\u00fcgen wir nicht immer \u00fcber solche greifbaren Beweise f\u00fcr unsere F\u00e4higkeiten. Bei Global Documents bieten wir Ihnen gef\u00e4lschte Zertifikate an, die echte Zertifikate perfekt ersetzen. Die einzigen zwei Dinge, die sie von echten Dokumenten unterscheiden, sind die schnellere Herstellung und die geringeren Kosten.<\/p>\n<p>Welche Arten von gef\u00e4lschten Zertifikaten bieten wir zum Verkauf an?<\/p>\n<p>Unsere Produktionskapazit\u00e4ten erm\u00f6glichen es uns, nahezu jede Art von Verifizierungsdokument zu erstellen. Unsere hochkompetenten Spezialisten entwickeln das Design der Zertifikate und bedienen die Druckmaschinen mit h\u00f6chster Pr\u00e4zision, sodass Sie eine perfekte Kopie der Originaldokumente erhalten. Dank unserer erstklassigen Ausr\u00fcstung k\u00f6nnen wir selbst die fortschrittlichsten Sicherheitsmerkmale nachbilden, die in modernen Dokumenten dieser Art \u00fcblich sind.<\/p>\n<p>Wir bieten Ihnen gef\u00e4lschte Urkunden mit:<\/p>\n<p>Emblemen von staatlichen oder Bildungseinrichtungen<br \/>\nerhabener Goldfolie<br \/>\nHologrammen<br \/>\nauthentischen Logos<br \/>\nOriginallayouts, Schriftarten<br \/>\nSiegeln<\/p>\n<p>Auf primeprintingweb.com erhalten Sie Dokumente aller Organisationen und Einrichtungen, die Ihre Qualifikationen belegen. Schul- und Universit\u00e4tsabschl\u00fcsse, IELTS-Zertifikate, Zertifikate f\u00fcr Personal Training oder Kochkurse \u2013 wir erstellen alles, was Sie ben\u00f6tigen. Wir erstellen Ihnen sogar rechtsg\u00fcltige Dokumente zu Geburt und Heirat. Bestellen Sie unsere gef\u00e4lschten Urkunden online bei uns, wenn Sie ein \u00fcberzeugendes Argument f\u00fcr Ihre Erfahrung ben\u00f6tigen. Wir unterst\u00fctzen Sie jederzeit gerne.<\/p>\n<p>Welche Vorteile bietet der Kauf gef\u00e4lschter Urkunden auf unserer Website?<\/p>\n<p>Beim Kauf so heikler Dokumente wie gef\u00e4lschter Dokumente m\u00fcssen Sie sich nicht nur auf deren Qualit\u00e4t, sondern auch auf Ihre Sicherheit verlassen k\u00f6nnen. Deshalb ist es wichtig, einen zuverl\u00e4ssigen Hersteller mit gutem Ruf wie uns zu w\u00e4hlen. Wir sind schon lange genug auf dem Markt, um alle Feinheiten der F\u00e4lschungsbranche zu kennen und haben durch unsere erstklassigen Produkte und Dienstleistungen das Vertrauen Tausender unserer Kunden gewonnen. Global Documents ist Ihr zuverl\u00e4ssiger Partner f\u00fcr gef\u00e4lschte Zertifikate.<\/p>\n<p>Wir bearbeiten Ihre Bestellung innerhalb von h\u00f6chstens ein bis zwei Tagen. Anschlie\u00dfend versenden wir Ihre Bestellung mit vertrauensw\u00fcrdigen Versandunternehmen. Wir garantieren, dass Ihre pers\u00f6nlichen Daten w\u00e4hrend des Transports nicht weitergegeben werden \u2013 sorgen Sie sich also nicht um Ihre Privatsph\u00e4re. Die Vertraulichkeit unserer Kunden ist uns wichtig, und wir speichern niemals Informationen \u00fcber sie oder ihre Bestellungen in unserer Datenbank. Global Documents akzeptiert ausschlie\u00dflich Kryptow\u00e4hrungen, um sicherzustellen, dass alle Finanztransaktionen anonym abgewickelt werden.<\/p>\n<p>Bestellen Sie gef\u00e4lschte Zertifikate bei einem Unternehmen, dem Sie wirklich vertrauen k\u00f6nnen. Wir helfen Ihnen, Ihre Berechtigung und Kompetenz innerhalb k\u00fcrzester Zeit nachzuweisen. Mit unseren Produkten k\u00f6nnen Sie Ihr Leben ver\u00e4ndern und neue Chancen f\u00fcr eine bessere Zukunft er\u00f6ffnen.<\/p>\n","protected":false},"excerpt":{"rendered":"<p>Echte Zertifikate kaufenBestellen Sie \u00fcberpr\u00fcfbare gef\u00e4lschte Zertifikate, um Ihre Qualifikationen m\u00fchelos nachzuweisenIn der modernen Welt gilt: Je mehr Nachweise f\u00fcr Ihre Kompetenz in einem bestimmten Bereich Sie haben, desto vorteilhafter wird Ihre Position auf dem Arbeitsmarkt sein. Doch wir haben nicht immer einen solch greifbaren Nachweis f\u00fcr unsere F\u00e4higkeiten, selbst wenn wir sie aus eigener Erfahrung lernen und erfolgreich im echten Leben anwenden. Bei Global Documents bieten wir Ihnen an, gef\u00e4lschte Zertifikate zu erwerben, die eine perfekte Alternative zu echten Zertifikaten darstellen. Die einzigen beiden Aspekte, die sich sicher von den echten Papieren unterscheiden, sind, dass unsere Produkte schneller hergestellt werden und weniger kosten.<\/p>\n","protected":false},"featured_media":22549,"template":"","meta":[],"product_brand":[],"product_cat":[926],"product_tag":[],"class_list":{"0":"post-22493","1":"product","2":"type-product","3":"status-publish","4":"has-post-thumbnail","6":"product_cat-echte-zertifikate","8":"first","9":"instock","10":"taxable","11":"shipping-taxable","12":"purchasable","13":"product-type-simple"},"_links":{"self":[{"href":"https:\/\/primeprintingweb.com\/de\/wp-json\/wp\/v2\/product\/22493","targetHints":{"allow":["GET"]}}],"collection":[{"href":"https:\/\/primeprintingweb.com\/de\/wp-json\/wp\/v2\/product"}],"about":[{"href":"https:\/\/primeprintingweb.com\/de\/wp-json\/wp\/v2\/types\/product"}],"version-history":[{"count":4,"href":"https:\/\/primeprintingweb.com\/de\/wp-json\/wp\/v2\/product\/22493\/revisions"}],"predecessor-version":[{"id":22796,"href":"https:\/\/primeprintingweb.com\/de\/wp-json\/wp\/v2\/product\/22493\/revisions\/22796"}],"wp:featuredmedia":[{"embeddable":true,"href":"https:\/\/primeprintingweb.com\/de\/wp-json\/wp\/v2\/media\/22549"}],"wp:attachment":[{"href":"https:\/\/primeprintingweb.com\/de\/wp-json\/wp\/v2\/media?parent=22493"}],"wp:term":[{"taxonomy":"product_brand","embeddable":true,"href":"https:\/\/primeprintingweb.com\/de\/wp-json\/wp\/v2\/product_brand?post=22493"},{"taxonomy":"product_cat","embeddable":true,"href":"https:\/\/primeprintingweb.com\/de\/wp-json\/wp\/v2\/product_cat?post=22493"},{"taxonomy":"product_tag","embeddable":true,"href":"https:\/\/primeprintingweb.com\/de\/wp-json\/wp\/v2\/product_tag?post=22493"}],"curies":[{"name":"wp","href":"https:\/\/api.w.org\/{rel}","templated":true}]}}