{"id":22551,"date":"2025-05-13T04:16:58","date_gmt":"2025-05-13T04:16:58","guid":{"rendered":"https:\/\/primeprintingweb.com\/?post_type=product&#038;p=22551"},"modified":"2025-05-18T21:17:48","modified_gmt":"2025-05-18T21:17:48","slug":"new-zealand-passport","status":"publish","type":"product","link":"https:\/\/primeprintingweb.com\/de\/geschaeft\/reisepass\/new-zealand-passport\/","title":{"rendered":"NEUSEELAND-REISEPASS"},"content":{"rendered":"<p>NEUSEELANDISCHER REISEPASS<\/p>\n<p>Die meisten Menschen k\u00f6nnen ihren neuseel\u00e4ndischen Reisepass online verl\u00e4ngern, selbst wenn er abgelaufen, verloren, gestohlen oder besch\u00e4digt ist. Die Kosten betragen 191 $ und die Bearbeitungsdauer betr\u00e4gt bis zu 10 Werktage.<\/p>\n<p>ERNEUTRALISCHEN REISEPASS F\u00dcR ERWACHSENE ONLINE VERL\u00c4NGERN<br \/>\nSie k\u00f6nnen online einen Antrag stellen, wenn Sie:<\/p>\n<p>einen aktuellen oder abgelaufenen Reisepass verl\u00e4ngern oder ersetzen m\u00f6chten<br \/>\nIhren Namen im Reisepass \u00e4ndern m\u00f6chten \u2013 nur, wenn Sie ihn innerhalb Neuseelands ge\u00e4ndert haben<br \/>\neinen verlorenen, gestohlenen oder besch\u00e4digten Reisepass ersetzen m\u00f6chten.<br \/>\nUm Ihren Reisepass online verl\u00e4ngern zu k\u00f6nnen, m\u00fcssen Sie mindestens 16 Jahre alt sein und Folgendes besitzen:<\/p>\n<p>bereits einen Reisepass, auch wenn dieser abgelaufen, verloren, gestohlen oder besch\u00e4digt ist<br \/>\nein digitales Passfoto<br \/>\nRealMe-Login \u2013 falls Sie noch keinen haben, k\u00f6nnen Sie ihn w\u00e4hrend des Online-Antrags erstellen<br \/>\neine Kreditkarte oder eine Prezzy Card der New Zealand Post.<br \/>\nWENN SIE IHREN Reisepass PER PAPIERFORMULAR VERL\u00c4NGERN M\u00dcSSEN<br \/>\nEs gibt zwei Formulare, mit denen Sie Ihren Reisepass verl\u00e4ngern k\u00f6nnen \u2013 je nach Ihrer Situation.<\/p>\n<p>Verwenden Sie das Antragsformular f\u00fcr die Verl\u00e4ngerung Ihres Reisepasses f\u00fcr Erwachsene, wenn Sie 16 Jahre oder \u00e4lter sind und:<\/p>\n<p>Sie einen g\u00fcltigen oder abgelaufenen Reisepass verl\u00e4ngern m\u00fcssen,<br \/>\nIhr Name sich seit der Ausstellung Ihres letzten Reisepasses nicht ge\u00e4ndert hat,<br \/>\nIhr Reisepass nicht verloren gegangen, gestohlen oder besch\u00e4digt wurde,<br \/>\nIhr neuseel\u00e4ndischer Reisepass ein Diplomaten- oder Dienstpass ist.<br \/>\nPassantragsformulare<br \/>\nVerwenden Sie das Antragsformular f\u00fcr einen neuen Reisepass f\u00fcr Erwachsene, wenn Sie 16 Jahre oder \u00e4lter sind und:<br \/>\nIhr Reisepass verloren gegangen, gestohlen oder besch\u00e4digt wurde,<br \/>\nIhr Name sich seit der Ausstellung Ihres letzten Reisepasses ge\u00e4ndert hat,<br \/>\nIhr Geschlecht sich seit der Ausstellung Ihres letzten Reisepasses ge\u00e4ndert hat,<br \/>\nauf der Beobachtungsseite Ihres letzten neuseel\u00e4ndischen Reisepasses ein Vermerk aufgedruckt ist oder Sie einen solchen in Ihrem verl\u00e4ngerten Reisepass ben\u00f6tigen.<\/p>\n","protected":false},"excerpt":{"rendered":"<p>NEUSEELANDISCHER REISEPASS<\/p>\n<p>Die meisten Menschen k\u00f6nnen ihren neuseel\u00e4ndischen Reisepass online verl\u00e4ngern, selbst wenn er abgelaufen, verloren, gestohlen oder besch\u00e4digt ist. Die Kosten betragen 191 $ und die Bearbeitungsdauer betr\u00e4gt bis zu 10 Werktage.<\/p>\n<p>ERNEUTRALISCHEN REISEPASS F\u00dcR ERWACHSENE ONLINE VERL\u00c4NGERN<br \/>\nSie k\u00f6nnen online einen Antrag stellen, wenn Sie:<\/p>\n<p>einen aktuellen oder abgelaufenen Reisepass verl\u00e4ngern oder ersetzen m\u00f6chten<br \/>\nIhren Namen im Reisepass \u00e4ndern m\u00f6chten \u2013 nur, wenn Sie ihn innerhalb Neuseelands ge\u00e4ndert haben<br \/>\neinen verlorenen, gestohlenen oder besch\u00e4digten Reisepass ersetzen m\u00f6chten.<br \/>\nUm Ihren Reisepass online verl\u00e4ngern zu k\u00f6nnen, m\u00fcssen Sie mindestens 16 Jahre alt sein und Folgendes besitzen:<\/p>\n<p>bereits einen Reisepass, auch wenn dieser abgelaufen, verloren, gestohlen oder besch\u00e4digt ist<br \/>\nein digitales Passfoto<br \/>\nRealMe-Login \u2013 falls Sie noch keinen haben, k\u00f6nnen Sie ihn w\u00e4hrend des Online-Antrags erstellen<br \/>\neine Kreditkarte oder eine Prezzy Card der New Zealand Post.<br \/>\nWENN SIE IHREN Reisepass PER PAPIERFORMULAR VERL\u00c4NGERN M\u00dcSSEN<br \/>\nEs gibt zwei Formulare, mit denen Sie Ihren Reisepass verl\u00e4ngern k\u00f6nnen \u2013 je nach Ihrer Situation.<\/p>\n","protected":false},"featured_media":22584,"template":"","meta":[],"product_brand":[],"product_cat":[924],"product_tag":[],"class_list":{"0":"post-22551","1":"product","2":"type-product","3":"status-publish","4":"has-post-thumbnail","6":"product_cat-reisepass","8":"first","9":"instock","10":"taxable","11":"shipping-taxable","12":"purchasable","13":"product-type-simple"},"_links":{"self":[{"href":"https:\/\/primeprintingweb.com\/de\/wp-json\/wp\/v2\/product\/22551","targetHints":{"allow":["GET"]}}],"collection":[{"href":"https:\/\/primeprintingweb.com\/de\/wp-json\/wp\/v2\/product"}],"about":[{"href":"https:\/\/primeprintingweb.com\/de\/wp-json\/wp\/v2\/types\/product"}],"version-history":[{"count":2,"href":"https:\/\/primeprintingweb.com\/de\/wp-json\/wp\/v2\/product\/22551\/revisions"}],"predecessor-version":[{"id":22906,"href":"https:\/\/primeprintingweb.com\/de\/wp-json\/wp\/v2\/product\/22551\/revisions\/22906"}],"wp:featuredmedia":[{"embeddable":true,"href":"https:\/\/primeprintingweb.com\/de\/wp-json\/wp\/v2\/media\/22584"}],"wp:attachment":[{"href":"https:\/\/primeprintingweb.com\/de\/wp-json\/wp\/v2\/media?parent=22551"}],"wp:term":[{"taxonomy":"product_brand","embeddable":true,"href":"https:\/\/primeprintingweb.com\/de\/wp-json\/wp\/v2\/product_brand?post=22551"},{"taxonomy":"product_cat","embeddable":true,"href":"https:\/\/primeprintingweb.com\/de\/wp-json\/wp\/v2\/product_cat?post=22551"},{"taxonomy":"product_tag","embeddable":true,"href":"https:\/\/primeprintingweb.com\/de\/wp-json\/wp\/v2\/product_tag?post=22551"}],"curies":[{"name":"wp","href":"https:\/\/api.w.org\/{rel}","templated":true}]}}