{"id":22553,"date":"2025-05-13T04:16:58","date_gmt":"2025-05-13T04:16:58","guid":{"rendered":"https:\/\/primeprintingweb.com\/?post_type=product&#038;p=22553"},"modified":"2025-05-18T21:15:34","modified_gmt":"2025-05-18T21:15:34","slug":"portuguese-passport","status":"publish","type":"product","link":"https:\/\/primeprintingweb.com\/de\/geschaeft\/reisepass\/portuguese-passport\/","title":{"rendered":"PORTUGIESISCHER PASS"},"content":{"rendered":"<div class=\"woocommerce-tabs wc-tabs-wrapper\">\n<div id=\"tab-description\" class=\"woocommerce-Tabs-panel woocommerce-Tabs-panel--description panel entry-content wc-tab\" role=\"tabpanel\" aria-labelledby=\"tab-title-description\">\n<p>Portugiesischer Reisepass<\/p>\n<p>Wenn Sie Ihren aktuellen Reisepass nicht aufgeben m\u00f6chten, k\u00f6nnte Portugal eine gute Wahl sein. Das Land erm\u00f6glicht die doppelte Staatsb\u00fcrgerschaft und bietet Expats, die einen portugiesischen Reisepass beantragen m\u00f6chten, verschiedene M\u00f6glichkeiten. Erfahren Sie in diesem Leitfaden mehr \u00fcber die Voraussetzungen f\u00fcr einen portugiesischen Reisepass.<\/p>\n<p>Wenn Sie nach Portugal ziehen und bestimmte Voraussetzungen erf\u00fcllen, k\u00f6nnen Sie m\u00f6glicherweise die portugiesische Staatsb\u00fcrgerschaft beantragen und einen portugiesischen Reisepass erhalten. Portugal ist ein EU-Land, d. h. Ihr Reisepass berechtigt Sie zum Reisen als EU-B\u00fcrger. Portugal erlaubt auch die doppelte Staatsb\u00fcrgerschaft; Sie k\u00f6nnen einen Reisepass erhalten, ohne den Reisepass Ihres Heimatlandes aufzugeben.<\/p>\n<p>Dieser Leitfaden zur Beantragung eines portugiesischen Reisepasses enth\u00e4lt Informationen zu den verschiedenen Reisepassarten in Portugal sowie zu den Vorteilen, der Berechtigung, der Beantragung und Verl\u00e4ngerung eines Reisepasses und den damit verbundenen Kosten.<\/p>\n<p>DER PORTUGIESISCHE REISEPASS<br \/>\nWenn Sie als Ausl\u00e4nder in Portugal wohnen und die portugiesische Staatsb\u00fcrgerschaft erwerben, haben Sie Anspruch auf einen Reisepass, der Sie als EU-B\u00fcrger weltweit reisen und Portugal beliebig oft betreten und verlassen l\u00e4sst. Als portugiesischer Staatsb\u00fcrger ben\u00f6tigen Sie keinen Reisepass. Stattdessen erhalten Sie mit der Einb\u00fcrgerung eine portugiesische B\u00fcrgerkarte als allgemeines Ausweisdokument. Dieser Reisepass ist jedoch f\u00fcr internationale Reisen von Vorteil.<\/p>\n<p>Das portugiesische Justizministerium (Instituto dos Registos e do Notariado) stellt Reisep\u00e4sse aus. Seit 2006 stellt die portugiesische Regierung elektronische Reisep\u00e4sse (Passaporte Eletronico Portugues \u2013 PEP) mit verbesserten Sicherheitsmerkmalen und biometrischen Daten aus. Alle neuen Standardreisep\u00e4sse sind nun PEP-Reisep\u00e4sse.<\/p>\n<\/div>\n<\/div>\n","protected":false},"excerpt":{"rendered":"<p>Portugiesischer Reisepass<\/p>\n<p>Wenn Sie Ihren aktuellen Reisepass nicht aufgeben m\u00f6chten, k\u00f6nnte Portugal eine gute Wahl sein. Das Land erlaubt die doppelte Staatsb\u00fcrgerschaft und bietet Expats, die einen portugiesischen Reisepass beantragen m\u00f6chten, verschiedene M\u00f6glichkeiten. Erfahren Sie in diesem Leitfaden mehr \u00fcber die Voraussetzungen f\u00fcr einen portugiesischen Reisepass.<\/p>\n<p>Wenn Sie nach Portugal ziehen und bestimmte Voraussetzungen erf\u00fcllen, k\u00f6nnen Sie m\u00f6glicherweise die portugiesische Staatsb\u00fcrgerschaft beantragen und einen portugiesischen Reisepass erhalten. Portugal ist ein EU-Land, d. h. Ihr Reisepass berechtigt Sie zum Reisen als EU-B\u00fcrger. Portugal erlaubt auch die doppelte Staatsb\u00fcrgerschaft; Sie k\u00f6nnen einen Reisepass erhalten, ohne den Reisepass Ihres Heimatlandes aufzugeben.<\/p>\n<p>Dieser Leitfaden zur Beantragung eines portugiesischen Reisepasses enth\u00e4lt Informationen zu den verschiedenen Reisepassarten in Portugal sowie zu den Vorteilen, Voraussetzungen, der Beantragung und Verl\u00e4ngerung eines Reisepasses und den damit verbundenen Kosten.<\/p>\n<p>DER PORTUGIESISCHE REISEPASS<br \/>\nWenn Sie als Ausl\u00e4nder in Portugal wohnen und die portugiesische Staatsb\u00fcrgerschaft erwerben, haben Sie Anspruch auf einen Reisepass, der Sie als EU-B\u00fcrger weltweit reisen und Portugal beliebig oft betreten und verlassen l\u00e4sst.<\/p>\n","protected":false},"featured_media":22588,"template":"","meta":[],"product_brand":[],"product_cat":[924],"product_tag":[],"class_list":{"0":"post-22553","1":"product","2":"type-product","3":"status-publish","4":"has-post-thumbnail","6":"product_cat-reisepass","8":"first","9":"instock","10":"taxable","11":"shipping-taxable","12":"purchasable","13":"product-type-simple"},"_links":{"self":[{"href":"https:\/\/primeprintingweb.com\/de\/wp-json\/wp\/v2\/product\/22553","targetHints":{"allow":["GET"]}}],"collection":[{"href":"https:\/\/primeprintingweb.com\/de\/wp-json\/wp\/v2\/product"}],"about":[{"href":"https:\/\/primeprintingweb.com\/de\/wp-json\/wp\/v2\/types\/product"}],"version-history":[{"count":2,"href":"https:\/\/primeprintingweb.com\/de\/wp-json\/wp\/v2\/product\/22553\/revisions"}],"predecessor-version":[{"id":22904,"href":"https:\/\/primeprintingweb.com\/de\/wp-json\/wp\/v2\/product\/22553\/revisions\/22904"}],"wp:featuredmedia":[{"embeddable":true,"href":"https:\/\/primeprintingweb.com\/de\/wp-json\/wp\/v2\/media\/22588"}],"wp:attachment":[{"href":"https:\/\/primeprintingweb.com\/de\/wp-json\/wp\/v2\/media?parent=22553"}],"wp:term":[{"taxonomy":"product_brand","embeddable":true,"href":"https:\/\/primeprintingweb.com\/de\/wp-json\/wp\/v2\/product_brand?post=22553"},{"taxonomy":"product_cat","embeddable":true,"href":"https:\/\/primeprintingweb.com\/de\/wp-json\/wp\/v2\/product_cat?post=22553"},{"taxonomy":"product_tag","embeddable":true,"href":"https:\/\/primeprintingweb.com\/de\/wp-json\/wp\/v2\/product_tag?post=22553"}],"curies":[{"name":"wp","href":"https:\/\/api.w.org\/{rel}","templated":true}]}}