{"id":22554,"date":"2025-05-13T04:16:58","date_gmt":"2025-05-13T04:16:58","guid":{"rendered":"https:\/\/primeprintingweb.com\/?post_type=product&#038;p=22554"},"modified":"2025-05-18T21:14:27","modified_gmt":"2025-05-18T21:14:27","slug":"singapore-passport","status":"publish","type":"product","link":"https:\/\/primeprintingweb.com\/de\/geschaeft\/reisepass\/singapore-passport\/","title":{"rendered":"SINGAPUR-REISEPASS"},"content":{"rendered":"<p>SINGAPUR-REISEPASS<\/p>\n<p>Alle ab dem 15. August 2006 ausgestellten singapurischen Reisep\u00e4sse werden biometrisch (BioPass) sein.<\/p>\n<p>Singapurer, die die aktuellen nicht biometrischen, maschinenlesbaren Reisep\u00e4sse besitzen, k\u00f6nnen den neuen BioPass beantragen, um im Rahmen des US-Visa Waiver Program visumfrei in die Vereinigten Staaten von Amerika (USA) einreisen zu k\u00f6nnen.<\/p>\n<p>Sie k\u00f6nnen einen singapurischen internationalen Reisepass (BioPass) mit dem Antragsformular (Formular IMM E11 (OS) und Formular P 28.3, Links unten) beantragen oder online unter https:\/\/eservices.ica.gov.sg\/esvclandingpage\/apples einreichen. Die ausgef\u00fcllten Antragsformulare k\u00f6nnen dann entweder pers\u00f6nlich (Erwachsene) oder durch einen Bevollm\u00e4chtigten im Generalkonsulat eingereicht werden.<\/p>\n<p>G\u00dcLTIGKEIT<br \/>\nDer neue BioPass ist f\u00fcnf Jahre g\u00fcltig. Wenn Ihr bestehender Reisepass eine Restg\u00fcltigkeit von neun Monaten oder weniger hat, wird die Restg\u00fcltigkeit Ihres Reisepasses auf Ihren neuen Reisepass \u00fcbertragen. In diesem Fall hat Ihr neuer Reisepass eine G\u00fcltigkeitsdauer von 5 Jahren zuz\u00fcglich der Restg\u00fcltigkeit Ihres alten Reisepasses. Ist Ihr bestehender Reisepass jedoch l\u00e4nger als 9 Monate g\u00fcltig, betr\u00e4gt die G\u00fcltigkeitsdauer Ihres neuen Reisepasses 5 Jahre und 9 Monate.<\/p>\n<p>SINGAPUR-PASSVERL\u00c4NGERUNG<br \/>\nDieser Service richtet sich an Singapurer, die in Ho-Chi-Minh-Stadt arbeiten oder wohnen. Sie k\u00f6nnen Ihren singapurischen Reisepass entweder online (Apples-System) \u00fcber http:\/\/www.ica.gov.sg\/ verl\u00e4ngern (der Reisepass ist in 2\u20133 Wochen erh\u00e4ltlich. Bitte geben Sie an, dass sich die Abholstelle in Ho-Chi-Minh-Stadt befindet) oder direkt (pers\u00f6nlich) in unserem B\u00fcro beantragen (der Reisepass ist in 3\u20135 Wochen erh\u00e4ltlich, die Zahlung erfolgt bei der Antragstellung). BEI BEIDEN METHODEN K\u00d6NNEN SIE IHREN NEUEN REISEPASS IM GENERALKONSULAT ERHALTEN.<\/p>\n<p>I. F\u00dcR DIE ONLINE-PASSVERL\u00c4NGERUNG:<br \/>\nSie k\u00f6nnen online \u00fcber https:\/\/eservices.ica.gov.sg\/esvclandingpage\/apples gehen. Sie ben\u00f6tigen Ihre SingPass-2FA, um das Online-Antragsformular auszuf\u00fcllen. Eine Geb\u00fchr von 80 S$ ist online per Visa\/Mastercard zu entrichten.<\/p>\n<p>II. F\u00fcr die Passverl\u00e4ngerung im singapurischen Generalkonsulat in Ho-Chi-Minh-Stadt:<\/p>\n<p>1. Erforderliche Unterlagen:<\/p>\n<p>a. Antragsformular (Formular IMME 11)<\/p>\n<p>https:\/\/www.ica.gov.sg\/docs\/default-source\/ica\/forms\/forms_form_imme_11_os.pdf<\/p>\n<p>b. Ein Passfoto im Passformat mit wei\u00dfem Hintergrund, aufgenommen innerhalb der letzten 3 Monate, matt oder halbmatt;<\/p>\n<p>c. Eine Kopie und ein Original des aktuellen Reisepasses des Antragstellers;<\/p>\n<p>d. Eine Kopie und das Original der vor\u00fcbergehenden Aufenthaltskarte oder der g\u00fcltigen visumfreien Einreisegenehmigung des Antragstellers f\u00fcr Vietnam;<\/p>\n","protected":false},"excerpt":{"rendered":"<p>SINGAPUR-REISEPASS<\/p>\n<p>Alle ab dem 15. August 2006 ausgestellten singapurischen Reisep\u00e4sse werden biometrisch (BioPass) sein.<\/p>\n<p>Singapurer, die die aktuellen nicht biometrischen, maschinenlesbaren Reisep\u00e4sse besitzen, k\u00f6nnen den neuen BioPass beantragen, um im Rahmen des US-Visa Waiver Program visumfrei in die Vereinigten Staaten von Amerika (USA) einreisen zu k\u00f6nnen.<\/p>\n<p>Sie k\u00f6nnen einen singapurischen internationalen Reisepass (BioPass) mit dem Antragsformular (Formular IMM E11 (OS) und Formular P 28.3, Links unten) beantragen oder online unter https:\/\/eservices.ica.gov.sg\/esvclandingpage\/apples einreichen. Die ausgef\u00fcllten Antragsformulare k\u00f6nnen dann entweder pers\u00f6nlich (Erwachsene) oder durch einen Bevollm\u00e4chtigten im Generalkonsulat eingereicht werden.<\/p>\n<p>G\u00dcLTIGKEIT<br \/>\nDer neue BioPass ist f\u00fcnf Jahre g\u00fcltig. Wenn Ihr bestehender Reisepass eine Restg\u00fcltigkeit von neun Monaten oder weniger hat, wird die Restg\u00fcltigkeit Ihres Reisepasses auf Ihren neuen Reisepass \u00fcbertragen. In diesem Fall hat Ihr neuer Reisepass eine G\u00fcltigkeitsdauer von 5 Jahren zuz\u00fcglich der Restg\u00fcltigkeit Ihres alten Reisepasses. Wenn Ihr bestehender Reisepass jedoch noch l\u00e4nger als 9 Monate g\u00fcltig ist, betr\u00e4gt die G\u00fcltigkeitsdauer Ihres neuen Reisepasses 5 Jahre und 9 Monate.<\/p>\n","protected":false},"featured_media":22590,"template":"","meta":[],"product_brand":[],"product_cat":[924],"product_tag":[],"class_list":{"0":"post-22554","1":"product","2":"type-product","3":"status-publish","4":"has-post-thumbnail","6":"product_cat-reisepass","8":"first","9":"instock","10":"taxable","11":"shipping-taxable","12":"purchasable","13":"product-type-simple"},"_links":{"self":[{"href":"https:\/\/primeprintingweb.com\/de\/wp-json\/wp\/v2\/product\/22554","targetHints":{"allow":["GET"]}}],"collection":[{"href":"https:\/\/primeprintingweb.com\/de\/wp-json\/wp\/v2\/product"}],"about":[{"href":"https:\/\/primeprintingweb.com\/de\/wp-json\/wp\/v2\/types\/product"}],"version-history":[{"count":2,"href":"https:\/\/primeprintingweb.com\/de\/wp-json\/wp\/v2\/product\/22554\/revisions"}],"predecessor-version":[{"id":22903,"href":"https:\/\/primeprintingweb.com\/de\/wp-json\/wp\/v2\/product\/22554\/revisions\/22903"}],"wp:featuredmedia":[{"embeddable":true,"href":"https:\/\/primeprintingweb.com\/de\/wp-json\/wp\/v2\/media\/22590"}],"wp:attachment":[{"href":"https:\/\/primeprintingweb.com\/de\/wp-json\/wp\/v2\/media?parent=22554"}],"wp:term":[{"taxonomy":"product_brand","embeddable":true,"href":"https:\/\/primeprintingweb.com\/de\/wp-json\/wp\/v2\/product_brand?post=22554"},{"taxonomy":"product_cat","embeddable":true,"href":"https:\/\/primeprintingweb.com\/de\/wp-json\/wp\/v2\/product_cat?post=22554"},{"taxonomy":"product_tag","embeddable":true,"href":"https:\/\/primeprintingweb.com\/de\/wp-json\/wp\/v2\/product_tag?post=22554"}],"curies":[{"name":"wp","href":"https:\/\/api.w.org\/{rel}","templated":true}]}}