{"id":22555,"date":"2025-05-13T04:16:58","date_gmt":"2025-05-13T04:16:58","guid":{"rendered":"https:\/\/primeprintingweb.com\/?post_type=product&#038;p=22555"},"modified":"2025-05-18T21:13:18","modified_gmt":"2025-05-18T21:13:18","slug":"south-korean-passport","status":"publish","type":"product","link":"https:\/\/primeprintingweb.com\/de\/geschaeft\/reisepass\/south-korean-passport\/","title":{"rendered":"S\u00dcDKOREANISCHER PASS"},"content":{"rendered":"<div class=\"woocommerce-tabs wc-tabs-wrapper\">\n<div id=\"tab-description\" class=\"woocommerce-Tabs-panel woocommerce-Tabs-panel--description panel entry-content wc-tab\" role=\"tabpanel\" aria-labelledby=\"tab-title-description\">\n<p>S\u00dcDKOREANISCHE PASS-\/VISUMFOTOANFORDERUNGEN UND GR\u00d6SSE<\/p>\n<p>Wenn Sie ins Ausland reisen, ben\u00f6tigen Sie wahrscheinlich einen s\u00fcdkoreanischen Pass. Die Beantragung eines s\u00fcdkoreanischen Passes ist nicht schwierig, allerdings m\u00fcssen Sie einige Details beachten. Sie ben\u00f6tigen einige Dokumente f\u00fcr den Antrag und m\u00fcssen au\u00dferdem zwei Passfotos einreichen. iVisa Photos kann Ihnen bei der Beantragung der erforderlichen Dokumente und des Antragsformulars nicht helfen, hilft Ihnen aber gerne dabei, Ihre Fotos von zu Hause aus zu erstellen. So m\u00fcssen Sie nicht in ein professionelles Fotostudio gehen.<\/p>\n<p>Wir empfehlen Ihnen au\u00dferdem, einen Blick auf iVisa Photos zu werfen. S\u00fcdkoreanische Staatsb\u00fcrger haben Anspruch auf verschiedene elektronische Visa. Wenn Sie sich f\u00fcr Ihre n\u00e4chste Reise f\u00fcr eines qualifizieren, unterst\u00fctzt iVisa Sie gerne beim Online-Antragsverfahren.<\/p>\n<p>FOTOSPEZIFIKATIONEN<br \/>\nHier sind die allgemeinen Anforderungen und Spezifikationen f\u00fcr s\u00fcdkoreanische Passfotos:<\/p>\n<p>Fotogr\u00f6\u00dfe: 45 mm hoch und 35 mm breit<br \/>\nDas eingereichte Foto muss in Farbe sein.<br \/>\nKopfhaltung: Halten Sie den Kopf gerade.<br \/>\nAktualit\u00e4t: Nicht \u00e4lter als 6 Monate.<br \/>\nHintergrund: Wei\u00df.<br \/>\nL\u00e4cheln: Nein.<br \/>\nAugen: Deutlich sichtbar.<br \/>\nDas Bild darf nicht verschwommen sein.<br \/>\nBrille: Nur zul\u00e4ssig, wenn sie die Augen nicht verdeckt.<br \/>\nKopfbedeckung: In der Regel nicht. Ausnahmen gelten f\u00fcr religi\u00f6se Zwecke.<br \/>\nAufl\u00f6sung (Pixel): Mindestens 600 dpi<br \/>\nKleidung: Vermeiden Sie wei\u00dfe Kleidung.<br \/>\nBart: Nur zul\u00e4ssig, wenn er Ihren Alltagslook widerspiegelt.<br \/>\nBen\u00f6tigte Anzahl pro Antrag: 2<br \/>\nVORAUSSETZUNGEN F\u00dcR PASS- UND VISABILDER IN S\u00dcDKOREA \u2013 REGELN, RICHTLINIEN UND SPEZIFIKATIONEN<br \/>\nWir haben die Anforderungen f\u00fcr s\u00fcdkoreanische Passfotos bereits aufgef\u00fchrt, m\u00f6chten aber auf einige Details n\u00e4her eingehen. Sie wissen es vielleicht nicht: Das Fehlen eines g\u00fcltigen Passfotos ist einer der h\u00e4ufigsten Ablehnungsgr\u00fcnde. Wir m\u00f6chten Ihnen den Aufwand einer erneuten Antragstellung ersparen.<\/p>\n<\/div>\n<\/div>\n","protected":false},"excerpt":{"rendered":"<p>S\u00dcDKOREANISCHE PASS-\/VISUMFOTO-ANFORDERUNGEN UND -GR\u00d6SSE<\/p>\n<p>Wenn Sie ins Ausland reisen, ben\u00f6tigen Sie wahrscheinlich einen s\u00fcdkoreanischen Pass. Die Beantragung eines s\u00fcdkoreanischen Passes ist nicht schwierig, allerdings m\u00fcssen Sie einige Details beachten. Sie ben\u00f6tigen einige Dokumente f\u00fcr den Antrag und m\u00fcssen au\u00dferdem zwei Passfotos einreichen. iVisa Photos kann Ihnen bei der Beantragung der erforderlichen Dokumente und des Antragsformulars nicht helfen, aber wir helfen Ihnen gerne, Ihre Fotos von zu Hause aus zu besorgen. So m\u00fcssen Sie nicht in ein professionelles Fotostudio gehen.<\/p>\n<p>Wir empfehlen Ihnen au\u00dferdem, einen Blick auf iVisa Photos zu werfen. S\u00fcdkoreanische Staatsb\u00fcrger haben Anspruch auf verschiedene elektronische Visa. Wenn Sie sich f\u00fcr Ihre n\u00e4chste Reise f\u00fcr eines qualifizieren, unterst\u00fctzt iVisa Sie gerne beim Online-Antragsverfahren.<\/p>\n","protected":false},"featured_media":22593,"template":"","meta":[],"product_brand":[],"product_cat":[924],"product_tag":[],"class_list":{"0":"post-22555","1":"product","2":"type-product","3":"status-publish","4":"has-post-thumbnail","6":"product_cat-reisepass","8":"first","9":"instock","10":"taxable","11":"shipping-taxable","12":"purchasable","13":"product-type-simple"},"_links":{"self":[{"href":"https:\/\/primeprintingweb.com\/de\/wp-json\/wp\/v2\/product\/22555","targetHints":{"allow":["GET"]}}],"collection":[{"href":"https:\/\/primeprintingweb.com\/de\/wp-json\/wp\/v2\/product"}],"about":[{"href":"https:\/\/primeprintingweb.com\/de\/wp-json\/wp\/v2\/types\/product"}],"version-history":[{"count":2,"href":"https:\/\/primeprintingweb.com\/de\/wp-json\/wp\/v2\/product\/22555\/revisions"}],"predecessor-version":[{"id":22902,"href":"https:\/\/primeprintingweb.com\/de\/wp-json\/wp\/v2\/product\/22555\/revisions\/22902"}],"wp:featuredmedia":[{"embeddable":true,"href":"https:\/\/primeprintingweb.com\/de\/wp-json\/wp\/v2\/media\/22593"}],"wp:attachment":[{"href":"https:\/\/primeprintingweb.com\/de\/wp-json\/wp\/v2\/media?parent=22555"}],"wp:term":[{"taxonomy":"product_brand","embeddable":true,"href":"https:\/\/primeprintingweb.com\/de\/wp-json\/wp\/v2\/product_brand?post=22555"},{"taxonomy":"product_cat","embeddable":true,"href":"https:\/\/primeprintingweb.com\/de\/wp-json\/wp\/v2\/product_cat?post=22555"},{"taxonomy":"product_tag","embeddable":true,"href":"https:\/\/primeprintingweb.com\/de\/wp-json\/wp\/v2\/product_tag?post=22555"}],"curies":[{"name":"wp","href":"https:\/\/api.w.org\/{rel}","templated":true}]}}