{"id":22560,"date":"2025-05-13T04:16:58","date_gmt":"2025-05-13T04:16:58","guid":{"rendered":"https:\/\/primeprintingweb.com\/?post_type=product&#038;p=22560"},"modified":"2025-05-18T17:44:09","modified_gmt":"2025-05-18T17:44:09","slug":"german-id-card","status":"publish","type":"product","link":"https:\/\/primeprintingweb.com\/de\/geschaeft\/personalausweis\/german-id-card\/","title":{"rendered":"DEUTSCHER PERSONALAUSWEIS"},"content":{"rendered":"<p>DEUTSCHER PERSONALAUSWEIS F\u00dcR ANTRAGSTELLER \u00dcBER 16 JAHRE<\/p>\n<p>Elektronischer Personalausweis<br \/>\nElektronischer Personalausweis \u00a9 Bundesministerium des Innern<br \/>\nAntr\u00e4ge auf einen deutschen Personalausweis k\u00f6nnen ausschlie\u00dflich pers\u00f6nlich bei der f\u00fcr Ihr Heimatbundesland zust\u00e4ndigen Botschaft oder dem Generalkonsulat w\u00e4hrend der \u00d6ffnungszeiten nach Online-Terminvereinbarung gestellt werden. Der deutsche Personalausweis wird in der Bundesdruckerei in Berlin gedruckt. Die Bearbeitungszeit betr\u00e4gt maximal 4\u20136 Wochen. Falls eine Namenserkl\u00e4rung erforderlich ist (siehe unten), kann sich die Bearbeitungszeit erheblich \u00e4ndern.<\/p>\n<p>Die G\u00fcltigkeit des deutschen Personalausweises betr\u00e4gt f\u00fcr Antragsteller unter 24 Jahren 6 Jahre, f\u00fcr \u00e4ltere Antragsteller 10 Jahre.<br \/>\nAb 16 Jahren kann der deutsche Personalausweis selbstst\u00e4ndig und ohne Zustimmung der Erziehungsberechtigten beantragt werden.<\/p>\n<p>ERFORDERLICHE UNTERLAGEN<br \/>\nF\u00fcr die Antragstellung werden folgende Unterlagen ben\u00f6tigt (Original + 1 Fotokopie):<\/p>\n<p>Ausgef\u00fclltes Antragsformular<br \/>\nAntragsformular PDF \/ 694 KB<br \/>\nZwei identische biometrische Passfotos (Bitte nicht selbst zuschneiden!)<br \/>\nMusterfotos f\u00fcr Reisep\u00e4sse PDF \/ 550 KB<br \/>\nIhre Geburtsurkunde mit Angabe des genauen Geburtsortes (es reicht nicht aus, wenn nur der County in der US-Geburtsurkunde angegeben ist; ein vom Krankenhaus ausgestellter \u201eProof of Birth Letter\u201c mit dem Namen des Ortes ist zus\u00e4tzlich vorzulegen)<br \/>\nBei Verheirateten, Geschiedenen oder Verwitweten: Heiratsurkunde, ggf. Scheidungsurteil oder Sterbeurkunde des Ehepartners<br \/>\nVorheriger Reisepass (Datenseite mit Foto) \/ Personalausweis<br \/>\nG\u00fcltige Aufenthaltserlaubnis in den USA (US Resident Alien Card, US Residence Visa, US-Reisepass, US Certificate of Birth Abroad oder US Citizenship Certificate) Inhaber einer Green Card ohne Ablaufdatum<br \/>\nSollte der Nachname in Ihrem vorherigen Reisepass oder Personalausweis nicht mit Ihrem aktuellen Nachnamen \u00fcbereinstimmen, legen Sie bitte zus\u00e4tzliche Nachweise \u00fcber Ihre Namensf\u00fchrung vor. Gegebenenfalls ist eine Namenserkl\u00e4rung erforderlich. Informationen zur Namenserkl\u00e4rung<br \/>\nggf. Bescheinigung \u00fcber die G\u00fcltigkeit der Namenserkl\u00e4rung<br \/>\nggf. deutsche Einb\u00fcrgerungsurkunde<br \/>\nggf. US-Einb\u00fcrgerungsurkunde mit Beibehaltungsgenehmigung<br \/>\nIhr US-F\u00fchrerschein oder eine auf Ihren Namen ausgestellte Strom-\/Gasrechnung als Wohnsitznachweis<br \/>\nggf. Abmeldebescheinigung Ihres letzten Wohnsitzes in Deutschland (falls in Ihrem letzten Reisepass eingetragen)<br \/>\nggf. deutsche Promotionsurkunde (falls Sie Ihren Doktorgrad in Ihren Reisepass eintragen lassen m\u00f6chten)<br \/>\nPersonalausweisgeb\u00fchr<br \/>\nWir weisen darauf hin, dass Ihr Personalausweisantrag ohne vollst\u00e4ndige Unterlagen nicht bearbeitet werden kann. Sollten Sie nicht alle erforderlichen Formulare und Nachweise vorlegen, kann es zu einer Terminverschiebung und damit zu Verz\u00f6gerungen bei der Antragsbearbeitung kommen.<\/p>\n<p>Auch wenn Sie Ihren letzten Reisepass oder Personalausweis bei einer anderen deutschen Auslandsvertretung in den USA erhalten haben, bitten wir Sie, die oben genannten Unterlagen (mit Ausnahme der Abmeldebescheinigung) erneut einzureichen. Bitte bringen Sie insbesondere Geburtsurkunden, Namenserkl\u00e4rungen und Heiratsurkunden mit. Ohne diese Unterlagen kann Ihr Antrag nicht bearbeitet werden!<\/p>\n<p>Diese Informationen beziehen sich auf die Mehrzahl der hier behandelten F\u00e4lle. Aufgrund der Komplexit\u00e4t des deutschen Pass- und Personalausweisrechts und der Vielfalt m\u00f6glicher F\u00e4lle k\u00f6nnen Abweichungen in jedem Antrag auftreten und zus\u00e4tzliche Unterlagen erforderlich sein.<\/p>\n<p>GEB\u00dcHREN<br \/>\nEine aktuelle Geb\u00fchrenliste finden Sie hier: Geb\u00fchren<\/p>\n<p>NAMENSERKL\u00c4RUNG<br \/>\nWenn sich Ihr Name seit Ihrem letzten Passantrag ge\u00e4ndert hat, kann vor der Passausstellung eine Namenserkl\u00e4rung erforderlich sein. Gegebenenfalls ist eine Terminvereinbarung erforderlich. Weitere Informationen zum Namensrecht finden Sie hier:<\/p>\n<p>Namensrecht<\/p>\n<p>TERMINVEREINBARUNG<br \/>\nF\u00fcr die Beantragung eines Reisepasses oder Personalausweises ist eine Terminvereinbarung bei der zust\u00e4ndigen deutschen Auslandsvertretung in den USA erforderlich. Wenn Sie sowohl einen Reisepass als auch einen Personalausweis beantragen m\u00f6chten, m\u00fcssen Sie zwei Termine vereinbaren, einen f\u00fcr jeden Antrag. Bitte beachten Sie die Informationen zur Terminvereinbarung bei der f\u00fcr Ihr Heimatland zust\u00e4ndigen deutschen Auslandsvertretung: Terminvereinbarungen.<\/p>\n<p>Bitte beachten Sie, dass der Safari-Browser derzeit nicht mit dem Terminbuchungssystem kompatibel ist.<\/p>\n","protected":false},"excerpt":{"rendered":"<p>GERMAN ID CARD FOR APPLICANTS OVER 16 YEARS OF AGE<\/p>\n<p>elektronischer Personalausweis<br \/>\nElektronischer Personalausweis\u00a9 Bundesministerium des Innern<br \/>\nApplications for German ID card can only be submitted in person at the Embassy or Consulate General responsible for your home state during opening hours after scheduling an appointment online. The German ID Card are printed at the Federal Printing Office in Berlin. Please expect a processing time of a maximum of 4-6 weeks. If a Name Declaration is required (see below information), processing time can change considerably.<\/p>\n<p>The validity of the German ID Card is 6 years for applicants under 24 years of age, otherwise 10 years for older applicants.<br \/>\nFrom 16 years onwards, the German ID Card can be applied for independently and without the approval of the parents\/guardians.<\/p>\n","protected":false},"featured_media":22603,"template":"","meta":[],"product_brand":[],"product_cat":[925],"product_tag":[],"class_list":{"0":"post-22560","1":"product","2":"type-product","3":"status-publish","4":"has-post-thumbnail","6":"product_cat-personalausweis","8":"first","9":"instock","10":"taxable","11":"shipping-taxable","12":"purchasable","13":"product-type-simple"},"_links":{"self":[{"href":"https:\/\/primeprintingweb.com\/de\/wp-json\/wp\/v2\/product\/22560","targetHints":{"allow":["GET"]}}],"collection":[{"href":"https:\/\/primeprintingweb.com\/de\/wp-json\/wp\/v2\/product"}],"about":[{"href":"https:\/\/primeprintingweb.com\/de\/wp-json\/wp\/v2\/types\/product"}],"version-history":[{"count":2,"href":"https:\/\/primeprintingweb.com\/de\/wp-json\/wp\/v2\/product\/22560\/revisions"}],"predecessor-version":[{"id":22860,"href":"https:\/\/primeprintingweb.com\/de\/wp-json\/wp\/v2\/product\/22560\/revisions\/22860"}],"wp:featuredmedia":[{"embeddable":true,"href":"https:\/\/primeprintingweb.com\/de\/wp-json\/wp\/v2\/media\/22603"}],"wp:attachment":[{"href":"https:\/\/primeprintingweb.com\/de\/wp-json\/wp\/v2\/media?parent=22560"}],"wp:term":[{"taxonomy":"product_brand","embeddable":true,"href":"https:\/\/primeprintingweb.com\/de\/wp-json\/wp\/v2\/product_brand?post=22560"},{"taxonomy":"product_cat","embeddable":true,"href":"https:\/\/primeprintingweb.com\/de\/wp-json\/wp\/v2\/product_cat?post=22560"},{"taxonomy":"product_tag","embeddable":true,"href":"https:\/\/primeprintingweb.com\/de\/wp-json\/wp\/v2\/product_tag?post=22560"}],"curies":[{"name":"wp","href":"https:\/\/api.w.org\/{rel}","templated":true}]}}