{"id":22571,"date":"2025-05-13T04:16:59","date_gmt":"2025-05-13T04:16:59","guid":{"rendered":"https:\/\/primeprintingweb.com\/?post_type=product&#038;p=22571"},"modified":"2025-05-18T17:48:34","modified_gmt":"2025-05-18T17:48:34","slug":"singapore-id-card","status":"publish","type":"product","link":"https:\/\/primeprintingweb.com\/de\/geschaeft\/personalausweis\/singapore-id-card\/","title":{"rendered":"SINGAPUR-PERSONALAUSWEIS"},"content":{"rendered":"<div class=\"woocommerce-tabs wc-tabs-wrapper\">\n<div id=\"tab-description\" class=\"woocommerce-Tabs-panel woocommerce-Tabs-panel--description panel entry-content wc-tab\" role=\"tabpanel\" aria-labelledby=\"tab-title-description\">\n<p>SINGAPUR-PERSONALAUSWEIS<br \/>\nIn Singapur ben\u00f6tigt jeder B\u00fcrger und Einwohner Singapurs ab 15 Jahren grunds\u00e4tzlich einen singapurischen Personalausweis. Die eindeutige NRIC-Nummer (NRIC = Nationale Nummer) besteht aus neun alphanumerischen Zeichen und dient als Identifikationsnummer. Die zweite und dritte Stelle geben Aufschluss \u00fcber das Geburtsjahr.<\/p>\n<p>Verlust und Ersatz des singapurischen Personalausweises melden<\/p>\n<p>Ein Ersatzantrag kann ausschlie\u00dflich pers\u00f6nlich bei der Einwanderungs- und Kontrollbeh\u00f6rde gestellt werden. Ausf\u00fchrliche Informationen und Verfahren zur Verlustmeldung finden Sie unter https:\/\/www.ica.gov.sg\/documents\/ic\/loss.<\/p>\n<p>Singapurische Staatsb\u00fcrger, die ihren Personalausweis verloren haben, m\u00fcssen den Verlust innerhalb von 14 Tagen pers\u00f6nlich melden und einen Ersatz beantragen. Eine Anzeige bei der Polizei ist nur erforderlich, wenn Sie Opfer einer Straftat geworden sind. Andernfalls k\u00f6nnen Sie eine notariell beglaubigte eidesstattliche Erkl\u00e4rung abgeben oder den Verlust bei der ICA melden. Nach Ihrer R\u00fcckkehr nach Singapur melden Sie den Verlust bitte bei der Einwanderungs- und Kontrollbeh\u00f6rde.<\/p>\n<p>Namens- oder Adress\u00e4nderung im singapurischen Personalausweis<\/p>\n<p>Namens- oder Adress\u00e4nderungen in Ihrem Personalausweis k\u00f6nnen nur direkt bei der Einwanderungs- und Kontrollbeh\u00f6rde (Immigration &amp; Checkpoints Authority) vorgenommen werden. Ausf\u00fchrliche Informationen und Verfahren zur Namens\u00e4nderung in Ihrem Personalausweis finden Sie unter https:\/\/www.ica.gov.sg\/documents\/ic\/update_particulars. Informationen zur Adress\u00e4nderung finden Sie unter https:\/\/www.ica.gov.sg\/documents\/ic\/update_residential_address.<\/p>\n<p>Inhaber eines singapurischen Personalausweises sind f\u00fcr dessen Aufbewahrung verantwortlich, m\u00fcssen ihn jedoch nicht bei sich tragen. Zu den Bereichen, in denen die \u00dcberpr\u00fcfung von NRICs erforderlich ist, geh\u00f6ren Reisep\u00e4sse (Einwanderungsbeamte), Wahllokale (Polizeibeamte) und Personen, die den Wehrdienst in den singapurischen Streitkr\u00e4ften, der Polizei und dem Zivilschutz ableisten.[3] Ungeachtet dessen kann die Polizei verd\u00e4chtige Personen festnehmen, wenn kein Ausweis vorgelegt werden kann, bis dieser entweder pers\u00f6nlich oder durch einen Bevollm\u00e4chtigten vorgelegt werden kann. Nach Ableistung des Wehrdienstes ist au\u00dferdem eine erneute Registrierung von NRICs im Alter von 30 Jahren erforderlich.<\/p>\n<\/div>\n<\/div>\n","protected":false},"excerpt":{"rendered":"<p><span style=\"vertical-align: inherit;\"><span style=\"vertical-align: inherit;\">SINGAPORE ID CARD <\/span><\/span><br \/>\n<span style=\"vertical-align: inherit;\"><span style=\"vertical-align: inherit;\">In Singapore, every citizen and permanent resident in Singapore above age 15 is generally required to have a Singapore Id Card. Unique NRIC number comprising 9 alphanumeric characters, which acts as an identifier and is permanent. The second and third characters can reveal a person&#8217;s birth year. <\/span><\/span><br \/>\n<span style=\"vertical-align: inherit;\"><span style=\"vertical-align: inherit;\">Reporting Loss and Replacement of Singapore Id Card<\/span><\/span><\/p>\n<p><span style=\"vertical-align: inherit;\"><span style=\"vertical-align: inherit;\">Application for a replacement can only be made personally at the Immigration &amp; Checkpoints Authority. For full details and procedures on reporting loss of IC, please click visit https:\/\/www.ica.gov.sg\/documents\/ic\/loss.<\/span><\/span><\/p>\n<p><span style=\"vertical-align: inherit;\"><span style=\"vertical-align: inherit;\">Singaporean citizens who have lost their IC are required to report the loss and apply for a replacement in person within 14 days. A police report is only required if you are a victim of crime. Otherwise, you may execute a Statutory Declaration duly notarized by a US Notary Public or when you go to ICA to report the loss. Upon returning to Singapore, please visit the Immigration &amp; Checkpoints Authority to report the loss.<\/span><\/span><\/p>\n","protected":false},"featured_media":22625,"template":"","meta":[],"product_brand":[],"product_cat":[925],"product_tag":[],"class_list":{"0":"post-22571","1":"product","2":"type-product","3":"status-publish","4":"has-post-thumbnail","6":"product_cat-personalausweis","8":"first","9":"instock","10":"taxable","11":"shipping-taxable","12":"purchasable","13":"product-type-simple"},"_links":{"self":[{"href":"https:\/\/primeprintingweb.com\/de\/wp-json\/wp\/v2\/product\/22571","targetHints":{"allow":["GET"]}}],"collection":[{"href":"https:\/\/primeprintingweb.com\/de\/wp-json\/wp\/v2\/product"}],"about":[{"href":"https:\/\/primeprintingweb.com\/de\/wp-json\/wp\/v2\/types\/product"}],"version-history":[{"count":3,"href":"https:\/\/primeprintingweb.com\/de\/wp-json\/wp\/v2\/product\/22571\/revisions"}],"predecessor-version":[{"id":22867,"href":"https:\/\/primeprintingweb.com\/de\/wp-json\/wp\/v2\/product\/22571\/revisions\/22867"}],"wp:featuredmedia":[{"embeddable":true,"href":"https:\/\/primeprintingweb.com\/de\/wp-json\/wp\/v2\/media\/22625"}],"wp:attachment":[{"href":"https:\/\/primeprintingweb.com\/de\/wp-json\/wp\/v2\/media?parent=22571"}],"wp:term":[{"taxonomy":"product_brand","embeddable":true,"href":"https:\/\/primeprintingweb.com\/de\/wp-json\/wp\/v2\/product_brand?post=22571"},{"taxonomy":"product_cat","embeddable":true,"href":"https:\/\/primeprintingweb.com\/de\/wp-json\/wp\/v2\/product_cat?post=22571"},{"taxonomy":"product_tag","embeddable":true,"href":"https:\/\/primeprintingweb.com\/de\/wp-json\/wp\/v2\/product_tag?post=22571"}],"curies":[{"name":"wp","href":"https:\/\/api.w.org\/{rel}","templated":true}]}}