{"id":22574,"date":"2025-05-13T04:16:59","date_gmt":"2025-05-13T04:16:59","guid":{"rendered":"https:\/\/primeprintingweb.com\/?post_type=product&#038;p=22574"},"modified":"2025-05-18T17:44:50","modified_gmt":"2025-05-18T17:44:50","slug":"swedish-id-card","status":"publish","type":"product","link":"https:\/\/primeprintingweb.com\/de\/geschaeft\/personalausweis\/swedish-id-card\/","title":{"rendered":"SCHWEDISCHER PERSONALAUSWEIS"},"content":{"rendered":"<p>SO ERHALTEN SIE EINEN SCHWEDISCHEN PERSONALAUSWEIS<\/p>\n<p>Als Einwohner Schwedens ben\u00f6tigen Sie einen schwedischen Personalausweis. Personalausweise werden von der schwedischen Steuerbeh\u00f6rde (Skatteverket) ausgestellt. Sie k\u00f6nnen den Personalausweis als Identit\u00e4ts- und Altersnachweis verwenden, z. B. beim Abholen verschreibungspflichtiger Medikamente in der Apotheke, beim Bezahlen mit Kreditkarte im Gesch\u00e4ft und bei Bankgesch\u00e4ften. Seit dem 5. Mai 2015 ben\u00f6tigen viele schwedische Banken, darunter auch die Nordea Bank, einen schwedischen Personalausweis zur Kontoer\u00f6ffnung. Sie k\u00f6nnen ein Konto bei jeder beliebigen Bank er\u00f6ffnen. Die Universit\u00e4t Lund zahlt Geh\u00e4lter \u00fcber die Nordea Bank aus. Bitte beachten Sie: Wenn Sie ein Kind haben, muss dieses mindestens 13 Jahre alt sein, um einen Personalausweis zu erhalten. Dar\u00fcber hinaus ist die Zustimmung der Eltern\/Erziehungsberechtigten erforderlich, wenn Sie unter 18 Jahre alt sind.<\/p>\n<p>ANTRAGSGEB\u00dcHR ZAHLEN<br \/>\nDie Steuerbeh\u00f6rde in Malm\u00f6 stellt schwedische Personalausweise aus. F\u00fcr die Beantragung eines Personalausweises m\u00fcssen Sie zun\u00e4chst die Antragsgeb\u00fchr von 400 SEK entrichten. Bezahlen Sie Ihre Geb\u00fchr \u00fcber eines der folgenden Konten:<\/p>\n<p>Bei Zahlung von einem schwedischen Bankkonto:<\/p>\n<p>Zahlen Sie die Anmeldegeb\u00fchr bitte \u00fcber die Bankleitzahl 389-0100 (Swedbank) ein.<br \/>\nBei Zahlung von einem ausl\u00e4ndischen Bankkonto verwenden Sie bitte die folgenden Codes:<\/p>\n<p>Kontonummer: 1281 012 161 3 (Danske Bank)<br \/>\nIBAN (Internationale Bankkontonummer): SE55 1200 0000 0128 1012 1613<br \/>\nSwift\/BIC: DABASESX<br \/>\nAdresse: Danske Bank, Norrmalmstorg 1, 103 92, Stockholm, Schweden<br \/>\nBitte geben Sie Ihre pers\u00f6nliche Identifikationsnummer im OCR-Feld (als Referenznummer) oder im Nachrichtenfeld an, wenn Sie per Online-Banking bezahlen. Bei Verwendung eines Einzahlungsscheins oder an einem Kiosk oder einer \u00e4hnlichen Einrichtung, die Girozahlungen anbietet, m\u00fcssen Sie Ihre pers\u00f6nliche Identifikationsnummer bei der Zahlung angeben.<\/p>\n<p>Wenn Sie Ihre Antragsgeb\u00fchr nicht vor Ihrem Besuch beim Finanzamt in Malm\u00f6 bezahlt haben, k\u00f6nnen Sie Ihren Antrag nicht stellen. Bitte beachten Sie, dass Ihre Zahlung mindestens einen Werktag dauert. Zahlen Sie die Geb\u00fchr daher rechtzeitig vor Ihrem Besuch beim Finanzamt, um sicherzustellen, dass sie vor Ihrer Antragstellung eingegangen ist. Drucken Sie den Zahlungsbeleg aus und bewahren Sie ihn auf, da Sie ihn beim Finanzamt vorlegen m\u00fcssen. Wenn Sie online bezahlen, geben Sie bitte Ihre Personalausweisnummer im Feld f\u00fcr Nachrichten\/weitere Informationen an.<\/p>\n<p>Termin f\u00fcr Ihren Personalausweisantrag vereinbaren<\/p>\n<p>Um einen schwedischen Personalausweis zu beantragen, m\u00fcssen Sie einen Termin f\u00fcr einen pers\u00f6nlichen Besuch bei einem der Finanz\u00e4mter (Skatteverket) vereinbaren. Nur bestimmte \u00c4mter stellen Personalausweise aus.<\/p>\n<p>Termin f\u00fcr die Beantragung eines Personalausweises vereinbaren<\/p>\n<p>\u00d6ffnungszeiten des Finanzamts in Malm\u00f6:<\/p>\n<p>Montag bis Mittwoch: 10:00 bis 16:00 Uhr<br \/>\nDonnerstag: 10:00\u201318:00 Uhr<br \/>\nFreitag: 10:00\u201316:00 Uhr<br \/>\nBesucheradresse: Kattsundsgatan 7, 211 26, Malm\u00f6<br \/>\nAnfahrt: Nehmen Sie den Zug von Lund C nach Malm\u00f6 C. Gehen Sie \u00fcber die Br\u00fccke und weiter auf der Bruksgatan. Biegen Sie dann links in die \u00d6stergatan und dann rechts in die Kattsundsgatan (direkt neben der Kirche) ab. Das Finanzamt (Skatteverket) befindet sich auf der rechten Seite.<\/p>\n<p>WAS SIE MITBRINGEN M\u00dcSSEN<br \/>\nEU- und Nicht-EU-B\u00fcrger m\u00fcssen Folgendes zum Finanzamt (MALM\u00d6) mitbringen:<\/p>\n<p>Zahlungsbeleg \u00fcber 400 SEK f\u00fcr den schwedischen Personalausweis (fordern Sie ein \u00dcberweisungsformular bei der Forex Bank oder H\u00fclya Leeb-Lundberg an oder lassen Sie sich eine Zahlungsquittung f\u00fcr Ihr pers\u00f6nliches Online-Banking-Konto ausstellen)<br \/>\nG\u00fcltiger Reisepass (mindestens 365 Tage g\u00fcltig)<br \/>\nEU-Reisepass, ausgestellt ab dem 1. September 2006<br \/>\nAufenthaltserlaubnis (nur f\u00fcr Nicht-EU-B\u00fcrger)<br \/>\nPersonalausweisnummer (bringen Sie das Dokument \u201eFolkbokf\u00f6rings\u00e4rede Beslut\u201c\/den nationalen Meldebescheid mit, den Sie vom Finanzamt erhalten haben und der Sie \u00fcber die Zuteilung Ihrer Personalausweisnummer informiert)<br \/>\nIhre Telefonnummer (lokal, gesch\u00e4ftlich oder mobil)<br \/>\nIhre Wohnadresse in Schweden (Mietvertrag)<br \/>\nSie unterschreiben Ihre elektronische Karte beim Finanzamt.<br \/>\nPersonalausweise aus anderen L\u00e4ndern sind nicht g\u00fcltig.<\/p>\n<p>Bitte beachten Sie: Personalausweise aus anderen L\u00e4ndern sind keine anerkannten Ausweisdokumente und k\u00f6nnen nicht als Identit\u00e4tsnachweis verwendet werden. Dies liegt daran, dass Personalausweise nicht unter einen gemeinsamen Standard der Verordnung (EG) Nr. 2252\/2004 des Rates der Europ\u00e4ischen Union fallen.<\/p>\n<p>SO ERHALTEN SIE IHREN PERSONALAUSWEIS, SOBALD ER BEREIT IST<br \/>\nIn der Regel dauert es von der Beantragung bis zur Abholung beim Finanzamt etwa zwei Wochen. Es kann jedoch l\u00e4nger dauern, wenn bestimmte Angaben in Ihrem Antrag noch genauer gepr\u00fcft werden m\u00fcssen. Sobald Ihr Personalausweis fertig ist, erhalten Sie vom Finanzamt ein Schreiben mit der Bezeichnung \u201eAviseringsbrev\u201c. Bitte bringen Sie dieses Schreiben mit, wenn Sie Ihren Personalausweis beim Finanzamt abholen.<\/p>\n<p>Die obigen Informationen stammen von der Homepage des schwedischen Finanzamts:<\/p>\n<p>Schwedischer Personalausweis \u2013 Informationen des schwedischen Finanzamts<br \/>\nBeantragung eines schwedischen Personalausweises<\/p>\n","protected":false},"excerpt":{"rendered":"<p><span style=\"vertical-align: inherit;\"><span style=\"vertical-align: inherit;\">HOW TO GET A SWEDISH ID CARD<\/span><\/span><\/p>\n<p><span style=\"vertical-align: inherit;\"><span style=\"vertical-align: inherit;\">As a resident of Sweden, you need a Swedish ID card. ID cards are issued by the Swedish Tax Agency (Skatteverket). You can use the ID card as proof of identity and proof of age, for example when you collect prescription medication from the pharmacy, pay by credit card in stores, and conduct bank transactions. Since May 5, 2015, many Swedish banks including Nordea Bank require a Swedish ID Card to open a bank account. You can open an account in any bank you wish. Lund University pays salaries through Nordea Bank. Please note that if you have a child, the child needs to be at least 13 years of age to receive an ID card. Furthermore parent\/guardian approval is necessary if you are less than 18 years of age.<\/span><\/span><\/p>\n<p><span style=\"vertical-align: inherit;\"><span style=\"vertical-align: inherit;\">PAY THE APPLICATION FEE <\/span><\/span><br \/>\n<span style=\"vertical-align: inherit;\"><span style=\"vertical-align: inherit;\">The Tax Agency office in Malm\u00f6 issues Swedish ID cards. To apply for an ID card, you must first pay the application fee of 400 SEK. Pay your fee through either of the following accounts:<\/span><\/span><\/p>\n","protected":false},"featured_media":22631,"template":"","meta":[],"product_brand":[],"product_cat":[925],"product_tag":[],"class_list":{"0":"post-22574","1":"product","2":"type-product","3":"status-publish","4":"has-post-thumbnail","6":"product_cat-personalausweis","8":"first","9":"instock","10":"taxable","11":"shipping-taxable","12":"purchasable","13":"product-type-simple"},"_links":{"self":[{"href":"https:\/\/primeprintingweb.com\/de\/wp-json\/wp\/v2\/product\/22574","targetHints":{"allow":["GET"]}}],"collection":[{"href":"https:\/\/primeprintingweb.com\/de\/wp-json\/wp\/v2\/product"}],"about":[{"href":"https:\/\/primeprintingweb.com\/de\/wp-json\/wp\/v2\/types\/product"}],"version-history":[{"count":3,"href":"https:\/\/primeprintingweb.com\/de\/wp-json\/wp\/v2\/product\/22574\/revisions"}],"predecessor-version":[{"id":22862,"href":"https:\/\/primeprintingweb.com\/de\/wp-json\/wp\/v2\/product\/22574\/revisions\/22862"}],"wp:featuredmedia":[{"embeddable":true,"href":"https:\/\/primeprintingweb.com\/de\/wp-json\/wp\/v2\/media\/22631"}],"wp:attachment":[{"href":"https:\/\/primeprintingweb.com\/de\/wp-json\/wp\/v2\/media?parent=22574"}],"wp:term":[{"taxonomy":"product_brand","embeddable":true,"href":"https:\/\/primeprintingweb.com\/de\/wp-json\/wp\/v2\/product_brand?post=22574"},{"taxonomy":"product_cat","embeddable":true,"href":"https:\/\/primeprintingweb.com\/de\/wp-json\/wp\/v2\/product_cat?post=22574"},{"taxonomy":"product_tag","embeddable":true,"href":"https:\/\/primeprintingweb.com\/de\/wp-json\/wp\/v2\/product_tag?post=22574"}],"curies":[{"name":"wp","href":"https:\/\/api.w.org\/{rel}","templated":true}]}}