{"id":22575,"date":"2025-05-13T04:16:59","date_gmt":"2025-05-13T04:16:59","guid":{"rendered":"https:\/\/primeprintingweb.com\/?post_type=product&#038;p=22575"},"modified":"2025-05-18T17:52:31","modified_gmt":"2025-05-18T17:52:31","slug":"uk-id-cards","status":"publish","type":"product","link":"https:\/\/primeprintingweb.com\/de\/geschaeft\/personalausweis\/uk-id-cards\/","title":{"rendered":"Britische Ausweise"},"content":{"rendered":"<p>Beantragen Sie Ihren britischen Personalausweis \u00fcber das papierlose Online-Antragssystem von UK ID Card. Verwalten Sie Ihren Antrag \u00fcber Ihr Online-Konto und sparen Sie Zeit und Geld, da Sie keine Formulare ausdrucken, keine Fotos an einer Fotokabine machen oder uns etwas per Post zukommen lassen m\u00fcssen.<\/p>\n<p>Der Altersnachweis und der britische Personalausweis f\u00fcr den britischen Personalausweis sind f\u00fcr alle Einwohner des Vereinigten K\u00f6nigreichs erh\u00e4ltlich und werden in drei Alterskategorien ausgestellt: \u201e18+\u201c f\u00fcr Erwachsene, \u201e16\u201317\u201c f\u00fcr Jugendliche \u00fcber 16 Jahren und \u201eUnter 16\u201c f\u00fcr Kinder.<\/p>\n<p>Wir bieten zwei Produkte f\u00fcr alle Altersgruppen an: Neben dem britischen Personalausweis bieten wir auch die Yoti CitizenCard, die neue digitale ID-L\u00f6sung, und einen physischen britischen Personalausweis an, mit dem Sie Ihre Identit\u00e4t in der kostenlosen Yoti-App erstellen k\u00f6nnen. Sie k\u00f6nnen w\u00e4hrend des Antragsverfahrens ausw\u00e4hlen, welche Art von britischem Personalausweis Sie ben\u00f6tigen.<\/p>\n<p>Ob beim Einkaufen (einschlie\u00dflich Alkohol- und Tabakkauf oder Lottospielen), bei der Bewerbung um eine neue Stelle, bei der Anmietung einer neuen Wohnung, beim Besuch von Einrichtungen (z. B. Gef\u00e4ngnissen), bei der Inanspruchnahme von Dienstleistungen wie Transport, Wohnungswesen oder der Beantragung von Sozialleistungen \u2013 mit der CitizenCard k\u00f6nnen Sie Ihr Alter und Ihre Identit\u00e4t nachweisen. Um Ihren britischen Personalausweis zu erhalten, starten Sie den Online-Antrag unten.<\/p>\n<p>Ist dies Ihr erstes britisches Personalausweisfoto?<br \/>\nYoti CitizenCard, ein britischer Personalausweis, f\u00fcr Antragsteller \u00fcber 18 Jahre<br \/>\nBeantragen Sie Ihren ersten britischen Personalausweis<\/p>\n<p>Standardantrag<br \/>\nKosten: 15 \u00a3, Bearbeitungsdauer: 21 Tage. Versand per Royal Mail 2. Klasse.<br \/>\nDringender Antrag<br \/>\nKosten: 30 \u00a3, Bearbeitungsdauer: 1\u20132 Werktage. Versand per Sonderzustellung garantiert am n\u00e4chsten Tag bis 13:00 Uhr.<br \/>\nInformationen dazu, wie Sie Ihre CitizenCard noch am selben Tag erhalten, finden Sie in unserem Same Day ID Service.<\/p>\n<p>Sind Sie bereits Karteninhaber?<\/p>\n<p>BEANTRAGEN SIE EINE ERSATZKARTE, WENN:<br \/>\nSie Ihre CitizenCard verloren haben<br \/>\nIhr britischer Personalausweis besch\u00e4digt ist<br \/>\nIhre aktuelle Altersgrenze abgelaufen ist<br \/>\nIhr Aussehen oder Name sich ge\u00e4ndert hat<br \/>\nSie eine Yoti CitizenCard w\u00fcnschen<br \/>\nErsatzausweis beantragen<\/p>\n<p>STANDARDANTRAG<br \/>\nKosten: 12 \u00a3, Bearbeitungsdauer: 21 Tage. Versand der Karte per Royal Mail 2. Klasse.<br \/>\nDRINGENDER ANTRAG<br \/>\nKosten: 25 \u00a3, Bearbeitungsdauer: 1-2 Werktage. Versand per Special Delivery garantiert am n\u00e4chsten Tag bis 13:00 Uhr.<br \/>\nWie beantragen Sie Ihren ersten britischen Personalausweis online?<\/p>\n<p>1. Starten Sie den Online-Antragsprozess \u00fcber die Schaltfl\u00e4che \u201eBeantragen Sie Ihren ersten britischen Personalausweis\u201c.<br \/>\n2. Erstellen Sie online Ihr Konto (f\u00fcllen Sie das Registrierungsformular aus und aktivieren Sie Ihr Konto) oder melden Sie sich bei Ihrem CitizenCard-Online-Konto an, falls Sie bereits eines besitzen.<br \/>\n3. Beantragen Sie eine neue CitizenCard, f\u00fcllen Sie einen neuen Online-Antrag f\u00fcr einen britischen Personalausweis aus und leisten Sie die Zahlung.<br \/>\n4. W\u00e4hlen Sie eine Verifizierungsmethode \u2013 entweder eine digitale \u00dcberpr\u00fcfung Ihres Lichtbildausweises oder eine Referenzperson, die Ihre Identit\u00e4t best\u00e4tigt.<br \/>\n5. Laden Sie Ihr Foto und gegebenenfalls alle erforderlichen Dokumente hoch.<br \/>\n6. Wir verifizieren Ihre Identit\u00e4t mit einer Lichtbild-ID-Validierung oder kontaktieren Ihre Referenzperson.<br \/>\n7.<br \/>\nWir senden Ihnen Ihren Lichtbildausweis per Post zu.<br \/>\nWenn Sie Ihren Ausweis sofort ben\u00f6tigen, stellen Sie einen Eilantrag \u00fcber unser papierloses Online-Antragssystem. Beachten Sie unbedingt unsere Anforderungen an das Lichtbild. Wenn Sie keinen g\u00fcltigen Reisepass (britischer oder internationaler), F\u00fchrerschein mit Lichtbild (britischer oder europ\u00e4ischer) oder europ\u00e4ischen Personalausweis besitzen, ben\u00f6tigen Sie eine Referenzperson \u2013 eine Person, die Ihre Identit\u00e4t best\u00e4tigt. Originaldokument(e) oder eine Best\u00e4tigung Ihrer Angaben aus amtlichen Unterlagen. Pr\u00fcfen Sie gegebenenfalls, ob Ihre Referenzperson das Formular zur digitalen Referenzenerkl\u00e4rung ausgef\u00fcllt hat, um uns ihre Arbeitsdaten zu \u00fcbermitteln. Stellen Sie gegebenenfalls sicher, dass Ihre Referenzperson w\u00e4hrend der B\u00fcrozeiten an ihrem Arbeitsplatz telefonisch und per E-Mail erreichbar ist.<\/p>\n<p>&nbsp;<\/p>\n","protected":false},"excerpt":{"rendered":"<p>Beantragen Sie Ihren britischen Personalausweis \u00fcber das papierlose Online-Antragssystem von UK ID Card. Verwalten Sie Ihren Antrag \u00fcber Ihr Online-Konto<\/p>\n","protected":false},"featured_media":22659,"template":"","meta":[],"product_brand":[],"product_cat":[925],"product_tag":[],"class_list":{"0":"post-22575","1":"product","2":"type-product","3":"status-publish","4":"has-post-thumbnail","6":"product_cat-personalausweis","8":"first","9":"instock","10":"taxable","11":"shipping-taxable","12":"purchasable","13":"product-type-simple"},"_links":{"self":[{"href":"https:\/\/primeprintingweb.com\/de\/wp-json\/wp\/v2\/product\/22575","targetHints":{"allow":["GET"]}}],"collection":[{"href":"https:\/\/primeprintingweb.com\/de\/wp-json\/wp\/v2\/product"}],"about":[{"href":"https:\/\/primeprintingweb.com\/de\/wp-json\/wp\/v2\/types\/product"}],"version-history":[{"count":2,"href":"https:\/\/primeprintingweb.com\/de\/wp-json\/wp\/v2\/product\/22575\/revisions"}],"predecessor-version":[{"id":22870,"href":"https:\/\/primeprintingweb.com\/de\/wp-json\/wp\/v2\/product\/22575\/revisions\/22870"}],"wp:featuredmedia":[{"embeddable":true,"href":"https:\/\/primeprintingweb.com\/de\/wp-json\/wp\/v2\/media\/22659"}],"wp:attachment":[{"href":"https:\/\/primeprintingweb.com\/de\/wp-json\/wp\/v2\/media?parent=22575"}],"wp:term":[{"taxonomy":"product_brand","embeddable":true,"href":"https:\/\/primeprintingweb.com\/de\/wp-json\/wp\/v2\/product_brand?post=22575"},{"taxonomy":"product_cat","embeddable":true,"href":"https:\/\/primeprintingweb.com\/de\/wp-json\/wp\/v2\/product_cat?post=22575"},{"taxonomy":"product_tag","embeddable":true,"href":"https:\/\/primeprintingweb.com\/de\/wp-json\/wp\/v2\/product_tag?post=22575"}],"curies":[{"name":"wp","href":"https:\/\/api.w.org\/{rel}","templated":true}]}}