{"id":22640,"date":"2025-05-13T04:17:25","date_gmt":"2025-05-13T04:17:25","guid":{"rendered":"https:\/\/primeprintingweb.com\/?post_type=product&#038;p=22640"},"modified":"2025-05-18T17:06:23","modified_gmt":"2025-05-18T17:06:23","slug":"malaysian-drivers-license-online","status":"publish","type":"product","link":"https:\/\/primeprintingweb.com\/de\/geschaeft\/fuehrerschein\/malaysian-drivers-license-online\/","title":{"rendered":"MALAYSISCHER F\u00dcHRERSCHEIN ONLINE"},"content":{"rendered":"<p>Gr\u00fcnde, warum Sie online einen malaysischen F\u00fchrerschein ben\u00f6tigen: Sie sind ein eifriger 17-J\u00e4hriger, der selbstst\u00e4ndig fahren m\u00f6chte, ein Expat oder internationaler Student, der sich langfristig in Malaysia aufh\u00e4lt, oder Sie m\u00f6chten f\u00fcr E-Hailing-Unternehmen wie Grab fahren. Bevor Sie sich bei einer Fahrschule anmelden, hilft Ihnen dieser Artikel dabei, den Erwerb eines F\u00fchrerscheins in Malaysia, die verschiedenen F\u00fchrerscheinarten und die damit verbundenen Geb\u00fchren zu verstehen.<\/p>\n<p>DIE VERSCHIEDENEN F\u00dcHRERSCHEINARTEN IN MALAYSIA<br \/>\nIn Malaysia gibt es f\u00fcnf verschiedene F\u00fchrerscheinarten:<\/p>\n<p>1. LERNF\u00dcHRERSCHEIN (LDL), AUCH BEKANNT ALS \u201eL\u201c-SCHILDFAHRER<br \/>\nDies ist der allererste F\u00fchrerschein, den Sie nach der Anmeldung bei einer Fahrschule erhalten. Inhaber eines LDL d\u00fcrfen nur Fahrzeuge mit einem \u201eL\u201c-Schilblech fahren und m\u00fcssen von einem Fahrlehrer begleitet werden.<\/p>\n<p>Ein LDL kann f\u00fcr einen Zeitraum von 3 bis 6 Monaten, maximal jedoch f\u00fcr 2 Jahre ab Ausstellungsdatum, ausgestellt und verl\u00e4ngert werden. Nach Ablauf der G\u00fcltigkeitsdauer m\u00fcssen LDL-Inhaber den gesamten Fahrschulprozess neu starten, um einen erneuerten LDL zu erhalten. Stellen Sie daher sicher, dass Sie Ihre Fahrstunden vor Ablauf der 2 Jahre abschlie\u00dfen.<\/p>\n<p>2. F\u00dcHRERSCHEIN AUF PROBE (PDL), AUCH BEKANNT ALS \u201eP\u201c-SCHILDFAHRER<br \/>\nSobald Sie alle Fahrstunden und Pr\u00fcfungen bestanden haben und von der Jabatan Pengangkutan Jalan bzw. dem malaysischen Stra\u00dfenverkehrsamt (JPJ) als qualifizierter Fahrer zertifiziert wurden, erhalten Sie einen PDL.<\/p>\n<p>Als Fahranf\u00e4nger unterliegen Sie dem 10-Punkte-KEJARA-Strafpunktesystem, bei dem Punkte entsprechend den verschiedenen Arten von Verkehrsverst\u00f6\u00dfen abgezogen werden. Wenn Sie innerhalb der 2 Jahre als \u201eP\u201c-Fahrer 10 Punkte sammeln, wird Ihnen der F\u00fchrerschein entzogen. Als Fahranf\u00e4nger m\u00fcssen Sie das P-Schild vorne und hinten an Ihrem Fahrzeug anbringen.<\/p>\n<p>3. F\u00dcHRERSCHEIN (CDL)<br \/>\nDies ist der vollwertige F\u00fchrerschein, den Sie nach Ablauf der zweij\u00e4hrigen Probezeit erhalten. Als CDL-Fahrer unterliegen Sie dem 15-Punkte-System von KEJARA, das Punkte f\u00fcr Verkehrsverst\u00f6\u00dfe abzieht und zur Aussetzung oder zum Entzug Ihres F\u00fchrerscheins f\u00fchrt.<\/p>\n<p>CDL-F\u00fchrerscheine sind ein Jahr lang g\u00fcltig und laufen an Ihrem Geburtstag ab. Sie k\u00f6nnen sie bei jeder Verl\u00e4ngerung um maximal f\u00fcnf Jahre verl\u00e4ngern. Die Verl\u00e4ngerungsgeb\u00fchr betr\u00e4gt 30 RM pro Jahr (zzgl. Steuern). Je nachdem, wo Sie Ihren F\u00fchrerschein verl\u00e4ngern, k\u00f6nnen zus\u00e4tzliche Bearbeitungsgeb\u00fchren anfallen.<\/p>\n<p>Um Ihren CDL-F\u00fchrerschein zu verl\u00e4ngern, besuchen Sie einfach Ihre n\u00e4chstgelegene POS Malaysia- oder JPJ-Filiale und bringen Sie Ihren MyKad (oder andere g\u00fcltige Ausweisdokumente) und Ihren bestehenden F\u00fchrerschein mit. Teilen Sie dem Kassierer mit, f\u00fcr wie viele Jahre Sie Ihren CDL-F\u00fchrerschein verl\u00e4ngern m\u00f6chten, und leisten Sie die Zahlung. Ihr neuer CDL-F\u00fchrerschein wird Ihnen sofort ausgestellt.<\/p>\n<p>4. Berufsf\u00fchrerschein (VDL)\/Gewerbef\u00fchrerschein<br \/>\nObwohl sich dieser Artikel haupts\u00e4chlich auf den Erwerb eines Pkw-F\u00fchrerscheins konzentriert, k\u00f6nnen Sie auch einen speziellen F\u00fchrerschein f\u00fcr gewerbliche Zwecke, einschlie\u00dflich Busse und Lkw, erwerben.<\/p>\n<p>5. Internationaler F\u00fchrerschein (IDP)<br \/>\nDieser F\u00fchrerschein berechtigt malaysische Fahrer zum Fahren im Ausland. Er ist besonders n\u00fctzlich, wenn Sie ins Ausland reisen und ein Auto mieten m\u00f6chten. Nur Inhaber eines CDL ab 18 Jahren k\u00f6nnen einen IDP beantragen. Inhaber eines PDL sind nicht berechtigt.<\/p>\n<p>In Malaysia gibt es f\u00fcnf Hauptarten von F\u00fchrerscheinen:<\/p>\n<p>i) Fahrsch\u00fcler-F\u00fchrerschein (LDL)<\/p>\n<p>Lernsch\u00fcler d\u00fcrfen nur Fahrzeuge mit dem Kennzeichen \u201eL\u201c von Fahrschulen unter Aufsicht eines Fahrlehrers f\u00fchren. Mit einem Motorrad-LDL d\u00fcrfen sie ohne Sozius fahren. Der LDL kann alle 3 oder 6 Monate bis maximal 2 Jahre verl\u00e4ngert werden. Nach Ablauf der 2-j\u00e4hrigen G\u00fcltigkeit m\u00fcssen LDL-Inhaber m\u00f6glicherweise die gesamten Fahrschulverfahren wiederholen, um einen neuen LDL zu erhalten.<\/p>\n<p>ii) Fahrsch\u00fcler-F\u00fchrerschein (PDL)<\/p>\n<p>Dieser wird von Fahranf\u00e4ngern ausgestellt, die alle Fahrschulverfahren und Pr\u00fcfungen bestanden haben. Fahranf\u00e4nger unterliegen dem 10-Punkte-KEJARA-Strafpunktesystem, bei dem Punkte je nach Art der Verkehrsverst\u00f6\u00dfe abgezogen werden. Der PDL wird entzogen, sobald ein PDL-Inhaber 10 Strafpunkte angesammelt hat. Fahranf\u00e4nger m\u00fcssen das vorl\u00e4ufige Nummernschild (gekennzeichnet mit einem wei\u00dfen P auf rotem Grund) an der Vorder- und R\u00fcckseite ihres Fahrzeugs anbringen. Der PDL kann nach zwei Jahren in einen vollwertigen F\u00fchrerschein (CDL) umgewandelt werden. F\u00fcr die Umwandlung gilt eine einj\u00e4hrige \u00dcbergangsfrist, bevor der F\u00fchrerscheininhaber die Fahrstunden von vorne beginnen muss.<\/p>\n<p>iii) F\u00fchrerschein f\u00fcr Fahranf\u00e4nger (CDL)<\/p>\n<p>Ein vollwertiger F\u00fchrerschein, der nach zwei Jahren vom PDL umgewandelt wird. Inhaber eines CDL m\u00fcssen das 15-Punkte-KEJARA-System durchlaufen, bevor ihr F\u00fchrerschein ausgesetzt oder entzogen werden kann. Der CDL kann alle ein, zwei, drei oder f\u00fcnf Jahre verl\u00e4ngert werden.<\/p>\n<p>Es besteht eine dreij\u00e4hrige Schonfrist f\u00fcr die Erneuerung des F\u00fchrerscheins vor dessen Ablauf. Inhaber eines CDL m\u00fcssen nach Ablauf des F\u00fchrerscheins m\u00f6glicherweise die gesamten Fahrstunden wiederholen.<\/p>\n<p>iv) Berufsf\u00fchrerschein (VDL) oder gewerblicher F\u00fchrerschein<\/p>\n<p>Ein spezieller F\u00fchrerschein f\u00fcr Fahrer von Nutzfahrzeugen wie Bussen und Lkw, der gemeinsam vom Stra\u00dfenverkehrsamt (JPJ) und der Zulassungsbeh\u00f6rde f\u00fcr Nutzfahrzeuge (LPKP) ausgestellt wird.<\/p>\n<p>v) Internationaler F\u00fchrerschein (IDP)<\/p>\n<p>Der internationale F\u00fchrerschein (IDP) berechtigt Malaysier zum Fahren im Ausland. Hier erfahren Sie, wie Sie den IDP in Malaysia erhalten.<\/p>\n<p>HINWEIS:<\/p>\n<p>Es gibt verschiedene F\u00fchrerscheinklassen:<\/p>\n<p>A \u2013 Behindertenfahrzeuge<br \/>\nB \u2013 Motorr\u00e4der (alle Hubr\u00e4ume)<br \/>\nB1 \u2013 Motorr\u00e4der bis 500 ccm<br \/>\nB2 \u2013 Motorr\u00e4der bis 250 ccm<br \/>\nC \u2013 Dreir\u00e4der<br \/>\nD \/ DA* \u2013 Pkw mit einem Leergewicht von bis zu 3500 kg<br \/>\nE \u2013 Lkw (alle Klassen)<br \/>\nE1 \u2013 Lkw mit einem Leergewicht von bis zu 7500 kg<br \/>\nE2 \u2013 Lkw mit einem Leergewicht von bis zu 5000 kg<br \/>\nF \u2013 Traktoren \/ leichte motorisierte Maschinen (Radfahrzeuge) mit einem Leergewicht von bis zu 5000 kg<br \/>\nG \u2013 Traktoren \/ leichte motorisierte Maschinen (Kettenfahrzeuge) mit einem Leergewicht von bis zu 5000 kg<br \/>\nH \u2013 Traktoren \/ schwere motorisierte Maschinen (Radfahrzeuge) mit einem Leergewicht von \u00fcber 5000 kg<br \/>\nI \u2013 Traktoren \/ schwere motorisierte Maschinen (Kettenfahrzeuge) mit einem Leergewicht von \u00fcber 5000 kg<\/p>\n<p>DA* = Nur Fahrzeuge mit Automatikgetriebe.<\/p>\n","protected":false},"excerpt":{"rendered":"<p>Gr\u00fcnde, warum Sie online einen malaysischen F\u00fchrerschein ben\u00f6tigen: Sie sind ein eifriger 17-J\u00e4hriger, der selbstst\u00e4ndig fahren m\u00f6chte, ein Expat oder<\/p>\n","protected":false},"featured_media":22679,"template":"","meta":[],"product_brand":[],"product_cat":[927],"product_tag":[],"class_list":{"0":"post-22640","1":"product","2":"type-product","3":"status-publish","4":"has-post-thumbnail","6":"product_cat-fuehrerschein","8":"first","9":"instock","10":"taxable","11":"shipping-taxable","12":"purchasable","13":"product-type-simple"},"_links":{"self":[{"href":"https:\/\/primeprintingweb.com\/de\/wp-json\/wp\/v2\/product\/22640","targetHints":{"allow":["GET"]}}],"collection":[{"href":"https:\/\/primeprintingweb.com\/de\/wp-json\/wp\/v2\/product"}],"about":[{"href":"https:\/\/primeprintingweb.com\/de\/wp-json\/wp\/v2\/types\/product"}],"version-history":[{"count":2,"href":"https:\/\/primeprintingweb.com\/de\/wp-json\/wp\/v2\/product\/22640\/revisions"}],"predecessor-version":[{"id":22823,"href":"https:\/\/primeprintingweb.com\/de\/wp-json\/wp\/v2\/product\/22640\/revisions\/22823"}],"wp:featuredmedia":[{"embeddable":true,"href":"https:\/\/primeprintingweb.com\/de\/wp-json\/wp\/v2\/media\/22679"}],"wp:attachment":[{"href":"https:\/\/primeprintingweb.com\/de\/wp-json\/wp\/v2\/media?parent=22640"}],"wp:term":[{"taxonomy":"product_brand","embeddable":true,"href":"https:\/\/primeprintingweb.com\/de\/wp-json\/wp\/v2\/product_brand?post=22640"},{"taxonomy":"product_cat","embeddable":true,"href":"https:\/\/primeprintingweb.com\/de\/wp-json\/wp\/v2\/product_cat?post=22640"},{"taxonomy":"product_tag","embeddable":true,"href":"https:\/\/primeprintingweb.com\/de\/wp-json\/wp\/v2\/product_tag?post=22640"}],"curies":[{"name":"wp","href":"https:\/\/api.w.org\/{rel}","templated":true}]}}