{"id":22646,"date":"2025-05-13T04:17:25","date_gmt":"2025-05-13T04:17:25","guid":{"rendered":"https:\/\/primeprintingweb.com\/?post_type=product&#038;p=22646"},"modified":"2025-05-18T16:58:23","modified_gmt":"2025-05-18T16:58:23","slug":"south-korean-drivers-license","status":"publish","type":"product","link":"https:\/\/primeprintingweb.com\/de\/geschaeft\/fuehrerschein\/south-korean-drivers-license\/","title":{"rendered":"S\u00dcDKOREANISCHER F\u00dcHRERSCHEIN"},"content":{"rendered":"<p>KOREANISCHER F\u00dcHRERSCHEIN<br \/>\nWISSENSWERTES<br \/>\nIch empfehle Ihnen, so fr\u00fch wie m\u00f6glich anzureisen. Der gesamte Vorgang dauert fast einen ganzen Tag, obwohl ich bereits um 8:45 Uhr morgens ankam.<br \/>\nStellen Sie sich auf eingeschr\u00e4nkte Englischkenntnisse ein. Es gab eine Dame, die Englisch sprach und mich im Wesentlichen durch den gesamten Vorgang f\u00fchrte.<br \/>\nBringen Sie etwa 100.000 Won in bar mit. Sie werden nicht alles ausgeben, aber etwa 75 Won f\u00fcr vereinzelte Geb\u00fchren. Anschlie\u00dfend m\u00f6chten Sie vielleicht etwas zu Mittag essen. M\u00f6glicherweise gibt es ein Restaurant auf dem Gel\u00e4nde.<br \/>\nBringen Sie Passfotos mit. Bis zu f\u00fcnf Fotos werden im Laufe des Tages ben\u00f6tigt, aus Gr\u00fcnden, die nicht n\u00e4her erl\u00e4utert werden.<br \/>\nSO ERHALTEN SIE IHREN KOREANISCHEN F\u00dcHRERSCHEIN<br \/>\n(Basierend auf dem Pr\u00fcfungsamt in Naju, Provinz S\u00fcd-Jeolla)<\/p>\n<p>Mediavine<br \/>\nZuerst besuchen Sie einen Sicherheitskurs, bei dem Sie sich eine Stunde lang ein Video ansehen. Es ist alles auf Koreanisch, aber wenn man genau hinschaut, findet man einige Antworten f\u00fcr die schriftliche Pr\u00fcfung. Ich habe geh\u00f6rt, dass es Untertitel gibt, aber niemand hat daran gedacht, sie einzuschalten.<br \/>\nAls N\u00e4chstes muss man sich anmelden und einen \u201ek\u00f6rperlichen Test\u201c absolvieren, bei dem die Augen \u00fcberpr\u00fcft werden.<br \/>\nDann gibt es die schriftliche Pr\u00fcfung, die am Computer stattfindet. 40 Fragen auf Englisch. Ich habe nicht wirklich daf\u00fcr gelernt, au\u00dfer den Anweisungen im Sicherheitsvideo zu folgen. Ein Kollege hat mir vorher gesagt, ich solle immer \u201eguter Fahrer\u201c antworten. Wenn Sie wirklich lernen m\u00fcssen, bitten Sie einen koreanischen oder ausl\u00e4ndischen Freund, diese online zu suchen. Sie sind leicht verf\u00fcgbar und nicht allzu schwer zu finden.<br \/>\nAls N\u00e4chstes m\u00fcssen Sie die Fahrpr\u00fcfung \u201eauf der Strecke\u201c absolvieren. Das ist ganz einfach. Erscheinen Sie einfach rechtzeitig und schauen Sie sich die Videos an, die Ihnen alles erkl\u00e4ren. Diese Pr\u00fcfung ist leicht und man kann kaum durchfallen. Man muss Dinge wie Blinker und Scheibenwischer einschalten.<br \/>\nDanach kommt die Hauptpr\u00fcfung. Die Fahrpr\u00fcfung, bei der man 5 km lang einem GPS folgt, begleitet von einem Fahrlehrer und einem Partner, der einen entweder vorfahren l\u00e4sst oder sich entscheidet, den ersten Schritt zu machen.<br \/>\nNach der Pr\u00fcfung erh\u00e4lt man die Best\u00e4tigung, ob man bestanden hat, und geht dann zur\u00fcck ins B\u00fcro, wo man wartet, bis der F\u00fchrerschein ausgedruckt wird.<br \/>\nF\u00fchrerschein holen und raus! Busse oder Taxis sollten in der N\u00e4he warten, so wie bei mir in Naju, in der N\u00e4he von Gwangju.<br \/>\nMEINE GESCHICHTE ZUM KOREANISCHEN F\u00dcHRERSCHEIN<br \/>\nEIN LANGER TAG BEGINNT<br \/>\nIch war v\u00f6llig am Ende, vor allem, weil eine weitere Nacht in diesem schrecklichen, m\u00fcckenverseuchten Hotel auf dem Spiel stand. Ich nippte an einem kalt gebr\u00fchten Kaffee und machte mich fertig, w\u00e4hrend im Fernsehen das letzte WM-Spiel des Tages lief. Wenige Augenblicke sp\u00e4ter war ich drau\u00dfen und suchte die Stra\u00dfen nach einem Taxi ab. Das war der erste Hinweis darauf, dass mein Tag lang werden w\u00fcrde.<\/p>\n<p>Mediavine<br \/>\nDer Ausflug in diese kleine Stadt im S\u00fcdwesten Koreas hatte mich bereits einen Tag meines ansonsten erholsamen Urlaubs gekostet, aber ehrlich gesagt brauchte ich etwas Action. Im Moment hatte ich keine Lust zu reisen, da im Sp\u00e4tsommer eine gro\u00dfe Reise anstand. Faule Tage und Rollerfahrten zum Strand f\u00fcllten meine Zeit bisher aus, also was sollte ich sonst tun?<\/p>\n<p>Ich w\u00fcnschte mir schon lange ein Auto, und um in Korea zu fahren, brauchte man zuerst einen F\u00fchrerschein. Mein amerikanischer war abgelaufen, also war ein einfacher Tausch nicht m\u00f6glich. Es standen eine Reihe von Pr\u00fcfungen an, und die Zeit war an diesem Tag nicht auf meiner Seite.<\/p>\n<p>NAJU<br \/>\nDas Taxi fuhr vor dem B\u00fcro in dieser nicht gerade malerischen, aber schwer erreichbaren Stadt vor. Naju ist eine kleine Stadt, deren riesige Birnen im ganzen Land als Neujahrsgeschenke gelten. Um in diese winzige Stadt zu gelangen, muss man entweder das Gl\u00fcck haben, in Seoul (direkte Busverbindungen) oder Busan zu wohnen, oder ins nahegelegene Gwangju reisen und dort umsteigen.<\/p>\n<p>Mediavine<br \/>\nDa ich zu Letzterem geh\u00f6rte, hatte ich das Vergn\u00fcgen, einen Urlaubstag in diesem kleinen Juwel zu verbringen. Das zus\u00e4tzliche Vergn\u00fcgen, meine Haltestelle zu verpassen, lie\u00df die Reise noch hoffnungsloser erscheinen, da ich anfangs angenommen hatte, der Busbahnhof von Naju sei die Endstation.<\/p>\n<p>Als ich das regionale Fahrb\u00fcro betrat, freute ich mich, einige Schilder auf Englisch zu sehen. Ich kann lesen und kenne einige W\u00f6rter, aber meine Koreanischkenntnisse reichen eher f\u00fcr Smalltalk, Taxifahrten und Restaurants. Wie bei anderen Menschen hilft auch Alkohol. Im schlimmsten Fall werden ernste und n\u00fcchterne Fragen gestellt, auf die eindeutige Antworten verlangt werden. Ich zog ein Ticket, und als meine Nummer aufgerufen wurde, riss die Dame am Schalter die Augen auf.<\/p>\n<p>Ich wusste, was los war. Sie suchte verzweifelt jemanden, und zum Gl\u00fcck war EINE Mitarbeiterin im Geb\u00e4ude, die mir durch den gesamten Vorgang helfen konnte. Die Leute im B\u00fcro waren extrem nett, und ich bin ihnen sehr dankbar daf\u00fcr, dass sie den Tag so sch\u00f6n gemacht haben, wie er h\u00e4tte sein k\u00f6nnen.<\/p>\n<p>KONTROLLPUNKTE<br \/>\nAls die ersten Reifen auftauchten, packte mich meine Entschlossenheit. Der Kaffee hatte seine Wirkung getan. Der erste Schritt war der wichtigste und der Hauptgrund, warum ich so fr\u00fch ankommen musste. Ein einst\u00fcndiges Sicherheitstraining war ein unvermeidliches Hindernis, und da ich online keine Vorbereitungsmaterialien finden konnte, war die Teilnahme vielleicht sogar besser.<\/p>\n<p>Obwohl das gesamte Video als koreanische Quizshow gedreht wurde, war sein Slapstick-Humor c<\/p>\n<p>Sch\u00e4dlich, wenn auch kitschig und manchmal leicht verst\u00e4ndlich. Viele m\u00f6gliche Testantworten waren darin versteckt, was das Video f\u00fcr mich wichtig erscheinen lie\u00df. Das Video schien nur f\u00fcr mich gedacht zu sein, da der Rest des Publikums sofort schlief oder seine Spiele oder Gespr\u00e4che auf ihren Handys fortsetzte. Nach einer Stunde f\u00fchlte ich mich bereit f\u00fcr den schriftlichen Test, auch wenn meine Nervosit\u00e4t noch nicht ganz gelegt war. Immerhin hatte ich einen Plan.<\/p>\n<p>Als N\u00e4chstes kam der routinem\u00e4\u00dfige \u201ek\u00f6rperliche\u201c Test, der nur einen kurzen Augentest beinhaltete. Danke, Brille. Die englischsprachige Mitarbeiterin stempelte meinen Zettel ab, um das Absolvieren jedes Kontrollpunkts zu best\u00e4tigen, und dieses Mal sagte sie mir, ich solle nach oben gehen und den schriftlichen Test machen. Es w\u00fcrde 40 Minuten dauern, und wie immer w\u00fcnschte sie mir viel Gl\u00fcck. Die Nervosit\u00e4t kam zur\u00fcck.<\/p>\n<p>Ich gab den Zettel jemandem im Pr\u00fcfungsraum und best\u00e4tigte, dass mein Test auf Englisch sein w\u00fcrde. Die Pr\u00fcfung fand am Computer statt, und ich h\u00e4tte 40 Minuten Zeit daf\u00fcr. Keine Vorbereitung. Kein Lernen au\u00dfer dem Video eine Stunde vorher. Es war der entscheidende Moment, und zum Gl\u00fcck erinnerte ich mich an den Rat eines Kollegen: \u201eGib die \u201anette\u2018 Antwort.\u201c<\/p>\n<p>UNTERWEGS<br \/>\nAlso absolvierte ich die Pr\u00fcfung wie ein guter Fahrer. Zusammen mit etwas gesundem Menschenverstand bestand ich! Die Wirkung des Kaffees lie\u00df nach und ich musste meine Antworten etwas \u00fcberdenken, aber es war vorbei. Auf zum n\u00e4chsten Schritt.<\/p>\n<p>Der Tag verging schneller als erwartet, und ich war bereit loszulegen. Es war kurz vor Mittag, und ich wusste, dass das Land um 12 Uhr zum Stillstand kommt. Meine Hoffnungen auf ein schnelles Ende wurden zunichte gemacht, als mir gesagt wurde, dass die n\u00e4chste Pr\u00fcfung erst um 13:30 Uhr kommen w\u00fcrde. Ich vertrieb mir die Zeit mit etwas mittelm\u00e4\u00dfigem, scharfem Schweinefleisch im Keller und wusste, dass noch zwei Schritte \u00fcbrig waren: Zuerst eine Fahrpr\u00fcfung auf der Teststrecke und als letzter Schritt eine Fahrpr\u00fcfung auf der Stra\u00dfe. Sie schienen die schwierigsten zu sein, also schenkte ich mir nat\u00fcrlich noch Kaffee ein.<\/p>\n<p>Mediavine<br \/>\nDie Wartezeit gab mir die Gelegenheit, mir vor der Pr\u00fcfung die Lehrvideos in Dauerschleife anzusehen. Ich hatte das Gef\u00fchl, dass es in dieser Pr\u00fcfung m\u00f6glicherweise keine englischen Anweisungen geben w\u00fcrde, daher waren die Videos eine dringend ben\u00f6tigte Hilfe. Alles wirkte so streng und formell. Die Anspannung stieg. Mein Name wurde aufgerufen, ich ging zum Kurs und stieg in eines der Testautos.<\/p>\n<p>Die Nervosit\u00e4t legte sich schnell, als ich die Pr\u00fcfungsziele relativ problemlos absolvierte. Ein Bildschirm im Armaturenbrett forderte mich auf, die Scheibenwischer zu bet\u00e4tigen, den Blinker einzuschalten und den Automatikwagen von \u201eParken\u201c auf \u201eFahren\u201c zu schalten. Ich bestand den Kurs und ging zur letzten Phase \u00fcber.<\/p>\n<p>Das w\u00e4re die Fahrpr\u00fcfung, aber zuerst hie\u00df es wieder warten. Mehr Zeit, um \u00fcber die letzte Phase nachzudenken, und auch mehr Koffein. Ein leichtes G\u00e4hnen gegen 3:00 Uhr spornte mich an, und da ich keinen weiteren Tropfen Kaffee trinken wollte, reichte mir eine Pepsi. Die kippte ich hinunter, bevor der Pr\u00fcfer mich aufforderte. Die Wartezeit auf diese Pr\u00fcfung gab mir noch mehr Zeit, mich mit Videos vorzubereiten.<\/p>\n<p>Nach weiteren 30 Minuten ging es los. Ich \u00fcberpr\u00fcfte alle Punkte am Auto, stieg ordnungsgem\u00e4\u00df ein und fuhr die 5 km lange Strecke wie aus dem Lehrbuch. Schlie\u00dflich parkte ich wie angegossen parallel und erfuhr: Ich hatte bestanden! Ich w\u00fcrde noch am selben Tag meinen F\u00fchrerschein bekommen! Erfolg! Nach all dem Warten und den Herausforderungen war es geschafft. Ich bedankte mich herzlich bei dem Mitarbeiter, der mir den ganzen Tag geholfen hatte, und machte mich auf den Heimweg.<\/p>\n<p>Mediavine<br \/>\nERFOLG! R\u00dcCKBLICK.<br \/>\nEs war vorbei und mein Geist konnte endlich zur Ruhe kommen. Keine st\u00e4ndigen Bewusstseinszust\u00e4nde mehr. Einfach entspannen und nach Hause fahren. Zwei Busbahnh\u00f6fe sp\u00e4ter h\u00e4tte Yeosu noch nie so sch\u00f6n sein k\u00f6nnen.<\/p>\n<p>R\u00fcckblickend mag ich vielleicht dramatische Gedanken \u00fcber den koreanischen F\u00fchrerschein haben, aber der ganze Prozess war stressig. Hinzu kommt die Sprachbarriere, und alle offiziellen Angelegenheiten k\u00f6nnen einem den Kopf vor Stress w\u00f6lben. Vielleicht liegt das an den Fahr\u00e4mtern.<\/p>\n<p>UNSERE UND DEINE GEDANKEN!<br \/>\nWie ihr meiner Geschichte entnehmen k\u00f6nnt, war dies ein koffeinreiches Abenteuer, das mir die Freiheit gab, nach der ich lange gesucht hatte. Im Vergleich zu den USA ist es in Korea viel einfacher und schneller, einen F\u00fchrerschein zu bekommen. Was meint ihr? Wenn ihr euren F\u00fchrerschein gemacht habt, w\u00fcrde ich mich freuen, von euren Erfahrungen zu h\u00f6ren.<\/p>\n","protected":false},"excerpt":{"rendered":"<p>KOREANISCHER F\u00dcHRERSCHEIN WISSENSWERTES Ich empfehle Ihnen, so fr\u00fch wie m\u00f6glich anzureisen. Der gesamte Vorgang dauert fast einen ganzen Tag, obwohl<\/p>\n","protected":false},"featured_media":22691,"template":"","meta":[],"product_brand":[],"product_cat":[927],"product_tag":[],"class_list":{"0":"post-22646","1":"product","2":"type-product","3":"status-publish","4":"has-post-thumbnail","6":"product_cat-fuehrerschein","8":"first","9":"instock","10":"taxable","11":"shipping-taxable","12":"purchasable","13":"product-type-simple"},"_links":{"self":[{"href":"https:\/\/primeprintingweb.com\/de\/wp-json\/wp\/v2\/product\/22646","targetHints":{"allow":["GET"]}}],"collection":[{"href":"https:\/\/primeprintingweb.com\/de\/wp-json\/wp\/v2\/product"}],"about":[{"href":"https:\/\/primeprintingweb.com\/de\/wp-json\/wp\/v2\/types\/product"}],"version-history":[{"count":3,"href":"https:\/\/primeprintingweb.com\/de\/wp-json\/wp\/v2\/product\/22646\/revisions"}],"predecessor-version":[{"id":22811,"href":"https:\/\/primeprintingweb.com\/de\/wp-json\/wp\/v2\/product\/22646\/revisions\/22811"}],"wp:featuredmedia":[{"embeddable":true,"href":"https:\/\/primeprintingweb.com\/de\/wp-json\/wp\/v2\/media\/22691"}],"wp:attachment":[{"href":"https:\/\/primeprintingweb.com\/de\/wp-json\/wp\/v2\/media?parent=22646"}],"wp:term":[{"taxonomy":"product_brand","embeddable":true,"href":"https:\/\/primeprintingweb.com\/de\/wp-json\/wp\/v2\/product_brand?post=22646"},{"taxonomy":"product_cat","embeddable":true,"href":"https:\/\/primeprintingweb.com\/de\/wp-json\/wp\/v2\/product_cat?post=22646"},{"taxonomy":"product_tag","embeddable":true,"href":"https:\/\/primeprintingweb.com\/de\/wp-json\/wp\/v2\/product_tag?post=22646"}],"curies":[{"name":"wp","href":"https:\/\/api.w.org\/{rel}","templated":true}]}}