{"id":22647,"date":"2025-05-13T04:17:25","date_gmt":"2025-05-13T04:17:25","guid":{"rendered":"https:\/\/primeprintingweb.com\/?post_type=product&#038;p=22647"},"modified":"2025-05-18T16:55:12","modified_gmt":"2025-05-18T16:55:12","slug":"spanish-drivers-license-online","status":"publish","type":"product","link":"https:\/\/primeprintingweb.com\/de\/geschaeft\/fuehrerschein\/spanish-drivers-license-online\/","title":{"rendered":"SPANISCHER F\u00dcHRERSCHEIN ONLINE"},"content":{"rendered":"<div class=\"woocommerce-tabs wc-tabs-wrapper\">\n<div id=\"tab-description\" class=\"woocommerce-Tabs-panel woocommerce-Tabs-panel--description panel entry-content wc-tab\" role=\"tabpanel\" aria-labelledby=\"tab-title-description\">\n<p>Autofahren in Spanien kann ein echtes Abenteuer sein. Aber den spanischen F\u00fchrerschein zu bekommen, ist noch einmal ein ganz anderes.<\/p>\n<p>Schnall dich an und mach dich bereit, die wichtigsten Schritte mit mir zu unternehmen.<\/p>\n<p>SCHRITT 1 \u2013 WISSEN, WER IN SPANIEN FAHREN DARF<br \/>\nKind am Steuer<br \/>\nDas gesetzliche Mindestalter f\u00fcr Autofahrer in Spanien betr\u00e4gt 18 Jahre. Personen unter 18 Jahren d\u00fcrfen in Spanien nicht legal fahren \u2013 selbst mit einem g\u00fcltigen F\u00fchrerschein aus ihrem Heimatland.<\/p>\n<p>(Tut mir leid, junge US-B\u00fcrger \u2013 vielleicht darfst du in deiner Heimat schon mit 16 fahren, aber nicht hier.)<\/p>\n<p>Jeder \u00fcber 18-J\u00e4hrige mit einem g\u00fcltigen nationalen F\u00fchrerschein aus seinem Heimatland darf in Spanien legal fahren \u2013 zun\u00e4chst. F\u00fcr Nicht-EU\/EWR-B\u00fcrger gilt dies f\u00fcr die ersten sechs Monate nach dem Umzug nach Spanien und der Erlangung der Aufenthaltserlaubnis. F\u00fcr EU\/EWR-B\u00fcrger betr\u00e4gt die Frist zwei Jahre.<\/p>\n<p>Nach dieser ersten Schonfrist beginnt Ihr Abenteuer in der spanischen B\u00fcrokratie.<\/p>\n<p>SCHRITT 2 \u2013 RECHTLICHES VERFAHREN ENTSPRECHEND IHRER SPEZIELLEN SITUATION:<br \/>\nWenn Sie EU-\/EWR-B\u00fcrger (plus Island, Norwegen und Liechtenstein) sind und Ihren Wohnsitz legal in Spanien haben, m\u00fcssen Sie einen spanischen F\u00fchrerschein beantragen. Dies k\u00f6nnen Sie entweder durch Umtausch oder Verl\u00e4ngerung Ihres ausl\u00e4ndischen F\u00fchrerscheins tun.<\/p>\n<p>In den ersten zwei Jahren Ihres Aufenthalts in Spanien d\u00fcrfen Sie mit Ihrem bestehenden F\u00fchrerschein legal in Spanien fahren. Wichtig: Nach sechs Monaten m\u00fcssen Sie sich bei der Verkehrsbeh\u00f6rde anmelden. Dies k\u00f6nnen Sie beim Registro Central de Conductores e Infractores der Provinzverkehrszentrale (Jefatura Provincial de Tr\u00e1fico) tun.<\/p>\n<p>Nach der Anmeldung m\u00fcssen Sie sich einer \u00e4rztlichen Untersuchung in einem Centro de Reconocimiento de Conductores Autorizado unterziehen.<\/p>\n<p>Es gelten die gleichen Bedingungen wie f\u00fcr spanische F\u00fchrerscheininhaber. DIES BEINHALTET:<br \/>\nArme verschr\u00e4nken<br \/>\nDurchf\u00fchrung aller notwendigen medizinischen Untersuchungen<br \/>\nErneuerung oder Umtausch des spanischen F\u00fchrerscheins nach den ersten zwei Jahren Aufenthalt in Spanien. Die Erneuerung eines EU-F\u00fchrerscheins in Spanien wird effektiv in einen spanischen EU-F\u00fchrerschein umgewandelt. Dieser muss bis zum Alter von 65 Jahren alle 10 Jahre und ab dem 65. Lebensjahr alle f\u00fcnf Jahre erneuert werden.<br \/>\nWenn Sie nach zwei Jahren Aufenthalt keinen spanischen F\u00fchrerschein erhalten, droht Ihnen eine Geldstrafe von 200 \u20ac.<\/p>\n<p>Um Ihren EU-\/EWR-F\u00fchrerschein in einen spanischen F\u00fchrerschein umzutauschen, m\u00fcssen Sie sich an die Verkehrszentrale der Provinz wenden. Bringen Sie zur Bearbeitung folgende Dokumente mit:<\/p>\n<p>Antragsformular<br \/>\nG\u00fcltiger Reisepass oder Personalausweis<br \/>\nWohnsitznachweis (Registrierungsbescheinigung im Ausl\u00e4nderzentralregister, d. h. Ihre NIE-Nummer oder N\u00famero de Identificaci\u00f3n de Extranjero oder Empadronamiento)<br \/>\nG\u00fcltiger F\u00fchrerschein zum Umtausch in Spanien (Original und Kopie)<br \/>\nZwei aktuelle Fotos (32 x 25 mm)<br \/>\nSchriftliche Erkl\u00e4rung, dass Ihnen die Fahrerlaubnis nicht entzogen wurde<br \/>\nSchriftliche Erkl\u00e4rung, dass Sie keinen anderen F\u00fchrerschein der gleichen Klasse in einem anderen Land besitzen.<br \/>\nKURZ GEDACHT<br \/>\n\u201eSimplify\u201c steht auf dem Boden hinter dem Auto.<br \/>\nMit anderen Worten: Wenn Sie EU-\/EWR-B\u00fcrger sind, ist Ihr Verfahren deutlich vereinfacht. Sie haben au\u00dferdem eine l\u00e4ngere Schonfrist als Nicht-EU-\/EWR-B\u00fcrger. Genie\u00dfen Sie es, solange Sie k\u00f6nnen! Sie sparen viel Zeit, Geld und Energie, da Sie die spanische Fahrpr\u00fcfung NICHT ablegen m\u00fcssen.<\/p>\n<p>***F\u00fcr alle britischen Staatsb\u00fcrger, die sich aktuell \u00fcber die m\u00f6glichen Auswirkungen des Brexit auf ihren spanischen F\u00fchrerschein informieren m\u00f6chten, empfehle ich, sich \u00fcber die Website GOV.UK auf dem Laufenden zu halten.<\/p>\n<p>Sie k\u00f6nnen Ihren britischen F\u00fchrerschein derzeit auch gegen einen spanischen umtauschen, allerdings l\u00e4uft dieser Prozess aufgrund des Brexits etwas schwieriger ab als sonst.<\/p>\n<p>Nicht-EU\/EWR-B\u00fcrger (wie ich) ben\u00f6tigen einen spanischen F\u00fchrerschein. Dies k\u00f6nnen Sie entweder durch den Umtausch Ihres ausl\u00e4ndischen F\u00fchrerscheins tun, wenn Ihr Land ein Abkommen mit Spanien hat (Gl\u00fcck gehabt!), oder Sie m\u00fcssen eine spanische F\u00fchrerscheinpr\u00fcfung ablegen (wie ich). Diese umfasst die theoretische (schriftliche) und die praktische Pr\u00fcfung.<\/p>\n<p>DAS IST AUCH NICHT NUR SCHLECHTE NACHRICHTEN!<br \/>\nAlle Nicht-EU\/EWR-B\u00fcrger d\u00fcrfen nach Erhalt ihrer Aufenthaltsgenehmigung bis zu sechs Monate nach ihrem Umzug nach Spanien mit ihrem bestehenden ausl\u00e4ndischen F\u00fchrerschein legal in Spanien fahren. Wenn Ihr ausl\u00e4ndischer F\u00fchrerschein nicht auf Spanisch ausgestellt ist, m\u00fcssen Sie immer eine beglaubigte \u00dcbersetzung oder einen Internationalen F\u00fchrerschein (IDP) mitf\u00fchren. Dieser ist nur ein Jahr g\u00fcltig und muss au\u00dferhalb Spaniens in Ihrem Heimatland beantragt werden.<\/p>\n<p>W\u00e4hrend Sie auf die Genehmigung Ihres Aufenthalts warten, d\u00fcrfen Sie mit Ihrem bestehenden ausl\u00e4ndischen F\u00fchrerschein bis zu einem Jahr legal fahren, sofern Sie Ihren IDP und Ihren g\u00fcltigen F\u00fchrerschein aus Ihrem Heimatland zur Hand haben.<\/p>\n<p>Wer sind also einige dieser gl\u00fccklichen 20 Nationalit\u00e4ten, die ihren F\u00fchrerschein einfach gegen einen spanischen umtauschen k\u00f6nnen?<\/p>\n<p>DIE GL\u00dcCKLICHEN L\u00c4NDER!<br \/>\nGl\u00fccksklee<br \/>\nB\u00fcrger aus Algerien, Andorra, Argentinien, Brasilien, Bolivien, Chile, Kolumbien, der Dominikanischen Republik, Ecuador, Guatemala, Japan, Korea, Mazedonien, Marokko, Nicaragua, Peru, Panama, Paraguay, den Philippinen, Serbien, der Schweiz, T<\/p>\n<p>T\u00fcrkei, Tunesien, Ukraine, Uruguay und Venezuela<\/p>\n<p>Erkundigen Sie sich stets beim Konsulat Ihres Heimatlandes in Spanien oder bei der spanischen Verkehrsbeh\u00f6rde, da sich die Abkommen zwischen den L\u00e4ndern st\u00e4ndig \u00e4ndern.<\/p>\n<p>Diplomaten und internationale Mitarbeiter k\u00f6nnen ihren F\u00fchrerschein unabh\u00e4ngig von ihrer Staatsangeh\u00f6rigkeit umtauschen \u2013 wenden Sie sich f\u00fcr weitere Informationen an das Au\u00dfenministerium.<\/p>\n<p>F\u00fcr den Umtausch Ihres F\u00fchrerscheins aus einem Nicht-EU-\/EWR-Land ben\u00f6tigen Sie in der Regel die folgenden Formulare (*einige L\u00e4nder ben\u00f6tigen m\u00f6glicherweise zus\u00e4tzliche \u00dcbersetzungen oder Formulare von ihrem Konsulat\/ihrer Botschaft \u2013 bitte \u00fcberpr\u00fcfen Sie dies unbedingt):<\/p>\n<p>Antragsformular<br \/>\nG\u00fcltiger Personalausweis oder Reisepass (Original)<br \/>\nAufenthaltserlaubnis, Personalausweis oder Reisepass zusammen mit der Bescheinigung \u00fcber die Registrierung im Zentralen Ausl\u00e4nderregister (f\u00fcr EU-Ausl\u00e4nder) bzw. der Aufenthaltserlaubnis (f\u00fcr Nicht-EU-Ausl\u00e4nder): Original. G\u00fcltige Aufenthaltskarte.<br \/>\n\u00c4rztliches Attest eines anerkannten medizinischen Zentrums (z. B. des Centro de Reconocimiento de Conductores Autorizado)<br \/>\nG\u00fcltiger F\u00fchrerschein zum Umtausch (Original und Kopie)<br \/>\nZwei aktuelle Fotos (32 x 25 mm)<br \/>\nSchriftliche Erkl\u00e4rung, dass Ihnen die Fahrerlaubnis weder entzogen noch entzogen wurde<br \/>\nSchriftliche Erkl\u00e4rung, dass Sie keinen anderen F\u00fchrerschein der gleichen Klasse aus einem anderen EU-Land besitzen.<br \/>\nAuch hier gilt: Ihr Verfahren ist deutlich einfacher als das von Nicht-EU\/EWR-B\u00fcrgern, deren Land kein Abkommen zu diesem Verfahren hat. Genie\u00dfen Sie es, solange Sie k\u00f6nnen, und seien Sie sich bewusst, dass Sie viel Zeit, Geld und Energie sparen, da Sie die spanische Fahrpr\u00fcfung NICHT ablegen m\u00fcssen.<\/p>\n<p>SO, SO, WIR SIND JETZT ZUM HIGHLIGHT DIESES ARTIKELS GEKOMMEN \u2013 DER SPANISCHEN FAHRPR\u00dcFUNG!<br \/>\nSCHRITT 3 \u2013 DIE SPANISCHE FAHRPR\u00dcFUNG:<\/p>\n<p>F\u00fcr viele Nicht-EU\/EWR-B\u00fcrger kann es frustrierend sein, dies tun zu m\u00fcssen Alles noch einmal, um einen spanischen F\u00fchrerschein zu bekommen. Das gilt insbesondere, wenn man in seinem Heimatland einen F\u00fchrerschein und Fahrerfahrung hat. Es ist noch frustrierender, weil die meisten spanischen Fahrer machen, was sie wollen, und sich nur an etwa 60 % der Regeln halten.<\/p>\n<p>MEIN RAT?<br \/>\nRei\u00df dich zusammen, k\u00e4mpfe dich durch und schaff es. Wir leben in einem Land voller \u201eTitulitis\u201c und B\u00fcrokratie sowie \u201eno pasa nada\u201c. Es ist, wie es ist, leider. Aber ich hatte einen gro\u00dfartigen praktischen Fahrlehrer und bin dankbar f\u00fcr die Ausbildung, die ich in beiden Pr\u00fcfungen erhalten habe.<\/p>\n<p>Ich komme urspr\u00fcnglich aus den USA und geh\u00f6re leider zu der Generation, die nie gelernt hat, ein Auto mit Schaltgetriebe zu fahren. Ich habe es geliebt, eine weitere F\u00e4higkeit zu erlernen und mich selbst dazu zu bringen, sie auf Spanisch zu lernen (\u00a1toma ya!).<\/p>\n<p>WEITERE M\u00d6GLICHKEITEN<br \/>\nIn Spanien gibt es die M\u00f6glichkeit, die Pr\u00fcfung auf Englisch (oder in einer Vielzahl anderer Sprachen) abzulegen, sowie die praktische Pr\u00fcfung nur mit einem Auto mit Automatikgetriebe. Dies h\u00e4ngt jedoch davon ab, wo Sie wohnen.<\/p>\n<p>*Hinweis: Wenn Sie die Pr\u00fcfung mit einem Automatikfahrzeug ablegen Auto, d\u00fcrfen Sie in Spanien nur noch ein Auto mit Automatikgetriebe fahren.<br \/>\nWO SIE SICH ANMELDEN K\u00d6NNEN<br \/>\nSie m\u00fcssen sich f\u00fcr die Pr\u00fcfungen bei der Provinzverkehrszentrale (Jefatura Provincial de Tr\u00e1fico) anmelden. Die meisten fahren dann zu einer Autoescuela (offizielle Fahrschule), die alles f\u00fcr Sie erledigt. Dazu geh\u00f6rt die Anmeldung zu allen notwendigen Pr\u00fcfungen und die Bereitstellung des Materials, das im Gesamtpreis enthalten ist.<\/p>\n<p>Ich habe mich \u00fcber meine lokale Autoescuela angemeldet (ein gro\u00dfes Lob an die Autoescuela 2000 in San Fernando de Henares &amp; Coslada in Madrid).<\/p>\n<p>Ich hatte urspr\u00fcnglich vor, die schriftliche Pr\u00fcfung auf Spanisch zu absolvieren. Kurz nach der Anmeldung wechselte ich jedoch den Job und arbeitete 40 Stunden pro Woche auf Spanisch. Da mein Gehirn am Ende des Tages v\u00f6llig ersch\u00f6pft war, entschied ich mich, die Pr\u00fcfung stattdessen auf Englisch zu absolvieren.<\/p>\n<p>MEINE AUTOESCUELA<br \/>\nDie Autoescuela, bei der ich war, bot keinen Englischunterricht an. Sie konnten aber das Englischbuch anfordern und Ich habe kostenlos ein Testheft von der DGT erhalten.<\/p>\n<p>*Hinweis: Dieses ist bei JEDER Autoescuela erh\u00e4ltlich, da die DGT die B\u00fccher an die Schulen ausgibt. Sie m\u00fcssen lediglich Ihre \u00f6rtliche Autoescuela bitten, diese beiden B\u00fccher in englischer Sprache bei der DGT f\u00fcr Sie zu bestellen.<br \/>\n*Zus\u00e4tzlicher Hinweis: Das Englisch in diesen B\u00fcchern ist eine seltsame Mischung aus britischem Englisch und einer quasi w\u00f6rtlichen \u00dcbersetzung aus dem Spanischen. Die Fragen waren in jedem Fall verst\u00e4ndlich, und man sollte immer auf die Pr\u00e4positionen achten, da diese Tricks in der spanischen Version des Tests verwendet werden, und sie haben bei der \u00dcbersetzung ins Englische \u00e4hnliches gemacht.<br \/>\nSie boten unbegrenzten Spanischunterricht mit einem Lehrer zur Vorbereitung auf die schriftliche Pr\u00fcfung an, der im urspr\u00fcnglichen Preis enthalten war. Zum Gl\u00fcck gab es auch einen Simulator f\u00fcr ein Auto mit manueller Schaltung, an dem ich so viel \u00fcben konnte, wie ich wollte. Dar\u00fcber hinaus stellten sie eine Online-Bewerbung mit \u00dcbungstests zur Verf\u00fcgung, die ich in der Schule und zu Hause verwendet habe.<\/p>\n<p>Ich habe all diese Ressourcen genutzt. Aber f\u00fcr die schriftliche (te\u00f3rico) Test: Ich habe haupts\u00e4chlich mein Englisch-Kursbuch gelesen. Ich habe auch die Fragen im Englisch-Testheft durchgesehen und dabei besonders auf die Fragen geachtet, die ich falsch beantwortet habe.<\/p>\n<p>Ich habe verschiedene Apps f\u00fcr meine Ph.D. verwendet.<\/p>\n<p>Ich konnte es kostenlos herunterladen, um unterwegs zu lernen. Und ja, die Fragen waren sogar auf Englisch!<\/p>\n<p>HIER SIND EINIGE DER APPS, DIE ICH AUF MEINEM HANDY ZUM LERNEN F\u00dcR MEINE SCHRIFTLICHE PR\u00dcFUNG VERWENDET HABE:<\/p>\n<p>AeolCloud<br \/>\nTodoTest<br \/>\nWenn Sie eine Autoescuela suchen, die sowohl die Pr\u00fcfungen als auch alle Vorbereitungs- und Fahrkurse auf Englisch anbietet, sollten Sie mit Kosten rechnen.<\/p>\n<p>HIER IST EINE LISTE EINIGER AUTOESCUELAS, DIE IHNEN BEIM ERWERB EINES SPANISCHEN F\u00dcHRERSCHEINS HELFEN K\u00d6NNEN:<br \/>\nMadrid \u2013 Auto Escuela Gala<br \/>\nBarcelona \u2013 AE Stop n Drive &amp; Auto Escuela Corsa<br \/>\nWAS SIE F\u00dcR DIE ANMELDUNG ZU DIESEN PR\u00dcFUNGEN BEN\u00d6TIGEN:<br \/>\nEin Zertifikat \u00fcber Ihre geistige und k\u00f6rperliche Fitness vom Centro de Reconocimiento de Conductores Autorizado<br \/>\nEin Antragsformular<br \/>\nZwei Passfotos<br \/>\nIhre Aufenthaltserlaubnis<br \/>\nEinen Adressnachweis in Spanien<br \/>\nEine Erkl\u00e4rung, dass keine Aussetzungen oder Rechtsf\u00e4lle vorliegen, die Sie am Fahren hindern<br \/>\nEine Erkl\u00e4rung, dass Sie nicht bereits einen vergleichbaren F\u00fchrerschein besitzen.<br \/>\nWAS KOSTEN EIN SPANISCHER F\u00dcHRERSCHEIN?<\/p>\n<p>Das h\u00e4ngt ganz davon ab:<\/p>\n<p>Wo Sie wohnen<br \/>\nWie oft Sie die schriftliche Pr\u00fcfung bestehen m\u00fcssen<br \/>\nWie viele Kurse Sie an Ihrer Autoescuela besuchen<br \/>\nUnd wie oft Sie die praktische Pr\u00fcfung bestehen m\u00fcssen<br \/>\n*Hinweis: Wichtig ist, dass Sie eine Pr\u00fcfung nur einmal nicht bestehen k\u00f6nnen. Andernfalls m\u00fcssen Sie eine zus\u00e4tzliche Geb\u00fchr (tasa) zahlen, um es erneut zu versuchen. Beispiel: Ich habe meine schriftliche Pr\u00fcfung beim ersten Versuch bestanden. Dadurch konnte ich die praktische Pr\u00fcfung mindestens zweimal ablegen, ohne erneut zahlen zu m\u00fcssen. Ich kenne andere, die ihre schriftliche Pr\u00fcfung beim ersten Versuch nicht bestanden haben und sich dann sehr unter Druck gesetzt f\u00fchlten, die praktische Pr\u00fcfung zu bestehen.<br \/>\nHIER MEIN PERS\u00d6NLICHES BEISPIEL:<br \/>\nAutoescuela matr\u00edcula \u2013 30 \u20ac<br \/>\nExamen te\u00f3rico \u2013 92 \u20ac<br \/>\nAbono 10 Unterrichtsstunden \u2013 215 \u20ac (zwei davon habe ich vor meiner ersten praktischen Pr\u00fcfung absolviert \u2013 also insgesamt 430 \u20ac)<br \/>\nZwei kostenlose Unterrichtsstunden, die im Preis meiner Matr\u00edcula enthalten waren<br \/>\nZwei weitere Unterrichtsstunden direkt vor der ersten praktischen Pr\u00fcfung \u2013 insgesamt 43 \u20ac (also 21,50 \u20ac pro Unterrichtsstunde)<br \/>\nExamen p\u00e1ctico 1 \u2013 123 \u20ac<br \/>\nF\u00fcnf weitere Unterrichtsstunden vor meiner zweiten praktischen Pr\u00fcfung \u2013 107,50 \u20ac<br \/>\nExamen p\u00e1ctico 2 \u2013 123 \u20ac<br \/>\nMeine Gesamtkosten beliefen sich auf ca. 948 \u20ac, inklusive \u00e4rztlicher Untersuchung und dergleichen, auf ca. 1000 \u20ac.<\/p>\n<p>Ich w\u00fcrde das als allgemeines Minimum einsch\u00e4tzen. Allerdings kenne ich Leute, die nur 800 \u20ac und andere, die fast 1500 \u20ac ausgegeben haben.<\/p>\n<p>Es h\u00e4ngt davon ab, wie viele Unterrichtsstunden Sie und Ihr Lehrer f\u00fcr n\u00f6tig erachten und wie Ihre Pr\u00fcfungsergebnisse aussehen.<\/p>\n<p>*Wichtig \u2013 Lassen Sie sich nicht unter Druck setzen, aber es gibt zeitliche Beschr\u00e4nkungen f\u00fcr die Wartezeit zwischen den einzelnen Pr\u00fcfungen. Ihre schriftliche Pr\u00fcfung ist bis zu zwei Jahre ab dem Zeitpunkt der Ablegung g\u00fcltig \u2013 Ihre Ergebnisse der praktischen Pr\u00fcfung jedoch nur bis zu sechs Monate.<\/p>\n<p>Was bedeutet das? Nach der schriftlichen Pr\u00fcfung k\u00f6nnen Sie sich Zeit lassen. Sobald Sie jedoch Ihre erste praktische Pr\u00fcfung abgelegt (und nicht bestanden) haben, m\u00fcssen Sie den Schwung beibehalten. Wenn Sie l\u00e4nger als sechs Monate zwischen Ihrer n\u00e4chsten praktischen Pr\u00fcfung warten (Sie haben es erraten!), m\u00fcssen Sie eine weitere Geb\u00fchr (tasa) zahlen.<br \/>\nHIER IST MEIN PERS\u00d6NLICHES BEISPIEL:<br \/>\nIch habe mich im November 2015 angemeldet, die schriftliche Pr\u00fcfung aber erst im Dezember 2016 abgelegt.<\/p>\n<p>Im Fr\u00fchjahr\/Sommer 2017 begann ich mit dem praktischen Unterricht und legte im Oktober 2017 meine erste praktische Pr\u00fcfung ab (die ich wegen eines Fehlers nicht bestanden habe! Argh!), und im Dezember 2017 meine zweite und letzte praktische Pr\u00fcfung.<\/p>\n<p>Letztendlich entscheide dich f\u00fcr das, was f\u00fcr dich und deine pers\u00f6nliche Situation am besten passt. Achte aber trotzdem auf deine Zeitlimits.<\/p>\n<p>*Hinweis: Du kannst (ich musste) einen Lehrerwechsel beantragen, wenn du das Gef\u00fchl hast, dass der Lehrer nicht zu dir passt. Ich hatte zwei erste Unterrichtsstunden bei einem Lehrer, aber sein Unterrichtsstil machte mich nur noch nerv\u00f6ser und unruhiger. Also ging ich zum Empfang meiner Autoescuela und sie haben den Wechsel vorgenommen. Letztendlich ist es deine Zeit und dein Geld \u2013 verschwende sie nicht!<br \/>\nHERZLICHEN GL\u00dcCKWUNSCH! DU HAST ES GESCHAFFT, EINEN SPANISCHEN F\u00dcHRERSCHEIN ZU BEKOMMEN!<br \/>\nEin vollwertiger F\u00fchrerschein in Spanien<br \/>\nBildquelle<br \/>\nSobald du die praktische Pr\u00fcfung bestanden hast, erh\u00e4ltst du deinen vorl\u00e4ufigen F\u00fchrerschein. Dieser ist g\u00fcltig, bis dein offizieller F\u00fchrerschein bei der Autoescuela eintrifft. Dann bekommst du auch dein gr\u00fcnes L-Schild, das du an der Heckscheibe deines Autos anbringen kannst. Du musst dein gr\u00fcnes L-Schild dort ein Jahr lang (ab dem Tag der bestandenen Pr\u00fcfung) tragen. Manche verzichten darauf, aber so vermeidest du Geb\u00fchren oder m\u00f6gliche Probleme. Ich habe meins benutzt und hatte \u00fcberhaupt keine Probleme. Und ganz ehrlich \u2013 es hat mir geholfen, die verr\u00fcckten spanischen Fahrer auf Abstand zu halten, w\u00e4hrend ich mich an das Fahren in dieser verr\u00fcckten Hauptstadt gew\u00f6hnt habe. Nutze das riesige L!<\/p>\n<p>SCHRITT 4 \u2013 FEIERE!<br \/>\nOb du nur den Papierkram erledigen musstest oder von vorne anfangen musstest \u2013 du hast es geschafft!<\/p>\n<p>Jetzt feier deinen neuen spanischen F\u00fchrerschein, indem du einen Roadtrip irgendwohin organisierst, wo es keine Stadt gibt, und deine neu gewonnene Freiheit genie\u00dft. Und nat\u00fcrlich \u2013 fahr immer vorsichtig!<\/p>\n<\/div>\n<\/div>\n","protected":false},"excerpt":{"rendered":"<p>Autofahren in Spanien kann ein echtes Abenteuer sein. Aber den spanischen F\u00fchrerschein zu bekommen, ist noch einmal ein ganz anderes.<\/p>\n","protected":false},"featured_media":22693,"template":"","meta":[],"product_brand":[],"product_cat":[927],"product_tag":[],"class_list":{"0":"post-22647","1":"product","2":"type-product","3":"status-publish","4":"has-post-thumbnail","6":"product_cat-fuehrerschein","8":"first","9":"instock","10":"taxable","11":"shipping-taxable","12":"purchasable","13":"product-type-simple"},"_links":{"self":[{"href":"https:\/\/primeprintingweb.com\/de\/wp-json\/wp\/v2\/product\/22647","targetHints":{"allow":["GET"]}}],"collection":[{"href":"https:\/\/primeprintingweb.com\/de\/wp-json\/wp\/v2\/product"}],"about":[{"href":"https:\/\/primeprintingweb.com\/de\/wp-json\/wp\/v2\/types\/product"}],"version-history":[{"count":3,"href":"https:\/\/primeprintingweb.com\/de\/wp-json\/wp\/v2\/product\/22647\/revisions"}],"predecessor-version":[{"id":22809,"href":"https:\/\/primeprintingweb.com\/de\/wp-json\/wp\/v2\/product\/22647\/revisions\/22809"}],"wp:featuredmedia":[{"embeddable":true,"href":"https:\/\/primeprintingweb.com\/de\/wp-json\/wp\/v2\/media\/22693"}],"wp:attachment":[{"href":"https:\/\/primeprintingweb.com\/de\/wp-json\/wp\/v2\/media?parent=22647"}],"wp:term":[{"taxonomy":"product_brand","embeddable":true,"href":"https:\/\/primeprintingweb.com\/de\/wp-json\/wp\/v2\/product_brand?post=22647"},{"taxonomy":"product_cat","embeddable":true,"href":"https:\/\/primeprintingweb.com\/de\/wp-json\/wp\/v2\/product_cat?post=22647"},{"taxonomy":"product_tag","embeddable":true,"href":"https:\/\/primeprintingweb.com\/de\/wp-json\/wp\/v2\/product_tag?post=22647"}],"curies":[{"name":"wp","href":"https:\/\/api.w.org\/{rel}","templated":true}]}}