{"id":22655,"date":"2025-05-13T04:17:25","date_gmt":"2025-05-13T04:17:25","guid":{"rendered":"https:\/\/primeprintingweb.com\/?post_type=product&#038;p=22655"},"modified":"2025-05-18T17:07:15","modified_gmt":"2025-05-18T17:07:15","slug":"canadian-drivers-license","status":"publish","type":"product","link":"https:\/\/primeprintingweb.com\/de\/geschaeft\/fuehrerschein\/canadian-drivers-license\/","title":{"rendered":"KANADISCHER F\u00dcHRERSCHEIN"},"content":{"rendered":"<div class=\"woocommerce-tabs wc-tabs-wrapper\">\n<div id=\"tab-description\" class=\"woocommerce-Tabs-panel woocommerce-Tabs-panel--description panel entry-content wc-tab\" role=\"tabpanel\" aria-labelledby=\"tab-title-description\">\n<p>AUTOFAHREN IN KANADA<\/p>\n<p>Informieren Sie sich \u00fcber den kanadischen F\u00fchrerschein, die Kfz-Versicherung, Verkehrsgesetze und -vorschriften, den Autokauf oder das Leasing sowie die Sicherheit.<\/p>\n<p>AUF DIESER SEITE<br \/>\nKanadischer F\u00fchrerschein<br \/>\nKfz-Versicherung<br \/>\nVerkehrsgesetze und -vorschriften<br \/>\nAutokauf oder Leasing<br \/>\nSicherheit<br \/>\nKANADISCHER F\u00dcHRERSCHEIN<br \/>\nUm in Kanada legal Auto fahren zu d\u00fcrfen, ben\u00f6tigen Sie einen kanadischen F\u00fchrerschein, der von der Regierung Ihrer Provinz oder Ihres Territoriums ausgestellt wurde. Sie m\u00fcssen ihn immer bei sich haben. Damit k\u00f6nnen Sie \u00fcberall in Kanada fahren.<\/p>\n<p>Wenn Sie einen g\u00fcltigen F\u00fchrerschein aus Ihrem Heimatland besitzen, k\u00f6nnen Sie diesen nach Ihrer Ankunft wahrscheinlich f\u00fcr kurze Zeit in Kanada zum Fahren verwenden. Erkundigen Sie sich bei der Regierung Ihrer Provinz oder Ihres Territoriums nach Einzelheiten.<\/p>\n<p>Wenn Sie einen ausl\u00e4ndischen F\u00fchrerschein in Kanada nutzen m\u00f6chten, sollten Sie in Ihrem Heimatland einen Internationalen F\u00fchrerschein (IDP) beantragen. Ein IDP stellt Ihnen eine \u00dcbersetzung Ihres F\u00fchrerscheins ins Franz\u00f6sische und Englische aus.<\/p>\n<p>Das Verfahren zum Erwerb eines kanadischen F\u00fchrerscheins h\u00e4ngt von der Provinz oder dem Territorium ab, in dem Sie wohnen, und von Ihren Fahrkenntnissen. Es kann Folgendes umfassen:<\/p>\n<p>eine schriftliche Pr\u00fcfung zu den Verkehrsregeln (hierf\u00fcr erhalten Sie einen Lernleitfaden)<br \/>\nein oder zwei Fahrpr\u00fcfungen<br \/>\nSie k\u00f6nnen kostenpflichtige Fahrstunden zur Vorbereitung auf die Fahrpr\u00fcfungen nehmen. Suchen Sie online nach Fahrstunden.<\/p>\n<p>Sobald Sie einen F\u00fchrerschein besitzen, m\u00fcssen Sie ihn regelm\u00e4\u00dfig erneuern. Das Ablaufdatum ist auf Ihrem F\u00fchrerschein aufgedruckt.<\/p>\n<p>Erfahren Sie mehr \u00fcber F\u00fchrerscheine, Pr\u00fcfungen und Fahrstunden beim Verkehrsministerium Ihrer Provinz oder Ihres Territoriums.<\/p>\n<p>Alberta<br \/>\nBritish Columbia<br \/>\nManitoba<br \/>\nNew Brunswick<br \/>\nNeufundland und Labrador<br \/>\nNordwest-Territorien<br \/>\nNova Scotia<br \/>\nNunavut<br \/>\nOntario<br \/>\nPrince Edward Island<br \/>\nQuebec<br \/>\nSaskatchewan<br \/>\nYukon<br \/>\nKFZ-VERSICHERUNG<br \/>\nIn Kanada ist das Fahren ohne Kfz-Versicherung illegal. Als Autobesitzer m\u00fcssen Sie eine Versicherung abschlie\u00dfen. Wenn Sie regelm\u00e4\u00dfig das Auto eines Verwandten oder Freundes fahren, sollten Sie sicherstellen, dass Sie in dessen Kfz-Versicherungsplan eingetragen sind.<\/p>\n<p>Es gibt verschiedene Arten von Kfz-Versicherungen, die Folgendes abdecken:<\/p>\n<p>Selbstverletzungen und Sch\u00e4den an Ihrem Fahrzeug oder<br \/>\ndie Kosten f\u00fcr Sch\u00e4den und Verletzungen Dritter, wenn Sie einen Unfall verschuldet haben.<br \/>\nDie Kosten Ihrer Kfz-Versicherung h\u00e4ngen vom gew\u00e4hlten Tarif und Ihren folgenden Faktoren ab:<\/p>\n<p>Alter<br \/>\nFahrverhalten<br \/>\nWohnort<br \/>\nFahrerfahrung<br \/>\nDie Kosten variieren auch zwischen den Versicherungsgesellschaften. Deshalb sollten Sie:<\/p>\n<p>Vergewissern Sie sich, dass Sie die Leistungen der einzelnen Tarife verstehen.<br \/>\nKontaktieren Sie mehrere Gesellschaften, um Einzelheiten zu den Preisen ihrer Versicherungspl\u00e4ne zu erfahren.<br \/>\nVERKEHRSRECHTE UND -REGELN<br \/>\nSie m\u00fcssen die kanadischen Verkehrsgesetze einhalten. Informieren Sie sich vor Fahrtantritt \u00fcber die Gesetze Ihrer Provinz oder Ihres Territoriums.<\/p>\n<p>Eine vollst\u00e4ndige Liste der Gesetze und Regeln zum Autofahren finden Sie im Fahrleitfaden der f\u00fcr Autos und das Fahren in Ihrer Provinz oder Ihrem Territorium zust\u00e4ndigen Beh\u00f6rde. Diese Leitf\u00e4den sind in der Regel in Servicecentern, online und im Handel erh\u00e4ltlich.<\/p>\n<p>Die Verkehrsregeln in Kanada werden streng durchgesetzt. Verst\u00f6\u00dfe gegen das Gesetz werden in der Regel streng geahndet. Informieren Sie sich \u00fcber die wichtigsten Gesetze.<\/p>\n<p>WENN SIE IN EINEN UNFALL VERWICKELT SIND<br \/>\nUnbefugtes Entfernen vom Unfallort ist eine schwere Straftat. Dies gilt auch f\u00fcr Unf\u00e4lle mit anderen Fahrzeugen oder das Anfahren eines Fu\u00dfg\u00e4ngers. Bei einem Unfall:<\/p>\n<p>Rufen Sie die Notrufnummer (911) an, um Polizei und Krankenwagen (falls erforderlich) zu rufen.<\/p>\n<p>Warten Sie am Unfallort, bis die gerufenen Rettungskr\u00e4fte eintreffen.<\/p>\n<p>Tauschen Sie Informationen mit dem Unfallgegner aus (falls ein anderes Fahrzeug in den Unfall verwickelt ist), darunter:<br \/>\nName<br \/>\nAdresse<br \/>\nTelefonnummer<br \/>\nNummernschild<br \/>\nF\u00fchrerscheinnummern<br \/>\nName der Versicherungsgesellschaft<br \/>\nVersicherungsnummer<br \/>\nAUTOKAUF ODER LEASING<br \/>\nSie k\u00f6nnen im Internet recherchieren oder das Verkehrsministerium Ihrer Stadt anrufen, um sich \u00fcber Autoh\u00e4ndler oder Autovermietungen zu informieren.<\/p>\n<p>Wenn Sie nur f\u00fcr kurze Zeit ein Auto ben\u00f6tigen, k\u00f6nnen Sie bei einer Autovermietung ein Auto mieten. Achten Sie darauf, dass Ihr Mietvertrag eine Kfz-Versicherung enth\u00e4lt, falls Sie diese ben\u00f6tigen. In manchen St\u00e4dten gibt es Carsharing-Programme, die Ihnen die Nutzung eines Autos erm\u00f6glichen, ohne es kaufen, leasen oder mieten zu m\u00fcssen. Pr\u00fcfen Sie, ob diese Option Ihren Bed\u00fcrfnissen entspricht.<\/p>\n<p>AUTOKAUF<br \/>\nSie k\u00f6nnen ein neues oder gebrauchtes Auto kaufen bei:<\/p>\n<p>Autoh\u00e4ndler<br \/>\nPerson, die ihr Auto verkauft<br \/>\nInformationen und Hilfe beim Autokauf erhalten Sie bei der zust\u00e4ndigen Beh\u00f6rde f\u00fcr Auto- und Fahrverkehr in Ihrer Provinz oder Ihrem Territorium. Informationen zu Verbraucherfragen im Zusammenhang mit dem Fahrzeugkauf finden Sie im Kanadischen Verbraucherhandbuch.<br \/>\nWenden Sie sich an die Verbraucherschutzbeh\u00f6rde Ihrer Provinz oder Ihres Territoriums.<br \/>\nAUTO LEASEN<br \/>\nAnstatt ein Auto zu kaufen, leasen viele Menschen in Kanada ein Auto von einem Autoh\u00e4ndler. Ein Leasingvertrag ist ein rechtsg\u00fcltiger Vertrag zwischen Ihnen und dem H\u00e4ndler, in dem Sie:<\/p>\n<p>sich verpflichten, eine Geb\u00fchr f\u00fcr die Nutzung des Fahrzeugs f\u00fcr einen bestimmten Zeitraum (in der Regel mehrere Jahre) zu zahlen und<br \/>\ndas Fahrzeug nach Ablauf der Laufzeit in einwandfreiem Zustand an den H\u00e4ndler zur\u00fcckgeben.<br \/>\nDa es sich bei einem Leasingvertrag um einen rechtsg\u00fcltigen Vertrag handelt, sollten Sie die Bedingungen des Leasingvertrags vor der Unterzeichnung verstehen.<\/p>\n<p>SICHERHEIT<br \/>\nDer Canada Safety Council informiert dar\u00fcber, was Autofahrer tun k\u00f6nnen, um die Verkehrssicherheit zu verbessern.<\/p>\n<p>Sicherheit in Kanada.<\/p>\n<p>Machen Sie sich mit den Sicherheitsaspekten beim Fahren im Winter vertraut. Schnee und Eis stellen in den meisten Teilen Kanadas gro\u00dfe Gefahren dar. Fahren Sie bei Schnee und Eis langsam. Es empfiehlt sich au\u00dferdem, spezielle Winterreifen f\u00fcr Ihr Auto zu kaufen (in einigen Provinzen ist dies Pflicht).<\/p>\n<\/div>\n<\/div>\n","protected":false},"excerpt":{"rendered":"<p><span style=\"vertical-align: inherit;\"><span style=\"vertical-align: inherit;\">To legally drive a car in Canada, you&#8217;ll need a Canadian driver&#8217;s license issued by the government of your province or territory. You must have it with you whenever you&#8217;re driving. With it, you can drive anywhere in Canada.<\/span><\/span><\/p>\n","protected":false},"featured_media":22709,"template":"","meta":[],"product_brand":[],"product_cat":[927],"product_tag":[],"class_list":{"0":"post-22655","1":"product","2":"type-product","3":"status-publish","4":"has-post-thumbnail","6":"product_cat-fuehrerschein","8":"first","9":"instock","10":"taxable","11":"shipping-taxable","12":"purchasable","13":"product-type-simple"},"_links":{"self":[{"href":"https:\/\/primeprintingweb.com\/de\/wp-json\/wp\/v2\/product\/22655","targetHints":{"allow":["GET"]}}],"collection":[{"href":"https:\/\/primeprintingweb.com\/de\/wp-json\/wp\/v2\/product"}],"about":[{"href":"https:\/\/primeprintingweb.com\/de\/wp-json\/wp\/v2\/types\/product"}],"version-history":[{"count":3,"href":"https:\/\/primeprintingweb.com\/de\/wp-json\/wp\/v2\/product\/22655\/revisions"}],"predecessor-version":[{"id":22825,"href":"https:\/\/primeprintingweb.com\/de\/wp-json\/wp\/v2\/product\/22655\/revisions\/22825"}],"wp:featuredmedia":[{"embeddable":true,"href":"https:\/\/primeprintingweb.com\/de\/wp-json\/wp\/v2\/media\/22709"}],"wp:attachment":[{"href":"https:\/\/primeprintingweb.com\/de\/wp-json\/wp\/v2\/media?parent=22655"}],"wp:term":[{"taxonomy":"product_brand","embeddable":true,"href":"https:\/\/primeprintingweb.com\/de\/wp-json\/wp\/v2\/product_brand?post=22655"},{"taxonomy":"product_cat","embeddable":true,"href":"https:\/\/primeprintingweb.com\/de\/wp-json\/wp\/v2\/product_cat?post=22655"},{"taxonomy":"product_tag","embeddable":true,"href":"https:\/\/primeprintingweb.com\/de\/wp-json\/wp\/v2\/product_tag?post=22655"}],"curies":[{"name":"wp","href":"https:\/\/api.w.org\/{rel}","templated":true}]}}