{"id":22656,"date":"2025-05-13T04:17:25","date_gmt":"2025-05-13T04:17:25","guid":{"rendered":"https:\/\/primeprintingweb.com\/?post_type=product&#038;p=22656"},"modified":"2025-05-18T17:05:27","modified_gmt":"2025-05-18T17:05:27","slug":"belgian-drivers-license","status":"publish","type":"product","link":"https:\/\/primeprintingweb.com\/de\/geschaeft\/fuehrerschein\/belgian-drivers-license\/","title":{"rendered":"BELGISCHER F\u00dcHRERSCHEIN"},"content":{"rendered":"<div class=\"woocommerce-tabs wc-tabs-wrapper\">\n<div id=\"tab-description\" class=\"woocommerce-Tabs-panel woocommerce-Tabs-panel--description panel entry-content wc-tab\" role=\"tabpanel\" aria-labelledby=\"tab-title-description\">\n<p>SO ERHALTEN SIE EINEN BELGISCHEN F\u00dcHRERSCHEIN<\/p>\n<p>Wenn Sie in Belgien studieren oder arbeiten, m\u00f6chten Sie m\u00f6glicherweise w\u00e4hrend Ihres Aufenthalts einen belgischen F\u00fchrerschein erwerben. Wenn Sie einen ausl\u00e4ndischen F\u00fchrerschein besitzen, k\u00f6nnen Sie diesen m\u00f6glicherweise gegen einen belgischen umtauschen oder Sie m\u00fcssen eine Theoriepr\u00fcfung und eine Fahrpr\u00fcfung bestehen. Sich gut \u00fcber Ihre M\u00f6glichkeiten zu informieren, ist der Schl\u00fcssel zum Zeit- und Kostenersparnis beim Erwerb Ihres F\u00fchrerscheins in Belgien.<\/p>\n<p>Wenn Sie aus einem EU-Land kommen, das ein Abkommen mit Belgien zur Anerkennung ausl\u00e4ndischer EU-F\u00fchrerscheine hat, k\u00f6nnen Sie in Belgien einen F\u00fchrerschein erwerben. M\u00f6glicherweise m\u00fcssen Sie auch einen internationalen F\u00fchrerschein (ggf. mit einer beigef\u00fcgten \u00dcbersetzung) mitf\u00fchren. Weitere Informationen zum Umtausch eines F\u00fchrerscheins, zur Registrierung eines internationalen F\u00fchrerscheins und zur Beantragung eines belgischen F\u00fchrerscheins erhalten Sie bei Ihrem \u00f6rtlichen Rathaus (Maison Communale\/Stadhuis) oder Gemeindeamt.<\/p>\n<p>WAS IST MIT EWR-B\u00dcRGERN, DIE IN BELGIEN FAHREN?<br \/>\nSie m\u00fcssen Ihren F\u00fchrerschein nicht umtauschen, wenn Sie als Ausl\u00e4nder aus einem Land des Europ\u00e4ischen Wirtschaftsraums (EU plus Island, Liechtenstein und Norwegen) nach Belgien ziehen.<\/p>\n<p>Gut zu wissen:<\/p>\n<p>Melden Sie Ihren F\u00fchrerschein bei der Gemeinde an. Bei Diebstahl oder Verlust erhalten Sie einen belgischen F\u00fchrerschein als Ersatz.<br \/>\nSie k\u00f6nnen Ihren EWR-F\u00fchrerschein gegen einen belgischen F\u00fchrerschein als lokalen Ausweis eintauschen.<br \/>\nDie meisten EU-F\u00fchrerscheine sind zehn Jahre g\u00fcltig. F\u00fchrerscheine mit unbegrenzter G\u00fcltigkeit m\u00fcssen m\u00f6glicherweise zwei Jahre nach Ihrer offiziellen Anmeldung als Einwohner Belgiens erneuert werden.<\/p>\n<p>WAS IST, WENN SIE B\u00dcRGER AUS EINEM NICHT-EWR-LAND SIND?<br \/>\nWenn Sie kein EWR-B\u00fcrger sind, sollten Sie Folgendes wissen:<\/p>\n<p>Sie k\u00f6nnen Ihren ausl\u00e4ndischen F\u00fchrerschein bis zu sechs Monate lang nutzen. Wenn Sie l\u00e4nger als sechs Monate bleiben oder sich als Einwohner Belgiens anmelden, ben\u00f6tigen Sie einen belgischen F\u00fchrerschein.<br \/>\nErkundigen Sie sich bei Ihrem Heimatland oder Ihrer \u00f6rtlichen Gemeinde, ob Sie m\u00f6glicherweise einen internationalen F\u00fchrerschein (IDP) sowie eine \u00dcbersetzung des F\u00fchrerscheins ben\u00f6tigen.<br \/>\nViele Nicht-EWR-L\u00e4nder haben mit Belgien Vereinbarungen getroffen, die einen einfachen Umtausch ihres F\u00fchrerscheins gegen einen belgischen F\u00fchrerschein erm\u00f6glichen. Sie m\u00fcssen jedoch bei einer Gemeinde gemeldet sein und eine belgische Aufenthaltserlaubnis vorweisen k\u00f6nnen. Wenn Sie Staatsangeh\u00f6riger eines Nicht-EWR-Landes sind, k\u00f6nnen Sie auf der Website der belgischen Regierung pr\u00fcfen, ob f\u00fcr Ihr Land ein entsprechendes Abkommen besteht.<\/p>\n<p>Wenn Ihr Land kein solches Abkommen mit Belgien hat, m\u00fcssen Sie die belgische theoretische und praktische Fahrpr\u00fcfung bestehen. Besuchen Sie die Pr\u00fcfungszentren (GOCA oder SBAT). Dort kann die Theoriepr\u00fcfung auf Englisch abgelegt werden, wenn Sie rechtzeitig buchen.<br \/>\nWenn Sie bereits einen ausl\u00e4ndischen F\u00fchrerschein gegen einen F\u00fchrerschein eines anderen EU-Landes umgetauscht haben, wird dieser auch in Belgien anerkannt.<br \/>\nABSCHLUSS DER BELGISCHEN THEORIE- UND FAHRPR\u00dcFUNG<br \/>\nWenn Sie die Theorie- und Fahrpr\u00fcfung f\u00fcr einen belgischen F\u00fchrerschein ablegen m\u00fcssen, sollten Sie Folgendes wissen:<\/p>\n<p>Die Fahrpr\u00fcfung findet in einem offiziellen Pr\u00fcfungszentrum statt. Der Text kann auf Franz\u00f6sisch oder Niederl\u00e4ndisch abgelegt werden.<br \/>\nWenn Sie einen Termin im Pr\u00fcfungszentrum in Schaerbeek, Br\u00fcssel, buchen, k\u00f6nnen Sie die Theoriepr\u00fcfung mit einem \u00dcbersetzer ablegen. New Traffic Books bietet ein englisches Theoriebuch mit \u00dcbungen zur Vorbereitung an. Klicken Sie hier f\u00fcr weitere Informationen (nur auf Franz\u00f6sisch und Niederl\u00e4ndisch).<br \/>\nBringen Sie zur Pr\u00fcfung unbedingt Ihren Ausweis und die Geb\u00fchr (15 EUR f\u00fcr die Basispr\u00fcfung oder 50 EUR inklusive \u00dcbersetzer) mit. Sie m\u00fcssen einen Sehtest machen.<br \/>\nDie Kosten f\u00fcr die Fahrpr\u00fcfung betragen je nach Anforderungen zwischen 30 und 50 EUR. Die Preisliste finden Sie hier auf Franz\u00f6sisch oder Niederl\u00e4ndisch.<br \/>\nIhr F\u00fchrerschein ist bis zu drei Jahre g\u00fcltig. Ihre Gemeinde stellt Ihnen einen vorl\u00e4ufigen F\u00fchrerschein aus, der 18 oder 36 Monate g\u00fcltig ist. Mit diesem F\u00fchrerschein k\u00f6nnen Sie, sofern Sie \u00fcber 18 Jahre alt sind, die praktische Pr\u00fcfung ablegen.<br \/>\nWELCHE UNTERLAGEN BEN\u00d6TIGEN SIE, UM IN BELGIEN EINEN F\u00dcHRERSCHEIN ZU ERHALTEN?<br \/>\nBringen Sie zur Fahrpr\u00fcfung folgende Originaldokumente mit:<\/p>\n<p>Identit\u00e4tsnachweis<br \/>\nVorl\u00e4ufiger F\u00fchrerschein<br \/>\nNachweis der Geb\u00fchrenzahlung<br \/>\nVersicherungsnachweis<br \/>\nFahrzeugzulassung<br \/>\nWIE ERHALTE ICH IN BELGIEN MEINEN F\u00dcHRERSCHEIN?<br \/>\nNach bestandener praktischer Pr\u00fcfung bringen Sie Ihre Bescheinigung mit zwei Passfotos und Ihrem Identit\u00e4tsnachweis zum Rathaus (Maison Communale\/Stadhuis) in Ihrer N\u00e4he. Dort wird Ihnen ein vorl\u00e4ufiger F\u00fchrerschein ausgestellt, bis Ihnen Ihr vollst\u00e4ndiger F\u00fchrerschein zugeschickt wird.<\/p>\n<p>NUN SIND SIE BEREIT, IN BELGIEN FAHREN ZU K\u00d6NNEN! HURRA!<\/p>\n<\/div>\n<\/div>\n","protected":false},"excerpt":{"rendered":"<p>If you will be studying or working in Belgium, you may want to get a Belgian driver\u2019s license while you are there. If you have a foreign license, you may be able to exchange it for a Belgian one, or you may need to pass a theory and driving test. Being well informed about your options is the key to saving time and money when it comes to getting your driver\u2019s license in Belgium.<\/p>\n","protected":false},"featured_media":22711,"template":"","meta":[],"product_brand":[],"product_cat":[927],"product_tag":[],"class_list":{"0":"post-22656","1":"product","2":"type-product","3":"status-publish","4":"has-post-thumbnail","6":"product_cat-fuehrerschein","8":"first","9":"instock","10":"taxable","11":"shipping-taxable","12":"purchasable","13":"product-type-simple"},"_links":{"self":[{"href":"https:\/\/primeprintingweb.com\/de\/wp-json\/wp\/v2\/product\/22656","targetHints":{"allow":["GET"]}}],"collection":[{"href":"https:\/\/primeprintingweb.com\/de\/wp-json\/wp\/v2\/product"}],"about":[{"href":"https:\/\/primeprintingweb.com\/de\/wp-json\/wp\/v2\/types\/product"}],"version-history":[{"count":3,"href":"https:\/\/primeprintingweb.com\/de\/wp-json\/wp\/v2\/product\/22656\/revisions"}],"predecessor-version":[{"id":22822,"href":"https:\/\/primeprintingweb.com\/de\/wp-json\/wp\/v2\/product\/22656\/revisions\/22822"}],"wp:featuredmedia":[{"embeddable":true,"href":"https:\/\/primeprintingweb.com\/de\/wp-json\/wp\/v2\/media\/22711"}],"wp:attachment":[{"href":"https:\/\/primeprintingweb.com\/de\/wp-json\/wp\/v2\/media?parent=22656"}],"wp:term":[{"taxonomy":"product_brand","embeddable":true,"href":"https:\/\/primeprintingweb.com\/de\/wp-json\/wp\/v2\/product_brand?post=22656"},{"taxonomy":"product_cat","embeddable":true,"href":"https:\/\/primeprintingweb.com\/de\/wp-json\/wp\/v2\/product_cat?post=22656"},{"taxonomy":"product_tag","embeddable":true,"href":"https:\/\/primeprintingweb.com\/de\/wp-json\/wp\/v2\/product_tag?post=22656"}],"curies":[{"name":"wp","href":"https:\/\/api.w.org\/{rel}","templated":true}]}}