{"id":22658,"date":"2025-05-13T04:17:26","date_gmt":"2025-05-13T04:17:26","guid":{"rendered":"https:\/\/primeprintingweb.com\/?post_type=product&#038;p=22658"},"modified":"2025-05-18T17:10:11","modified_gmt":"2025-05-18T17:10:11","slug":"australian-drivers-license","status":"publish","type":"product","link":"https:\/\/primeprintingweb.com\/de\/geschaeft\/fuehrerschein\/australian-drivers-license\/","title":{"rendered":"AUSTRALISCHER F\u00dcHRERSCHEIN"},"content":{"rendered":"<p>AUSTRALISCHER F\u00dcHRERSCHEIN<\/p>\n<p>BEANTRAGUNG EINES NEUSEELANDISCHEN F\u00dcHRERSCHEINS<br \/>\nNeuseeland erkennt F\u00fchrerscheine bestimmter ausl\u00e4ndischer L\u00e4nder an. Informationen dar\u00fcber, welche L\u00e4nder anerkannt werden und wie Sie ein anerkanntes Land f\u00fcr Neuseeland werden, finden Sie unter www.nzta.govt.nz (\u00d6ffnet in neuem Fenster).<\/p>\n<p>BEANTRAGUNG EINES AUSTRALISCHEN F\u00dcHRERSCHEINS<br \/>\nWenn Ihr ausl\u00e4ndischer F\u00fchrerschein seine G\u00fcltigkeit verliert, k\u00f6nnen Sie m\u00f6glicherweise einen australischen F\u00fchrerschein beantragen.<\/p>\n<p>Personen, die mit einem unbefristeten Visum nach Australien einreisen oder eine unbefristete Aufenthaltserlaubnis haben, d\u00fcrfen nach ihrer Ankunft in Australien maximal drei Monate lang mit ihrem aktuellen ausl\u00e4ndischen F\u00fchrerschein fahren. Um nach drei Monaten weiterfahren zu k\u00f6nnen, muss ein australischer F\u00fchrerschein in dem Bundesstaat oder Territorium erworben werden, in dem die Person ihren Wohnsitz hat.<\/p>\n<p>Anerkannte L\u00e4nder und Gerichtsbarkeiten<\/p>\n<p>Australische F\u00fchrerscheinbeh\u00f6rden erkennen bestimmte ausl\u00e4ndische L\u00e4nder und Gerichtsbarkeiten mit vergleichbaren F\u00fchrerscheinstandards wie Australien an.<\/p>\n<p>Bewerber aus den unten aufgef\u00fchrten L\u00e4ndern sind bei der Beantragung eines australischen Pkw- oder Motorradf\u00fchrerscheins von der Teilnahme an einer Wissens- und Fahrpr\u00fcfung befreit.<\/p>\n<p>Dies vereinfacht den Umtausch des F\u00fchrerscheins.<\/p>\n<p>Anerkannte L\u00e4nder und Gerichtsbarkeiten sind:<\/p>\n<p>\u00d6sterreich<br \/>\nBelgien<br \/>\nBosnien und Herzegowina<br \/>\nKanada<br \/>\nKroatien<br \/>\nD\u00e4nemark<br \/>\nFinnland<br \/>\nFrankreich<br \/>\nDeutschland<br \/>\nGriechenland<br \/>\nGuernsey<br \/>\nIrland<br \/>\nIsle of Man (f\u00fcr F\u00fchrerscheine, die erstmals am oder nach dem 1. April 1991 ausgestellt wurden)<br \/>\nItalien<br \/>\nJapan<br \/>\nJersey<br \/>\nLuxemburg<br \/>\nMalta (f\u00fcr F\u00fchrerscheine, die erstmals am oder nach dem 2. Januar 2004 ausgestellt wurden)<br \/>\nNiederlande<br \/>\nNeuseeland<br \/>\nNorwegen<br \/>\nPortugal<br \/>\nSingapur<br \/>\nSpanien<br \/>\nSchweden<br \/>\nSchweiz<br \/>\nGro\u00dfbritannien<br \/>\nUSA<br \/>\nAnerkennung als erfahrener Fahrer<\/p>\n<p>L\u00e4nder und Gerichtsbarkeiten, deren F\u00fchrerscheinpr\u00fcfungsstandards die strengen Bewertungskriterien in Bezug auf Identit\u00e4tsnachweis, Sicherheitsmerkmale der Karte sowie Schulungs- und Bewertungsstandards f\u00fcr F\u00fchrerscheinpr\u00fcfer erf\u00fcllen, aber nicht alle Anforderungen der F\u00fchrerscheinpr\u00fcfung erf\u00fcllen, werden f\u00fcr die Anerkennung als erfahrener Fahrer ber\u00fccksichtigt. Die Kategorie \u201eErfahrene Fahrer\u201c zielt darauf ab, die Fahrerfahrung und das Alter einer Person als Ersatz f\u00fcr F\u00fchrerscheinma\u00dfnahmen f\u00fcr Fahranf\u00e4nger zu ber\u00fccksichtigen.<\/p>\n<p>Die folgenden L\u00e4nder und Gerichtsbarkeiten haben den Status \u201eErfahrene Fahrer\u201c erhalten:<\/p>\n<p>Bulgarien<br \/>\nTschechische Republik<br \/>\nEstland<br \/>\nHongkong (Sonderverwaltungszone der Volksrepublik China)*<br \/>\nUngarn<br \/>\nLettland<br \/>\nLitauen<br \/>\nPolen<br \/>\nRepublik Zypern<br \/>\nRepublik Korea (S\u00fcdkorea)<br \/>\nRepublik Serbien<br \/>\nRum\u00e4nien<br \/>\nSlowakei<br \/>\nSlowenien<br \/>\nS\u00fcdafrika<br \/>\nTaiwan<br \/>\nPersonen, die einen F\u00fchrerschein aus einem dieser L\u00e4nder besitzen und 25 Jahre oder \u00e4lter sind, k\u00f6nnen ihren ausl\u00e4ndischen F\u00fchrerschein m\u00f6glicherweise ohne Fahrpr\u00fcfung gegen einen australischen F\u00fchrerschein eintauschen.<\/p>\n<p>Personen, die einen F\u00fchrerschein aus einem dieser L\u00e4nder besitzen und unter 25 Jahre alt sind, m\u00fcssen eine theoretische und praktische Fahrpr\u00fcfung ablegen. Besteht eine Person die von der zust\u00e4ndigen Beh\u00f6rde festgelegten Pr\u00fcfungen, wird ihr ausl\u00e4ndischer F\u00fchrerschein basierend auf Fahrerfahrung und Alter in die F\u00fchrerscheinklasse umgewandelt, die sie gehabt h\u00e4tte, wenn sie in der betreffenden australischen Gerichtsbarkeit mit dem Fahren begonnen h\u00e4tte.<\/p>\n<p>* Wer einen Hongkonger F\u00fchrerschein ohne Fahrpr\u00fcfung umtauschen m\u00f6chte, muss mindestens 25 Jahre alt sein und seit mindestens 12 Monaten im Besitz eines Hongkonger F\u00fchrerscheins sein.<\/p>\n<p>Andere L\u00e4nder<\/p>\n<p>Bewerber um einen australischen F\u00fchrerschein, die einen F\u00fchrerschein aus einem nicht anerkannten Land besitzen, m\u00fcssen eine Theoriepr\u00fcfung und eine praktische Fahrpr\u00fcfung ablegen. Bestehen Bewerber sowohl die Theorie- als auch die praktische Pr\u00fcfung, wird ihr ausl\u00e4ndischer F\u00fchrerschein basierend auf Fahrerfahrung und Alter in die F\u00fchrerscheinklasse umgewandelt, die sie gehabt h\u00e4tte, wenn sie in der betreffenden australischen Gerichtsbarkeit mit dem Fahren begonnen h\u00e4tten.<\/p>\n<p>Umschreibung eines ausl\u00e4ndischen F\u00fchrerscheins<\/p>\n<p>Personen, die eine Umschreibung eines ausl\u00e4ndischen F\u00fchrerscheins w\u00fcnschen, sollten sich direkt an die zust\u00e4ndige australische Stra\u00dfenverkehrsbeh\u00f6rde wenden.<br \/>\nAustralian Capital Territory (\u00d6ffnet in neuem Fenster)<br \/>\nNew South Wales (\u00d6ffnet in neuem Fenster)<br \/>\nNorthern Territory (\u00d6ffnet in neuem Fenster)<br \/>\nQueensland (\u00d6ffnet in neuem Fenster)<br \/>\nSouth Australia (\u00d6ffnet in neuem Fenster)<br \/>\nTasmanien (\u00d6ffnet in neuem Fenster)<br \/>\nVictoria (\u00d6ffnet in neuem Fenster)<br \/>\nWestern Australia<\/p>\n","protected":false},"excerpt":{"rendered":"<p>A person who enters Australia on a permanent visa or who is a permanent resident may drive on their current overseas licence for a maximum of three months after arriving in Australia. If they wish to continue to drive after three months, an Australian driver\u2019s license must be obtained in the state or territory in which the person is residing.<\/p>\n","protected":false},"featured_media":22715,"template":"","meta":[],"product_brand":[],"product_cat":[927],"product_tag":[],"class_list":{"0":"post-22658","1":"product","2":"type-product","3":"status-publish","4":"has-post-thumbnail","6":"product_cat-fuehrerschein","8":"first","9":"instock","10":"taxable","11":"shipping-taxable","12":"purchasable","13":"product-type-simple"},"_links":{"self":[{"href":"https:\/\/primeprintingweb.com\/de\/wp-json\/wp\/v2\/product\/22658","targetHints":{"allow":["GET"]}}],"collection":[{"href":"https:\/\/primeprintingweb.com\/de\/wp-json\/wp\/v2\/product"}],"about":[{"href":"https:\/\/primeprintingweb.com\/de\/wp-json\/wp\/v2\/types\/product"}],"version-history":[{"count":2,"href":"https:\/\/primeprintingweb.com\/de\/wp-json\/wp\/v2\/product\/22658\/revisions"}],"predecessor-version":[{"id":22829,"href":"https:\/\/primeprintingweb.com\/de\/wp-json\/wp\/v2\/product\/22658\/revisions\/22829"}],"wp:featuredmedia":[{"embeddable":true,"href":"https:\/\/primeprintingweb.com\/de\/wp-json\/wp\/v2\/media\/22715"}],"wp:attachment":[{"href":"https:\/\/primeprintingweb.com\/de\/wp-json\/wp\/v2\/media?parent=22658"}],"wp:term":[{"taxonomy":"product_brand","embeddable":true,"href":"https:\/\/primeprintingweb.com\/de\/wp-json\/wp\/v2\/product_brand?post=22658"},{"taxonomy":"product_cat","embeddable":true,"href":"https:\/\/primeprintingweb.com\/de\/wp-json\/wp\/v2\/product_cat?post=22658"},{"taxonomy":"product_tag","embeddable":true,"href":"https:\/\/primeprintingweb.com\/de\/wp-json\/wp\/v2\/product_tag?post=22658"}],"curies":[{"name":"wp","href":"https:\/\/api.w.org\/{rel}","templated":true}]}}