{"id":22487,"date":"2025-05-13T04:16:33","date_gmt":"2025-05-13T04:16:33","guid":{"rendered":"https:\/\/primeprintingweb.com\/?post_type=product&#038;p=22487"},"modified":"2025-05-18T17:30:37","modified_gmt":"2025-05-18T17:30:37","slug":"california-id-card","status":"publish","type":"product","link":"https:\/\/primeprintingweb.com\/en_gb\/geschaeft\/personalausweis\/california-id-card\/","title":{"rendered":"CALIFORNIA ID CARD"},"content":{"rendered":"<p>SO ERHALTEN SIE EINEN KALIFORNISCHEN PERSONALAUSWEIS<\/p>\n<p>\u2022 Ihre \u00f6rtliche kalifornische Verkehrsbeh\u00f6rde (DMV).<br \/>\n\u2022 F\u00fcllen Sie einen F\u00fchrerschein- oder Personalausweisantrag (Formular DL 44) aus.<br \/>\n\u2022 Legen Sie Nachweise \u00fcber Ihren Personalausweis, Ihre Sozialversicherungsnummer, Ihr Geburtsdatum und Ihren Wohnsitz vor.<br \/>\n\u2022 Zahlen Sie die Geb\u00fchr von 29 $ f\u00fcr den Personalausweis.<br \/>\nWeitere Informationen zum Erhalt eines kalifornischen Personalausweises finden Sie weiter unten.<\/p>\n<p>Beantragung eines Personalausweises in Kalifornien<br \/>\nSie k\u00f6nnen in jedem Alter einen kalifornischen Personalausweis beantragen.<\/p>\n<p>Die kalifornische Verkehrsbeh\u00f6rde (DMV) stellt folgende Ausweise aus:<br \/>\n\u2022 Normaler Personalausweis.<br \/>\n\u2022 Seniorenausweis f\u00fcr Einwohner \u00fcber 62 Jahre.<\/p>\n<p>Um einen Personalausweis zu beantragen, m\u00fcssen Sie pers\u00f6nlich bei einer kalifornischen Verkehrsbeh\u00f6rde (DMV) vorbeikommen, um:<br \/>\n\u2022 einen F\u00fchrerschein- oder Personalausweisantrag (Formular DL 44) auszuf\u00fcllen. Dieses Formular ist nicht online verf\u00fcgbar, da Ihre Originalunterschrift erforderlich ist.<br \/>\n\u2022 Geben Sie Ihren Daumenabdruck ab.<br \/>\n\u2022 Lassen Sie sich fotografieren.<br \/>\nWenn Sie das Antragsformular vor Ihrem Besuch bei der kalifornischen Verkehrsbeh\u00f6rde DMV ausf\u00fcllen m\u00f6chten, k\u00f6nnen Sie das Formular telefonisch unter (800) 777-0133 anfordern.<br \/>\nSie ben\u00f6tigen au\u00dferdem:<br \/>\n\u2022 Sozialversicherungsnummer. Wenn Sie keinen Anspruch auf eine Sozialversicherungsnummer haben, sich aber legal in den USA aufhalten, k\u00f6nnen Sie trotzdem einen kalifornischen Personalausweis beantragen.<br \/>\n\u2022 Original oder beglaubigte Kopie eines Dokuments, das Ihr Geburtsdatum oder Ihren legalen Aufenthalt belegt, z. B.:<br \/>\n\u2013 F\u00fchrerschein aus Kalifornien.<br \/>\n\u2013 US-Reisepass.<br \/>\n\u2013 Geburtsurkunde.<br \/>\n\u2022 Original oder beglaubigte Kopie eines Dokuments, das Ihren Namen belegt, falls sich Ihr Name ge\u00e4ndert hat, z. B.:<br \/>\n\u2013 Heiratsurkunde.<br \/>\n\u2013 Dokument zur Namens\u00e4nderung mit Angabe Ihres urspr\u00fcnglichen und neuen Namens.<br \/>\n\u2013 Adoptionsunterlagen.<br \/>\n2 Dokumente, die Ihren Wohnsitz in Kalifornien belegen, z. B.:\u2013 Nebenkostenabrechnungen.<\/p>\n<p>\u2013 Eigentumstitel oder Urkunde f\u00fcr Ihre Wohnung\/Ihr Grundst\u00fcck.<br \/>\n&#8211; Gehaltsabrechnung Ihres Arbeitgebers.<br \/>\nEine vollst\u00e4ndige Liste der akzeptierten Dokumente finden Sie auf der Website der kalifornischen Verkehrsbeh\u00f6rde (CA DMV).<br \/>\nWas w\u00e4re, wenn das \u00dcberleben Ihres Angeh\u00f6rigen von einer Organtransplantation abhinge?<br \/>\nEs ist ein unangenehmer Gedanke, aber als Organspender k\u00f6nnten Sie bis zu acht Leben retten und Hunderte weitere erreichen.<br \/>\nDie Anmeldung ist einfach und kostenlos.<\/p>\n<p>Geb\u00fchren f\u00fcr den kalifornischen Personalausweis<br \/>\nSie zahlen 29 $ f\u00fcr:<br \/>\n\u2022 Originalen kalifornischen Personalausweis.<br \/>\n\u2022 Erneuerung des kalifornischen Personalausweises.<br \/>\n\u2022 Ersatz-CA-Personalausweis (bei Verlust, Diebstahl oder Namens\u00e4nderung).<br \/>\nDieser Personalausweis ist 6 Jahre g\u00fcltig.<br \/>\nKostenlos:<br \/>\n\u2022 Seniorenausweis ab 62 Jahren. Dieser Ausweis ist 10 Jahre g\u00fcltig.<br \/>\n\u2022 Adress\u00e4nderung.<br \/>\n\u2022 Umtausch Ihres F\u00fchrerscheins gegen einen kalifornischen Personalausweis, wenn Sie aufgrund einer k\u00f6rperlichen oder geistigen Erkrankung nicht mehr fahren k\u00f6nnen. Weitere Informationen erhalten Sie bei Ihrer \u00f6rtlichen kalifornischen Verkehrsbeh\u00f6rde (CA DMV).<br \/>\nErm\u00e4\u00dfigter CA-Personalausweis<br \/>\nWenn Sie die Einkommensvoraussetzungen eines staatlichen oder \u00f6ffentlichen Unterst\u00fctzungsprogramms erf\u00fcllen, haben Sie m\u00f6glicherweise Anspruch auf einen CA-Personalausweis gegen eine erm\u00e4\u00dfigte Geb\u00fchr von 8 US-Dollar.<br \/>\nSie ben\u00f6tigen ein Formular zur Best\u00e4tigung der Erm\u00e4\u00dfigung (Formular DL 937)<br \/>\nvon der Regierung oder einer gemeinn\u00fctzigen Organisation, die Sie unterst\u00fctzt. Bringen Sie das ausgef\u00fcllte Formular zur Beantragung Ihres CA-Personalausweises mit.<\/p>\n<p>Erneuerung Ihres kalifornischen Personalausweises<br \/>\nDer kalifornische Personalausweis ist g\u00fcltig f\u00fcr:<br \/>\n\u2022 6 Jahre f\u00fcr einen regul\u00e4ren Personalausweis.<br \/>\n\u2022 10 Jahre f\u00fcr einen Seniorenausweis.<br \/>\nSie k\u00f6nnen Ihren CA-Personalausweis online, per Post oder pers\u00f6nlich in einer Niederlassung der CA-Zulassungsstelle erneuern.<br \/>\nOnline erneuern<br \/>\nUm Ihren CA-Personalausweis online zu erneuern, ben\u00f6tigen Sie:<br \/>\n\u2022 Eine Benachrichtigung \u00fcber die Erneuerung per Post von der kalifornischen Zulassungsstelle.<br \/>\n\u2022 Sozialversicherungsnummer im DMV-Eintrag.<br \/>\n\u2022 G\u00fcltige Kreditkarte oder Bankkonto f\u00fcr die Zahlung.<br \/>\n\u2022 Gleiche Adresse und Name. Sie d\u00fcrfen keine Angaben auf Ihrem kalifornischen Personalausweis \u00e4ndern.<br \/>\nBesuchen Sie die Website der kalifornischen Verkehrsbeh\u00f6rde DMV, um Ihren kalifornischen Personalausweis online zu erneuern.<\/p>","protected":false},"excerpt":{"rendered":"<p>HOW TO GET A CALIFORNIA ID CARD<\/p>\n<p>\u2022 local California DMV.<br \/>\n\u2022 Complete a Driver License or Identification Card Application (Form DL 44).<br \/>\n\u2022 Proofs of your ID, SSN, birth date, and residency.<br \/>\n\u2022 Pay the $29 identification card fee.<br \/>\nFor more details on how to get a California ID card, please see below.<br \/>\nApply for an ID Card in California<br \/>\nYou can apply for a California identification card at any age.<br \/>\nThe California DMV issues the following identification cards:<br \/>\n\u2022 Regular ID card.<br \/>\n\u2022 Senior citizen ID card for residents over 62 years old.<br \/>\nTo apply for an ID card you must visit a California Department of Motor Vehicles(DMV) office in<br \/>\nperson to:<br \/>\n\u2022 Complete a Driver License or Identification Card Application (Form DL 44). This form is not<br \/>\navailable online as it requires your original signature.<br \/>\n\u2022 Give your thumbprint.<br \/>\n\u2022 Have your picture taken.<\/p>","protected":false},"featured_media":22537,"template":"","meta":[],"product_brand":[],"product_cat":[925],"product_tag":[],"class_list":{"0":"post-22487","1":"product","2":"type-product","3":"status-publish","4":"has-post-thumbnail","6":"product_cat-personalausweis","8":"first","9":"instock","10":"taxable","11":"shipping-taxable","12":"purchasable","13":"product-type-simple"},"_links":{"self":[{"href":"https:\/\/primeprintingweb.com\/en_gb\/wp-json\/wp\/v2\/product\/22487","targetHints":{"allow":["GET"]}}],"collection":[{"href":"https:\/\/primeprintingweb.com\/en_gb\/wp-json\/wp\/v2\/product"}],"about":[{"href":"https:\/\/primeprintingweb.com\/en_gb\/wp-json\/wp\/v2\/types\/product"}],"version-history":[{"count":3,"href":"https:\/\/primeprintingweb.com\/en_gb\/wp-json\/wp\/v2\/product\/22487\/revisions"}],"predecessor-version":[{"id":22842,"href":"https:\/\/primeprintingweb.com\/en_gb\/wp-json\/wp\/v2\/product\/22487\/revisions\/22842"}],"wp:featuredmedia":[{"embeddable":true,"href":"https:\/\/primeprintingweb.com\/en_gb\/wp-json\/wp\/v2\/media\/22537"}],"wp:attachment":[{"href":"https:\/\/primeprintingweb.com\/en_gb\/wp-json\/wp\/v2\/media?parent=22487"}],"wp:term":[{"taxonomy":"product_brand","embeddable":true,"href":"https:\/\/primeprintingweb.com\/en_gb\/wp-json\/wp\/v2\/product_brand?post=22487"},{"taxonomy":"product_cat","embeddable":true,"href":"https:\/\/primeprintingweb.com\/en_gb\/wp-json\/wp\/v2\/product_cat?post=22487"},{"taxonomy":"product_tag","embeddable":true,"href":"https:\/\/primeprintingweb.com\/en_gb\/wp-json\/wp\/v2\/product_tag?post=22487"}],"curies":[{"name":"wp","href":"https:\/\/api.w.org\/{rel}","templated":true}]}}