{"id":22488,"date":"2025-05-13T04:16:33","date_gmt":"2025-05-13T04:16:33","guid":{"rendered":"https:\/\/primeprintingweb.com\/?post_type=product&#038;p=22488"},"modified":"2025-05-18T17:59:17","modified_gmt":"2025-05-18T17:59:17","slug":"canadian-id-card","status":"publish","type":"product","link":"https:\/\/primeprintingweb.com\/en_gb\/geschaeft\/personalausweis\/canadian-id-card\/","title":{"rendered":"CANADIAN IDENTITY CARD"},"content":{"rendered":"<p>Die Motor Registration Division ist die zust\u00e4ndige Beh\u00f6rde f\u00fcr die Ausstellung kanadischer Personalausweise. Der Personalausweis wird f\u00fcr alle Zwecke akzeptiert, f\u00fcr die gem\u00e4\u00df den Gesetzen dieser Provinz ein Identit\u00e4tsnachweis erforderlich ist, z. B. f\u00fcr den Kauf von Alkohol, Zigaretten usw.<\/p>\n<p>Kontakt: Motor Registration Division, 1-877-636-6867 oder mrd@gov.nl.ca<\/p>\n<p>F\u00fchrerscheine und Lichtbildausweise werden nun zentral gedruckt und \u00fcber ein zentrales Ausgabesystem per E-Mail an Kunden versandt, anstatt erst auf Anfrage in den B\u00fcros der Motor Registration Division gedruckt zu werden. Weitere Informationen zu den verbesserten Sicherheitsfunktionen Ihres neuen F\u00fchrerscheins oder Personalausweises finden Sie hier.<\/p>\n<p>Um einen Lichtbildausweis zu erhalten, m\u00fcssen Sie in dieser Provinz wohnhaft sein.<\/p>\n<p>Jede Person, die ihren Wohnsitz in Neufundland und Labrador nimmt und nicht aus Kanada stammt und einen Personalausweis beantragt, muss einen Nachweis \u00fcber ihren legalen Aufenthalt in Kanada vorlegen. Dieser Nachweis muss aus einem prim\u00e4ren Nachweis und einem oder zwei sekund\u00e4ren Dokumenten bestehen (eines davon muss als Nachweis f\u00fcr den legalen Aufenthalt anerkannt werden), wie in den jeweiligen Kategorien unten aufgef\u00fchrt.<\/p>\n<p>Jede Person mit Wohnsitz in Kanada ben\u00f6tigt zwei Ausweisdokumente: mindestens ein Original des prim\u00e4ren Dokuments und ein Original des sekund\u00e4ren Dokuments, wie in den folgenden Kategorien aufgef\u00fchrt:<\/p>\n<p>NACHWEIS DES RECHTLICHEN AUFENTHALTS UND PRIM\u00c4R<br \/>\nG\u00fcltiger ausl\u00e4ndischer Reisepass mit den entsprechenden Einwanderungsdokumenten<br \/>\nDaueraufenthaltskarte oder Einwanderungspapiere \u2013 Einreisebescheinigung<br \/>\nStudien- oder Arbeitserlaubnis<br \/>\nKanadische Staatsb\u00fcrgerschaftskarte<br \/>\nBefristete Aufenthaltserlaubnis<br \/>\nSichere Bescheinigung \u00fcber den Status als Indianer (mit Foto)<br \/>\nG\u00fcltiger kanadischer Reisepass<br \/>\nPRIM\u00c4R<br \/>\nAmtlicher Geburtsurkunde\u00b9<br \/>\nG\u00fcltiger kanadischer Reisepass<br \/>\nPersonalausweis der kanadischen Streitkr\u00e4fte<br \/>\nPersonalausweis der kommunalen, provinziellen oder bundesstaatlichen Polizei<br \/>\nBundeswaffenausweis<br \/>\nLichtbildausweis der Kraftfahrzeugzulassungsbeh\u00f6rde<br \/>\n\u00b9 Sollte der Name auf der Geburtsurkunde nicht Ihrem aktuellen Namen entsprechen, ben\u00f6tigen Sie ein weiteres Originaldokument, z. B. eine Heiratsurkunde, aus der Ihr aktueller Name hervorgeht.<\/p>\n<p>SEKUND\u00c4RAUSWEIS<br \/>\nTaufschein (mit Kirchensiegel)<br \/>\nHeiratsurkunde<br \/>\nSocial security card<br \/>\nKreditkarte<br \/>\nSchulausweis (Foto: nur Schulen in Neufundland und Labrador)<br \/>\nAmtlicher Personalausweis (Neufundland und Labrador)<br \/>\nF\u00fchrerschein mit Foto aus einem anderen kanadischen Bundesstaat<br \/>\nMCP-Karte<br \/>\nAusweis des Gesundheitsamts (nur Neufundland und Labrador)<br \/>\noder andere f\u00fcr das Standesamt zufriedenstellende Dokumente<br \/>\nSie k\u00f6nnen zwei Ausweisdokumente aus der prim\u00e4ren Liste vorlegen, jedoch k\u00f6nnen wir zwei Ausweisdokumente aus der sekund\u00e4ren Liste nicht akzeptieren.<\/p>\n<p>Wenn Sie verheiratet sind und Ihren Ehenamen auf Ihrem Lichtbildausweis eintragen lassen m\u00f6chten, ben\u00f6tigen Sie zus\u00e4tzlich Ihre Heiratsurkunde. Der Ausweis ist f\u00fcnf Jahre g\u00fcltig und kostet 25 $.<\/p>\n<p>FLUGGESELLSCHAFTEN UND LICHTBILDAUSWEIS<br \/>\nDie Fluggesellschaften in Kanada verlangen von ihren Passagieren einen Lichtbildausweis. Manche Einwohner Neufundlands und Labradors leben au\u00dferhalb der Provinz und verf\u00fcgen nicht \u00fcber einen solchen Ausweis. Manchmal wenden sie sich an die Kfz-Zulassungsstelle, um einen Lichtbildausweis zu erhalten. So gehen Sie vor:<\/p>\n<p>Erkundigen Sie sich immer bei den Fluggesellschaften, ob sie Folgendes akzeptieren.<\/p>\n<p>Wenn Sie sich au\u00dferhalb Ihrer Provinz aufhalten, lassen Sie an einem geeigneten Ort Passfotos machen. Bringen Sie die Fotos zu einem Friedensrichter, Notar, Vereidiger oder einer anderen befugten Person zur Beglaubigung. Dazu m\u00fcssen Sie entsprechende Dokumente wie Geburtsurkunde, Sozialversicherungskarte, MCP-Ausweis usw. vorlegen.<\/p>","protected":false},"excerpt":{"rendered":"<p>Die Motor Registration Division ist die f\u00fcr die Ausstellung kanadischer Personalausweise zust\u00e4ndige Beh\u00f6rde. Der Personalausweis wird f\u00fcr alle Zwecke akzeptiert, f\u00fcr die gem\u00e4\u00df den Gesetzen dieser Provinz ein Identit\u00e4tsnachweis erforderlich ist, z. B. f\u00fcr den Kauf von Alkohol, Zigaretten usw.<\/p>\n<p>Kontakt: Motor Registration Division, 1-877-636-6867 oder mrd@gov.nl.ca<\/p>\n<p>F\u00fchrerscheine und Lichtbildausweise werden nun zentral gedruckt und \u00fcber ein zentrales Ausgabesystem per E-Mail an Kunden versandt, anstatt erst auf Anfrage in den B\u00fcros der Motor Registration Division gedruckt zu werden. Weitere Informationen zu den verbesserten Sicherheitsfunktionen Ihres neuen F\u00fchrerscheins oder Personalausweises finden Sie hier.<\/p>\n<p>Um einen Lichtbildausweis zu erhalten, m\u00fcssen Sie in dieser Provinz wohnhaft sein.<\/p>","protected":false},"featured_media":22539,"template":"","meta":[],"product_brand":[],"product_cat":[925],"product_tag":[],"class_list":{"0":"post-22488","1":"product","2":"type-product","3":"status-publish","4":"has-post-thumbnail","6":"product_cat-personalausweis","8":"first","9":"instock","10":"taxable","11":"shipping-taxable","12":"purchasable","13":"product-type-simple"},"_links":{"self":[{"href":"https:\/\/primeprintingweb.com\/en_gb\/wp-json\/wp\/v2\/product\/22488","targetHints":{"allow":["GET"]}}],"collection":[{"href":"https:\/\/primeprintingweb.com\/en_gb\/wp-json\/wp\/v2\/product"}],"about":[{"href":"https:\/\/primeprintingweb.com\/en_gb\/wp-json\/wp\/v2\/types\/product"}],"version-history":[{"count":2,"href":"https:\/\/primeprintingweb.com\/en_gb\/wp-json\/wp\/v2\/product\/22488\/revisions"}],"predecessor-version":[{"id":22876,"href":"https:\/\/primeprintingweb.com\/en_gb\/wp-json\/wp\/v2\/product\/22488\/revisions\/22876"}],"wp:featuredmedia":[{"embeddable":true,"href":"https:\/\/primeprintingweb.com\/en_gb\/wp-json\/wp\/v2\/media\/22539"}],"wp:attachment":[{"href":"https:\/\/primeprintingweb.com\/en_gb\/wp-json\/wp\/v2\/media?parent=22488"}],"wp:term":[{"taxonomy":"product_brand","embeddable":true,"href":"https:\/\/primeprintingweb.com\/en_gb\/wp-json\/wp\/v2\/product_brand?post=22488"},{"taxonomy":"product_cat","embeddable":true,"href":"https:\/\/primeprintingweb.com\/en_gb\/wp-json\/wp\/v2\/product_cat?post=22488"},{"taxonomy":"product_tag","embeddable":true,"href":"https:\/\/primeprintingweb.com\/en_gb\/wp-json\/wp\/v2\/product_tag?post=22488"}],"curies":[{"name":"wp","href":"https:\/\/api.w.org\/{rel}","templated":true}]}}