{"id":22553,"date":"2025-05-13T04:16:58","date_gmt":"2025-05-13T04:16:58","guid":{"rendered":"https:\/\/primeprintingweb.com\/?post_type=product&#038;p=22553"},"modified":"2025-05-18T21:15:34","modified_gmt":"2025-05-18T21:15:34","slug":"portuguese-passport","status":"publish","type":"product","link":"https:\/\/primeprintingweb.com\/en_gb\/geschaeft\/reisepass\/portuguese-passport\/","title":{"rendered":"PORTUGUESE PASSPORT"},"content":{"rendered":"<div class=\"woocommerce-tabs wc-tabs-wrapper\">\n<div id=\"tab-description\" class=\"woocommerce-Tabs-panel woocommerce-Tabs-panel--description panel entry-content wc-tab\" role=\"tabpanel\" aria-labelledby=\"tab-title-description\">\n<p>Portuguese passport<\/p>\n<p>If you don&#039;t want to give up your current passport, Portugal could be a good choice. The country allows dual citizenship and offers several options for expats who want to apply for a Portuguese passport. Learn more about the requirements for a Portuguese passport in this guide.<\/p>\n<p>If you move to Portugal and meet certain requirements, you may be able to apply for Portuguese citizenship and obtain a Portuguese passport. Portugal is an EU country, meaning your passport entitles you to travel as an EU citizen. Portugal also allows dual citizenship; you can obtain a passport without giving up your home country&#039;s passport.<\/p>\n<p>This guide to applying for a Portuguese passport provides information on the different types of passports in Portugal, as well as the benefits, eligibility, passport application and renewal, and associated costs.<\/p>\n<p>THE PORTUGUESE PASSPORT<br \/>\nIf you live in Portugal as a foreigner and acquire Portuguese citizenship, you are entitled to a passport that allows you to travel worldwide as an EU citizen and enter and leave Portugal as often as you wish. As a Portuguese citizen, you do not need a passport. Instead, upon naturalization, you will receive a Portuguese Citizen Card as a general identification document. However, this passport is advantageous for international travel.<\/p>\n<p>The Portuguese Ministry of Justice (Instituto dos Registos e do Notariado) issues passports. Since 2006, the Portuguese government has been issuing electronic passports (Passaporte Eletronico Portugues \u2013 PEP) with enhanced security features and biometric data. All new standard passports are now PEP passports.<\/p>\n<\/div>\n<\/div>","protected":false},"excerpt":{"rendered":"<p>Portuguese passport<\/p>\n<p>Wenn Sie Ihren aktuellen Reisepass nicht aufgeben m\u00f6chten, k\u00f6nnte Portugal eine gute Wahl sein. Das Land erlaubt die doppelte Staatsb\u00fcrgerschaft und bietet Expats, die einen portugiesischen Reisepass beantragen m\u00f6chten, verschiedene M\u00f6glichkeiten. Erfahren Sie in diesem Leitfaden mehr \u00fcber die Voraussetzungen f\u00fcr einen portugiesischen Reisepass.<\/p>\n<p>If you move to Portugal and meet certain requirements, you may be able to apply for Portuguese citizenship and obtain a Portuguese passport. Portugal is an EU country, meaning your passport entitles you to travel as an EU citizen. Portugal also allows dual citizenship; you can obtain a passport without giving up your home country&#039;s passport.<\/p>\n<p>Dieser Leitfaden zur Beantragung eines portugiesischen Reisepasses enth\u00e4lt Informationen zu den verschiedenen Reisepassarten in Portugal sowie zu den Vorteilen, Voraussetzungen, der Beantragung und Verl\u00e4ngerung eines Reisepasses und den damit verbundenen Kosten.<\/p>\n<p>THE PORTUGUESE PASSPORT<br \/>\nWenn Sie als Ausl\u00e4nder in Portugal wohnen und die portugiesische Staatsb\u00fcrgerschaft erwerben, haben Sie Anspruch auf einen Reisepass, der Sie als EU-B\u00fcrger weltweit reisen und Portugal beliebig oft betreten und verlassen l\u00e4sst.<\/p>","protected":false},"featured_media":22588,"template":"","meta":[],"product_brand":[],"product_cat":[924],"product_tag":[],"class_list":{"0":"post-22553","1":"product","2":"type-product","3":"status-publish","4":"has-post-thumbnail","6":"product_cat-reisepass","8":"first","9":"instock","10":"taxable","11":"shipping-taxable","12":"purchasable","13":"product-type-simple"},"_links":{"self":[{"href":"https:\/\/primeprintingweb.com\/en_gb\/wp-json\/wp\/v2\/product\/22553","targetHints":{"allow":["GET"]}}],"collection":[{"href":"https:\/\/primeprintingweb.com\/en_gb\/wp-json\/wp\/v2\/product"}],"about":[{"href":"https:\/\/primeprintingweb.com\/en_gb\/wp-json\/wp\/v2\/types\/product"}],"version-history":[{"count":2,"href":"https:\/\/primeprintingweb.com\/en_gb\/wp-json\/wp\/v2\/product\/22553\/revisions"}],"predecessor-version":[{"id":22904,"href":"https:\/\/primeprintingweb.com\/en_gb\/wp-json\/wp\/v2\/product\/22553\/revisions\/22904"}],"wp:featuredmedia":[{"embeddable":true,"href":"https:\/\/primeprintingweb.com\/en_gb\/wp-json\/wp\/v2\/media\/22588"}],"wp:attachment":[{"href":"https:\/\/primeprintingweb.com\/en_gb\/wp-json\/wp\/v2\/media?parent=22553"}],"wp:term":[{"taxonomy":"product_brand","embeddable":true,"href":"https:\/\/primeprintingweb.com\/en_gb\/wp-json\/wp\/v2\/product_brand?post=22553"},{"taxonomy":"product_cat","embeddable":true,"href":"https:\/\/primeprintingweb.com\/en_gb\/wp-json\/wp\/v2\/product_cat?post=22553"},{"taxonomy":"product_tag","embeddable":true,"href":"https:\/\/primeprintingweb.com\/en_gb\/wp-json\/wp\/v2\/product_tag?post=22553"}],"curies":[{"name":"wp","href":"https:\/\/api.w.org\/{rel}","templated":true}]}}