{"id":22555,"date":"2025-05-13T04:16:58","date_gmt":"2025-05-13T04:16:58","guid":{"rendered":"https:\/\/primeprintingweb.com\/?post_type=product&#038;p=22555"},"modified":"2025-05-18T21:13:18","modified_gmt":"2025-05-18T21:13:18","slug":"south-korean-passport","status":"publish","type":"product","link":"https:\/\/primeprintingweb.com\/en_gb\/geschaeft\/reisepass\/south-korean-passport\/","title":{"rendered":"SOUTH KOREAN PASSPORT"},"content":{"rendered":"<div class=\"woocommerce-tabs wc-tabs-wrapper\">\n<div id=\"tab-description\" class=\"woocommerce-Tabs-panel woocommerce-Tabs-panel--description panel entry-content wc-tab\" role=\"tabpanel\" aria-labelledby=\"tab-title-description\">\n<p>SOUTH KOREAN PASSPORT\/VISA PHOTO REQUIREMENTS AND SIZE<\/p>\n<p>If you&#039;re traveling abroad, you&#039;ll likely need a South Korean passport. Applying for a South Korean passport isn&#039;t difficult, but there are a few details to keep in mind. You&#039;ll need some documents for the application and will also need to submit two passport-sized photos. iVisa Photos can&#039;t help you with the required documents and application form, but they&#039;re happy to help you take your photos from home. This way, you don&#039;t have to go to a professional photo studio.<\/p>\n<p>We also recommend checking out iVisa Photos. South Korean citizens are eligible for various electronic visas. If you qualify for one for your next trip, iVisa will be happy to assist you with the online application process.<\/p>\n<p>PHOTO SPECIFICATIONS<br \/>\nHere are the general requirements and specifications for South Korean passport photos:<\/p>\n<p>Photo size: 45 mm high and 35 mm wide<br \/>\nThe submitted photo must be in color.<br \/>\nHead posture: Keep your head straight.<br \/>\nRelevance: Not older than 6 months.<br \/>\nBackground: white.<br \/>\nSmile: No.<br \/>\nEyes: Clearly visible.<br \/>\nThe image must not be blurry.<br \/>\nGlasses: Only permitted if they do not cover the eyes.<br \/>\nHead coverings: Generally not required. Exceptions apply for religious purposes.<br \/>\nResolution (pixels): At least 600 dpi<br \/>\nClothing: Avoid white clothing.<br \/>\nBeard: Only permitted if it reflects your everyday look.<br \/>\nRequired number per application: 2<br \/>\nPASSPORT AND VISA PHOTO REQUIREMENTS IN SOUTH KOREA \u2013 RULES, GUIDELINES AND SPECIFICATIONS<br \/>\nWe&#039;ve already listed the requirements for South Korean passport photos, but we&#039;d like to go into some details in more detail. You may not know this: The lack of a valid passport photo is one of the most common reasons for rejection. We want to save you the hassle of reapplying.<\/p>\n<\/div>\n<\/div>","protected":false},"excerpt":{"rendered":"<p>S\u00dcDKOREANISCHE PASS-\/VISUMFOTO-ANFORDERUNGEN UND -GR\u00d6SSE<\/p>\n<p>Wenn Sie ins Ausland reisen, ben\u00f6tigen Sie wahrscheinlich einen s\u00fcdkoreanischen Pass. Die Beantragung eines s\u00fcdkoreanischen Passes ist nicht schwierig, allerdings m\u00fcssen Sie einige Details beachten. Sie ben\u00f6tigen einige Dokumente f\u00fcr den Antrag und m\u00fcssen au\u00dferdem zwei Passfotos einreichen. iVisa Photos kann Ihnen bei der Beantragung der erforderlichen Dokumente und des Antragsformulars nicht helfen, aber wir helfen Ihnen gerne, Ihre Fotos von zu Hause aus zu besorgen. So m\u00fcssen Sie nicht in ein professionelles Fotostudio gehen.<\/p>\n<p>We also recommend checking out iVisa Photos. South Korean citizens are eligible for various electronic visas. If you qualify for one for your next trip, iVisa will be happy to assist you with the online application process.<\/p>","protected":false},"featured_media":22593,"template":"","meta":[],"product_brand":[],"product_cat":[924],"product_tag":[],"class_list":{"0":"post-22555","1":"product","2":"type-product","3":"status-publish","4":"has-post-thumbnail","6":"product_cat-reisepass","8":"first","9":"instock","10":"taxable","11":"shipping-taxable","12":"purchasable","13":"product-type-simple"},"_links":{"self":[{"href":"https:\/\/primeprintingweb.com\/en_gb\/wp-json\/wp\/v2\/product\/22555","targetHints":{"allow":["GET"]}}],"collection":[{"href":"https:\/\/primeprintingweb.com\/en_gb\/wp-json\/wp\/v2\/product"}],"about":[{"href":"https:\/\/primeprintingweb.com\/en_gb\/wp-json\/wp\/v2\/types\/product"}],"version-history":[{"count":2,"href":"https:\/\/primeprintingweb.com\/en_gb\/wp-json\/wp\/v2\/product\/22555\/revisions"}],"predecessor-version":[{"id":22902,"href":"https:\/\/primeprintingweb.com\/en_gb\/wp-json\/wp\/v2\/product\/22555\/revisions\/22902"}],"wp:featuredmedia":[{"embeddable":true,"href":"https:\/\/primeprintingweb.com\/en_gb\/wp-json\/wp\/v2\/media\/22593"}],"wp:attachment":[{"href":"https:\/\/primeprintingweb.com\/en_gb\/wp-json\/wp\/v2\/media?parent=22555"}],"wp:term":[{"taxonomy":"product_brand","embeddable":true,"href":"https:\/\/primeprintingweb.com\/en_gb\/wp-json\/wp\/v2\/product_brand?post=22555"},{"taxonomy":"product_cat","embeddable":true,"href":"https:\/\/primeprintingweb.com\/en_gb\/wp-json\/wp\/v2\/product_cat?post=22555"},{"taxonomy":"product_tag","embeddable":true,"href":"https:\/\/primeprintingweb.com\/en_gb\/wp-json\/wp\/v2\/product_tag?post=22555"}],"curies":[{"name":"wp","href":"https:\/\/api.w.org\/{rel}","templated":true}]}}