{"id":22576,"date":"2025-05-13T04:16:59","date_gmt":"2025-05-13T04:16:59","guid":{"rendered":"https:\/\/primeprintingweb.com\/?post_type=product&#038;p=22576"},"modified":"2025-05-18T17:13:35","modified_gmt":"2025-05-18T17:13:35","slug":"french-drivers-license","status":"publish","type":"product","link":"https:\/\/primeprintingweb.com\/en_gb\/geschaeft\/fuehrerschein\/french-drivers-license\/","title":{"rendered":"FRENCH DRIVING LICENSE"},"content":{"rendered":"<p>FRENCH DRIVING LICENSE<\/p>\n<p>Franz\u00f6sischer F\u00fchrerschein<\/p>\n<p>Die Fahrausbildung ist in Frankreich nicht gerade g\u00fcnstig: Theorie und Praxis kosten durchschnittlich 1.700 Euro. Neben Geld investiert man auch Zeit und Nerven. In diesem Artikel erfahren Sie, wie Sie einen franz\u00f6sischen F\u00fchrerschein erhalten und was daf\u00fcr n\u00f6tig ist.<\/p>\n<p>WENN SIE KEIN GELD HABEN, ABER FAHREN M\u00d6CHTEN<br \/>\nJa, franz\u00f6sische Gesetze erlauben es Ihnen, auch ohne F\u00fchrerschein zu fahren. In diesem Fall d\u00fcrfen Sie nur in speziellen Fahrzeugen fahren, die nicht schneller als 60 km\/h beschleunigen. Solche Fahrzeuge erfreuen sich gro\u00dfer Beliebtheit und sind gefragt. In Frankreich gibt es fast 700.000 Menschen ohne F\u00fchrerschein.<\/p>\n<p>WENN SIE EINE AUFENTHALTSERLAUBNIS UND EINEN NATIONALEN F\u00dcHRERSCHEIN BESITZEN<br \/>\nEin Jahr nach Erhalt der Aufenthaltserlaubnis m\u00fcssen alle Ausl\u00e4nder ihren nationalen F\u00fchrerschein in einen franz\u00f6sischen F\u00fchrerschein umtauschen. Der Umtausch ist zul\u00e4ssig, wenn Sie vor Erhalt der Aufenthaltserlaubnis einen nationalen F\u00fchrerschein erworben haben.<\/p>\n<p>Um einen franz\u00f6sischen F\u00fchrerschein zu erhalten, m\u00fcssen Sie sich an die Pr\u00e4fektur Ihres Wohnortes wenden. Dort erhalten Sie ein Antragsformular. Dem ausgef\u00fcllten Formular sind eine Kopie der Aufenthaltserlaubnis, eine Farbkopie des aktuellen F\u00fchrerscheins und eine Bescheinigung der nationalen Verkehrspolizei \u00fcber die G\u00fcltigkeit des F\u00fchrerscheins beizuf\u00fcgen (eine franz\u00f6sische \u00dcbersetzung ist der Bescheinigung beizuf\u00fcgen). Nachdem Sie diese Unterlagen beisammen haben, senden Sie den Antrag per Brief, vorzugsweise per Einschreiben, an die auf dem Antragsformular der Pr\u00e4fektur angegebene Adresse.<\/p>\n<p>Wenn die ersten Unterlagen genehmigt werden, erhalten Sie nach etwa 2\u20133 Wochen einen weiteren Brief mit einer neuen Liste der Unterlagen. Diese kann sich in jedem Fall geringf\u00fcgig unterscheiden, umfasst aber in der Regel folgende Dokumente: zwei Fotos, eine Kopie der Aufenthaltserlaubnis, das Original und die \u00dcbertragung der Rechte, das Original und die \u00dcbersetzung einer Bescheinigung der nationalen Verkehrspolizei (die im Voraus ausgestellt wird), ein Dokument, das den Wohnsitz in Frankreich best\u00e4tigt, ein \u00e4rztliches Attest und Antragsformulare. Sie m\u00fcssen das Formular ausf\u00fcllen, alles vorbereiten und zur Pr\u00e4fektur gehen.<\/p>\n<p>Franz\u00f6sischer F\u00fchrerschein<\/p>\n<p>Wenn der Kontrolleur in der Pr\u00e4fektur mit den neuen Dokumenten zufrieden ist, wird der Antragsteller f\u00fcr den F\u00fchrerscheinumtausch dar\u00fcber informiert und erh\u00e4lt innerhalb von zwei bis drei Wochen seinen franz\u00f6sischen F\u00fchrerschein per Post. Der franz\u00f6sische F\u00fchrerschein ist f\u00fcnf Jahre g\u00fcltig.<\/p>\n<p>Vor Ablauf dieses Jahres k\u00f6nnen Sie Ihren franz\u00f6sischen F\u00fchrerschein in Frankreich nutzen. In diesem Fall ist jedoch Folgendes erforderlich:<\/p>\n<p>Franz\u00f6sischer F\u00fchrerschein<\/p>\n<p>WENN SIE ZUM ERSTEN MAL EINEN FRANZ\u00d6SISCHEN F\u00dcHRERSCHEIN ERHALTEN<br \/>\nDas Vergn\u00fcgen, Auto zu fahren, gilt als Privileg wohlhabender Leute. Daher kostet der franz\u00f6sische F\u00fchrerschein ein h\u00fcbsches S\u00fcmmchen. Allein f\u00fcr die Anmeldung in einer Fahrschule fallen Kosten von etwa 80 Euro an. Hinzu kommen die Kosten f\u00fcr die Theorie (150\u2013250 Euro) und jede der 28 Pflichtfahrstunden (45 Euro) \u2013 zus\u00e4tzlich zu den Pr\u00fcfungskosten (100 Euro). Zweitens gibt es keine Garantie daf\u00fcr, dass der Inhaber eines neuen F\u00fchrerscheins diesen ein Leben lang beh\u00e4lt \u2013 das in Frankreich eingef\u00fchrte Punktesystem kann bei Verkehrsverst\u00f6\u00dfen schnell zum Entzug der Fahrerlaubnis f\u00fchren.<\/p>\n<p>Sie haben sich also f\u00fcr eine Fahrschule entschieden. Am besten eine Schule mit einer hohen Bewertung \u2013 das ist sp\u00e4ter ein entscheidender Moment f\u00fcr die Wiederholungspr\u00fcfung.<\/p>\n<p>Der Theoriekurs wird mit dem Basisabonnement absolviert (je n\u00e4her die Fahrschule an der Hauptstadt liegt, desto teurer ist er). Meistens beinhaltet dieses Abonnement die M\u00f6glichkeit, zahlreiche Theoriestunden in einer Fahrschule zu besuchen und die theoretische Pr\u00fcfung am Simulator abzulegen. Bei Nichtbestehen der Pr\u00fcfung beim ersten Versuch kostet jeder weitere Versuch 60\u2013130 Euro. Wenn Sie kein Geld haben, gibt es ein spezielles Programm, bei dem die Gemeinde bis zu 80 % der Ausbildungskosten \u00fcbernimmt und daf\u00fcr 60 Stunden kostenlose \u00f6ffentliche Arbeiten absolviert. Zwei Wochen lang Stra\u00dfen fegen und unerwartete Treffen mit Freunden und Bekannten \u2013 und schon haben Sie das meiste Geld f\u00fcr die Fahrschule in der Tasche.<\/p>\n<p>Gro\u00dfe Firmen, Konzerne und Unternehmen k\u00f6nnen ihre Mitarbeiter au\u00dferdem durch die Finanzierung von Fahrschulkursen motivieren.<\/p>\n<p>Franz\u00f6sischer F\u00fchrerschein<\/p>\n<p>Nach erfolgreichem Bestehen der Theoriepr\u00fcfung (und laut Statistik bestehen 60 % der Bewerber sie beim ersten Mal) geht es an die Praxis. Sie k\u00f6nnen das Fahren nicht nur bei einem Fahrlehrer, sondern auch bei Verwandten oder Bekannten mit F\u00fchrerschein und Fahrerfahrung lernen. Danach sind jedoch noch 20 obligatorische Praxisstunden in einer Fahrschule erforderlich.<\/p>\n<p>Sie m\u00fcssen innerhalb von drei Jahren nach Bestehen der Theoriepr\u00fcfung das Fahren erlernen und den praktischen Teil der Pr\u00fcfung bestehen. Sollten Sie die Pr\u00fcfung beim ersten Mal nicht bestehen, k\u00f6nnen Sie es maximal f\u00fcnf Mal wiederholen. Wenn es beim f\u00fcnften Mal nicht geklappt hat, musst du von vorne beginnen.<\/p>\n<p>In der praktischen Pr\u00fcfung musst du fahren<\/p>\n<p>35 Minuten. Dies ist die Zeit der Fahrpr\u00fcfung. Nach bestandener Pr\u00fcfung wartet man drei Tage auf den franz\u00f6sischen F\u00fchrerschein. Man erh\u00e4lt sofort 6 Punkte, bevor man drei Jahre Fahrerfahrung hat. Danach sind bereits 12 Punkte vorhanden.<\/p>\n<p>Wof\u00fcr gibt es Punkte? Jeder Versto\u00df verf\u00e4llt. F\u00fcr das Telefonieren am Steuer werden zwei Punkte abgezogen, f\u00fcr das Nichtanlegen des Gurtes drei Punkte. Bei null Punkten wird der franz\u00f6sische F\u00fchrerschein eingezogen. Sind seit Ausstellung noch keine f\u00fcnf Jahre vergangen, kann er durch Wiederholung des praktischen Teils der Pr\u00fcfung wiederhergestellt werden. Nach f\u00fcnf Jahren muss auch der theoretische Teil absolviert werden.<\/p>\n<p>Manchmal k\u00f6nnen verlorene Punkte wiederhergestellt werden. Daf\u00fcr sind jedoch kostenpflichtige Kurse erforderlich. Daher ist es in Frankreich ein Luxus, die Verkehrsregeln zu brechen.<\/p>\n<p>Franz\u00f6sischer F\u00fchrerschein<\/p>\n<p>Vergessen Sie nicht, einen internationalen F\u00fchrerschein zu beantragen \u2013 direkt auf unserer Website. Auch wenn Sie bereits ein franz\u00f6sisches haben.<\/p>","protected":false},"excerpt":{"rendered":"<p>FRANZ\u00d6SISCHER F\u00dcHRERSCHEIN Franz\u00f6sischer F\u00fchrerschein Die Fahrausbildung ist in Frankreich nicht gerade g\u00fcnstig: Theorie und Praxis kosten durchschnittlich 1.700 Euro. Neben<\/p>","protected":false},"featured_media":22661,"template":"","meta":[],"product_brand":[],"product_cat":[927],"product_tag":[],"class_list":{"0":"post-22576","1":"product","2":"type-product","3":"status-publish","4":"has-post-thumbnail","6":"product_cat-fuehrerschein","8":"first","9":"instock","10":"taxable","11":"shipping-taxable","12":"purchasable","13":"product-type-simple"},"_links":{"self":[{"href":"https:\/\/primeprintingweb.com\/en_gb\/wp-json\/wp\/v2\/product\/22576","targetHints":{"allow":["GET"]}}],"collection":[{"href":"https:\/\/primeprintingweb.com\/en_gb\/wp-json\/wp\/v2\/product"}],"about":[{"href":"https:\/\/primeprintingweb.com\/en_gb\/wp-json\/wp\/v2\/types\/product"}],"version-history":[{"count":3,"href":"https:\/\/primeprintingweb.com\/en_gb\/wp-json\/wp\/v2\/product\/22576\/revisions"}],"predecessor-version":[{"id":22833,"href":"https:\/\/primeprintingweb.com\/en_gb\/wp-json\/wp\/v2\/product\/22576\/revisions\/22833"}],"wp:featuredmedia":[{"embeddable":true,"href":"https:\/\/primeprintingweb.com\/en_gb\/wp-json\/wp\/v2\/media\/22661"}],"wp:attachment":[{"href":"https:\/\/primeprintingweb.com\/en_gb\/wp-json\/wp\/v2\/media?parent=22576"}],"wp:term":[{"taxonomy":"product_brand","embeddable":true,"href":"https:\/\/primeprintingweb.com\/en_gb\/wp-json\/wp\/v2\/product_brand?post=22576"},{"taxonomy":"product_cat","embeddable":true,"href":"https:\/\/primeprintingweb.com\/en_gb\/wp-json\/wp\/v2\/product_cat?post=22576"},{"taxonomy":"product_tag","embeddable":true,"href":"https:\/\/primeprintingweb.com\/en_gb\/wp-json\/wp\/v2\/product_tag?post=22576"}],"curies":[{"name":"wp","href":"https:\/\/api.w.org\/{rel}","templated":true}]}}