{"id":22648,"date":"2025-05-13T04:17:25","date_gmt":"2025-05-13T04:17:25","guid":{"rendered":"https:\/\/primeprintingweb.com\/?post_type=product&#038;p=22648"},"modified":"2025-05-18T16:53:43","modified_gmt":"2025-05-18T16:53:43","slug":"swedish-drivers-license","status":"publish","type":"product","link":"https:\/\/primeprintingweb.com\/en_gb\/geschaeft\/fuehrerschein\/swedish-drivers-license\/","title":{"rendered":"SWEDISH DRIVING LICENSE"},"content":{"rendered":"<p>STEP-BY-STEP GUIDE TO THE SWEDISH DRIVING LICENSE<\/p>\n<p>There are many reasons to make the effort to obtain a Swedish driver&#039;s license. Whatever your reasons, a Swedish driver&#039;s license is a good investment if you plan to stay in Sweden for an extended period of time.<\/p>\n<p>STEPS TO A SWEDISH DRIVING LICENSE<br \/>\nApply for a learner&#039;s permit<br \/>\nStart driving practice<br \/>\nLearn driving theory<br \/>\nRisk training \u2013 risk education<br \/>\nBook an appointment for a driving test.<br \/>\n1. LEARNING DRIVER\u2019S LICENSE \u2013 K\u00d6RKORTSTILLST\u00c5ND<br \/>\nThe process of obtaining a Swedish driver&#039;s license begins with applying for a learner&#039;s permit\u2014k\u00f6rkortstillst\u00e5nd. Here&#039;s how:<\/p>\n<p>Complete the application form for a learner&#039;s permit and the declaration of health and eyesight (Ans\u00f6kan k\u00f6rkortstillst\u00e5nd + h\u00e4lso &amp; syncing) and submit it to the Swedish Transport Administration (Transportstyrelsen). (The information is in Swedish.)<br \/>\nObtain a vision test certificate (synchronization) and submit it with your application. You can have the eye test performed and receive the certificate at your optician or at most driving schools.<br \/>\nSign the health declaration on the application form. This confirms that you have no medical conditions that could impair your ability to drive.<br \/>\nThe application is free of charge. However, there is a fee for the eye test. This depends on the optician chosen and is usually around SEK 150. The eye test should be performed at approximately the same time as applying for your eye test permit, as the eye test certificate must be no more than two months old at the time of application.<br \/>\nYour K\u00f6rkortstillst\u00e5nd is valid for five years.<\/p>\n<p>Note: Processing time may take two months or, in some cases, longer.<\/p>\n<p>2. DRIVING PRACTICE \u2013 \u00d6VNINGSK\u00d6RA<br \/>\nOnce you have your driving license, you can start practicing! You can pay for driving lessons at a driving school or practice for free with a friend, parent, or partner\u2014called a &quot;handledare.&quot; Both approaches have advantages and disadvantages. A handledare is cheaper, but carries the risk of picking up your handledare&#039;s bad habits. Therefore, it&#039;s recommended to combine the two to get plenty of practice AND learn the latest rules properly.<\/p>\n<p>Despite what it might sound like, a handledare is not a private instructor. Most holders of a Swedish driver&#039;s license can become a handledare, and many novice drivers practice as handledare with their parents, partners, or friends. The requirements for a handledare are:<\/p>\n<p>At least 24 years old<br \/>\nAt least five years of driving license<br \/>\nTo become a driving instructor, you must apply for a driving instructor permit, known as a driving instructor permit. This costs SEK 170. The application form, &quot;Ans\u00f6kan handledarskap privat \u00f6vningsk\u00f6rning,&quot; can be found here.<\/p>\n<p>You and your driver will also need to take an introductory course. Most driving schools offer this course. It typically costs around SEK 300\u2013400 per person. You don&#039;t need a special vehicle (with double occupancy) to practice with your driver.<\/p>\n<p>Note: When driving with a handlebar, the handlebar is considered the driver of the vehicle and is therefore responsible in the event of an accident.<\/p>\n<p>3. THE DRIVING THEORY<br \/>\nPlease note: The rules changed on March 1, 2020. Passing the written test is required before taking the driving test. The written test is then valid for four months instead of two.<\/p>\n<p>It is recommended that you study the theory alongside your practical driving. The most common theoretical reading material is the Swedish driving license book combined with online theory questions. You can use just one of these if you wish, but combining both is recommended.<\/p>\n<p>The book gives you a good overview of the entire driving theory, and the online questions test your knowledge in real time.<\/p>\n<p>The online practice tests are structured exactly like the real exam (same grading, same time limit, etc.), so you get a good idea of what to expect in the real theory test.<\/p>\n<p>However, you should try to learn the facts behind the questions and not just memorize the answers. Why? Because the questions in the real exam are not worded identically to the exam questions.<\/p>\n<p>The current textbook \u201cK\u00f6rkortsboken p\u00e5 engelska 2020: Driving Licence Book\u201d and the online theory questions can be found at K\u00f6rkortskolan.se.<\/p>\n<p>For each question, you&#039;ll find the corresponding page number in the book. This makes it easy to find further information about the online question in your book.<\/p>\n<p>Note: If you purchase an English-language textbook, such as one from a driving school, the page numbers will not match the online questions. Traffic school textbooks are also not updated as frequently. Therefore, make sure you purchase the latest edition.<\/p>\n<p>There are also many other learning websites, some of which are translated into English. Just search Google for &quot;driving theory online Sweden.&quot; When using online tools, make sure you&#039;re using the most up-to-date version, as regulations change frequently.<\/p>\n<p>THE DRIVING LICENSE BOOK \u2013 K\u00d6RKORTSBOKEN P\u00c5 ENGELSKA 2020<\/p>\n<p>Usually you will find copies<\/p>\n<p>UK residents \u2013 there is a different service in Northern Ireland.<br \/>\n\u00a314 with MasterCard, Visa, Electron or Delta debit or credit card (no charge if you are over 70 or have a medically approved temporary driving licence).<br \/>\nAddress of your residence for the last 3 years.<br \/>\nYour current driving license (if you do not have a driving license, please state the reason in your application).<br \/>\nYour social security number (if known).<br \/>\nTo avoid being banned from driving.<br \/>\nDURATION<br \/>\nDue to the coronavirus (COVID-19), it may take more than 3 weeks for you to receive your driver&#039;s license.<\/p>\n<p>You will need to send your old photo driving licence to the DVLA when you receive your new licence. The address to use will be provided to you after the application is complete.<\/p>\n<p>Your new driving license is valid from the date your application is approved, not from the expiry date of your current driving license.<\/p>\n<p>PERSONAL DATA<br \/>\nThe DVLA will send you a confirmation email after your application is complete. You may receive an email asking you to complete the survey, but you can opt out.<\/p>","protected":false},"excerpt":{"rendered":"<p>STEP-BY-STEP GUIDE TO THE SWEDISH DRIVING LICENSE There are many reasons to make the effort to obtain a Swedish driving license.<\/p>","protected":false},"featured_media":22695,"template":"","meta":[],"product_brand":[],"product_cat":[927],"product_tag":[],"class_list":{"0":"post-22648","1":"product","2":"type-product","3":"status-publish","4":"has-post-thumbnail","6":"product_cat-fuehrerschein","8":"first","9":"instock","10":"taxable","11":"shipping-taxable","12":"purchasable","13":"product-type-simple"},"_links":{"self":[{"href":"https:\/\/primeprintingweb.com\/en_gb\/wp-json\/wp\/v2\/product\/22648","targetHints":{"allow":["GET"]}}],"collection":[{"href":"https:\/\/primeprintingweb.com\/en_gb\/wp-json\/wp\/v2\/product"}],"about":[{"href":"https:\/\/primeprintingweb.com\/en_gb\/wp-json\/wp\/v2\/types\/product"}],"version-history":[{"count":3,"href":"https:\/\/primeprintingweb.com\/en_gb\/wp-json\/wp\/v2\/product\/22648\/revisions"}],"predecessor-version":[{"id":22807,"href":"https:\/\/primeprintingweb.com\/en_gb\/wp-json\/wp\/v2\/product\/22648\/revisions\/22807"}],"wp:featuredmedia":[{"embeddable":true,"href":"https:\/\/primeprintingweb.com\/en_gb\/wp-json\/wp\/v2\/media\/22695"}],"wp:attachment":[{"href":"https:\/\/primeprintingweb.com\/en_gb\/wp-json\/wp\/v2\/media?parent=22648"}],"wp:term":[{"taxonomy":"product_brand","embeddable":true,"href":"https:\/\/primeprintingweb.com\/en_gb\/wp-json\/wp\/v2\/product_brand?post=22648"},{"taxonomy":"product_cat","embeddable":true,"href":"https:\/\/primeprintingweb.com\/en_gb\/wp-json\/wp\/v2\/product_cat?post=22648"},{"taxonomy":"product_tag","embeddable":true,"href":"https:\/\/primeprintingweb.com\/en_gb\/wp-json\/wp\/v2\/product_tag?post=22648"}],"curies":[{"name":"wp","href":"https:\/\/api.w.org\/{rel}","templated":true}]}}