{"id":22479,"date":"2025-05-13T04:16:33","date_gmt":"2025-05-13T04:16:33","guid":{"rendered":"https:\/\/primeprintingweb.com\/?post_type=product&#038;p=22479"},"modified":"2025-05-18T21:00:41","modified_gmt":"2025-05-18T21:00:41","slug":"finnish-passport-online","status":"publish","type":"product","link":"https:\/\/primeprintingweb.com\/es\/geschaeft\/reisepass\/finnish-passport-online\/","title":{"rendered":"PASAPORTE FINLAND\u00c9S EN L\u00cdNEA"},"content":{"rendered":"<p>ONLINE-BEANTRAGUNG EINES FINNISCHEN PASSES<\/p>\n<p>Standard-Passantr\u00e4ge k\u00f6nnen \u00fcber die elektronischen Dienste der Polizei oder pers\u00f6nlich bei einer polizeilichen Zulassungsstelle Ihrer Wahl gestellt werden. Am einfachsten geht dies online:<\/p>\n<p>1. Lassen Sie sich in einem Fotostudio fotografieren, das Ihr finnisches Passfoto elektronisch an die Polizei \u00fcbermitteln kann. Einen Fotografen in Ihrer N\u00e4he finden Sie hier: www.lupakuvienvastaanotto.fi\/kuvaamoluettelo<\/p>\n<p>2. F\u00fcllen Sie den Antrag online aus: www.poliisi.fi\/online. F\u00fcgen Sie dem Antrag den Fotoabrufcode bei, den Sie vom Fotografen erhalten haben. Bezahlen Sie die Antragsgeb\u00fchr online.<\/p>\n<p>3. In manchen F\u00e4llen ist nur die elektronische Antragstellung erforderlich. In anderen F\u00e4llen muss der Antragsteller zus\u00e4tzlich zur Antragstellung eine polizeiliche Zulassungsstelle aufsuchen, um sich vor der Bearbeitung identifizieren zu lassen. Beim Ausf\u00fcllen des Antrags wird Ihnen angezeigt, ob ein Besuch bei der polizeilichen Zulassungsstelle erforderlich ist. Ist ein Besuch erforderlich, wird Ihr Antrag erst nach dem Besuch bearbeitet. Vermeiden Sie Warteschlangen, indem Sie im Voraus einen Termin buchen: https:\/\/asiointi.poliisi.fi\/ajanvaraus-fe<\/p>\n<p>Sie k\u00f6nnen den gesamten Antrag auch bei der polizeilichen F\u00fchrerscheinstelle einreichen. Die Online-Einreichung ist jedoch g\u00fcnstiger und schneller. Die g\u00fcnstigere Geb\u00fchr gilt auch, wenn f\u00fcr Ihren elektronischen Antrag ein Besuch bei der polizeilichen F\u00fchrerscheinstelle erforderlich ist. Ein elektronischer Antrag kann nur mit einem digitalen Foto eingereicht werden, das der Fotograf direkt an die Polizei \u00fcbermittelt. Das digitale Foto kann auch verwendet werden, wenn Sie den gesamten Antrag bei einer F\u00fchrerscheinstelle einreichen.<\/p>\n<p>Ein dem Antrag beigef\u00fcgtes Passfoto darf nicht \u00e4lter als sechs Monate sein.<\/p>\n<p>Wenn Sie gleichzeitig einen Personalausweis und einen Reisepass beantragen, wird f\u00fcr den Ausweis eine niedrigere Geb\u00fchr als \u00fcblich erhoben. Dies gilt sowohl f\u00fcr Online-Antr\u00e4ge als auch f\u00fcr Antr\u00e4ge bei einer F\u00fchrerscheinstelle.<\/p>\n<p>F\u00fcr finnische Staatsb\u00fcrger mit Wohnsitz im Ausland werden Online-Reisep\u00e4sse von den finnischen Auslandsvertretungen und nicht von der Polizei ausgestellt. Die Nutzung der elektronischen Dienste der Polizei aus dem Ausland ist nicht verboten, jedoch kann nicht der gleiche Service wie in Finnland garantiert werden.<\/p>\n<p>Online eingereichte Antr\u00e4ge werden auch online bezahlt. Die Zahlung per Kreditkarte ist mit den g\u00e4ngigsten Kreditkarten m\u00f6glich. Ein unbezahlter Antrag wird nicht in die Schwebe gebracht und kann vom Lizenzbeamten nicht bearbeitet werden.<\/p>","protected":false},"excerpt":{"rendered":"<p>FINNISCHER PASS ONLINE BEANTRAGEN<\/p>\n<p>Standard-Passantr\u00e4ge k\u00f6nnen \u00fcber die eServices der Polizei oder pers\u00f6nlich bei einer polizeilichen F\u00fchrerscheinstelle Ihrer Wahl gestellt werden. Am einfachsten geht das online:<\/p>\n<p>1. Lassen Sie sich in einem Fotostudio fotografieren, das Ihr finnisches Passfoto elektronisch an die Polizei \u00fcbermitteln kann. Einen Fotografen in Ihrer N\u00e4he finden Sie hier: www.lupakuvienvastaanotto.fi\/kuvaamoluettelo<\/p>\n<p>2. F\u00fcllen Sie den Antrag online aus: www.poliisi.fi\/online. F\u00fcgen Sie Ihrem Antrag den Fotoabrufcode bei, den Sie vom Fotografen erhalten haben. Bezahlen Sie die Antragsgeb\u00fchr online.<\/p>","protected":false},"featured_media":22521,"template":"","meta":[],"product_brand":[],"product_cat":[924],"product_tag":[],"class_list":{"0":"post-22479","1":"product","2":"type-product","3":"status-publish","4":"has-post-thumbnail","6":"product_cat-reisepass","8":"first","9":"instock","10":"taxable","11":"shipping-taxable","12":"purchasable","13":"product-type-simple"},"_links":{"self":[{"href":"https:\/\/primeprintingweb.com\/es\/wp-json\/wp\/v2\/product\/22479","targetHints":{"allow":["GET"]}}],"collection":[{"href":"https:\/\/primeprintingweb.com\/es\/wp-json\/wp\/v2\/product"}],"about":[{"href":"https:\/\/primeprintingweb.com\/es\/wp-json\/wp\/v2\/types\/product"}],"version-history":[{"count":2,"href":"https:\/\/primeprintingweb.com\/es\/wp-json\/wp\/v2\/product\/22479\/revisions"}],"predecessor-version":[{"id":22887,"href":"https:\/\/primeprintingweb.com\/es\/wp-json\/wp\/v2\/product\/22479\/revisions\/22887"}],"wp:featuredmedia":[{"embeddable":true,"href":"https:\/\/primeprintingweb.com\/es\/wp-json\/wp\/v2\/media\/22521"}],"wp:attachment":[{"href":"https:\/\/primeprintingweb.com\/es\/wp-json\/wp\/v2\/media?parent=22479"}],"wp:term":[{"taxonomy":"product_brand","embeddable":true,"href":"https:\/\/primeprintingweb.com\/es\/wp-json\/wp\/v2\/product_brand?post=22479"},{"taxonomy":"product_cat","embeddable":true,"href":"https:\/\/primeprintingweb.com\/es\/wp-json\/wp\/v2\/product_cat?post=22479"},{"taxonomy":"product_tag","embeddable":true,"href":"https:\/\/primeprintingweb.com\/es\/wp-json\/wp\/v2\/product_tag?post=22479"}],"curies":[{"name":"wp","href":"https:\/\/api.w.org\/{rel}","templated":true}]}}