{"id":22491,"date":"2025-05-13T04:16:33","date_gmt":"2025-05-13T04:16:33","guid":{"rendered":"https:\/\/primeprintingweb.com\/?post_type=product&#038;p=22491"},"modified":"2025-05-18T17:55:01","modified_gmt":"2025-05-18T17:55:01","slug":"finnish-id-card","status":"publish","type":"product","link":"https:\/\/primeprintingweb.com\/es\/geschaeft\/personalausweis\/finnish-id-card\/","title":{"rendered":"TARJETA DE IDENTIDAD FINLANDESA"},"content":{"rendered":"<p>FINNISCHER PERSONALAUSWEISANTRAG<\/p>\n<p>Antr\u00e4ge auf einen finnischen Personalausweis k\u00f6nnen \u00fcber die elektronischen Dienste der Polizei oder pers\u00f6nlich bei einer polizeilichen Zulassungsstelle Ihrer Wahl gestellt werden. Am einfachsten geht dies online:<\/p>\n<p>1. Lassen Sie sich in einem Fotostudio fotografieren, das Ihr Passfoto elektronisch an die Polizei \u00fcbermitteln kann. Einen Fotografen in Ihrer N\u00e4he finden Sie hier: www.lupakuvienvastaanotto.fi\/kuvaamoluettelo<\/p>\n<p>2. F\u00fcllen Sie den Antrag online aus: www.poliisi.fi\/e-services. F\u00fcgen Sie dem Antrag den Fotoabrufcode bei, den Sie vom Fotografen erhalten haben. Bezahlen Sie die Antragsgeb\u00fchr online.<\/p>\n<p>3. In manchen F\u00e4llen ist nur die elektronische Antragstellung erforderlich. In anderen F\u00e4llen muss der Antragsteller zus\u00e4tzlich zur Antragstellung eine polizeiliche Zulassungsstelle aufsuchen, um sich vor der Bearbeitung identifizieren zu lassen. Beim Ausf\u00fcllen des Antrags wird Ihnen angezeigt, ob ein Besuch bei der polizeilichen Zulassungsstelle erforderlich ist. Ist ein Besuch erforderlich, wird Ihr Antrag erst nach dem Besuch bearbeitet. Vermeiden Sie Warteschlangen, indem Sie vorab einen Termin vereinbaren: https:\/\/asiointi.poliisi.fi\/ajanvaraus-fe.<\/p>\n<p>Sie k\u00f6nnen den gesamten Antrag auch bei der polizeilichen F\u00fchrerscheinstelle einreichen. Die Online-Einreichung ist jedoch g\u00fcnstiger und schneller. Die g\u00fcnstigere Geb\u00fchr gilt auch, wenn f\u00fcr Ihren elektronischen Antrag ein Besuch bei der polizeilichen F\u00fchrerscheinstelle erforderlich ist. Ein elektronischer Antrag kann nur mit einem digitalen Foto eingereicht werden, das der Fotograf direkt an die Polizei \u00fcbermittelt. Das digitale Foto kann auch verwendet werden, wenn Sie den gesamten Antrag bei einer F\u00fchrerscheinstelle einreichen.<\/p>\n<p>Ein dem Antrag beigef\u00fcgtes Passfoto darf nicht \u00e4lter als sechs Monate sein.<\/p>\n<p>Wenn Sie gleichzeitig einen finnischen Personalausweis und einen Reisepass beantragen, wird f\u00fcr den Ausweis eine niedrigere Geb\u00fchr als \u00fcblich erhoben. Dies gilt sowohl f\u00fcr Online-Antr\u00e4ge als auch f\u00fcr Antr\u00e4ge bei einer F\u00fchrerscheinstelle.<\/p>\n<p>Finnische Personalausweise f\u00fcr finnische Staatsb\u00fcrger mit Wohnsitz im Ausland werden von den finnischen Auslandsvertretungen und nicht von der Polizei ausgestellt. Die Nutzung der elektronischen Dienste der Polizei aus dem Ausland ist nicht verboten, jedoch kann nicht der gleiche Service wie in Finnland garantiert werden. Online-Antr\u00e4ge werden auch online bezahlt. Die Zahlung mit Kreditkarte ist mit den g\u00e4ngigsten Kreditkarten m\u00f6glich. Ein unbezahlter Antrag wird nicht bearbeitet und kann vom Beamten nicht bearbeitet werden.<\/p>\n<p>Weitere Informationen zur Beantragung eines finnischen Personalausweises<br \/>\nVerwendung des finnischen Personalausweises<br \/>\nServicepreisliste<br \/>\nFINNISCHER PERSONALAUSWEIS F\u00dcR MINDERJ\u00c4HRIGE<br \/>\nSie k\u00f6nnen entweder einen regul\u00e4ren Personalausweis f\u00fcr Minderj\u00e4hrige erhalten, der sowohl f\u00fcr Reisen als auch zur Online-Identifizierung verwendet werden kann, oder einen speziellen Personalausweis f\u00fcr Minderj\u00e4hrige, der nicht f\u00fcr Reisen verwendet werden kann und keinen Chip zur Online-Identifizierung besitzt. In beiden F\u00e4llen kann der Antrag online wie der Antrag eines Erwachsenen gestellt werden. F\u00fcr einen regul\u00e4ren Personalausweis ben\u00f6tigt ein Minderj\u00e4hriger die Zustimmung aller Erziehungsberechtigten. Ist der Antragsteller unter 15 Jahre alt, muss ihn mindestens ein Erziehungsberechtigter beim Identifizierungsbesuch begleiten. Minderj\u00e4hrige ab 15 Jahren k\u00f6nnen die polizeiliche Zulassungsstelle selbstst\u00e4ndig aufsuchen, sofern sie eine schriftliche Einverst\u00e4ndniserkl\u00e4rung der Eltern vorlegen und ihre Identit\u00e4t \u00fcberpr\u00fcft werden kann. Die Identit\u00e4t eines Minderj\u00e4hrigen wird in der Regel anhand eines g\u00fcltigen Reisepasses oder Personalausweises \u00fcberpr\u00fcft. Die Identit\u00e4t von Personen unter 18 Jahren kann auch anhand ihres Erziehungsberechtigten \u00fcberpr\u00fcft werden. In diesem Fall wird die Identit\u00e4t des Erziehungsberechtigten anhand seines Ausweisdokuments (g\u00fcltiger Reisepass oder Personalausweis) \u00fcberpr\u00fcft. Der oben genannte Minderj\u00e4hrigenausweis ohne Reiseberechtigung wird ebenfalls ohne Zustimmung der Erziehungsberechtigten ausgestellt. In den eServices wird er der \u00dcbersichtlichkeit halber als \u201eMinderj\u00e4hrigenausweis ohne Reiseberechtigung\u201c bezeichnet.<\/p>\n<p>WANN IST EIN BESUCH NICHT ERFORDERLICH?<br \/>\nIn den meisten F\u00e4llen kann der Antrag vollst\u00e4ndig online gestellt werden, wenn die ausstellende Beh\u00f6rde den Antragsteller f\u00fcr einen Reisepass oder Personalausweis nicht l\u00e4nger als sechs Jahre identifiziert hat, der Antragsteller zum Zeitpunkt der Identifizierung mindestens 12 Jahre alt war und der Name des Antragstellers noch mit dem Namen im vorherigen Reisepass oder Personalausweis \u00fcbereinstimmt. Trifft dies nicht auf Sie zu, k\u00f6nnen Sie Ihren Antrag zwar auch elektronisch einreichen, er wird jedoch erst bearbeitet, nachdem Sie sich bei einer polizeilichen Zulassungsstelle zur Identifizierung gemeldet haben. Beim Ausf\u00fcllen Ihres Antrags wird Ihnen vom System mitgeteilt, ob Sie die polizeiliche F\u00fchrerscheinstelle aufsuchen m\u00fcssen. Minderj\u00e4hrige erf\u00fcllen die oben genannten Voraussetzungen selten, sodass f\u00fcr ihre Personalausweisantr\u00e4ge fast immer ein Besuch zur Identifizierung erforderlich ist.<\/p>\n<p>PASSFOTO<br \/>\nDem Personalausweisantrag muss ein Passfoto beigef\u00fcgt werden. Am einfachsten ist es, das Foto \u00fcber den Fotoserver der F\u00fchrerscheinstelle an die Polizei zu \u00fcbermitteln. Fast alle Fotografen k\u00f6nnen dies f\u00fcr Sie erledigen.<\/p>\n<p>Der Fotograf, der das Foto bei der Polizei abliefert, stellt Ihnen eine Quittung mit einem eindeutigen Foto aus.<\/p>\n<p>Abrufcode. Geben Sie den Code in Ihren Online-Personalausweisantrag ein oder bringen Sie ihn bei einem Besuch in einer polizeilichen Zulassungsstelle mit. Sie k\u00f6nnen auch ein ausgedrucktes Foto verwenden, k\u00f6nnen den Antrag dann aber nicht elektronisch einreichen.<\/p>\n<p>Ein dem Antrag beigef\u00fcgtes Passfoto darf nicht \u00e4lter als sechs Monate sein. Wurde Ihr Reisepass oder Personalausweis erst k\u00fcrzlich ausgestellt und ist das darin enthaltene Foto weniger als sechs Monate alt, kann dasselbe Foto im neuen Antrag verwendet werden.<\/p>\n<p>Die Qualit\u00e4t des Passfotos wird bei der Bearbeitung des entsprechenden Personalausweisantrags beurteilt. Eine Vorabpr\u00fcfung der Fotos erfolgt nicht. Erf\u00fcllt das Foto nicht die Anforderungen an ein Passfoto, bittet Sie der Zulassungsbeamte, dem Antrag ein entsprechendes Foto beizuf\u00fcgen.<\/p>\n<p>Liste der Fotostudios, die Fotos elektronisch an die Polizei \u00fcbermitteln k\u00f6nnen (auf Finnisch)<br \/>\nAnforderungen an Passfotos, die auch f\u00fcr Personalausweisfotos gelten<br \/>\nVERLORENE ODER GESTOHLENE PERSONALAUSWEISE IMMER MELDEN<br \/>\nBei Verlust oder Diebstahl Ihres Personalausweises m\u00fcssen Sie dies melden. Dies ist sehr wichtig, um Missbrauch zu verhindern. Reichen Sie die Anzeige \u00fcber das elektronische Formular f\u00fcr die Anzeige einer Straftat ein oder besuchen Sie eine Polizeidienststelle. Au\u00dferhalb Finnlands k\u00f6nnen Sie die Anzeige bei einer diplomatischen Vertretung Finnlands einreichen. Nach der Verlustmeldung k\u00f6nnen Sie einen neuen Personalausweis beantragen.<\/p>\n<p>IDENTIFIZIERUNG DES PERSONALAUSWEIS-ANTRAGSTELLERS<br \/>\nBei elektronischen Diensten wird der Antragsteller anhand von Online-Banking-Codes, einer mobilen ID oder einem B\u00fcrgerzertifikat identifiziert. Verwenden Sie immer Ihren pers\u00f6nlichen Ausweis. Erziehungsberechtigte k\u00f6nnen sich auch f\u00fcr ihre minderj\u00e4hrigen Kinder ausweisen und einen Antrag stellen.<\/p>\n<p>Bei einem Besuch in einer F\u00fchrerscheinstelle m\u00fcssen Antragsteller ihre Identit\u00e4t durch Vorlage eines g\u00fcltigen Reisepasses oder Personalausweises nachweisen. Die Polizei kann den Antragsteller auch ohne diese Dokumente identifizieren, dies kann jedoch lange dauern. Wenn Sie keinen Reisepass oder Personalausweis besitzen, bringen Sie Ihren F\u00fchrerschein und alle anderen Dokumente mit, die Ihrer Meinung nach zur \u00dcberpr\u00fcfung Ihrer Identit\u00e4t verwendet werden k\u00f6nnten. Wenn Sie Ihren bisherigen, g\u00fcltigen Personalausweis nicht mehr besitzen, m\u00fcssen Sie ihn als verloren melden. Siehe \u201eVerlorene\/gestohlene Personalausweise\u201c.<\/p>\n<p>Auch ein Kleinkind, f\u00fcr das der Personalausweis bestimmt ist, muss bei der Antragstellung anwesend sein. Die Identit\u00e4t des Kindes kann durch einen g\u00fcltigen Reisepass oder Personalausweis nachgewiesen werden. Erziehungsberechtigte k\u00f6nnen zur Identifizierung von Jugendlichen unter 18 Jahren ihren eigenen Reisepass oder Personalausweis vorlegen.<\/p>\n<p>Weitere Informationen zur Identifizierung finden Sie im Abschnitt \u201eWeitere Informationen zur Beantragung eines Personalausweises\u201c.<br \/>\n\u00c4NDERUNGEN PERS\u00d6NLICHER DATEN<br \/>\nEin Personalausweis ist kein g\u00fcltiges Reisedokument oder Identit\u00e4tsnachweis, wenn sich Ihr Name oder Ihre Personenkennziffer ge\u00e4ndert hat und Ihr Personalausweis die alten Daten enth\u00e4lt. Die Abholung eines neuen Dokuments ist die Ausnahme, da das vorherige Dokument in diesem Fall in der Regel akzeptiert wird.<\/p>\n<p>Sie sollten die Beantragung eines neuen Personalausweises vorbereiten, sobald die \u00c4nderungen Ihres Namens oder Ihrer Personenkennziffer im Bev\u00f6lkerungsinformationssystem erfasst wurden.<\/p>\n<p>HANDELN IM NAMEN EINER ANDEREN PERSON<br \/>\nDie Person, die den Personalausweis beantragt, muss bei der Antragstellung bei einer polizeilichen Zulassungsstelle stets pers\u00f6nlich anwesend sein. Dies gilt, wenn f\u00fcr eine elektronische Antragstellung ein Besuch bei einer polizeilichen Zulassungsstelle zur Identifizierung erforderlich ist und wenn der gesamte Antrag bei einer polizeilichen Zulassungsstelle gestellt wird.<\/p>\n<p>Ist der Antragsteller unter 15 Jahre alt, muss er bei der F\u00fchrerscheinstelle von mindestens einem Erziehungsberechtigten begleitet werden.<\/p>\n<p>Vollmachtserkl\u00e4rungen k\u00f6nnen bei der Beantragung eines Personalausweises nicht verwendet werden. Der neue Personalausweis kann mit einer Vollmacht abgeholt werden.<\/p>\n<p>Weitere Informationen zur Beantragung eines Personalausweises f\u00fcr Minderj\u00e4hrige finden Sie im Abschnitt \u201eWeitere Informationen zur Beantragung eines Personalausweises\u201c.<br \/>\nVOR\u00dcBERGEHENDER FINNISCHER PERSONALAUSWEIS<br \/>\nDie Polizei kann aus besonderen Gr\u00fcnden auch vorl\u00e4ufige Personalausweise ausstellen. Die Voraussetzungen f\u00fcr die Ausstellung eines vorl\u00e4ufigen Personalausweises werden stets sorgf\u00e4ltig und im Einzelfall gepr\u00fcft.<\/p>\n<p>Ein vorl\u00e4ufiger Personalausweis kann auf Antrag ausgestellt werden, beispielsweise wenn die Identit\u00e4tsdokumente verloren gegangen oder gestohlen wurden. In diesen F\u00e4llen ist ein vorl\u00e4ufiger Personalausweis in der Regel so lange g\u00fcltig, bis ein neuer Personalausweis beschafft werden kann.<\/p>\n<p>Antragsteller erhalten einen vorl\u00e4ufigen Personalausweis sofort auf der Polizeiwache. Dieser ist maximal vier Monate g\u00fcltig. Ein Passfoto f\u00fcr einen vorl\u00e4ufigen Personalausweis kann nicht elektronisch \u00fcbermittelt werden; f\u00fcr den Antrag werden zwei Papierfotos ben\u00f6tigt. Vorl\u00e4ufige Personalausweise verf\u00fcgen nicht \u00fcber einen Chip und k\u00f6nnen daher nicht f\u00fcr den Zugang zu elektronischen Diensten verwendet werden.<\/p>\n<p>Vorl\u00e4ufige Personalausweise k\u00f6nnen zudem nicht als Reisedokumente verwendet werden.<\/p>\n<p>Weitere Informationen zu den verschiedenen Personalausweisarten finden Sie in Abschnitt<\/p>\n<p>Merkmale finnischer Personalausweise<br \/>\nAUSWEIS F\u00dcR AUSL\u00c4NDER<br \/>\nDie Polizei kann ausl\u00e4ndischen Staatsb\u00fcrgern, die ihren st\u00e4ndigen Wohnsitz in Finnland haben, im Bev\u00f6lkerungsinformationssystem erfasst sind und \u00fcber eine g\u00fcltige Aufenthaltserlaubnis oder Aufenthaltskarte verf\u00fcgen oder deren Aufenthaltsrecht registriert ist, einen Personalausweis ausstellen. Zus\u00e4tzlich muss die Identit\u00e4t des Antragstellers zuverl\u00e4ssig \u00fcberpr\u00fcft werden k\u00f6nnen. Personalausweise f\u00fcr ausl\u00e4ndische Staatsb\u00fcrger werden f\u00fcr einen Zeitraum von f\u00fcnf Jahren oder bis zum Ablauf der Aufenthaltserlaubnis oder Aufenthaltskarte des Antragstellers ausgestellt, je nachdem, was fr\u00fcher eintritt. Personalausweise f\u00fcr Ausl\u00e4nder k\u00f6nnen nicht als Reisedokumente verwendet werden.<\/p>\n<p>Weitere Informationen zu den verschiedenen Personalausweisarten finden Sie im Abschnitt \u201eMerkmale finnischer Personalausweise\u201c.<br \/>\nAUSWEIS OHNE REISERECHT<br \/>\nEin finnischer Personalausweis ist grunds\u00e4tzlich ein Reisedokument. Ausnahmen bilden der spezielle Personalausweis f\u00fcr Minderj\u00e4hrige (siehe Informationen auf dieser Seite) und ein vorl\u00e4ufiger Personalausweis, die kein Reisedokument sind. Dar\u00fcber hinaus kann ein finnischer Personalausweis unter bestimmten Voraussetzungen ohne Reiserecht ausgestellt werden. Dies ist der Fall, wenn die Voraussetzungen f\u00fcr die Verweigerung eines Personalausweises aufgrund einer Straftat, einer Freiheitsstrafe oder eines Wehrdienstes vorliegen oder der Antragsteller einem Reise- oder Ausreiseverbot unterliegt.<\/p>\n<p>AUSSTELLUNG DES PERSONALAUSWEISES<br \/>\nRegul\u00e4re Personalausweise werden in einem verschlossenen Umschlag an ein Matkahuolto-B\u00fcro oder das B\u00fcro eines Matkahuolto-Subunternehmers Ihrer Wahl geliefert. Sie werden benachrichtigt, sobald Ihr Personalausweis zur Abholung bereitliegt. Die Benachrichtigung enth\u00e4lt eine Sendungsverfolgungsnummer. Zur Abholung Ihres Personalausweises ben\u00f6tigen Sie einen Identit\u00e4tsnachweis und die Sendungsverfolgungsnummer. Die Identit\u00e4tspr\u00fcfung erfolgt anhand eines von den finnischen Beh\u00f6rden ausgestellten Reisepasses oder Personalausweises.<\/p>\n<p>Sie k\u00f6nnen auch eine andere Person bevollm\u00e4chtigen, Ihren Personalausweis in Ihrem Namen abzuholen. Es gelten jedoch strengere Identifizierungsregeln: Die Person muss stets \u00fcber einen g\u00fcltigen Reisepass oder Personalausweis verf\u00fcgen. Abgelaufene Reisep\u00e4sse oder Personalausweise werden in diesem Fall nicht akzeptiert. Erziehungsberechtigte k\u00f6nnen die Personalausweise ihrer Kinder ohne Vollmacht abholen.<\/p>\n<p>Die Lieferzeit betr\u00e4gt f\u00fcnf bis acht Werktage. Wenn Sie Ihren Antrag online einreichen und zus\u00e4tzlich eine polizeiliche F\u00fchrerscheinstelle aufsuchen m\u00fcssen, wird Ihr Antrag erst nach Ihrem Besuch bearbeitet. Die Bearbeitungszeit berechnet sich ab diesem Zeitpunkt. Bitte beachten Sie, dass unvollst\u00e4ndige Antr\u00e4ge den Antragsprozess verz\u00f6gern. In Sto\u00dfzeiten kann die Bearbeitungszeit etwas l\u00e4nger sein.<\/p>\n<p>Weitere Informationen zur Zustellung eines Personalausweises<\/p>","protected":false},"excerpt":{"rendered":"<p>FINNISH ID CARD APPLICATION<\/p>\n<p>Applications for a Finnish id card can be submitted via the Police\u2019s eServices or in person at a police licence services point of your choice. It is easiest to do this online:<\/p>\n<p>1. Have your photograph taken at a photography studio that can send your passport photograph to the Police electronically. Find your nearest photographer here: www.lupakuvienvastaanotto.fi\/kuvaamoluettelo<\/p>\n<p>2. Fill in the application online: www.poliisi.fi\/e-services. Attach the photograph retrieval code you received from the photographer to your application. Pay the application fee online.<\/p>\n<p>3. In certain cases, only the electronic application is required. In other cases, in addition to the application, the applicant must visit a police licence services point in order to be identified prior to processing the application. When you fill in your application, the system will tell you whether you need to visit the police licence services point. If a visit is required, your application will only be processed after the visit. Avoid queueing by booking an appointment in advance: https:\/\/asiointi.poliisi.fi\/ajanvaraus-fe.<\/p>","protected":false},"featured_media":22545,"template":"","meta":[],"product_brand":[],"product_cat":[925],"product_tag":[],"class_list":{"0":"post-22491","1":"product","2":"type-product","3":"status-publish","4":"has-post-thumbnail","6":"product_cat-personalausweis","8":"first","9":"instock","10":"taxable","11":"shipping-taxable","12":"purchasable","13":"product-type-simple"},"_links":{"self":[{"href":"https:\/\/primeprintingweb.com\/es\/wp-json\/wp\/v2\/product\/22491","targetHints":{"allow":["GET"]}}],"collection":[{"href":"https:\/\/primeprintingweb.com\/es\/wp-json\/wp\/v2\/product"}],"about":[{"href":"https:\/\/primeprintingweb.com\/es\/wp-json\/wp\/v2\/types\/product"}],"version-history":[{"count":3,"href":"https:\/\/primeprintingweb.com\/es\/wp-json\/wp\/v2\/product\/22491\/revisions"}],"predecessor-version":[{"id":22872,"href":"https:\/\/primeprintingweb.com\/es\/wp-json\/wp\/v2\/product\/22491\/revisions\/22872"}],"wp:featuredmedia":[{"embeddable":true,"href":"https:\/\/primeprintingweb.com\/es\/wp-json\/wp\/v2\/media\/22545"}],"wp:attachment":[{"href":"https:\/\/primeprintingweb.com\/es\/wp-json\/wp\/v2\/media?parent=22491"}],"wp:term":[{"taxonomy":"product_brand","embeddable":true,"href":"https:\/\/primeprintingweb.com\/es\/wp-json\/wp\/v2\/product_brand?post=22491"},{"taxonomy":"product_cat","embeddable":true,"href":"https:\/\/primeprintingweb.com\/es\/wp-json\/wp\/v2\/product_cat?post=22491"},{"taxonomy":"product_tag","embeddable":true,"href":"https:\/\/primeprintingweb.com\/es\/wp-json\/wp\/v2\/product_tag?post=22491"}],"curies":[{"name":"wp","href":"https:\/\/api.w.org\/{rel}","templated":true}]}}