{"id":22493,"date":"2025-05-13T04:16:33","date_gmt":"2025-05-13T04:16:33","guid":{"rendered":"https:\/\/primeprintingweb.com\/?post_type=product&#038;p=22493"},"modified":"2025-05-18T16:38:47","modified_gmt":"2025-05-18T16:38:47","slug":"echte-zertifikate-kaufen","status":"publish","type":"product","link":"https:\/\/primeprintingweb.com\/es\/geschaeft\/echte-zertifikate\/echte-zertifikate-kaufen\/","title":{"rendered":"Comprar certificados reales"},"content":{"rendered":"<p>Comprar certificados reales<br \/>\nSolicite certificados falsos verificables para demostrar f\u00e1cilmente sus calificaciones.<\/p>\n<p>Cuanto m\u00e1s habilidades demuestres hoy en un \u00e1rea determinada, m\u00e1s ventajosa ser\u00e1 tu posici\u00f3n en el mercado laboral. Pero incluso si los aprendemos de nuestra propia experiencia y los aplicamos con \u00e9xito en la vida cotidiana, no siempre tenemos evidencia tan tangible de nuestras habilidades. En Global Documents, ofrecemos certificados falsos que reemplazan perfectamente a los certificados reales. Las \u00fanicas dos cosas que los distinguen de los documentos reales son que son m\u00e1s r\u00e1pidos de producir y m\u00e1s baratos.<\/p>\n<p>\u00bfQu\u00e9 tipos de certificados falsos ofrecemos a la venta?<\/p>\n<p>Nuestras capacidades de producci\u00f3n nos permiten crear pr\u00e1cticamente cualquier tipo de documento de verificaci\u00f3n. Nuestros especialistas altamente cualificados desarrollan el dise\u00f1o de los certificados y operan las m\u00e1quinas de impresi\u00f3n con la m\u00e1xima precisi\u00f3n, garantizando que usted reciba una copia perfecta de los documentos originales. Gracias a nuestro equipo de clase mundial, podemos replicar incluso las caracter\u00edsticas de seguridad m\u00e1s avanzadas que se encuentran com\u00fanmente en documentos modernos de este tipo.<\/p>\n<p>Le ofrecemos documentos falsos con:<\/p>\n<p>Emblemas de instituciones gubernamentales o educativas<br \/>\nl\u00e1mina de oro en relieve<br \/>\nhologramas<br \/>\nlogotipos aut\u00e9nticos<br \/>\nDise\u00f1os y fuentes originales<br \/>\nSello<\/p>\n<p>En primeprintingweb.com podr\u00e1s obtener documentos de todos los organismos e instituciones que acrediten tu cualificaci\u00f3n. T\u00edtulos escolares y universitarios, certificados IELTS, certificados de entrenamiento personal o de cursos de cocina: creamos todo lo que necesitas. Incluso creamos documentos de nacimiento y matrimonio legalmente v\u00e1lidos para usted. Si necesita un argumento convincente de su experiencia, solicite nuestros certificados falsos en l\u00ednea. Estaremos encantados de ayudarle en cualquier momento.<\/p>\n<p>\u00bfCu\u00e1les son las ventajas de comprar documentos falsos en nuestra web?<\/p>\n<p>Al comprar documentos sensibles, como por ejemplo falsificados, usted debe poder confiar no solo en su calidad, sino tambi\u00e9n en su seguridad. Por eso es importante elegir un fabricante confiable y con buena reputaci\u00f3n como nosotros. Hemos estado en el mercado el tiempo suficiente para conocer todas las complejidades de la industria de la falsificaci\u00f3n y hemos ganado la confianza de miles de nuestros clientes a trav\u00e9s de nuestros productos y servicios de primera clase. Global Documents es su socio confiable para certificados falsos.<\/p>\n<p>Procesaremos su pedido en un plazo m\u00e1ximo de uno a dos d\u00edas. Luego enviamos su pedido con empresas de env\u00edo de confianza. Le garantizamos que su informaci\u00f3n personal no ser\u00e1 compartida durante el transporte, as\u00ed que no se preocupe por su privacidad. La confidencialidad de nuestros clientes es importante para nosotros y nunca almacenamos informaci\u00f3n sobre ellos o sus pedidos en nuestra base de datos. Global Documents solo acepta criptomonedas para garantizar que todas las transacciones financieras se manejen de forma an\u00f3nima.<\/p>\n<p>Solicite certificados falsos de una empresa en la que realmente pueda confiar. Le ayudaremos a demostrar su elegibilidad y competencia en el menor tiempo posible. Con nuestros productos puedes cambiar tu vida y abrir nuevas oportunidades para un futuro mejor.<\/p>","protected":false},"excerpt":{"rendered":"<p>Comprar certificados reales Solicite certificados falsos verificables para demostrar sus calificaciones sin esfuerzoEn el mundo moderno, cuanto m\u00e1s evidencia de su competencia tenga en un campo en particular, m\u00e1s ventajosa ser\u00e1 su posici\u00f3n en el mercado laboral. Pero no siempre tenemos evidencia tan tangible de nuestras habilidades, incluso cuando las aprendemos de nuestra propia experiencia y las aplicamos con \u00e9xito en la vida real. En Global Documents, le ofrecemos la oportunidad de comprar certificados falsos, que son una alternativa perfecta a los certificados genuinos. Los \u00fanicos dos aspectos que ciertamente difieren del papel real son que nuestros productos se producen m\u00e1s r\u00e1pido y cuestan menos.<\/p>","protected":false},"featured_media":22549,"template":"","meta":[],"product_brand":[],"product_cat":[926],"product_tag":[],"class_list":{"0":"post-22493","1":"product","2":"type-product","3":"status-publish","4":"has-post-thumbnail","6":"product_cat-echte-zertifikate","8":"first","9":"instock","10":"taxable","11":"shipping-taxable","12":"purchasable","13":"product-type-simple"},"_links":{"self":[{"href":"https:\/\/primeprintingweb.com\/es\/wp-json\/wp\/v2\/product\/22493","targetHints":{"allow":["GET"]}}],"collection":[{"href":"https:\/\/primeprintingweb.com\/es\/wp-json\/wp\/v2\/product"}],"about":[{"href":"https:\/\/primeprintingweb.com\/es\/wp-json\/wp\/v2\/types\/product"}],"version-history":[{"count":4,"href":"https:\/\/primeprintingweb.com\/es\/wp-json\/wp\/v2\/product\/22493\/revisions"}],"predecessor-version":[{"id":22796,"href":"https:\/\/primeprintingweb.com\/es\/wp-json\/wp\/v2\/product\/22493\/revisions\/22796"}],"wp:featuredmedia":[{"embeddable":true,"href":"https:\/\/primeprintingweb.com\/es\/wp-json\/wp\/v2\/media\/22549"}],"wp:attachment":[{"href":"https:\/\/primeprintingweb.com\/es\/wp-json\/wp\/v2\/media?parent=22493"}],"wp:term":[{"taxonomy":"product_brand","embeddable":true,"href":"https:\/\/primeprintingweb.com\/es\/wp-json\/wp\/v2\/product_brand?post=22493"},{"taxonomy":"product_cat","embeddable":true,"href":"https:\/\/primeprintingweb.com\/es\/wp-json\/wp\/v2\/product_cat?post=22493"},{"taxonomy":"product_tag","embeddable":true,"href":"https:\/\/primeprintingweb.com\/es\/wp-json\/wp\/v2\/product_tag?post=22493"}],"curies":[{"name":"wp","href":"https:\/\/api.w.org\/{rel}","templated":true}]}}