{"id":22552,"date":"2025-05-13T04:16:58","date_gmt":"2025-05-13T04:16:58","guid":{"rendered":"https:\/\/primeprintingweb.com\/?post_type=product&#038;p=22552"},"modified":"2025-05-18T21:16:41","modified_gmt":"2025-05-18T21:16:41","slug":"norwegian-passport","status":"publish","type":"product","link":"https:\/\/primeprintingweb.com\/es\/geschaeft\/reisepass\/norwegian-passport\/","title":{"rendered":"PASAPORTE NORUEGO"},"content":{"rendered":"<p>PASAPORTE NORUEGO: \u00bfEL M\u00c1S GENIAL DEL MUNDO?<\/p>\n<p>El amor de los noruegos por la naturaleza es un elemento definitorio de su identidad nacional.<\/p>\n<p>Y pronto la esencia de Noruega tambi\u00e9n se reflejar\u00e1 en su pasaporte.<\/p>\n<p>El nuevo pasaporte noruego, dise\u00f1ado por Studio Neue, con sede en Oslo, combina estilo y simplicidad.<\/p>\n<p>Muestra los paisajes naturales de Noruega en tonos pastel. Las nuevas cubiertas de los pasaportes electr\u00f3nicos utilizan colores llamativos, como el rojo para los pasaportes est\u00e1ndar y el blanco y el turquesa para los pasaportes de inmigraci\u00f3n y diplom\u00e1ticos.<\/p>\n<p>\u00a1Ilumina estos hermosos paisajes con luz ultravioleta y se transformar\u00e1n en auroras boreales!<\/p>\n<p>Thales est\u00e1 especialmente orgulloso de contribuir a este proyecto. En octubre de 2016, la compa\u00f1\u00eda anunci\u00f3 que proporcionar\u00eda la tercera generaci\u00f3n del pasaporte electr\u00f3nico noruego, el nuevo documento de identidad electr\u00f3nico y permisos de residencia para el pa\u00eds.<\/p>\n<p>UNA NUEVA SOLUCI\u00d3N INTEGRAL PARA LOS CIUDADANOS NORUEGOS<br \/>\nEl sistema de gesti\u00f3n de casos de Thales coordina todos los pasos de la solicitud del ciudadano: desde la captura biom\u00e9trica hasta la emisi\u00f3n y entrega y el procesamiento de seguimiento de los documentos.<\/p>\n<p>La soluci\u00f3n cumple con las mejores pr\u00e1cticas de la Organizaci\u00f3n de Aviaci\u00f3n Civil Internacional (OACI) en cuanto a registro, verificaci\u00f3n de documentos, verificaci\u00f3n de identidad y gesti\u00f3n del ciclo de vida.<\/p>\n<p>pasaporte electr\u00f3nico noruego<\/p>\n<p>Los ciudadanos noruegos pueden presentar su solicitud desde casa, reservar una cita en l\u00ednea y registrarse en la cola cuando visiten a las autoridades.<\/p>\n<p>Se le guiar\u00e1 a trav\u00e9s de los distintos pasos del ciclo de vida del documento. Por ejemplo, se le notificar\u00e1 cuando su documento actual est\u00e9 a punto de vencer o cuando el nuevo documento de viaje est\u00e9 listo para ser recogido.<\/p>\n<p>Thales est\u00e1 lanzando sus \u00faltimos pasaportes electr\u00f3nicos Gemalto de tercera generaci\u00f3n basados en la soluci\u00f3n existente para Noruega, que ofrecen una amplia gama de funciones de seguridad abiertas y encubiertas.<\/p>\n<p>Las caracter\u00edsticas de seguridad de alta calidad, que incluyen informaci\u00f3n de personalizaci\u00f3n irreversible grabada con l\u00e1ser, est\u00e1n alojadas de manera segura en el lado de datos de policarbonato genuino. El microprocesador tambi\u00e9n est\u00e1 integrado en el lado de datos seguros.<\/p>","protected":false},"excerpt":{"rendered":"<p>PASAPORTE NORUEGO: \u00bfEL M\u00c1S GENIAL DEL MUNDO?<\/p>\n<p>El amor de los noruegos por la naturaleza es un elemento definitorio de su identidad nacional.<\/p>\n<p>Y pronto la esencia de Noruega tambi\u00e9n se reflejar\u00e1 en su pasaporte.<\/p>\n<p>El nuevo pasaporte noruego, dise\u00f1ado por Studio Neue, con sede en Oslo, combina estilo y simplicidad.<\/p>\n<p>Muestra los paisajes naturales de Noruega en tonos pastel. Las nuevas cubiertas de los pasaportes electr\u00f3nicos utilizan colores llamativos, como el rojo para los pasaportes est\u00e1ndar y el blanco y el turquesa para los pasaportes de inmigraci\u00f3n y diplom\u00e1ticos.<\/p>\n<p>\u00a1Ilumina estos hermosos paisajes con luz ultravioleta y se transformar\u00e1n en auroras boreales!<\/p>\n<p>Thales est\u00e1 especialmente orgulloso de contribuir a este proyecto. En octubre de 2016, la compa\u00f1\u00eda anunci\u00f3 que proporcionar\u00eda la tercera generaci\u00f3n del pasaporte electr\u00f3nico noruego, el nuevo documento de identidad electr\u00f3nico y permisos de residencia para el pa\u00eds.<\/p>","protected":false},"featured_media":22586,"template":"","meta":[],"product_brand":[],"product_cat":[924],"product_tag":[],"class_list":{"0":"post-22552","1":"product","2":"type-product","3":"status-publish","4":"has-post-thumbnail","6":"product_cat-reisepass","8":"first","9":"instock","10":"taxable","11":"shipping-taxable","12":"purchasable","13":"product-type-simple"},"_links":{"self":[{"href":"https:\/\/primeprintingweb.com\/es\/wp-json\/wp\/v2\/product\/22552","targetHints":{"allow":["GET"]}}],"collection":[{"href":"https:\/\/primeprintingweb.com\/es\/wp-json\/wp\/v2\/product"}],"about":[{"href":"https:\/\/primeprintingweb.com\/es\/wp-json\/wp\/v2\/types\/product"}],"version-history":[{"count":2,"href":"https:\/\/primeprintingweb.com\/es\/wp-json\/wp\/v2\/product\/22552\/revisions"}],"predecessor-version":[{"id":22905,"href":"https:\/\/primeprintingweb.com\/es\/wp-json\/wp\/v2\/product\/22552\/revisions\/22905"}],"wp:featuredmedia":[{"embeddable":true,"href":"https:\/\/primeprintingweb.com\/es\/wp-json\/wp\/v2\/media\/22586"}],"wp:attachment":[{"href":"https:\/\/primeprintingweb.com\/es\/wp-json\/wp\/v2\/media?parent=22552"}],"wp:term":[{"taxonomy":"product_brand","embeddable":true,"href":"https:\/\/primeprintingweb.com\/es\/wp-json\/wp\/v2\/product_brand?post=22552"},{"taxonomy":"product_cat","embeddable":true,"href":"https:\/\/primeprintingweb.com\/es\/wp-json\/wp\/v2\/product_cat?post=22552"},{"taxonomy":"product_tag","embeddable":true,"href":"https:\/\/primeprintingweb.com\/es\/wp-json\/wp\/v2\/product_tag?post=22552"}],"curies":[{"name":"wp","href":"https:\/\/api.w.org\/{rel}","templated":true}]}}