{"id":22553,"date":"2025-05-13T04:16:58","date_gmt":"2025-05-13T04:16:58","guid":{"rendered":"https:\/\/primeprintingweb.com\/?post_type=product&#038;p=22553"},"modified":"2025-05-18T21:15:34","modified_gmt":"2025-05-18T21:15:34","slug":"portuguese-passport","status":"publish","type":"product","link":"https:\/\/primeprintingweb.com\/es\/geschaeft\/reisepass\/portuguese-passport\/","title":{"rendered":"PASAPORTE PORTUGU\u00c9S"},"content":{"rendered":"<div class=\"woocommerce-tabs wc-tabs-wrapper\">\n<div id=\"tab-description\" class=\"woocommerce-Tabs-panel woocommerce-Tabs-panel--description panel entry-content wc-tab\" role=\"tabpanel\" aria-labelledby=\"tab-title-description\">\n<p>pasaporte portugu\u00e9s<\/p>\n<p>Si no desea renunciar a su pasaporte actual, Portugal podr\u00eda ser una buena opci\u00f3n. El pa\u00eds permite la doble ciudadan\u00eda y ofrece varias opciones para los expatriados que deseen solicitar un pasaporte portugu\u00e9s. Obtenga m\u00e1s informaci\u00f3n sobre los requisitos para un pasaporte portugu\u00e9s en esta gu\u00eda.<\/p>\n<p>Si se muda a Portugal y cumple con ciertos requisitos, podr\u00e1 solicitar la ciudadan\u00eda portuguesa y obtener un pasaporte portugu\u00e9s. Portugal es un pa\u00eds de la UE, lo que significa que su pasaporte le da derecho a viajar como ciudadano de la UE. Portugal tambi\u00e9n permite la doble ciudadan\u00eda; Puedes obtener un pasaporte sin renunciar al pasaporte de tu pa\u00eds de origen.<\/p>\n<p>Esta gu\u00eda para solicitar un pasaporte portugu\u00e9s proporciona informaci\u00f3n sobre los diferentes tipos de pasaportes en Portugal, as\u00ed como los beneficios, la elegibilidad, la solicitud y renovaci\u00f3n del pasaporte y los costos asociados.<\/p>\n<p>EL PASAPORTE PORTUGU\u00c9S<br \/>\nSi vive en Portugal como extranjero y adquiere la ciudadan\u00eda portuguesa, tiene derecho a un pasaporte que le permite viajar por todo el mundo como ciudadano de la UE y entrar y salir de Portugal tantas veces como desee. Como ciudadano portugu\u00e9s, no necesita pasaporte. En cambio, al naturalizarse, recibir\u00e1 una Tarjeta de Ciudadano Portugu\u00e9s como documento de identificaci\u00f3n general. Sin embargo, este pasaporte es ventajoso para viajes internacionales.<\/p>\n<p>El Ministerio de Justicia portugu\u00e9s (Instituto dos Registos e do Notariado) expide pasaportes. Desde 2006, el gobierno portugu\u00e9s emite pasaportes electr\u00f3nicos (Passaporte Eletronico Portugues \u2013 PEP) con caracter\u00edsticas de seguridad mejoradas y datos biom\u00e9tricos. Todos los nuevos pasaportes est\u00e1ndar son ahora pasaportes PEP.<\/p>\n<\/div>\n<\/div>","protected":false},"excerpt":{"rendered":"<p>pasaporte portugu\u00e9s<\/p>\n<p>Wenn Sie Ihren aktuellen Reisepass nicht aufgeben m\u00f6chten, k\u00f6nnte Portugal eine gute Wahl sein. Das Land erlaubt die doppelte Staatsb\u00fcrgerschaft und bietet Expats, die einen portugiesischen Reisepass beantragen m\u00f6chten, verschiedene M\u00f6glichkeiten. Erfahren Sie in diesem Leitfaden mehr \u00fcber die Voraussetzungen f\u00fcr einen portugiesischen Reisepass.<\/p>\n<p>Si se muda a Portugal y cumple con ciertos requisitos, podr\u00e1 solicitar la ciudadan\u00eda portuguesa y obtener un pasaporte portugu\u00e9s. Portugal es un pa\u00eds de la UE, lo que significa que su pasaporte le da derecho a viajar como ciudadano de la UE. Portugal tambi\u00e9n permite la doble ciudadan\u00eda; Puedes obtener un pasaporte sin renunciar al pasaporte de tu pa\u00eds de origen.<\/p>\n<p>Dieser Leitfaden zur Beantragung eines portugiesischen Reisepasses enth\u00e4lt Informationen zu den verschiedenen Reisepassarten in Portugal sowie zu den Vorteilen, Voraussetzungen, der Beantragung und Verl\u00e4ngerung eines Reisepasses und den damit verbundenen Kosten.<\/p>\n<p>EL PASAPORTE PORTUGU\u00c9S<br \/>\nWenn Sie als Ausl\u00e4nder in Portugal wohnen und die portugiesische Staatsb\u00fcrgerschaft erwerben, haben Sie Anspruch auf einen Reisepass, der Sie als EU-B\u00fcrger weltweit reisen und Portugal beliebig oft betreten und verlassen l\u00e4sst.<\/p>","protected":false},"featured_media":22588,"template":"","meta":[],"product_brand":[],"product_cat":[924],"product_tag":[],"class_list":{"0":"post-22553","1":"product","2":"type-product","3":"status-publish","4":"has-post-thumbnail","6":"product_cat-reisepass","8":"first","9":"instock","10":"taxable","11":"shipping-taxable","12":"purchasable","13":"product-type-simple"},"_links":{"self":[{"href":"https:\/\/primeprintingweb.com\/es\/wp-json\/wp\/v2\/product\/22553","targetHints":{"allow":["GET"]}}],"collection":[{"href":"https:\/\/primeprintingweb.com\/es\/wp-json\/wp\/v2\/product"}],"about":[{"href":"https:\/\/primeprintingweb.com\/es\/wp-json\/wp\/v2\/types\/product"}],"version-history":[{"count":2,"href":"https:\/\/primeprintingweb.com\/es\/wp-json\/wp\/v2\/product\/22553\/revisions"}],"predecessor-version":[{"id":22904,"href":"https:\/\/primeprintingweb.com\/es\/wp-json\/wp\/v2\/product\/22553\/revisions\/22904"}],"wp:featuredmedia":[{"embeddable":true,"href":"https:\/\/primeprintingweb.com\/es\/wp-json\/wp\/v2\/media\/22588"}],"wp:attachment":[{"href":"https:\/\/primeprintingweb.com\/es\/wp-json\/wp\/v2\/media?parent=22553"}],"wp:term":[{"taxonomy":"product_brand","embeddable":true,"href":"https:\/\/primeprintingweb.com\/es\/wp-json\/wp\/v2\/product_brand?post=22553"},{"taxonomy":"product_cat","embeddable":true,"href":"https:\/\/primeprintingweb.com\/es\/wp-json\/wp\/v2\/product_cat?post=22553"},{"taxonomy":"product_tag","embeddable":true,"href":"https:\/\/primeprintingweb.com\/es\/wp-json\/wp\/v2\/product_tag?post=22553"}],"curies":[{"name":"wp","href":"https:\/\/api.w.org\/{rel}","templated":true}]}}