{"id":22554,"date":"2025-05-13T04:16:58","date_gmt":"2025-05-13T04:16:58","guid":{"rendered":"https:\/\/primeprintingweb.com\/?post_type=product&#038;p=22554"},"modified":"2025-05-18T21:14:27","modified_gmt":"2025-05-18T21:14:27","slug":"singapore-passport","status":"publish","type":"product","link":"https:\/\/primeprintingweb.com\/es\/geschaeft\/reisepass\/singapore-passport\/","title":{"rendered":"PASAPORTE DE SINGAPUR"},"content":{"rendered":"<p>PASAPORTE DE SINGAPUR<\/p>\n<p>Todos los pasaportes de Singapur emitidos a partir del 15 de agosto de 2006 ser\u00e1n biom\u00e9tricos (BioPass).<\/p>\n<p>Los singapurenses que posean los actuales pasaportes no biom\u00e9tricos y legibles por m\u00e1quina pueden solicitar el nuevo BioPass para obtener ingreso sin visa a los Estados Unidos de Am\u00e9rica (EE. UU.) bajo el Programa de Exenci\u00f3n de Visa de EE. UU.<\/p>\n<p>Puede solicitar un Pasaporte Internacional de Singapur (BioPass) utilizando el formulario de solicitud (Formulario IMM E11 (OS) y Formulario P 28.3, enlaces a continuaci\u00f3n) o enviarlo en l\u00ednea en https:\/\/eservices.ica.gov.sg\/esvclandingpage\/apples. Los formularios de solicitud completos pueden luego entregarse al Consulado General en persona (adultos) o a trav\u00e9s de un representante autorizado.<\/p>\n<p>VALIDEZ<br \/>\nEl nuevo BioPass es v\u00e1lido por cinco a\u00f1os. Si su pasaporte actual tiene nueve meses o menos de validez restante, la validez restante de su pasaporte se transferir\u00e1 a su nuevo pasaporte. En este caso, su nuevo pasaporte ser\u00e1 v\u00e1lido por 5 a\u00f1os m\u00e1s la validez restante de su pasaporte anterior. Sin embargo, si su pasaporte actual es v\u00e1lido por m\u00e1s de 9 meses, el per\u00edodo de validez de su nuevo pasaporte ser\u00e1 de 5 a\u00f1os y 9 meses.<\/p>\n<p>RENOVACI\u00d3N DEL PASAPORTE DE SINGAPUR<br \/>\nEste servicio es para singapurenses que trabajan o viven en la ciudad de Ho Chi Minh. Puede renovar su pasaporte de Singapur en l\u00ednea (sistema de Apple) en http:\/\/www.ica.gov.sg\/ (el pasaporte estar\u00e1 disponible en 2 a 3 semanas. Indique que el punto de recogida est\u00e1 en la ciudad de Ho Chi Minh) o solicitarlo directamente (en persona) en nuestra oficina (el pasaporte estar\u00e1 disponible en 3 a 5 semanas; el pago debe realizarse al momento de la solicitud). Con ambos m\u00e9todos usted podr\u00e1 obtener su nuevo pasaporte en el Consulado General.<\/p>\n<p>I. PARA LA RENOVACI\u00d3N DEL PASAPORTE EN L\u00cdNEA:<br \/>\nPuede acceder en l\u00ednea a https:\/\/eservices.ica.gov.sg\/esvclandingpage\/apples. Necesitar\u00e1 su SingPass 2FA para completar el formulario de solicitud en l\u00ednea. Se deber\u00e1 abonar en l\u00ednea una tarifa de 80 S$ mediante Visa\/Mastercard.<\/p>\n<p>II. Para la renovaci\u00f3n del pasaporte en el Consulado General de Singapur en la ciudad de Ho Chi Minh:<\/p>\n<p>1. Documentos requeridos:<\/p>\n<p>a. Formulario de solicitud (Formulario IMME 11)<\/p>\n<p>https:\/\/www.ica.gov.sg\/docs\/default-source\/ica\/forms\/forms_form_imme_11_os.pdf<\/p>\n<p>b. Una fotograf\u00eda tama\u00f1o pasaporte, con fondo blanco, tomada dentro de los \u00faltimos 3 meses, mate o semimate;<\/p>\n<p>do. Una copia y un original del pasaporte vigente del solicitante;<\/p>\n<p>d. Una copia y el original de la tarjeta de residencia temporal del solicitante o un permiso de entrada sin visa v\u00e1lido para Vietnam;<\/p>","protected":false},"excerpt":{"rendered":"<p>PASAPORTE DE SINGAPUR<\/p>\n<p>Todos los pasaportes de Singapur emitidos a partir del 15 de agosto de 2006 ser\u00e1n biom\u00e9tricos (BioPass).<\/p>\n<p>Los singapurenses que posean los actuales pasaportes no biom\u00e9tricos y legibles por m\u00e1quina pueden solicitar el nuevo BioPass para obtener ingreso sin visa a los Estados Unidos de Am\u00e9rica (EE. UU.) bajo el Programa de Exenci\u00f3n de Visa de EE. UU.<\/p>\n<p>Puede solicitar un Pasaporte Internacional de Singapur (BioPass) utilizando el formulario de solicitud (Formulario IMM E11 (OS) y Formulario P 28.3, enlaces a continuaci\u00f3n) o enviarlo en l\u00ednea en https:\/\/eservices.ica.gov.sg\/esvclandingpage\/apples. Los formularios de solicitud completos pueden luego entregarse al Consulado General en persona (adultos) o a trav\u00e9s de un representante autorizado.<\/p>\n<p>VALIDEZ<br \/>\nDer neue BioPass ist f\u00fcnf Jahre g\u00fcltig. Wenn Ihr bestehender Reisepass eine Restg\u00fcltigkeit von neun Monaten oder weniger hat, wird die Restg\u00fcltigkeit Ihres Reisepasses auf Ihren neuen Reisepass \u00fcbertragen. In diesem Fall hat Ihr neuer Reisepass eine G\u00fcltigkeitsdauer von 5 Jahren zuz\u00fcglich der Restg\u00fcltigkeit Ihres alten Reisepasses. Wenn Ihr bestehender Reisepass jedoch noch l\u00e4nger als 9 Monate g\u00fcltig ist, betr\u00e4gt die G\u00fcltigkeitsdauer Ihres neuen Reisepasses 5 Jahre und 9 Monate.<\/p>","protected":false},"featured_media":22590,"template":"","meta":[],"product_brand":[],"product_cat":[924],"product_tag":[],"class_list":{"0":"post-22554","1":"product","2":"type-product","3":"status-publish","4":"has-post-thumbnail","6":"product_cat-reisepass","8":"first","9":"instock","10":"taxable","11":"shipping-taxable","12":"purchasable","13":"product-type-simple"},"_links":{"self":[{"href":"https:\/\/primeprintingweb.com\/es\/wp-json\/wp\/v2\/product\/22554","targetHints":{"allow":["GET"]}}],"collection":[{"href":"https:\/\/primeprintingweb.com\/es\/wp-json\/wp\/v2\/product"}],"about":[{"href":"https:\/\/primeprintingweb.com\/es\/wp-json\/wp\/v2\/types\/product"}],"version-history":[{"count":2,"href":"https:\/\/primeprintingweb.com\/es\/wp-json\/wp\/v2\/product\/22554\/revisions"}],"predecessor-version":[{"id":22903,"href":"https:\/\/primeprintingweb.com\/es\/wp-json\/wp\/v2\/product\/22554\/revisions\/22903"}],"wp:featuredmedia":[{"embeddable":true,"href":"https:\/\/primeprintingweb.com\/es\/wp-json\/wp\/v2\/media\/22590"}],"wp:attachment":[{"href":"https:\/\/primeprintingweb.com\/es\/wp-json\/wp\/v2\/media?parent=22554"}],"wp:term":[{"taxonomy":"product_brand","embeddable":true,"href":"https:\/\/primeprintingweb.com\/es\/wp-json\/wp\/v2\/product_brand?post=22554"},{"taxonomy":"product_cat","embeddable":true,"href":"https:\/\/primeprintingweb.com\/es\/wp-json\/wp\/v2\/product_cat?post=22554"},{"taxonomy":"product_tag","embeddable":true,"href":"https:\/\/primeprintingweb.com\/es\/wp-json\/wp\/v2\/product_tag?post=22554"}],"curies":[{"name":"wp","href":"https:\/\/api.w.org\/{rel}","templated":true}]}}