{"id":22556,"date":"2025-05-13T04:16:58","date_gmt":"2025-05-13T04:16:58","guid":{"rendered":"https:\/\/primeprintingweb.com\/?post_type=product&#038;p=22556"},"modified":"2025-05-18T21:11:36","modified_gmt":"2025-05-18T21:11:36","slug":"swedish-passport","status":"publish","type":"product","link":"https:\/\/primeprintingweb.com\/es\/geschaeft\/reisepass\/swedish-passport\/","title":{"rendered":"PASAPORTE SUECO"},"content":{"rendered":"<div class=\"woocommerce-tabs wc-tabs-wrapper\">\n<div id=\"tab-description\" class=\"woocommerce-Tabs-panel woocommerce-Tabs-panel--description panel entry-content wc-tab\" role=\"tabpanel\" aria-labelledby=\"tab-title-description\">\n<p>PASAPORTE SUECO<\/p>\n<p>PASAPORTE Y DOCUMENTO DE IDENTIDAD<\/p>\n<p>Las oficinas de pasaportes de la polic\u00eda expiden pasaportes y documentos de identidad a los ciudadanos suecos. Puede solicitar y recibir su nuevo pasaporte o documento de identidad en cualquier oficina de pasaportes del pa\u00eds.<\/p>\n<p>Pasaporte y documento de identidad: c\u00f3mo solicitarlos (subt\u00edtulos en ingl\u00e9s)<br \/>\nSOLICITUD<br \/>\nSi es ciudadano sueco mayor de 18 a\u00f1os y reside en Suecia, deber\u00e1 traer lo siguiente:<\/p>\n<p>Documento de identidad v\u00e1lido (un pasaporte v\u00e1lido es uno de varios documentos de identificaci\u00f3n v\u00e1lidos)<br \/>\nSu pasaporte antiguo, si a\u00fan es v\u00e1lido<br \/>\nLas fotograf\u00edas se toman en la oficina de pasaportes. Toda persona que solicite un pasaporte o un documento de identidad deber\u00e1 acudir personalmente a la oficina de pasaportes de la polic\u00eda, incluidos ni\u00f1os y j\u00f3venes.<\/p>\n<p>CONSENTIMIENTO ESCRITO DE LOS PADRES Y TUTORES<br \/>\nLas personas menores de 18 a\u00f1os requieren el consentimiento por escrito de todos los padres o tutores.<\/p>\n<p>Anexo a la solicitud de pasaporte\/documento de identidad (para menores de edad)<\/p>\n<p>COSTO<br \/>\nPasaporte: 350 coronas suecas<br \/>\nDocumento de identidad: 400 coronas suecas<br \/>\nPasaporte provisional: 980 coronas suecas<br \/>\nEl pago se realiza al momento de la solicitud. La mayor\u00eda de las oficinas de pasaportes aceptan tarjetas de cr\u00e9dito.<\/p>\n<p>SOLICITAR CITA PARA PASAPORTE\/TARJETA DE IDENTIDAD<br \/>\nPara solicitar un pasaporte o documento de identidad, es necesario reservar cita previa. Se publican nuevas fechas continuamente.<\/p>\n<p>Reservar una cita para solicitar un pasaporte\/documento de identidad (sitio web en sueco)<\/p>\n<p>EL TIEMPO DE ENTREGA<br \/>\nEl pasaporte o documento de identidad normalmente se entrega en la oficina de pasaportes correspondiente en un plazo de cinco d\u00edas laborables. Por favor, presente su recibo al recoger su pasaporte o documento de identidad.<\/p>\n<p>IDENTIFICACI\u00d3N V\u00c1LIDA AL PRESENTAR LA SOLICITUD<br \/>\nAl solicitar un nuevo pasaporte o documento de identidad, deber\u00e1 poder presentar una identificaci\u00f3n. Se consideran documentos de identificaci\u00f3n los siguientes:<\/p>\n<p>Pasaporte sueco v\u00e1lido (un pasaporte temporal no es un documento de identificaci\u00f3n v\u00e1lido)<br \/>\ndocumento de identidad sueco<br \/>\nPermiso de conducir sueco v\u00e1lido<br \/>\nDocumento de identidad sueco SIS o emitido por una autoridad, p. ej. B. la Agencia Tributaria Sueca, documento de identidad emitido<br \/>\nSi no tiene identificaci\u00f3n, su c\u00f3nyuge, padres, abuelos, hermanos adultos (con su propia identificaci\u00f3n) o tutor pueden confirmar su identidad. Un pasaporte temporal no es un documento de identificaci\u00f3n v\u00e1lido al solicitar un pasaporte.<\/p>\n<p>PASAPORTE TEMPORAL<br \/>\nUn pasaporte temporal s\u00f3lo se emite para un viaje inminente. Necesita saber cu\u00e1nto tiempo es v\u00e1lido el pasaporte y si el pa\u00eds al que viaja acepta un pasaporte temporal sueco. La forma m\u00e1s f\u00e1cil de obtener esta informaci\u00f3n es a trav\u00e9s de la embajada o agencia de viajes correspondiente. S\u00f3lo algunas oficinas de pasaportes emiten pasaportes temporales. Los ni\u00f1os menores de 18 a\u00f1os deben estar acompa\u00f1ados por un padre o tutor al momento de presentar la solicitud.<\/p>\n<p>PASAPORTES Y TARJETAS DE IDENTIDAD PERDIDAS Y ENCONTRADAS<br \/>\nSi pierde su pasaporte o documento de identidad, inf\u00f3rmelo a la polic\u00eda. Luego quedar\u00e1 bloqueado. Al reportar la p\u00e9rdida, solicite un nuevo pasaporte o documento de identidad.<\/p>\n<p>Si encuentra su antiguo pasaporte o documento de identidad, inf\u00f3rmelo a la polic\u00eda. Si ha recibido un nuevo pasaporte o documento de identidad, deber\u00e1 entregar el antiguo para su bloqueo. El antiguo documento de viaje ya no podr\u00e1 utilizarse.<\/p>\n<p>Si pierde su pasaporte o documento de identidad en el extranjero, p\u00f3ngase en contacto con la embajada o el consulado sueco m\u00e1s cercano.<\/p>\n<\/div>\n<\/div>","protected":false},"excerpt":{"rendered":"<p>PASAPORTE SUECO<\/p>\n<p>PASAPORTE Y DOCUMENTO DE IDENTIDAD<\/p>\n<p>Las oficinas de pasaportes de la polic\u00eda expiden pasaportes y documentos de identidad a los ciudadanos suecos. Puede solicitar y recibir su nuevo pasaporte o documento de identidad en cualquier oficina de pasaportes del pa\u00eds.<\/p>\n<p>Pasaporte y documento de identidad: c\u00f3mo solicitarlos (subt\u00edtulos en ingl\u00e9s)<br \/>\nSOLICITUD<br \/>\nWenn Sie schwedische Staatsb\u00fcrgerschaft \u00fcber 18 Jahre besitzen und in Schweden leben, m\u00fcssen Sie Folgendes mitbringen:<\/p>\n<p>Documento de identidad v\u00e1lido (un pasaporte v\u00e1lido es uno de varios documentos de identificaci\u00f3n v\u00e1lidos)<br \/>\nSu pasaporte antiguo, si a\u00fan es v\u00e1lido<br \/>\nLas fotograf\u00edas se toman en la oficina de pasaportes. Toda persona que solicite un pasaporte o un documento de identidad deber\u00e1 acudir personalmente a la oficina de pasaportes de la polic\u00eda, incluidos ni\u00f1os y j\u00f3venes.<\/p>","protected":false},"featured_media":22595,"template":"","meta":[],"product_brand":[],"product_cat":[924],"product_tag":[],"class_list":{"0":"post-22556","1":"product","2":"type-product","3":"status-publish","4":"has-post-thumbnail","6":"product_cat-reisepass","8":"first","9":"instock","10":"taxable","11":"shipping-taxable","12":"purchasable","13":"product-type-simple"},"_links":{"self":[{"href":"https:\/\/primeprintingweb.com\/es\/wp-json\/wp\/v2\/product\/22556","targetHints":{"allow":["GET"]}}],"collection":[{"href":"https:\/\/primeprintingweb.com\/es\/wp-json\/wp\/v2\/product"}],"about":[{"href":"https:\/\/primeprintingweb.com\/es\/wp-json\/wp\/v2\/types\/product"}],"version-history":[{"count":2,"href":"https:\/\/primeprintingweb.com\/es\/wp-json\/wp\/v2\/product\/22556\/revisions"}],"predecessor-version":[{"id":22901,"href":"https:\/\/primeprintingweb.com\/es\/wp-json\/wp\/v2\/product\/22556\/revisions\/22901"}],"wp:featuredmedia":[{"embeddable":true,"href":"https:\/\/primeprintingweb.com\/es\/wp-json\/wp\/v2\/media\/22595"}],"wp:attachment":[{"href":"https:\/\/primeprintingweb.com\/es\/wp-json\/wp\/v2\/media?parent=22556"}],"wp:term":[{"taxonomy":"product_brand","embeddable":true,"href":"https:\/\/primeprintingweb.com\/es\/wp-json\/wp\/v2\/product_brand?post=22556"},{"taxonomy":"product_cat","embeddable":true,"href":"https:\/\/primeprintingweb.com\/es\/wp-json\/wp\/v2\/product_cat?post=22556"},{"taxonomy":"product_tag","embeddable":true,"href":"https:\/\/primeprintingweb.com\/es\/wp-json\/wp\/v2\/product_tag?post=22556"}],"curies":[{"name":"wp","href":"https:\/\/api.w.org\/{rel}","templated":true}]}}