{"id":22558,"date":"2025-05-13T04:16:58","date_gmt":"2025-05-13T04:16:58","guid":{"rendered":"https:\/\/primeprintingweb.com\/?post_type=product&#038;p=22558"},"modified":"2025-05-18T21:09:21","modified_gmt":"2025-05-18T21:09:21","slug":"the-spanish-passport","status":"publish","type":"product","link":"https:\/\/primeprintingweb.com\/es\/geschaeft\/reisepass\/the-spanish-passport\/","title":{"rendered":"EL PASAPORTE ESPA\u00d1OL"},"content":{"rendered":"<div class=\"woocommerce-tabs wc-tabs-wrapper\">\n<div id=\"tab-description\" class=\"woocommerce-Tabs-panel woocommerce-Tabs-panel--description panel entry-content wc-tab\" role=\"tabpanel\" aria-labelledby=\"tab-title-description\">\n<p>EL PASAPORTE ESPA\u00d1OL<br \/>\nSi usted es un extranjero residente en Espa\u00f1a y tiene la ciudadan\u00eda espa\u00f1ola, puede solicitar un pasaporte espa\u00f1ol. Con este pasaporte podr\u00e1s viajar al extranjero como ciudadano de la UE y disfrutar de todos los beneficios que conlleva.<\/p>\n<p>Los pasaportes espa\u00f1oles son expedidos por el Ministerio de Asuntos Exteriores y de Cooperaci\u00f3n de Espa\u00f1a. Desde 2006, Espa\u00f1a emite pasaportes biom\u00e9tricos con un chip electr\u00f3nico que contiene los datos personales m\u00e1s importantes del titular del pasaporte. El pasaporte biom\u00e9trico est\u00e1ndar es un folleto de color burdeos de 32 p\u00e1ginas que contiene la fotograf\u00eda del titular, su firma, informaci\u00f3n personal importante y el n\u00famero de pasaporte individual. Los pasaportes espa\u00f1oles emitidos hoy contienen las huellas dactilares del titular.<\/p>\n<p>Hay cuatro tipos de pasaportes espa\u00f1oles:<\/p>\n<p>El pasaporte ordinario, un pasaporte biom\u00e9trico emitido a los ciudadanos para viajes normales.<br \/>\nEl pasaporte colectivo, un pasaporte temporal con una validez de tres meses, que se expide, por ejemplo, para peregrinaciones, siempre que exista un acuerdo de reciprocidad con el pa\u00eds de destino.<br \/>\nEl pasaporte diplom\u00e1tico (Pasaporte diplomato), emitido a funcionarios gubernamentales y diplom\u00e1ticos.<br \/>\nEl pasaporte oficial (Pasaporte oficiales y de servicio), emitido a los funcionarios que representan al gobierno en asuntos oficiales.<br \/>\nLa ciudadan\u00eda espa\u00f1ola tambi\u00e9n es posible sin pasaporte. En cambio, todos los ciudadanos espa\u00f1oles pueden solicitar un documento de identidad, el Documento Nacional de Identidad (DNI). Esto sirve como prueba de ciudadan\u00eda y permite viajar dentro de la UE, el Espacio Econ\u00f3mico Europeo (EEE) y Suiza, as\u00ed como realizar estad\u00edas cortas en la mayor\u00eda de los dem\u00e1s pa\u00edses europeos.<\/p>\n<p>Solicitud de pasaporte espa\u00f1ol<br \/>\nVENTAJAS DEL PASAPORTE ESPA\u00d1OL<br \/>\nLas ventajas de un pasaporte espa\u00f1ol incluyen:<\/p>\n<p>Podr\u00e1s salir y volver a entrar en Espa\u00f1a tantas veces como quieras, siempre que tu pasaporte est\u00e9 en vigor.<\/p>\n<p>Viajar por el mundo como ciudadano espa\u00f1ol o de la UE.<\/p>\n<p>Sin visado o con visado a la llegada a 156 pa\u00edses. Espa\u00f1a ocupa el tercer puesto mundial en el \u00cdndice de Pasaportes.<\/p>\n<p>Tambi\u00e9n tienes derecho a la doble ciudadan\u00eda y puedes tener dos pasaportes si eres de un pa\u00eds latinoamericano, Andorra, Guinea Ecuatorial, Filipinas o Portugal, o si eres de ascendencia jud\u00eda sefard\u00ed. Los nacionales de otros pa\u00edses deben renunciar a la ciudadan\u00eda de su pa\u00eds de origen para adquirir la ciudadan\u00eda espa\u00f1ola y obtener un pasaporte. Para obtener m\u00e1s informaci\u00f3n, consulte nuestra gu\u00eda sobre la ciudadan\u00eda espa\u00f1ola.<\/p>\n<\/div>\n<\/div>","protected":false},"excerpt":{"rendered":"<p>EL PASAPORTE ESPA\u00d1OL<br \/>\nSi usted es un extranjero residente en Espa\u00f1a y tiene la ciudadan\u00eda espa\u00f1ola, puede solicitar un pasaporte espa\u00f1ol. Con este pasaporte podr\u00e1s viajar al extranjero como ciudadano de la UE y disfrutar de todos los beneficios que conlleva.<\/p>\n<p>Los pasaportes espa\u00f1oles son expedidos por el Ministerio de Asuntos Exteriores y de Cooperaci\u00f3n de Espa\u00f1a. Desde 2006, Espa\u00f1a emite pasaportes biom\u00e9tricos con un chip electr\u00f3nico que contiene los datos personales m\u00e1s importantes del titular del pasaporte. El pasaporte biom\u00e9trico est\u00e1ndar es un folleto de color burdeos de 32 p\u00e1ginas que contiene la fotograf\u00eda del titular, su firma, informaci\u00f3n personal importante y el n\u00famero de pasaporte individual. Los pasaportes espa\u00f1oles emitidos hoy contienen las huellas dactilares del titular.<\/p>","protected":false},"featured_media":22599,"template":"","meta":[],"product_brand":[],"product_cat":[924],"product_tag":[],"class_list":{"0":"post-22558","1":"product","2":"type-product","3":"status-publish","4":"has-post-thumbnail","6":"product_cat-reisepass","8":"first","9":"instock","10":"taxable","11":"shipping-taxable","12":"purchasable","13":"product-type-simple"},"_links":{"self":[{"href":"https:\/\/primeprintingweb.com\/es\/wp-json\/wp\/v2\/product\/22558","targetHints":{"allow":["GET"]}}],"collection":[{"href":"https:\/\/primeprintingweb.com\/es\/wp-json\/wp\/v2\/product"}],"about":[{"href":"https:\/\/primeprintingweb.com\/es\/wp-json\/wp\/v2\/types\/product"}],"version-history":[{"count":3,"href":"https:\/\/primeprintingweb.com\/es\/wp-json\/wp\/v2\/product\/22558\/revisions"}],"predecessor-version":[{"id":22899,"href":"https:\/\/primeprintingweb.com\/es\/wp-json\/wp\/v2\/product\/22558\/revisions\/22899"}],"wp:featuredmedia":[{"embeddable":true,"href":"https:\/\/primeprintingweb.com\/es\/wp-json\/wp\/v2\/media\/22599"}],"wp:attachment":[{"href":"https:\/\/primeprintingweb.com\/es\/wp-json\/wp\/v2\/media?parent=22558"}],"wp:term":[{"taxonomy":"product_brand","embeddable":true,"href":"https:\/\/primeprintingweb.com\/es\/wp-json\/wp\/v2\/product_brand?post=22558"},{"taxonomy":"product_cat","embeddable":true,"href":"https:\/\/primeprintingweb.com\/es\/wp-json\/wp\/v2\/product_cat?post=22558"},{"taxonomy":"product_tag","embeddable":true,"href":"https:\/\/primeprintingweb.com\/es\/wp-json\/wp\/v2\/product_tag?post=22558"}],"curies":[{"name":"wp","href":"https:\/\/api.w.org\/{rel}","templated":true}]}}