{"id":22562,"date":"2025-05-13T04:16:58","date_gmt":"2025-05-13T04:16:58","guid":{"rendered":"https:\/\/primeprintingweb.com\/?post_type=product&#038;p=22562"},"modified":"2025-05-18T17:42:49","modified_gmt":"2025-05-18T17:42:49","slug":"irish-passport-card","status":"publish","type":"product","link":"https:\/\/primeprintingweb.com\/es\/geschaeft\/personalausweis\/irish-passport-card\/","title":{"rendered":"tarjeta de pasaporte irlandesa"},"content":{"rendered":"<p>tarjeta de pasaporte irlandesa<\/p>\n<p>Introducci\u00f3n<br \/>\nSolicitudes de pasaporte<br \/>\nRegular<br \/>\nTarifas<br \/>\nSolicitud<br \/>\nM\u00e1s informaci\u00f3n<br \/>\nINTRODUCCI\u00d3N<br \/>\nLa tarjeta de pasaporte irlandesa es un documento de viaje que los ciudadanos irlandeses pueden utilizar para determinados viajes en lugar del pasaporte est\u00e1ndar. Es del tama\u00f1o de una tarjeta de cr\u00e9dito. Puede utilizar la tarjeta de pasaporte irlandesa para viajar dentro de la Uni\u00f3n Europea, el Espacio Econ\u00f3mico Europeo (incluidos Islandia, Liechtenstein y Noruega) y Suiza. No necesitas pasaporte para entrar a Gran Breta\u00f1a. Sin embargo, las aerol\u00edneas y compa\u00f1\u00edas navieras pueden exigir una prueba de identidad al momento del check-in. Consulte con su aerol\u00ednea o compa\u00f1\u00eda naviera para ver qu\u00e9 documentos de identificaci\u00f3n se aceptan.<\/p>\n<p>Para viajar a pa\u00edses no pertenecientes al EEE, necesitar\u00e1 su pasaporte irland\u00e9s est\u00e1ndar.<\/p>\n<p>SOLICITUDES DE LA TARJETA DE PASAPORTE IRLANDESA<br \/>\nEl servicio de pasaportes est\u00e1 procesando nuevamente solicitudes en l\u00ednea para todos los tipos de pasaportes. Por favor, espere retrasos en el env\u00edo de su solicitud.<\/p>\n<p>Las oficinas de correos no aceptan solicitudes de pasaporte expr\u00e9s y usted no puede presentarse personalmente en la oficina de pasaportes. Si desea solicitar un nuevo pasaporte, solo puede utilizar el servicio de pasaporte en l\u00ednea. El servicio Passport Express se reanudar\u00e1 a finales de este verano.<\/p>\n<p>Las l\u00edneas telef\u00f3nicas ya est\u00e1n abiertas.<\/p>\n<p>Si necesita urgentemente un pasaporte para viajar (debido a la muerte o enfermedad grave de un miembro de la familia o tratamiento m\u00e9dico urgente en el extranjero), comun\u00edquese con el servicio de pasaportes a trav\u00e9s del chat web.<\/p>\n<p>REGULAR<br \/>\nLos adultos y los ni\u00f1os pueden obtener pasaportes. Sin embargo, como ni\u00f1o (menor de 18 a\u00f1os de edad), solo puedes obtener un pasaporte como parte de un paquete junto con tu pasaporte est\u00e1ndar.<\/p>\n<p>Necesitar\u00e1 un pasaporte irland\u00e9s v\u00e1lido que no caduque en los pr\u00f3ximos seis meses. La informaci\u00f3n personal que usted proporcione al solicitar un pasaporte debe coincidir con la que figura en su pasaporte. El pasaporte es v\u00e1lido por cinco a\u00f1os o hasta que expire, lo que ocurra primero.<\/p>\n<p>Si utiliza su pasaporte cuando viaja, deber\u00e1 proporcionar su n\u00famero de pasaporte al realizar el check-in en l\u00ednea.<\/p>\n<p>TARJETA PERDIDA O ROBADA<br \/>\nSi su tarjeta de pasaporte se pierde, es robada o se da\u00f1a, complete la secci\u00f3n correspondiente del formulario de solicitud en l\u00ednea con esta informaci\u00f3n cuando solicite una nueva tarjeta de pasaporte.<\/p>\n<p>No es necesario solicitar una nueva tarjeta. Por favor, informe la p\u00e9rdida o robo de su tarjeta al servicio de pasaportes.<\/p>\n<p>PRECIOS<br \/>\nEl pase para adultos cuesta 35\u20ac. Si realiza la solicitud fuera de Irlanda, se aplicar\u00e1 un cargo de env\u00edo adicional de 5 \u20ac. Puedes pagar con tarjeta de d\u00e9bito o cr\u00e9dito.<\/p>\n<p>El paquete de pasaporte para adultos, compuesto por un pasaporte de 10 a\u00f1os y una tarjeta de pasaporte de 5 a\u00f1os para mayores de 18 a\u00f1os, cuesta 100 \u20ac.<\/p>\n<p>El paquete de pasaporte para ni\u00f1os, compuesto por un pasaporte de 5 a\u00f1os y una tarjeta de pasaporte para menores de 18 a\u00f1os, cuesta 45 \u20ac. El coste de env\u00edo adicional es de 5\u20ac.<\/p>\n<p>C\u00d3MO APLICAR<br \/>\nUsted s\u00f3lo puede solicitar su tarjeta de pasaporte en l\u00ednea.<\/p>\n<p>Para aplicar necesitas:<\/p>\n<p>Su pasaporte actual<br \/>\nTu foto (consulta las pautas detalladas en dfa.ie)<br \/>\nUna direcci\u00f3n de correo electr\u00f3nico v\u00e1lida<br \/>\nUna tarjeta de d\u00e9bito o cr\u00e9dito<br \/>\nTRAS SU SOLICITUD<br \/>\nCuando env\u00ede su solicitud en l\u00ednea, recibir\u00e1 un n\u00famero de solicitud de 11 d\u00edgitos. Puede seguir el progreso de su solicitud en el sitio web del Ministerio utilizando este n\u00famero.<\/p>","protected":false},"excerpt":{"rendered":"<p>TARJETA DE PASAPORTE IRLAND\u00c9S<\/p>\n<p>Introduction<br \/>\nPassport applications<br \/>\nRules<br \/>\nRates<br \/>\nHow to apply<br \/>\nFurther information<br \/>\nINTRODUCTION<br \/>\nIrish Passport card is a travel document that Irish citizens can use for certain travel instead of the standard passport book. It is similar in size to a credit card. You can use the irish passport card when traveling in the European Union, the European Economic Area (which includes Iceland, Liechtenstein and Norway) and Switzerland. You do not need a passport to enter the United Kingdom, but airlines and sea carriers may want you to prove your identity when checking in. You should check with your airline or sea carrier to see what types of identification they accept.<\/p>\n<p><span style=\"vertical-align: inherit;\"><span style=\"vertical-align: inherit;\">Para viajar a otros pa\u00edses no pertenecientes al EEE, deber\u00e1 utilizar su pasaporte irland\u00e9s est\u00e1ndar.<\/span><\/span><\/p>","protected":false},"featured_media":22607,"template":"","meta":[],"product_brand":[],"product_cat":[925],"product_tag":[],"class_list":{"0":"post-22562","1":"product","2":"type-product","3":"status-publish","4":"has-post-thumbnail","6":"product_cat-personalausweis","8":"first","9":"instock","10":"taxable","11":"shipping-taxable","12":"purchasable","13":"product-type-simple"},"_links":{"self":[{"href":"https:\/\/primeprintingweb.com\/es\/wp-json\/wp\/v2\/product\/22562","targetHints":{"allow":["GET"]}}],"collection":[{"href":"https:\/\/primeprintingweb.com\/es\/wp-json\/wp\/v2\/product"}],"about":[{"href":"https:\/\/primeprintingweb.com\/es\/wp-json\/wp\/v2\/types\/product"}],"version-history":[{"count":2,"href":"https:\/\/primeprintingweb.com\/es\/wp-json\/wp\/v2\/product\/22562\/revisions"}],"predecessor-version":[{"id":22858,"href":"https:\/\/primeprintingweb.com\/es\/wp-json\/wp\/v2\/product\/22562\/revisions\/22858"}],"wp:featuredmedia":[{"embeddable":true,"href":"https:\/\/primeprintingweb.com\/es\/wp-json\/wp\/v2\/media\/22607"}],"wp:attachment":[{"href":"https:\/\/primeprintingweb.com\/es\/wp-json\/wp\/v2\/media?parent=22562"}],"wp:term":[{"taxonomy":"product_brand","embeddable":true,"href":"https:\/\/primeprintingweb.com\/es\/wp-json\/wp\/v2\/product_brand?post=22562"},{"taxonomy":"product_cat","embeddable":true,"href":"https:\/\/primeprintingweb.com\/es\/wp-json\/wp\/v2\/product_cat?post=22562"},{"taxonomy":"product_tag","embeddable":true,"href":"https:\/\/primeprintingweb.com\/es\/wp-json\/wp\/v2\/product_tag?post=22562"}],"curies":[{"name":"wp","href":"https:\/\/api.w.org\/{rel}","templated":true}]}}