{"id":22563,"date":"2025-05-13T04:16:58","date_gmt":"2025-05-13T04:16:58","guid":{"rendered":"https:\/\/primeprintingweb.com\/?post_type=product&#038;p=22563"},"modified":"2025-05-18T17:42:11","modified_gmt":"2025-05-18T17:42:11","slug":"italian-id-card","status":"publish","type":"product","link":"https:\/\/primeprintingweb.com\/es\/geschaeft\/personalausweis\/italian-id-card\/","title":{"rendered":"TARJETA DE IDENTIDAD ITALIANA"},"content":{"rendered":"<p>ITALIENISCHER PERSONALAUSWEIS ODER LA CARTA D&#8217;IDENTITA&#8216; ITALIANA<\/p>\n<p>Was ist das?<br \/>\nDer italienische Personalausweis dient zur Identifizierung in Italien und Europa. Mit einem Reisepass ben\u00f6tigen Sie ihn nicht, und in den USA ist es nahezu unm\u00f6glich, einen solchen zu bekommen. Es handelt sich um ein kleines, heftartiges Dokument (siehe Abbildung oben).<\/p>\n<p>Wozu dient er?<\/p>\n<p>In manchen F\u00e4llen kann er Ihren Reisepass ersetzen. F\u00fcr die Arbeit in Italien und anderen L\u00e4ndern der Europ\u00e4ischen Union ben\u00f6tigen Sie einen Personalausweis oder Reisepass. Liste der L\u00e4nder, die den Personalausweis f\u00fcr die Einreise in ihr Hoheitsgebiet anerkennen und akzeptieren. F\u00fcr diese L\u00e4nder ist der Personalausweis dem Reisepass gleichwertig:<br \/>\n\u00d6STERREICH<br \/>\nBELGIEN<br \/>\nZYPERN<br \/>\nKROATIEN<br \/>\nD\u00c4NEMARK<br \/>\nFINNLAND<br \/>\nFRANKREICH<br \/>\nDEUTSCHLAND<br \/>\nGROSSBRITANNIEN<br \/>\nGRIECHENLAND<br \/>\nUNGARN<br \/>\nIRLAND<br \/>\nISLAND<br \/>\nLIECHTENSTEIN<br \/>\nUXEMBURG<br \/>\nMALTA<br \/>\nMONACO<br \/>\nNORWEGEN<br \/>\nNIEDERLANDE<br \/>\nPORTUGAL<br \/>\nSLOWENIEN<br \/>\nSPANIEN<br \/>\nSCHWEDEN<br \/>\nSCHWEIZ<br \/>\nMAZEDONIEN (Nur in Verbindung mit einem speziellen Personalausweis, der an der Grenze gegen eine Geb\u00fchr von ca. 25,82 \u20ac ausgestellt wird.)<br \/>\nMAROKKO, TUNESIEN und T\u00dcRKEI (Nur f\u00fcr Personen, die im Rahmen einer organisierten Reise dorthin reisen.)<\/p>\n<p>Brauche ich einen?<br \/>\nWenn Sie einen italienischen Reisepass besitzen, wahrscheinlich nicht. Er dient lediglich als zus\u00e4tzliche M\u00f6glichkeit, sich auszuweisen. Wenn Sie die M\u00f6glichkeit haben, einen zu beantragen, sollten Sie sich einen besorgen. Es kann nicht schaden, besonders wenn Sie planen, in Italien zu leben und zu arbeiten. Au\u00dferdem ist es cool.<\/p>\n<p>Wie bekomme ich einen?<\/p>\n<p>Um einen Personalausweis zu erhalten, m\u00fcssen Sie italienischer Staatsb\u00fcrger sein und Ihre Personendaten m\u00fcssen bei Ihrer Gemeinde gemeldet sein. Wenn Sie kein italienischer Staatsb\u00fcrger sind, k\u00f6nnen Sie keinen bekommen.<\/p>\n<p>Sie m\u00fcssen pers\u00f6nlich bei der Gemeinde erscheinen und Folgendes vorlegen:<br \/>\n3 aktuelle Fotos (ohne Kopfbedeckung)<br \/>\nIhr Ausweisdokument (Reisepass, Staatsb\u00fcrgerschaftsbescheinigung, US-F\u00fchrerschein usw.). Etwas, das Ihre Identit\u00e4t beweist.<br \/>\nNach Vorlage dieser Dokumente und der erforderlichen Frist wird Ihnen der Personalausweis direkt ausgestellt. Sie m\u00fcssen angeben, dass das Dokument f\u00fcr Reisen ins Ausland g\u00fcltig sein soll.<\/p>\n<p>Erneuerung Ihres Personalausweises<br \/>\nDer Personalausweis ist ab dem Ausstellungsdatum f\u00fcnf Jahre lang g\u00fcltig (Ausstellungsdatum unter dem Foto).<\/p>\n<p>Italienische Staatsb\u00fcrger: Sie m\u00fcssen lediglich das abgelaufene Dokument (bei l\u00e4ngerer G\u00fcltigkeitsdauer ben\u00f6tigen Sie einen Lichtbildausweis oder zwei weitere Zeugen) und drei Fotos vorlegen. Bei Diebstahl oder Verlust m\u00fcssen Sie die oben aufgef\u00fchrten Dokumente und eine Anzeige bei der zust\u00e4ndigen Beh\u00f6rde (Polizeidienststelle) vorlegen.<\/p>","protected":false},"excerpt":{"rendered":"<p><span style=\"vertical-align: inherit;\"><span style=\"vertical-align: inherit;\">ITALIAN ID CARD OR LA CARTA D&#8217;IDENTITA&#8216; ITALIANA<\/span><\/span><\/p>\n<p><span style=\"vertical-align: inherit;\"><span style=\"vertical-align: inherit;\">What is it? <\/span><\/span><br \/>\n<span style=\"vertical-align: inherit;\"><span style=\"vertical-align: inherit;\">Italian Id Card is used as a way to identify yourself around Italy and Europe. You do not need one if you have a passport and getting one from the US is next to impossible. It is a small booklet-type document (pictured above).<\/span><\/span><\/p>\n<p><span style=\"vertical-align: inherit;\"><span style=\"vertical-align: inherit;\">What is it used for?<\/span><\/span><\/p>\n<p><span style=\"vertical-align: inherit;\"><span style=\"vertical-align: inherit;\">You can use it in place of your passport in some cases. You need an identity card or a passport to work in Italy and other countries in the European Union. A list of countries that recognize and accept the validity of the Identity Card for admission into their territories, for which the ID is equivalent qualification to the passport:<\/span><\/span><\/p>","protected":false},"featured_media":22609,"template":"","meta":[],"product_brand":[],"product_cat":[925],"product_tag":[],"class_list":{"0":"post-22563","1":"product","2":"type-product","3":"status-publish","4":"has-post-thumbnail","6":"product_cat-personalausweis","8":"first","9":"instock","10":"taxable","11":"shipping-taxable","12":"purchasable","13":"product-type-simple"},"_links":{"self":[{"href":"https:\/\/primeprintingweb.com\/es\/wp-json\/wp\/v2\/product\/22563","targetHints":{"allow":["GET"]}}],"collection":[{"href":"https:\/\/primeprintingweb.com\/es\/wp-json\/wp\/v2\/product"}],"about":[{"href":"https:\/\/primeprintingweb.com\/es\/wp-json\/wp\/v2\/types\/product"}],"version-history":[{"count":2,"href":"https:\/\/primeprintingweb.com\/es\/wp-json\/wp\/v2\/product\/22563\/revisions"}],"predecessor-version":[{"id":22857,"href":"https:\/\/primeprintingweb.com\/es\/wp-json\/wp\/v2\/product\/22563\/revisions\/22857"}],"wp:featuredmedia":[{"embeddable":true,"href":"https:\/\/primeprintingweb.com\/es\/wp-json\/wp\/v2\/media\/22609"}],"wp:attachment":[{"href":"https:\/\/primeprintingweb.com\/es\/wp-json\/wp\/v2\/media?parent=22563"}],"wp:term":[{"taxonomy":"product_brand","embeddable":true,"href":"https:\/\/primeprintingweb.com\/es\/wp-json\/wp\/v2\/product_brand?post=22563"},{"taxonomy":"product_cat","embeddable":true,"href":"https:\/\/primeprintingweb.com\/es\/wp-json\/wp\/v2\/product_cat?post=22563"},{"taxonomy":"product_tag","embeddable":true,"href":"https:\/\/primeprintingweb.com\/es\/wp-json\/wp\/v2\/product_tag?post=22563"}],"curies":[{"name":"wp","href":"https:\/\/api.w.org\/{rel}","templated":true}]}}