{"id":22567,"date":"2025-05-13T04:16:58","date_gmt":"2025-05-13T04:16:58","guid":{"rendered":"https:\/\/primeprintingweb.com\/?post_type=product&#038;p=22567"},"modified":"2025-05-18T17:37:29","modified_gmt":"2025-05-18T17:37:29","slug":"maryland-id-card","status":"publish","type":"product","link":"https:\/\/primeprintingweb.com\/es\/geschaeft\/personalausweis\/maryland-id-card\/","title":{"rendered":"TARJETA DE IDENTIFICACI\u00d3N DE MARYLAND"},"content":{"rendered":"<p>TARJETA DE IDENTIFICACI\u00d3N DE MARYLAND<\/p>\n<p>Tarjeta de identificaci\u00f3n de Maryland<br \/>\nInformaci\u00f3n importante con solo pulsar un bot\u00f3n<br \/>\n\u00d3rdenes de allanamiento y m\u00e1s<\/p>\n<p>Acceda a todo tipo de informaci\u00f3n p\u00fablica en un solo lugar y en segundos. Este servicio de verificaci\u00f3n de antecedentes por suscripci\u00f3n le permite buscar pr\u00e1cticamente a cualquier persona, en cualquier momento, y proporciona informaci\u00f3n sobre:<\/p>\n<p>Condenas, antecedentes judiciales y, en muchos casos, multas de tr\u00e1fico<br \/>\nAcceso ilimitado a registros p\u00fablicos<br \/>\nNombre de pila<br \/>\nApellido<br \/>\nEstado federal<br \/>\nSeleccionar estado<br \/>\nAl marcar esta casilla, reconozco que este servicio no se puede utilizar para consultar registros de conducir, estado de la licencia de conducir o puntos en una licencia de conducir.<\/p>\n<p>Aviso legal: Truth Finder no puede utilizarse para verificar empleos ni inquilinos. Truth Finder no es una agencia de informes crediticios conforme a la Ley de Informes Crediticios Justos (Fair Credit Reporting Act).<\/p>\n<p>Recurso recomendado: \u00bfEst\u00e1 pagando demasiado por su seguro de autom\u00f3vil?<\/p>\n<p>\u00a1Encuentra una tarifa m\u00e1s barata y ahorra! Introduce tu c\u00f3digo postal para empezar.<br \/>\np. ej. 92024<br \/>\nSeleccione la edad<br \/>\n35 a\u00f1os<\/p>\n<p>Estoy casado<br \/>\nSoy due\u00f1o de una casa<br \/>\nActualmente asegurado<br \/>\nM\u00e1s<\/p>\n<p>URGENTE: MVA retira del mercado las licencias de conducir REAL ID<\/p>\n<p>La MVA de Maryland ha retirado miles de licencias de conducir marcadas como compatibles con la licencia REAL ID debido a que los conductores no presentaron los documentos requeridos. Cualquier licencia retirada no es v\u00e1lida y puede ser confiscada tras una inspecci\u00f3n. Los residentes afectados DEBEN acudir a una oficina de la MVA lo antes posible con los documentos de REAL ID correspondientes.<\/p>\n<p>Para verificar si su licencia de conducir ha sido retirada, visite la b\u00fasqueda REAL ID del MVA.<\/p>\n<p>TARJETA DE IDENTIFICACI\u00d3N DE MARYLAND<br \/>\nSi vive en Maryland pero no tiene licencia de conducir, puede usar su identificaci\u00f3n de Maryland como identificaci\u00f3n con foto para comprobar su identidad, edad o direcci\u00f3n.<\/p>\n<p>En esta p\u00e1gina aprender\u00e1 c\u00f3mo solicitar, renovar y reemplazar su tarjeta de identificaci\u00f3n, qu\u00e9 tarifas se aplican, c\u00f3mo cambiar su nombre o direcci\u00f3n y mucho m\u00e1s.<\/p>\n<p>La MVA de Maryland ha emitido tarjetas REAL ID que cumplen con las normas federales desde 2011*. A partir del 1 de octubre de 2021, la REAL ID ser\u00e1 la \u00fanica identificaci\u00f3n que le permitir\u00e1 seguir usando su licencia de conducir para viajes nacionales y acceso a edificios federales y militares. Para obtener m\u00e1s informaci\u00f3n sobre la Ley REAL ID, consulte la gu\u00eda completa de la MVA.<\/p>\n<p>*Los inmigrantes que llegan a EE. UU. sin los documentos de ciudadan\u00eda requeridos pueden solicitar una tarjeta de identificaci\u00f3n no federal. La MVA proporciona informaci\u00f3n sobre los requisitos y el proceso de solicitud.<\/p>\n<p>REQUISITOS DE IDENTIFICACI\u00d3N<br \/>\nSi reside en Maryland, puede solicitar una tarjeta de identificaci\u00f3n a la Administraci\u00f3n de Veh\u00edculos Motorizados (MVA). No hay l\u00edmite de edad para obtenerla.<\/p>\n<p>SOLICITUD DE UNA TARJETA DE IDENTIFICACI\u00d3N DE MARYLAND<br \/>\nDebe visitar en persona una oficina de servicio completo del MVA de Maryland para solicitar su tarjeta de identificaci\u00f3n.<\/p>\n<p>P: \u00bfPuedo abordar un avi\u00f3n con mi tarjeta MD?<\/p>\n<p>R: \u00a1S\u00ed! Maryland emite licencias de conducir y tarjetas de identificaci\u00f3n que cumplen con la normativa REAL ID desde 2011. Esto significa que su tarjeta de identificaci\u00f3n de Maryland se reconoce como identificaci\u00f3n federal para actividades como viajes nacionales e ingreso a instalaciones federales.<\/p>\n<p>El Departamento de Asuntos de Veteranos de Maryland (MVA) no ofrece citas para solicitar la tarjeta de identificaci\u00f3n de Maryland. Para ahorrar tiempo, consulte con el MVA los horarios de cita recomendados antes de su visita.<\/p>\n<p>Debes traer lo siguiente:<\/p>\n<p>Prueba de su identidad y fecha de nacimiento, por ejemplo:<br \/>\ncertificado de nacimiento de EE. UU.<br \/>\nPasaporte estadounidense v\u00e1lido<br \/>\nPasaporte extranjero v\u00e1lido con visa estadounidense y I-94<br \/>\nPrueba de su residencia legal en los EE. UU., por ejemplo:<br \/>\nPasaporte estadounidense v\u00e1lido<br \/>\ncertificado de nacimiento de EE. UU.<br \/>\nPasaporte extranjero v\u00e1lido con visa estadounidense y I-94<br \/>\n2 documentos que comprueben su residencia en Maryland, como:<br \/>\nFactura de electricidad\/gas<br \/>\nEvaluaci\u00f3n del impuesto sobre la propiedad<br \/>\nDocumento de matriculaci\u00f3n del veh\u00edculo (MD)<br \/>\nComprobante de su n\u00famero de seguro social, por ejemplo:<br \/>\nTarjeta de seguridad social original<br \/>\nFormulario actual W-2 o 1099.<br \/>\nPrueba de no autorizaci\u00f3n.<br \/>\nPago obligatorio. Para obtener informaci\u00f3n sobre tarifas y opciones de pago, consulte la secci\u00f3n &quot;Tarifas de identificaci\u00f3n&quot; a continuaci\u00f3n.<br \/>\nTodos los documentos deben ser originales, notariados o copias certificadas. Puede encontrar una lista completa de los documentos aceptables que acreditan su identidad, fecha de nacimiento, residencia en Maryland y residencia legal en EE. UU. en l\u00ednea.<\/p>\n<p>NOTA: Si el nombre en su tarjeta de Seguro Social no coincide con sus documentos de identificaci\u00f3n, debe cambiar su nombre con la Administraci\u00f3n del Seguro Social (SSA) antes de visitar una oficina de MD MVA.<\/p>\n<p>Su nueva tarjeta de identificaci\u00f3n de Maryland le ser\u00e1 enviada por correo.<\/p>\n<p>TARIFAS DE LA TARJETA DE IDENTIFICACI\u00d3N DE MD<br \/>\nLas tarifas para tarjetas de identificaci\u00f3n de Maryland nuevas, renovadas o duplicadas var\u00edan.<\/p>\n<p>Menores de 18 a\u00f1os: 15 $ (nuevo\/renovaci\u00f3n).<br \/>\nMayor de 18 a\u00f1os: 24 $ (Nuevo\/Renovaci\u00f3n).<br \/>\nDuplicados de tarjetas de identificaci\u00f3n: 20 $.<br \/>\nMayores de 65 a\u00f1os: DNI gratuito.<br \/>\nDiscapacitados: Documento de identidad gratuito.<br \/>\nA\u00f1adir la condici\u00f3n de veterano &quot;W&quot; a su tarjeta de identificaci\u00f3n es gratuito. A\u00f1adir o eliminar la condici\u00f3n de veterano es gratuito. Para obtener informaci\u00f3n sobre c\u00f3mo a\u00f1adir la condici\u00f3n de veterano a su tarjeta de identificaci\u00f3n de Maryland, consulte &quot;Identificaciones militares y renovaciones&quot; a continuaci\u00f3n.<\/p>\n<p>Las oficinas de MVA en Maryland aceptan los siguientes m\u00e9todos de pago:<\/p>\n<p>Dinero en efectivo.<br \/>\nCheques.<br \/>\nVisados.<br \/>\nTarjeta MasterCard.<br \/>\nTarjeta American Express.<br \/>\nSi paga con cheque, necesitar\u00e1 su n\u00famero de ruta bancaria, n\u00famero de cuenta corriente, n\u00famero de identificaci\u00f3n de Maryland y fecha de nacimiento.<\/p>\n<p>RENOVACI\u00d3N DE SU TARJETA DE IDENTIFICACI\u00d3N DE MARYLAND<br \/>\nPuede renovar su tarjeta de identificaci\u00f3n de Maryland en l\u00ednea, por correo o en persona en una oficina local de MVA de Maryland.<\/p>\n<p>El MVA de Maryland le enviar\u00e1 avisos de renovaci\u00f3n antes de que expire su identificaci\u00f3n de Maryland.<\/p>\n<p>Tu edad determina el periodo de validez de tu documento de identidad:<\/p>\n<p>Menores de 18 a\u00f1os: 5 a\u00f1os.<br \/>\nA partir de 18 a\u00f1os: 8 a\u00f1os.<br \/>\nNOTA: Si su tarjeta de identificaci\u00f3n de Maryland lleva vencida m\u00e1s de un a\u00f1o, debe solicitar una nueva. Consulte la secci\u00f3n &quot;Solicitar una tarjeta de identificaci\u00f3n de Maryland&quot; m\u00e1s arriba para conocer los pasos de la solicitud.<\/p>\n<p>RENOVACI\u00d3N EN L\u00cdNEA<br \/>\nPara renovar su tarjeta de identificaci\u00f3n de Maryland en el sistema de renovaci\u00f3n de tarjetas de identificaci\u00f3n en l\u00ednea de MVA, debe cumplir con los requisitos que aparecen despu\u00e9s de la inscripci\u00f3n.<\/p>\n<p>Se le pedir\u00e1 que ingrese su n\u00famero de identificaci\u00f3n de Maryland, su fecha de nacimiento y su PIN de cuatro d\u00edgitos de la MVA o los \u00faltimos cuatro d\u00edgitos de su n\u00famero de Seguro Social. Luego, pague la tarifa de renovaci\u00f3n (consulte &quot;Tarifas de la tarjeta de identificaci\u00f3n de Maryland&quot; m\u00e1s arriba) y le enviaremos su nueva tarjeta de identificaci\u00f3n de Maryland por correo.<\/p>\n<p>NOTA: Hay una tarifa adicional para la renovaci\u00f3n en l\u00ednea (exenta para personas de 65 a\u00f1os de edad o m\u00e1s y personas con discapacidades).<\/p>\n<p>POR CORREO<br \/>\nPuede solicitar su renovaci\u00f3n por correo si ha recibido el paquete de Renovaci\u00f3n por correo del MVA de Maryland.<\/p>\n<p>Para hacerlo, complete el formulario de solicitud de renovaci\u00f3n y env\u00edelo junto con la tarifa correspondiente (consulte la secci\u00f3n &quot;Tarifas de la tarjeta de identificaci\u00f3n de Maryland&quot; m\u00e1s arriba para obtener informaci\u00f3n sobre las tarifas y las opciones de pago).<\/p>\n<p>PERSONAL<br \/>\nPara renovar su tarjeta de identificaci\u00f3n de Maryland en su oficina local de MVA de Maryland, necesitar\u00e1:<\/p>\n<p>Comprobante de su n\u00famero de seguro social o comprobante de inelegibilidad. Ejemplos:<br \/>\nTarjeta de seguridad social.<br \/>\nFormulario W-2 o 1099.<br \/>\nDocumento acreditativo de incapacidad laboral, etc.<br \/>\nPago. Para obtener informaci\u00f3n sobre las tarifas, consulte la secci\u00f3n &quot;Tarifas de la tarjeta de identificaci\u00f3n de Maryland&quot; m\u00e1s arriba.<br \/>\nSu tarjeta de identificaci\u00f3n de Maryland renovada le ser\u00e1 enviada por correo.<\/p>\n<p>NOTAS:<\/p>\n<p>Le enviaremos su tarjeta de identificaci\u00f3n de Maryland por correo. Sin embargo, la MVA de Maryland puede emitir su nueva tarjeta de identificaci\u00f3n en persona si entrega su licencia de conducir o tarjeta de identificaci\u00f3n, o si puede presentar comprobante de que va a realizar un viaje o un examen (SAT, GED, etc.) pr\u00f3ximamente.<\/p>\n<p>Si su tarjeta de identificaci\u00f3n de Maryland venci\u00f3 hace m\u00e1s de un a\u00f1o, deber\u00e1 solicitar una nueva. Consulte la secci\u00f3n &quot;Solicitar una tarjeta de identificaci\u00f3n de Maryland&quot; m\u00e1s arriba para obtener m\u00e1s informaci\u00f3n.<\/p>\n<p>IDENTIFICACIONES MILITARES Y RENOVACIONES EN MARYLAND<br \/>\nC\u00d3DIGO DE ESTATUS DE VETERANO EN MARYLAND<br \/>\nSi prest\u00f3 servicio activo en las Fuerzas Armadas de los EE. UU. y no fue dado de baja deshonrosamente, puede solicitar un c\u00f3digo de estatus de veterano &quot;W&quot; en su tarjeta de identificaci\u00f3n de Maryland original, renovada o actualizada. Debe solicitar este estatus personalmente en su oficina local de MVA en Maryland.<\/p>\n<p>Adem\u00e1s de los documentos necesarios para solicitar una nueva tarjeta de identificaci\u00f3n de Maryland (ver arriba), necesitar\u00e1 el original o una copia certificada de un documento que verifique su condici\u00f3n de veterano militar estadounidense. Algunos ejemplos de documentos aceptables para verificar su condici\u00f3n de veterano incluyen:<\/p>\n<p>Certificado de baja DD-214.<br \/>\nCertificado de baja honorable.<br \/>\nPuede encontrar una lista completa de documentos de condici\u00f3n de veterano aceptables en el sitio web de Maryland MVA (ver la parte inferior de la p\u00e1gina).<\/p>\n<p>NOTAS:<\/p>\n<p>Si no tiene estos documentos, comun\u00edquese con el Departamento de Asuntos de Veteranos de Maryland.<br \/>\nLas agencias policiales se comunicar\u00e1n con usted para analizar su elegibilidad para recibir beneficios para veteranos (estatales o federales).<br \/>\nDebe pagar la tarifa de cortes\u00eda (para agregar o eliminar un c\u00f3digo de veterano) adem\u00e1s de la tarifa de su tarjeta de identificaci\u00f3n de Maryland. Consulte la secci\u00f3n &quot;Tarifas de la tarjeta de identificaci\u00f3n de Maryland&quot; a continuaci\u00f3n para obtener informaci\u00f3n sobre las tarifas y las opciones de pago.<\/p>\n<p>Renovaci\u00f3n de identificaci\u00f3n militar en Maryland<\/p>\n<p>Su tarjeta de identificaci\u00f3n de Maryland sigue siendo v\u00e1lida para usted y sus dependientes mientras est\u00e9 destinado fuera del estado en servicio activo.<\/p>\n<p>Debe renovar su tarjeta de identificaci\u00f3n de Maryland personalmente en su oficina local del MVA de Maryland dentro de los 30 d\u00edas posteriores a su regreso a Maryland. Las renovaciones no se pueden realizar en l\u00ednea, por tel\u00e9fono ni por correo.<\/p>\n<p>Si su tarjeta de identificaci\u00f3n de Maryland ha estado vencida por m\u00e1s de un a\u00f1o, debe proporcionar lo siguiente:<\/p>\n<p>Tarjeta de identificaci\u00f3n de Maryland vencida.<br \/>\nIdentificaci\u00f3n militar vencida.<br \/>\nDocumentos militares que acrediten su servicio militar activo fuera del estado.<br \/>\nEn algunos casos, es posible que se le solicite documentaci\u00f3n adicional. Puede encontrar una lista completa de los documentos de identificaci\u00f3n aceptados en el sitio web de la MVA.<\/p>\n<p>REEMPLACE SU TARJETA DE IDENTIFICACI\u00d3N DE MARYLAND<br \/>\nPara solicitar una tarjeta de identificaci\u00f3n de Maryland de reemplazo, debe comunicarse con su oficina local de tarjetas de identificaci\u00f3n de Maryland. Las solicitudes no se pueden enviar en l\u00ednea, por tel\u00e9fono ni por correo postal.<\/p>\n<p>Necesitar\u00e1 los siguientes documentos para comprobar su identidad:<\/p>\n<p>Edad\/Identidad, p. ej.:<br \/>\nPasaporte estadounidense (v\u00e1lido\/no vencido).<br \/>\nTarjeta de Residente Permanente, Formulario I-551 (v\u00e1lida\/no vencida).<br \/>\nN\u00famero de seguro social, por ejemplo:<br \/>\nTarjeta de seguridad social.<br \/>\nFormulario W-2 o 1099 (menos de 18 meses de antig\u00fcedad).<br \/>\nDocumento que acredita la no autorizaci\u00f3n.<br \/>\nEstatus legal, como:<br \/>\nDocumentos del Departamento de Seguridad Nacional de Estados Unidos.<br \/>\nUn pasaporte v\u00e1lido y el Formulario I-94 (no vencido).<br \/>\nResidencia en Maryland (solo en caso de cambio de domicilio), como:<br \/>\nFactura de electricidad, tel\u00e9fono o televisi\u00f3n.<br \/>\nExtracto de cuenta.<br \/>\nPuede encontrar una lista completa de documentos aceptables en el sitio web de Maryland MVA.<\/p>\n<p>La tarifa por un duplicado de la tarjeta de identificaci\u00f3n de Maryland es de $20. Su nueva tarjeta de identificaci\u00f3n de Maryland se le enviar\u00e1 por correo, a menos que necesite el duplicado de inmediato y pueda proporcionar lo siguiente:<\/p>\n<p>Una tarjeta de identificaci\u00f3n de Maryland destruida.<br \/>\nUna notificaci\u00f3n de una pr\u00f3xima fecha de examen (SAT, GED, prueba de drogas, etc.).<br \/>\nNOTA: Si sospecha que su tarjeta de identificaci\u00f3n de Maryland ha sido robada,<\/p>\n<p>Debe comunicarse con el Servicio de Atenci\u00f3n al Cliente de la MVA al (410) 768-7000 o con el Departamento de Atenci\u00f3n al Cliente de la MVA al (410) 768-7541. Tambi\u00e9n puede enviar un correo electr\u00f3nico a mpurcell@mdot.state.md.us despu\u00e9s de presentar una denuncia policial.<\/p>\n<p>Para obtener m\u00e1s informaci\u00f3n, visite nuestra p\u00e1gina de Reemplazo de licencia de conducir perdida en Maryland.<\/p>\n<p>CAMBIO DE NOMBRE O DOMICILIO EN UN DOCUMENTO DE IDENTIDAD<br \/>\nEn Maryland, debe notificar a la MVA sobre un cambio de nombre o direcci\u00f3n dentro de los 30 d\u00edas.<\/p>\n<p>NOTA: Si desea obtener una tarjeta de identificaci\u00f3n de Maryland despu\u00e9s de actualizar su nombre o direcci\u00f3n, debe solicitar una tarjeta corregida en una oficina local del MVA. Consulte la secci\u00f3n &quot;Reemplazo de su tarjeta de identificaci\u00f3n de Maryland&quot; para obtener m\u00e1s informaci\u00f3n.<\/p>\n<p>CAMBIO DE NOMBRE EN UNA TARJETA DE IDENTIFICACI\u00d3N DE MD<br \/>\nLa MVA de Maryland exige que complete el cambio de nombre personalmente en su oficina local de MD-MVA. Los cambios de nombre no se pueden realizar en l\u00ednea, por tel\u00e9fono ni por correo.<\/p>\n<p>Antes de cambiar su nombre con la Ley de Seguro M\u00e9dico de Maryland (MVA), primero debe cambiarlo con la Administraci\u00f3n del Seguro Social (SSA). Si su nuevo nombre no coincide con su certificado de nacimiento, necesitar\u00e1 un original o una copia certificada de su certificado de cambio de nombre. Ejemplos:<\/p>\n<p>Certificado de matrimonio.<br \/>\nSentencia de divorcio.<br \/>\nCambio de nombre ordenado por el tribunal.<br \/>\nPara obtener un duplicado de su tarjeta de identificaci\u00f3n de Maryland con su nombre actualizado, debe solicitar un reemplazo. Aseg\u00farese de traer su tarjeta de identificaci\u00f3n. Consulte la secci\u00f3n &quot;Reemplazo de su tarjeta de identificaci\u00f3n de Maryland&quot; m\u00e1s arriba para obtener m\u00e1s informaci\u00f3n.<\/p>\n<p>Tambi\u00e9n puede leer nuestra p\u00e1gina \u201cCambio de nombre en Maryland\u201d.<\/p>\n<p>CAMBIO DE DOMICILIO EN UNA TARJETA DE IDENTIFICACI\u00d3N DE MARYLAND<br \/>\nPuede realizar un cambio de direcci\u00f3n por correo, en l\u00ednea, por tel\u00e9fono o en persona en su oficina local de MD MVA.<\/p>\n<p>El Departamento de Asuntos de Veteranos de Maryland (MVA) le enviar\u00e1 una tarjeta de correcci\u00f3n, que deber\u00e1 conservar junto con su tarjeta de identificaci\u00f3n de Maryland. Si desea solicitar un reemplazo de su tarjeta de identificaci\u00f3n de Maryland, siga las instrucciones de la secci\u00f3n &quot;Reemplazo de su tarjeta de identificaci\u00f3n de Maryland&quot;.<\/p>\n<p>En l\u00ednea<\/p>\n<p>Visite el sistema en l\u00ednea de la MVA y haga clic en &quot;Cambio de domicilio&quot; en el men\u00fa de la izquierda. Ingrese su n\u00famero de identificaci\u00f3n de Maryland y su fecha de nacimiento.<\/p>\n<p>Este servicio de MVA es gratuito.<\/p>\n<p>Por correo postal<\/p>\n<p>Imprima y complete la Solicitud de Cambio de Domicilio de la MVA en Maryland (VR-154). Tambi\u00e9n puede solicitar que el Servicio de Atenci\u00f3n al Cliente de la MVA le env\u00ede el formulario por correo electr\u00f3nico.<\/p>\n<p>Env\u00ede el formulario por correo postal a:<\/p>\n<p>Planta de incineraci\u00f3n de residuos<br \/>\n6601 Ritchie Highway, NE<br \/>\nGlen Burnie, MD 21062<\/p>\n<p>Este servicio de MVA es gratuito.<\/p>\n<p>Por tel\u00e9fono<\/p>\n<p>Comun\u00edquese con el Servicio de Atenci\u00f3n al Cliente de MVA al (410) 768-7000. Recibir\u00e1 una &quot;tarjeta de correcci\u00f3n&quot; por correo electr\u00f3nico, que deber\u00e1 llevar junto con su tarjeta de identificaci\u00f3n de Maryland.<\/p>\n<p>Este servicio de MVA es gratuito.<\/p>\n<p>Personal<\/p>\n<p>Complete la Solicitud de cambio de direcci\u00f3n de MVA Maryland (VR-154) y ll\u00e9vela a su oficina local de MVA en Maryland.<\/p>\n<p>El MD MVA le solicita la siguiente evidencia:<\/p>\n<p>Edad\/Identidad, incluyendo:<br \/>\nPasaporte estadounidense v\u00e1lido y vigente.<br \/>\nTarjeta de residente permanente v\u00e1lida\/no vencida, Formulario I-551.<br \/>\nN\u00famero de Seguro Social, incluyendo:<br \/>\nTarjeta de seguridad social.<br \/>\nFormulario W-2 o 1099 (menos de 18 meses de antig\u00fcedad).<br \/>\nPrueba de no autorizaci\u00f3n.<br \/>\nEstatus legal, incluyendo:<br \/>\nDocumentos del Departamento de Seguridad Nacional de Estados Unidos.<br \/>\nPasaporte extranjero v\u00e1lido y Formulario I-94 (no vencido).<br \/>\nResidencia en Maryland (con nueva direcci\u00f3n), que incluye:<br \/>\nFactura de electricidad, tel\u00e9fono o televisi\u00f3n.<br \/>\nExtracto de cuenta.<br \/>\nPuede encontrar una lista completa de los documentos aceptados en el sitio web de MD MVA.<\/p>\n<p>Este servicio de MVA es gratuito. Para m\u00e1s informaci\u00f3n, consulte nuestra p\u00e1gina de Cambio de Domicilio en Maryland.<\/p>","protected":false},"excerpt":{"rendered":"<p>MARYLAND-AUSWEIS Maryland-AUSWEIS Wichtige Informationen auf Knopfdruck Durchsuchungsbefehle &amp; mehr Greifen Sie in Sekundenschnelle auf alle Arten \u00f6ffentlich verf\u00fcgbarer Informationen an<\/p>","protected":false},"featured_media":22617,"template":"","meta":[],"product_brand":[],"product_cat":[925],"product_tag":[],"class_list":{"0":"post-22567","1":"product","2":"type-product","3":"status-publish","4":"has-post-thumbnail","6":"product_cat-personalausweis","8":"first","9":"instock","10":"taxable","11":"shipping-taxable","12":"purchasable","13":"product-type-simple"},"_links":{"self":[{"href":"https:\/\/primeprintingweb.com\/es\/wp-json\/wp\/v2\/product\/22567","targetHints":{"allow":["GET"]}}],"collection":[{"href":"https:\/\/primeprintingweb.com\/es\/wp-json\/wp\/v2\/product"}],"about":[{"href":"https:\/\/primeprintingweb.com\/es\/wp-json\/wp\/v2\/types\/product"}],"version-history":[{"count":3,"href":"https:\/\/primeprintingweb.com\/es\/wp-json\/wp\/v2\/product\/22567\/revisions"}],"predecessor-version":[{"id":22851,"href":"https:\/\/primeprintingweb.com\/es\/wp-json\/wp\/v2\/product\/22567\/revisions\/22851"}],"wp:featuredmedia":[{"embeddable":true,"href":"https:\/\/primeprintingweb.com\/es\/wp-json\/wp\/v2\/media\/22617"}],"wp:attachment":[{"href":"https:\/\/primeprintingweb.com\/es\/wp-json\/wp\/v2\/media?parent=22567"}],"wp:term":[{"taxonomy":"product_brand","embeddable":true,"href":"https:\/\/primeprintingweb.com\/es\/wp-json\/wp\/v2\/product_brand?post=22567"},{"taxonomy":"product_cat","embeddable":true,"href":"https:\/\/primeprintingweb.com\/es\/wp-json\/wp\/v2\/product_cat?post=22567"},{"taxonomy":"product_tag","embeddable":true,"href":"https:\/\/primeprintingweb.com\/es\/wp-json\/wp\/v2\/product_tag?post=22567"}],"curies":[{"name":"wp","href":"https:\/\/api.w.org\/{rel}","templated":true}]}}